

{"id":168,"date":"2018-12-10T16:33:05","date_gmt":"2018-12-10T16:33:05","guid":{"rendered":"http:\/\/www.sudocrem.co.uk\/?page_id=168"},"modified":"2025-03-05T13:38:30","modified_gmt":"2025-03-05T13:38:30","slug":"wann-hilft-sudocrem","status":"publish","type":"page","link":"https:\/\/sudocrem.com\/at\/antiseptische-heilungs-creme\/wann-hilft-sudocrem\/","title":{"rendered":"Antiseptic Healing Cream &#8211; When to use?"},"content":{"rendered":"<h5>Wann ist Sudocrem zu verwenden?<\/h5>\n<p>Sudocrem ist eine sch\u00fctzende Creme, einfach und wirksam, wenn Sie oder jemand aus Ihrer Familie leichte Hautbeschwerden haben, die einer sanften Versorgung bed\u00fcrfen. Sudocrem-Heilsalbe kann f\u00fcr Folgendes eingesetzt werden:<\/p>\n<ul>\n<li>Windeldermatitis<\/li>\n<li>Oberfl\u00e4chliche Schnittverletzungen<\/li>\n<li>Sch\u00fcrfwunden<\/li>\n<li>Leichte Verbrennungen<\/li>\n<li>Druckgeschw\u00fcre<\/li>\n<li>Ekzeme<\/li>\n<\/ul>\n<p>&nbsp;<\/p>\n<h5>Windeldermatitis<\/h5>\n<p>Um zu verstehen, wie eine Windeldermatitis entsteht, um herauszufinden, ob Ihr Baby eine Windeldermatitis hat, und um zu erfahren, wie Sie am besten damit umgehen, um ihr Baby vor einer Windeldermatitis zu sch\u00fctzen und diese zu behandlen, klicken Sie auf <a href=\"\/at\/windeldermatitis\/was-ist-windeldermatitis\/\">\u201eWindeldermatitis\u201c<\/a>.<\/p>\n<p><a href=\"\/at\/windeldermatitis\/was-ist-windeldermatitis\/\"><img loading=\"lazy\" decoding=\"async\" class=\"alignnone wp-image-1777 size-full\" src=\"https:\/\/sudocrem.com\/at\/wp-content\/uploads\/sites\/26\/2020\/08\/Button_Nappy-rash_Austria.png\" alt=\"\" width=\"198\" height=\"46\" \/><\/a><\/p>\n<p>&nbsp;<\/p>\n<h5>Andere Anwendungsbereiche<\/h5>\n<p>Um mehr \u00fcber die leichten Hautprobleme zu erfahren, bei denen Sudocrem-Heilsalbe Ihnen helfen kann, klicken Sie auf <a href=\"\/at\/ihre-familie\/vertrauen-sie-dem-grauen-tiegel\/\">\u201eIhre Familie\u201c<\/a>.<\/p>\n<p><a href=\"\/at\/ihre-familie\/vertrauen-sie-dem-grauen-tiegel\/\"><img loading=\"lazy\" decoding=\"async\" class=\"alignnone wp-image-1767 size-full\" src=\"https:\/\/sudocrem.com\/at\/wp-content\/uploads\/sites\/26\/2020\/08\/Button_Your-family-Austria.png\" alt=\"\" width=\"198\" height=\"46\" \/><\/a><\/p>\n","protected":false},"excerpt":{"rendered":"<p>Wann ist Sudocrem zu verwenden? Sudocrem ist eine sch\u00fctzende Creme, einfach und wirksam, wenn Sie oder jemand aus Ihrer Familie leichte Hautbeschwerden haben, die einer sanften Versorgung bed\u00fcrfen. Sudocrem-Heilsalbe kann f\u00fcr Folgendes eingesetzt werden: Windeldermatitis Oberfl\u00e4chliche Schnittverletzungen Sch\u00fcrfwunden Leichte Verbrennungen Druckgeschw\u00fcre Ekzeme &nbsp; Windeldermatitis Um zu verstehen, wie eine Windeldermatitis entsteht, um herauszufinden, ob Ihr [&#8230;]<\/p>\n<p><a aria-label=\"Sudocrem\"  class=\"btn btn-purple round btn-secondary understrap-read-more-link\" href=\"https:\/\/sudocrem.com\/at\/antiseptische-heilungs-creme\/wann-hilft-sudocrem\/\">CONTINUE READING<\/a><\/p>\n","protected":false},"author":1,"featured_media":1769,"parent":741,"menu_order":1,"comment_status":"closed","ping_status":"closed","template":"page-templates\/top-menu-page.php","meta":{"footnotes":""},"class_list":["post-168","page","type-page","status-publish","has-post-thumbnail","hentry"],"yoast_head":"<!-- This site is optimized with the Yoast SEO plugin v14.6.1 - https:\/\/yoast.com\/wordpress\/plugins\/seo\/ -->\n<title>Antiseptic Healing Cream - When to use? - Sudocrem Austria<\/title>\n<meta name=\"robots\" content=\"index, follow\" \/>\n<meta name=\"googlebot\" content=\"index, follow, max-snippet:-1, max-image-preview:large, max-video-preview:-1\" \/>\n<meta name=\"bingbot\" content=\"index, follow, max-snippet:-1, max-image-preview:large, max-video-preview:-1\" \/>\n<link rel=\"canonical\" href=\"https:\/\/sudocrem.com\/at\/antiseptische-heilungs-creme\/wann-hilft-sudocrem\/\" \/>\n<meta property=\"og:locale\" content=\"en_GB\" \/>\n<meta property=\"og:type\" content=\"article\" \/>\n<meta property=\"og:title\" content=\"Antiseptic Healing Cream - When to use? - Sudocrem Austria\" \/>\n<meta property=\"og:description\" content=\"Wann ist Sudocrem zu verwenden? Sudocrem ist eine sch\u00fctzende Creme, einfach und wirksam, wenn Sie oder jemand aus Ihrer Familie leichte Hautbeschwerden haben, die einer sanften Versorgung bed\u00fcrfen. Sudocrem-Heilsalbe kann f\u00fcr Folgendes eingesetzt werden: Windeldermatitis Oberfl\u00e4chliche Schnittverletzungen Sch\u00fcrfwunden Leichte Verbrennungen Druckgeschw\u00fcre Ekzeme &nbsp; Windeldermatitis Um zu verstehen, wie eine Windeldermatitis entsteht, um herauszufinden, ob Ihr [...]CONTINUE READING\" \/>\n<meta property=\"og:url\" content=\"https:\/\/sudocrem.com\/at\/antiseptische-heilungs-creme\/wann-hilft-sudocrem\/\" \/>\n<meta property=\"og:site_name\" content=\"Sudocrem Austria\" \/>\n<meta property=\"article:modified_time\" content=\"2025-03-05T13:38:30+00:00\" \/>\n<meta property=\"og:image\" content=\"https:\/\/sudocrem.com\/at\/wp-content\/uploads\/sites\/26\/2020\/08\/Top-banner_SAHC_Austria.jpg\" \/>\n\t<meta property=\"og:image:width\" content=\"1920\" \/>\n\t<meta property=\"og:image:height\" content=\"791\" \/>\n<meta name=\"twitter:card\" content=\"summary_large_image\" \/>\n<script type=\"application\/ld+json\" class=\"yoast-schema-graph\">{\"@context\":\"https:\/\/schema.org\",\"@graph\":[{\"@type\":\"WebSite\",\"@id\":\"https:\/\/sudocrem.com\/at\/#website\",\"url\":\"https:\/\/sudocrem.com\/at\/\",\"name\":\"Sudocrem Austria\",\"description\":\"Just another Sudocrem International site\",\"potentialAction\":[{\"@type\":\"SearchAction\",\"target\":\"https:\/\/sudocrem.com\/at\/?s={search_term_string}\",\"query-input\":\"required name=search_term_string\"}],\"inLanguage\":\"en-GB\"},{\"@type\":\"ImageObject\",\"@id\":\"https:\/\/sudocrem.com\/at\/antiseptische-heilungs-creme\/wann-hilft-sudocrem\/#primaryimage\",\"inLanguage\":\"en-GB\",\"url\":\"https:\/\/sudocrem.com\/at\/wp-content\/uploads\/sites\/26\/2020\/08\/Top-banner_SAHC_Austria.jpg\",\"width\":1920,\"height\":791,\"caption\":\"Top-banner_SAHC_Austria\"},{\"@type\":\"WebPage\",\"@id\":\"https:\/\/sudocrem.com\/at\/antiseptische-heilungs-creme\/wann-hilft-sudocrem\/#webpage\",\"url\":\"https:\/\/sudocrem.com\/at\/antiseptische-heilungs-creme\/wann-hilft-sudocrem\/\",\"name\":\"Antiseptic Healing Cream - When to use? - Sudocrem Austria\",\"isPartOf\":{\"@id\":\"https:\/\/sudocrem.com\/at\/#website\"},\"primaryImageOfPage\":{\"@id\":\"https:\/\/sudocrem.com\/at\/antiseptische-heilungs-creme\/wann-hilft-sudocrem\/#primaryimage\"},\"datePublished\":\"2018-12-10T16:33:05+00:00\",\"dateModified\":\"2025-03-05T13:38:30+00:00\",\"inLanguage\":\"en-GB\",\"potentialAction\":[{\"@type\":\"ReadAction\",\"target\":[\"https:\/\/sudocrem.com\/at\/antiseptische-heilungs-creme\/wann-hilft-sudocrem\/\"]}]}]}<\/script>\n<!-- \/ Yoast SEO plugin. -->","_links":{"self":[{"href":"https:\/\/sudocrem.com\/at\/wp-json\/wp\/v2\/pages\/168","targetHints":{"allow":["GET"]}}],"collection":[{"href":"https:\/\/sudocrem.com\/at\/wp-json\/wp\/v2\/pages"}],"about":[{"href":"https:\/\/sudocrem.com\/at\/wp-json\/wp\/v2\/types\/page"}],"author":[{"embeddable":true,"href":"https:\/\/sudocrem.com\/at\/wp-json\/wp\/v2\/users\/1"}],"replies":[{"embeddable":true,"href":"https:\/\/sudocrem.com\/at\/wp-json\/wp\/v2\/comments?post=168"}],"version-history":[{"count":0,"href":"https:\/\/sudocrem.com\/at\/wp-json\/wp\/v2\/pages\/168\/revisions"}],"up":[{"embeddable":true,"href":"https:\/\/sudocrem.com\/at\/wp-json\/wp\/v2\/pages\/741"}],"wp:featuredmedia":[{"embeddable":true,"href":"https:\/\/sudocrem.com\/at\/wp-json\/wp\/v2\/media\/1769"}],"wp:attachment":[{"href":"https:\/\/sudocrem.com\/at\/wp-json\/wp\/v2\/media?parent=168"}],"curies":[{"name":"wp","href":"https:\/\/api.w.org\/{rel}","templated":true}]}}