

{"id":170,"date":"2018-12-10T16:34:08","date_gmt":"2018-12-10T16:34:08","guid":{"rendered":"http:\/\/www.sudocrem.co.uk\/?page_id=170"},"modified":"2025-10-14T17:05:43","modified_gmt":"2025-10-14T16:05:43","slug":"wie-verwendet-man-richtig","status":"publish","type":"page","link":"https:\/\/sudocrem.com\/at\/antiseptische-heilungs-creme\/wie-verwendet-man-richtig\/","title":{"rendered":"Antiseptic Healing Cream &#8211; How to use?"},"content":{"rendered":"<h5>Windeldermatitis<\/h5>\n<p>Sudocrem-Heilsalbe kann bei jedem Windelwechsel aufgetragen werden, um eine Windeldermatitis zu verhindern, bzw. bei einer Windeldermatitis zu helfen.<\/p>\n<p><strong>Schritt 1:<\/strong> Stellen Sie sicher, dass die Haut Ihres Babys sauber und trocken ist.<br \/>\n<strong>Schritt 2:<\/strong> Platzieren Sie mit sauberen und trockenen H\u00e4nden eine kleine Menge Sudocrem auf Ihre Fingerspitze. Denken Sie daran: kleine Menge, gro\u00dfe Wirkung.<br \/>\n<strong>Schritt 3:<\/strong> Massieren Sie Sudocrem mit leichten, kreisf\u00f6rmigen Bewegungen sanft in die Haut ein. (Versuchen Sie, nicht zu rubbeln, vor allem dann, wenn die Haut bereits wund aussieht).<br \/>\n<strong>Schritt 4:<\/strong> Das Ziel ist es, auf der Haut einen d\u00fcnnen, durchscheinenden Film zu erzeugen. Wenn die wei\u00dfe Salbe nach wie vor sichtbar ist, haben Sie m\u00f6glicherweise zu viel aufgetragen. (Es macht nichts, wenn das passiert; tragen Sie das n\u00e4chste Mal einfach ein bisschen weniger auf).<br \/>\n<strong>Schritt 5:<\/strong> Wiederholen Sie die Anwendung von Sudocrem-Heilsalbe am Po Ihres Babys so oft wie n\u00f6tig.<\/p>\n<p>&nbsp;<\/p>\n<h5>Bei allen anderen Anwendungsbereichen verwenden Sie Sudocrem-Heilsalbe wie oben beschrieben auf der jeweiligen K\u00f6rperstelle<\/h5>\n<p><strong>Schritt 1:<\/strong> Stellen Sie sicher, dass Ihre H\u00e4nde sauber und trocken sind, und platzieren Sie eine kleine Menge Sudocrem auf Ihre Fingerspitze.<br \/>\n<strong>Schritt 2:<\/strong> Massieren Sie Sudocrem mit leichten, kreisf\u00f6rmigen Bewegungen sanft in den betroffenen Bereich ein.<br \/>\n<strong>Schritt 3:<\/strong> Das Ziel ist es, auf der Haut einen d\u00fcnnen, durchscheinenden Film zu erzeugen. Wenn die wei\u00dfe Salbe nach wie vor sichtbar ist, haben Sie m\u00f6glicherweise zu viel aufgetragen. (Das macht nichts; tragen Sie das n\u00e4chste Mal einfach ein bisschen weniger auf).<\/p>\n","protected":false},"excerpt":{"rendered":"<p>Windeldermatitis Sudocrem-Heilsalbe kann bei jedem Windelwechsel aufgetragen werden, um eine Windeldermatitis zu verhindern, bzw. bei einer Windeldermatitis zu helfen. Schritt 1: Stellen Sie sicher, dass die Haut Ihres Babys sauber und trocken ist. Schritt 2: Platzieren Sie mit sauberen und trockenen H\u00e4nden eine kleine Menge Sudocrem auf Ihre Fingerspitze. Denken Sie daran: kleine Menge, gro\u00dfe [&#8230;]<\/p>\n<p><a aria-label=\"Sudocrem\"  class=\"btn btn-purple round btn-secondary understrap-read-more-link\" href=\"https:\/\/sudocrem.com\/at\/antiseptische-heilungs-creme\/wie-verwendet-man-richtig\/\">CONTINUE READING<\/a><\/p>\n","protected":false},"author":1,"featured_media":1769,"parent":741,"menu_order":2,"comment_status":"closed","ping_status":"closed","template":"page-templates\/top-menu-page.php","meta":{"footnotes":""},"class_list":["post-170","page","type-page","status-publish","has-post-thumbnail","hentry"],"yoast_head":"<!-- This site is optimized with the Yoast SEO plugin v14.6.1 - https:\/\/yoast.com\/wordpress\/plugins\/seo\/ -->\n<title>Antiseptic Healing Cream - How to use? - Sudocrem Austria<\/title>\n<meta name=\"robots\" content=\"index, follow\" \/>\n<meta name=\"googlebot\" content=\"index, follow, max-snippet:-1, max-image-preview:large, max-video-preview:-1\" \/>\n<meta name=\"bingbot\" content=\"index, follow, max-snippet:-1, max-image-preview:large, max-video-preview:-1\" \/>\n<link rel=\"canonical\" href=\"https:\/\/sudocrem.com\/at\/antiseptische-heilungs-creme\/wie-verwendet-man-richtig\/\" \/>\n<meta property=\"og:locale\" content=\"en_GB\" \/>\n<meta property=\"og:type\" content=\"article\" \/>\n<meta property=\"og:title\" content=\"Antiseptic Healing Cream - How to use? - Sudocrem Austria\" \/>\n<meta property=\"og:description\" content=\"Windeldermatitis Sudocrem-Heilsalbe kann bei jedem Windelwechsel aufgetragen werden, um eine Windeldermatitis zu verhindern, bzw. bei einer Windeldermatitis zu helfen. Schritt 1: Stellen Sie sicher, dass die Haut Ihres Babys sauber und trocken ist. Schritt 2: Platzieren Sie mit sauberen und trockenen H\u00e4nden eine kleine Menge Sudocrem auf Ihre Fingerspitze. Denken Sie daran: kleine Menge, gro\u00dfe [...]CONTINUE READING\" \/>\n<meta property=\"og:url\" content=\"https:\/\/sudocrem.com\/at\/antiseptische-heilungs-creme\/wie-verwendet-man-richtig\/\" \/>\n<meta property=\"og:site_name\" content=\"Sudocrem Austria\" \/>\n<meta property=\"article:modified_time\" content=\"2025-10-14T16:05:43+00:00\" \/>\n<meta property=\"og:image\" content=\"https:\/\/sudocrem.com\/at\/wp-content\/uploads\/sites\/26\/2020\/08\/Top-banner_SAHC_Austria.jpg\" \/>\n\t<meta property=\"og:image:width\" content=\"1920\" \/>\n\t<meta property=\"og:image:height\" content=\"791\" \/>\n<meta name=\"twitter:card\" content=\"summary_large_image\" \/>\n<script type=\"application\/ld+json\" class=\"yoast-schema-graph\">{\"@context\":\"https:\/\/schema.org\",\"@graph\":[{\"@type\":\"WebSite\",\"@id\":\"https:\/\/sudocrem.com\/at\/#website\",\"url\":\"https:\/\/sudocrem.com\/at\/\",\"name\":\"Sudocrem Austria\",\"description\":\"Just another Sudocrem International site\",\"potentialAction\":[{\"@type\":\"SearchAction\",\"target\":\"https:\/\/sudocrem.com\/at\/?s={search_term_string}\",\"query-input\":\"required name=search_term_string\"}],\"inLanguage\":\"en-GB\"},{\"@type\":\"ImageObject\",\"@id\":\"https:\/\/sudocrem.com\/at\/antiseptische-heilungs-creme\/wie-verwendet-man-richtig\/#primaryimage\",\"inLanguage\":\"en-GB\",\"url\":\"https:\/\/sudocrem.com\/at\/wp-content\/uploads\/sites\/26\/2020\/08\/Top-banner_SAHC_Austria.jpg\",\"width\":1920,\"height\":791,\"caption\":\"Top-banner_SAHC_Austria\"},{\"@type\":\"WebPage\",\"@id\":\"https:\/\/sudocrem.com\/at\/antiseptische-heilungs-creme\/wie-verwendet-man-richtig\/#webpage\",\"url\":\"https:\/\/sudocrem.com\/at\/antiseptische-heilungs-creme\/wie-verwendet-man-richtig\/\",\"name\":\"Antiseptic Healing Cream - How to use? - Sudocrem Austria\",\"isPartOf\":{\"@id\":\"https:\/\/sudocrem.com\/at\/#website\"},\"primaryImageOfPage\":{\"@id\":\"https:\/\/sudocrem.com\/at\/antiseptische-heilungs-creme\/wie-verwendet-man-richtig\/#primaryimage\"},\"datePublished\":\"2018-12-10T16:34:08+00:00\",\"dateModified\":\"2025-10-14T16:05:43+00:00\",\"inLanguage\":\"en-GB\",\"potentialAction\":[{\"@type\":\"ReadAction\",\"target\":[\"https:\/\/sudocrem.com\/at\/antiseptische-heilungs-creme\/wie-verwendet-man-richtig\/\"]}]}]}<\/script>\n<!-- \/ Yoast SEO plugin. -->","_links":{"self":[{"href":"https:\/\/sudocrem.com\/at\/wp-json\/wp\/v2\/pages\/170","targetHints":{"allow":["GET"]}}],"collection":[{"href":"https:\/\/sudocrem.com\/at\/wp-json\/wp\/v2\/pages"}],"about":[{"href":"https:\/\/sudocrem.com\/at\/wp-json\/wp\/v2\/types\/page"}],"author":[{"embeddable":true,"href":"https:\/\/sudocrem.com\/at\/wp-json\/wp\/v2\/users\/1"}],"replies":[{"embeddable":true,"href":"https:\/\/sudocrem.com\/at\/wp-json\/wp\/v2\/comments?post=170"}],"version-history":[{"count":0,"href":"https:\/\/sudocrem.com\/at\/wp-json\/wp\/v2\/pages\/170\/revisions"}],"up":[{"embeddable":true,"href":"https:\/\/sudocrem.com\/at\/wp-json\/wp\/v2\/pages\/741"}],"wp:featuredmedia":[{"embeddable":true,"href":"https:\/\/sudocrem.com\/at\/wp-json\/wp\/v2\/media\/1769"}],"wp:attachment":[{"href":"https:\/\/sudocrem.com\/at\/wp-json\/wp\/v2\/media?parent=170"}],"curies":[{"name":"wp","href":"https:\/\/api.w.org\/{rel}","templated":true}]}}