

{"id":1704,"date":"2020-07-20T11:32:32","date_gmt":"2020-07-20T10:32:32","guid":{"rendered":"https:\/\/sudocrem.wpenginepowered.com\/australia\/?page_id=1704"},"modified":"2023-03-29T17:17:23","modified_gmt":"2023-03-29T16:17:23","slug":"oberflachliche-schnittverletzungen-schurfwunden-und-leichte-verbrennungen","status":"publish","type":"page","link":"https:\/\/sudocrem.com\/at\/ihre-familie\/oberflachliche-schnittverletzungen-schurfwunden-und-leichte-verbrennungen\/","title":{"rendered":"Your family hub &#8211; Minor cuts, grazes and minor burns"},"content":{"rendered":"<h5>Oberfl\u00e4chliche Schnittverletzungen, Sch\u00fcrfwunden und leichte Verbrennungen<\/h5>\n<p>Kleine Schnittverletzungen und Sch\u00fcrfwunden kommen sehr h\u00e4ufig vor, wenn Ihre Kinder das Alter erreichen, in dem sie mobil sind. Kleine Unf\u00e4lle k\u00f6nnen passieren und Sudocrem steht Ihnen stets zur Seite.<\/p>\n<p>Verwenden Sie auf dem betroffenen Bereich etwas Sudocrem-Heilsalbe, um wunde Haut zu beruhigen. Ihre Kinder werden im Nu wieder fr\u00f6hlich durch die Gegend laufen.<\/p>\n<p>&nbsp;<\/p>\n<h5>Behandlung von Absch\u00fcrfungen<\/h5>\n<p>Absch\u00fcrfungen treten auf, wenn Ellenbogen oder Knie aufgesch\u00fcrft werden, und f\u00fchren dazu, dass der Hautbereich ger\u00f6tet und empfindlich ist. Reinigen Sie den Bereich mit einem sauberen Tuch oder Wattest\u00e4bchen und etwas Wasser. Tragen Sie dann Sudocrem-Heilsalbe auf.<\/p>\n<p>&nbsp;<\/p>\n<h5>Behandlung von kleinen Schnittverletzungen<\/h5>\n<p>Stellen Sie wie bei einer Absch\u00fcrfung sicher, dass Sie den Hautbereich mit Wasser reinigen. Sie k\u00f6nnen den Bereich auch unter kaltes, leicht flie\u00dfendes Wasser halten, um sicherzustellen, dass der gesamte Schmutz entfernt wird. Es kann eine kleine Menge Sudocrem aufgetragen werden, ehe der Bereich mit einem Pflaster abgedeckt wird.<\/p>\n<p>&nbsp;<\/p>\n<h5>Leichte Verbrennungen<\/h5>\n<p>Die unmittelbare Behandlung muss aus dem schnellen K\u00fchlen mit kaltem Wasser oder kalten Umschl\u00e4gen f\u00fcr mindestens 20 Minuten bestehen. Sudocrem sollte erst sp\u00e4ter aufgetragen werden. Der verbrannte Bereich sollte nicht direkt mit Eis in Ber\u00fchrung kommen.<\/p>\n<p>Sudocrem eignet sich nur f\u00fcr die Erste-Hilfe-Behandlung von leichten Verbrennungen. F\u00fcr die Behandlung von schwereren Verbrennungen muss \u00e4rztlicher Rat eingeholt werden.<\/p>\n<p>Nur nach Anweisung einsetzen \u2013 Wenn die Symptome andauern oder Nebenwirkungen auftreten, wenden Sie sich bitte an Ihren Arzt oder Apotheker.<\/p>\n","protected":false},"excerpt":{"rendered":"<p>Oberfl\u00e4chliche Schnittverletzungen, Sch\u00fcrfwunden und leichte Verbrennungen Kleine Schnittverletzungen und Sch\u00fcrfwunden kommen sehr h\u00e4ufig vor, wenn Ihre Kinder das Alter erreichen, in dem sie mobil sind. Kleine Unf\u00e4lle k\u00f6nnen passieren und Sudocrem steht Ihnen stets zur Seite. Verwenden Sie auf dem betroffenen Bereich etwas Sudocrem-Heilsalbe, um wunde Haut zu beruhigen. Ihre Kinder werden im Nu wieder [&#8230;]<\/p>\n<p><a aria-label=\"Sudocrem\"  class=\"btn btn-purple round btn-secondary understrap-read-more-link\" href=\"https:\/\/sudocrem.com\/at\/ihre-familie\/oberflachliche-schnittverletzungen-schurfwunden-und-leichte-verbrennungen\/\">CONTINUE READING<\/a><\/p>\n","protected":false},"author":1,"featured_media":1736,"parent":1685,"menu_order":0,"comment_status":"closed","ping_status":"closed","template":"page-templates\/top-menu-page.php","meta":{"footnotes":""},"class_list":["post-1704","page","type-page","status-publish","has-post-thumbnail","hentry"],"yoast_head":"<!-- This site is optimized with the Yoast SEO plugin v14.6.1 - https:\/\/yoast.com\/wordpress\/plugins\/seo\/ -->\n<title>Your family hub - Minor cuts, grazes and minor burns - Sudocrem Austria<\/title>\n<meta name=\"robots\" content=\"index, follow\" \/>\n<meta name=\"googlebot\" content=\"index, follow, max-snippet:-1, max-image-preview:large, max-video-preview:-1\" \/>\n<meta name=\"bingbot\" content=\"index, follow, max-snippet:-1, max-image-preview:large, max-video-preview:-1\" \/>\n<link rel=\"canonical\" href=\"https:\/\/sudocrem.com\/at\/ihre-familie\/oberflachliche-schnittverletzungen-schurfwunden-und-leichte-verbrennungen\/\" \/>\n<meta property=\"og:locale\" content=\"en_GB\" \/>\n<meta property=\"og:type\" content=\"article\" \/>\n<meta property=\"og:title\" content=\"Your family hub - Minor cuts, grazes and minor burns - Sudocrem Austria\" \/>\n<meta property=\"og:description\" content=\"Oberfl\u00e4chliche Schnittverletzungen, Sch\u00fcrfwunden und leichte Verbrennungen Kleine Schnittverletzungen und Sch\u00fcrfwunden kommen sehr h\u00e4ufig vor, wenn Ihre Kinder das Alter erreichen, in dem sie mobil sind. Kleine Unf\u00e4lle k\u00f6nnen passieren und Sudocrem steht Ihnen stets zur Seite. Verwenden Sie auf dem betroffenen Bereich etwas Sudocrem-Heilsalbe, um wunde Haut zu beruhigen. Ihre Kinder werden im Nu wieder [...]CONTINUE READING\" \/>\n<meta property=\"og:url\" content=\"https:\/\/sudocrem.com\/at\/ihre-familie\/oberflachliche-schnittverletzungen-schurfwunden-und-leichte-verbrennungen\/\" \/>\n<meta property=\"og:site_name\" content=\"Sudocrem Austria\" \/>\n<meta property=\"article:modified_time\" content=\"2023-03-29T16:17:23+00:00\" \/>\n<meta property=\"og:image\" content=\"https:\/\/sudocrem.com\/at\/wp-content\/uploads\/sites\/26\/2020\/07\/Sud_Family-hub_Top-banner.jpg\" \/>\n\t<meta property=\"og:image:width\" content=\"1920\" \/>\n\t<meta property=\"og:image:height\" content=\"699\" \/>\n<meta name=\"twitter:card\" content=\"summary_large_image\" \/>\n<script type=\"application\/ld+json\" class=\"yoast-schema-graph\">{\"@context\":\"https:\/\/schema.org\",\"@graph\":[{\"@type\":\"WebSite\",\"@id\":\"https:\/\/sudocrem.com\/at\/#website\",\"url\":\"https:\/\/sudocrem.com\/at\/\",\"name\":\"Sudocrem Austria\",\"description\":\"Just another Sudocrem International site\",\"potentialAction\":[{\"@type\":\"SearchAction\",\"target\":\"https:\/\/sudocrem.com\/at\/?s={search_term_string}\",\"query-input\":\"required name=search_term_string\"}],\"inLanguage\":\"en-GB\"},{\"@type\":\"ImageObject\",\"@id\":\"https:\/\/sudocrem.com\/at\/ihre-familie\/oberflachliche-schnittverletzungen-schurfwunden-und-leichte-verbrennungen\/#primaryimage\",\"inLanguage\":\"en-GB\",\"url\":\"https:\/\/sudocrem.com\/at\/wp-content\/uploads\/sites\/26\/2020\/07\/Sud_Family-hub_Top-banner.jpg\",\"width\":1920,\"height\":699,\"caption\":\"Sud_Family-hub_Top-banner\"},{\"@type\":\"WebPage\",\"@id\":\"https:\/\/sudocrem.com\/at\/ihre-familie\/oberflachliche-schnittverletzungen-schurfwunden-und-leichte-verbrennungen\/#webpage\",\"url\":\"https:\/\/sudocrem.com\/at\/ihre-familie\/oberflachliche-schnittverletzungen-schurfwunden-und-leichte-verbrennungen\/\",\"name\":\"Your family hub - Minor cuts, grazes and minor burns - Sudocrem Austria\",\"isPartOf\":{\"@id\":\"https:\/\/sudocrem.com\/at\/#website\"},\"primaryImageOfPage\":{\"@id\":\"https:\/\/sudocrem.com\/at\/ihre-familie\/oberflachliche-schnittverletzungen-schurfwunden-und-leichte-verbrennungen\/#primaryimage\"},\"datePublished\":\"2020-07-20T10:32:32+00:00\",\"dateModified\":\"2023-03-29T16:17:23+00:00\",\"inLanguage\":\"en-GB\",\"potentialAction\":[{\"@type\":\"ReadAction\",\"target\":[\"https:\/\/sudocrem.com\/at\/ihre-familie\/oberflachliche-schnittverletzungen-schurfwunden-und-leichte-verbrennungen\/\"]}]}]}<\/script>\n<!-- \/ Yoast SEO plugin. -->","_links":{"self":[{"href":"https:\/\/sudocrem.com\/at\/wp-json\/wp\/v2\/pages\/1704","targetHints":{"allow":["GET"]}}],"collection":[{"href":"https:\/\/sudocrem.com\/at\/wp-json\/wp\/v2\/pages"}],"about":[{"href":"https:\/\/sudocrem.com\/at\/wp-json\/wp\/v2\/types\/page"}],"author":[{"embeddable":true,"href":"https:\/\/sudocrem.com\/at\/wp-json\/wp\/v2\/users\/1"}],"replies":[{"embeddable":true,"href":"https:\/\/sudocrem.com\/at\/wp-json\/wp\/v2\/comments?post=1704"}],"version-history":[{"count":0,"href":"https:\/\/sudocrem.com\/at\/wp-json\/wp\/v2\/pages\/1704\/revisions"}],"up":[{"embeddable":true,"href":"https:\/\/sudocrem.com\/at\/wp-json\/wp\/v2\/pages\/1685"}],"wp:featuredmedia":[{"embeddable":true,"href":"https:\/\/sudocrem.com\/at\/wp-json\/wp\/v2\/media\/1736"}],"wp:attachment":[{"href":"https:\/\/sudocrem.com\/at\/wp-json\/wp\/v2\/media?parent=1704"}],"curies":[{"name":"wp","href":"https:\/\/api.w.org\/{rel}","templated":true}]}}