

{"id":1886,"date":"2020-10-15T17:24:47","date_gmt":"2020-10-15T16:24:47","guid":{"rendered":"https:\/\/sudocrem.wpenginepowered.com\/at\/?page_id=1886"},"modified":"2020-10-22T14:40:59","modified_gmt":"2020-10-22T13:40:59","slug":"transparenzinitiative","status":"publish","type":"page","link":"https:\/\/sudocrem.com\/at\/transparenzinitiative\/","title":{"rendered":"Transparenzinitiative"},"content":{"rendered":"<p>Um die bestm\u00f6gliche Versorgung mit Arzneimitteln zu gew\u00e4hrleisten, ist die Zusammenarbeit zwischen \u00c4rzten und der Pharmaindustrie unerl\u00e4sslich. Damit die \u00d6ffentlichkeit nachvollziehen kann, was zwischen Angeh\u00f6rigen bzw. Institutionen der Fachkreise und Pharmaindustrie passiert, legen die pharmazeutischen Unternehmen auf ihren Websites offen, an wen und wof\u00fcr geldwerte Leistungen erbracht werden.<\/p>\n<div class=\"content\">\n<div class=\"container\">\n<div id=\"c81619\" class=\"gridelement__content row \">\n<div class=\"gridelement\">\n<div class=\"gridelement__columns\">\n<div class=\" col-md-10 col-md-offset-1 \">\n<div id=\"c122796\" class=\"textmedia textmedia--0 clearfix\">\n<div class=\"textmedia__body textmedia__body--0 \">\n<p>&nbsp;<\/p>\n<h5>Was versteht man unter Angeh\u00f6rige und Institutionen der Fachkreise?<\/h5>\n<ul class=\"specialList--default\">\n<li>Angeh\u00f6rige der Fachkreise (AFK) sind \u00c4rzte, Apotheker, Zahn\u00e4rzte, Dentisten, Hebammen, Angeh\u00f6rige des Krankenpflegepersonals, der medizinisch-technischen Dienste und Sanit\u00e4tsdienste, sonstige Sanit\u00e4tseinrichtungen, etc.<\/li>\n<li>Institutionen der Fachkreise (IFK) sind Krankenh\u00e4user, Einrichtungen \/ Organisationen \/ Institutionen, die sich \u00fcberwiegend aus Angeh\u00f6rigen der Fachkreise zusammensetzen.<\/li>\n<li><\/li>\n<\/ul>\n<h5>Die im Pharmig-Verhaltenscodex festgehaltene Offenlegungspflicht betrifft geldwerte Leistungen in Zusammenhang mit:<\/h5>\n<ul class=\"specialList--default\">\n<li>Forschung und Entwicklung (z.B. Teilnahme an klinischen Pr\u00fcfungen)<\/li>\n<li>Spenden und F\u00f6rderungen (z.B. f\u00fcr Aus- und Weiterbildung, Forschung)<\/li>\n<li>Organisation, Durchf\u00fchrung oder Finanzierung von Fortbildungsveranstaltungen<\/li>\n<li>Dienst- und Beratungsleistungen (z.B. Vortragst\u00e4tigkeit bei Fachkongress)<\/li>\n<li><\/li>\n<\/ul>\n<h5>Warum werden geldwerte Leistungen an AFK\/IFK offengelegt?<\/h5>\n<ul class=\"specialList--default\">\n<li>Mehr Transparenz und Nachvollziehbarkeit in der Zusammenarbeit zwischen Pharmaindustrie und Angeh\u00f6rigen bzw. Institutionen der Fachkreise<\/li>\n<li>St\u00e4rkung des Vertrauens der \u00d6ffentlichkeit und Patienten in diese notwendige Zusammenarbeit<\/li>\n<li>Mehr Verst\u00e4ndnis f\u00fcr den Nutzen dieser Zusammenarbeit<\/li>\n<\/ul>\n<p>&nbsp;<\/p>\n<p>Weiterf\u00fchrende Informationen zum Thema finden Sie unter:<br \/>\n<a class=\"external-link\" title=\"www.transparenz-schafft-vertrauen.at\" href=\"http:\/\/www.transparenz-schafft-vertrauen.at\/\" target=\"_blank\" rel=\"noopener noreferrer\">www.transparenz-schafft-vertrauen.at<\/a><\/p>\n<p>PDF-Download:\u00a0<a class=\"secondary\" title=\"Initiates file download\" href=\"\/at\/wp-content\/uploads\/sites\/26\/2020\/10\/VHC_Pharmig_Offenlegung_2017_20190318.pdf\" target=\"_blank\" rel=\"noopener noreferrer\"><b>Transparenzbericht 2017<\/b><\/a><\/p>\n<p>PDF-Download:\u00a0<a class=\"secondary\" title=\"Initiates file download\" href=\"\/at\/wp-content\/uploads\/sites\/26\/2020\/10\/Transparenzbericht_2018.pdf\" target=\"_blank\" rel=\"noopener noreferrer\"><b>Transparenzbericht 2018<\/b><\/a><\/p>\n<p>PDF-Download:\u00a0<a class=\"secondary\" title=\"Initiates file download\" href=\"\/at\/wp-content\/uploads\/sites\/26\/2020\/10\/Final_Offenlegung_2020_fuer_2019.pdf\" target=\"_blank\" rel=\"noopener noreferrer\"><b>Transparenzbericht 2019<\/b><\/a><\/p>\n<p>PDF-Download:\u00a0<a class=\"secondary\" title=\"Initiates file download\" href=\"\/at\/wp-content\/uploads\/sites\/26\/2020\/10\/Hinweise_zur_Methodik_AT_Deutsch.pdf\" target=\"_blank\" rel=\"noopener noreferrer\"><b>Hinweise zur Methodik<\/b><\/a><\/p>\n<p>PDF-Download:\u00a0<a class=\"secondary\" title=\"Initiates file download\" href=\"\/at\/wp-content\/uploads\/sites\/26\/2020\/10\/EFPIA-Disclosure-Methodological-Notes-09.06.2020_Austria_English.pdf\" target=\"_blank\" rel=\"noopener noreferrer\"><b>Methodological Notes<\/b><\/a><\/p>\n<\/div>\n<\/div>\n<\/div>\n<\/div>\n<\/div>\n<\/div>\n<\/div>\n<\/div>\n<p>&nbsp;<\/p>\n<div class=\"social\"><\/div>\n","protected":false},"excerpt":{"rendered":"<p>Um die bestm\u00f6gliche Versorgung mit Arzneimitteln zu gew\u00e4hrleisten, ist die Zusammenarbeit zwischen \u00c4rzten und der Pharmaindustrie unerl\u00e4sslich. Damit die \u00d6ffentlichkeit nachvollziehen kann, was zwischen Angeh\u00f6rigen bzw. Institutionen der Fachkreise und Pharmaindustrie passiert, legen die pharmazeutischen Unternehmen auf ihren Websites offen, an wen und wof\u00fcr geldwerte Leistungen erbracht werden. &nbsp; Was versteht man unter Angeh\u00f6rige und [&#8230;]<\/p>\n<p><a aria-label=\"Sudocrem\"  class=\"btn btn-purple round btn-secondary understrap-read-more-link\" href=\"https:\/\/sudocrem.com\/at\/transparenzinitiative\/\">CONTINUE READING<\/a><\/p>\n","protected":false},"author":1,"featured_media":0,"parent":0,"menu_order":0,"comment_status":"closed","ping_status":"closed","template":"page-templates\/legal-page.php","meta":{"footnotes":""},"class_list":["post-1886","page","type-page","status-publish","hentry"],"yoast_head":"<!-- This site is optimized with the Yoast SEO plugin v14.6.1 - https:\/\/yoast.com\/wordpress\/plugins\/seo\/ -->\n<title>Transparenzinitiative - Sudocrem Austria<\/title>\n<meta name=\"robots\" content=\"index, follow\" \/>\n<meta name=\"googlebot\" content=\"index, follow, max-snippet:-1, max-image-preview:large, max-video-preview:-1\" \/>\n<meta name=\"bingbot\" content=\"index, follow, max-snippet:-1, max-image-preview:large, max-video-preview:-1\" \/>\n<link rel=\"canonical\" href=\"https:\/\/sudocrem.com\/at\/transparenzinitiative\/\" \/>\n<meta property=\"og:locale\" content=\"en_GB\" \/>\n<meta property=\"og:type\" content=\"article\" \/>\n<meta property=\"og:title\" content=\"Transparenzinitiative - Sudocrem Austria\" \/>\n<meta property=\"og:description\" content=\"Um die bestm\u00f6gliche Versorgung mit Arzneimitteln zu gew\u00e4hrleisten, ist die Zusammenarbeit zwischen \u00c4rzten und der Pharmaindustrie unerl\u00e4sslich. Damit die \u00d6ffentlichkeit nachvollziehen kann, was zwischen Angeh\u00f6rigen bzw. Institutionen der Fachkreise und Pharmaindustrie passiert, legen die pharmazeutischen Unternehmen auf ihren Websites offen, an wen und wof\u00fcr geldwerte Leistungen erbracht werden. &nbsp; Was versteht man unter Angeh\u00f6rige und [...]CONTINUE READING\" \/>\n<meta property=\"og:url\" content=\"https:\/\/sudocrem.com\/at\/transparenzinitiative\/\" \/>\n<meta property=\"og:site_name\" content=\"Sudocrem Austria\" \/>\n<meta property=\"article:modified_time\" content=\"2020-10-22T13:40:59+00:00\" \/>\n<meta name=\"twitter:card\" content=\"summary_large_image\" \/>\n<script type=\"application\/ld+json\" class=\"yoast-schema-graph\">{\"@context\":\"https:\/\/schema.org\",\"@graph\":[{\"@type\":\"WebSite\",\"@id\":\"https:\/\/sudocrem.com\/at\/#website\",\"url\":\"https:\/\/sudocrem.com\/at\/\",\"name\":\"Sudocrem Austria\",\"description\":\"Just another Sudocrem International site\",\"potentialAction\":[{\"@type\":\"SearchAction\",\"target\":\"https:\/\/sudocrem.com\/at\/?s={search_term_string}\",\"query-input\":\"required name=search_term_string\"}],\"inLanguage\":\"en-GB\"},{\"@type\":\"WebPage\",\"@id\":\"https:\/\/sudocrem.com\/at\/transparenzinitiative\/#webpage\",\"url\":\"https:\/\/sudocrem.com\/at\/transparenzinitiative\/\",\"name\":\"Transparenzinitiative - Sudocrem Austria\",\"isPartOf\":{\"@id\":\"https:\/\/sudocrem.com\/at\/#website\"},\"datePublished\":\"2020-10-15T16:24:47+00:00\",\"dateModified\":\"2020-10-22T13:40:59+00:00\",\"inLanguage\":\"en-GB\",\"potentialAction\":[{\"@type\":\"ReadAction\",\"target\":[\"https:\/\/sudocrem.com\/at\/transparenzinitiative\/\"]}]}]}<\/script>\n<!-- \/ Yoast SEO plugin. -->","_links":{"self":[{"href":"https:\/\/sudocrem.com\/at\/wp-json\/wp\/v2\/pages\/1886","targetHints":{"allow":["GET"]}}],"collection":[{"href":"https:\/\/sudocrem.com\/at\/wp-json\/wp\/v2\/pages"}],"about":[{"href":"https:\/\/sudocrem.com\/at\/wp-json\/wp\/v2\/types\/page"}],"author":[{"embeddable":true,"href":"https:\/\/sudocrem.com\/at\/wp-json\/wp\/v2\/users\/1"}],"replies":[{"embeddable":true,"href":"https:\/\/sudocrem.com\/at\/wp-json\/wp\/v2\/comments?post=1886"}],"version-history":[{"count":0,"href":"https:\/\/sudocrem.com\/at\/wp-json\/wp\/v2\/pages\/1886\/revisions"}],"wp:attachment":[{"href":"https:\/\/sudocrem.com\/at\/wp-json\/wp\/v2\/media?parent=1886"}],"curies":[{"name":"wp","href":"https:\/\/api.w.org\/{rel}","templated":true}]}}