

{"id":1887,"date":"2020-10-15T17:24:19","date_gmt":"2020-10-15T16:24:19","guid":{"rendered":"https:\/\/sudocrem.wpenginepowered.com\/at\/?page_id=1887"},"modified":"2020-10-22T12:22:02","modified_gmt":"2020-10-22T11:22:02","slug":"disclaimer","status":"publish","type":"page","link":"https:\/\/sudocrem.com\/at\/disclaimer\/","title":{"rendered":"Haftung"},"content":{"rendered":"<p>Die Erkenntnisse im Pharmabereich und in der Medizin unterliegen einem laufenden Wandel durch Forschung und klinische Erfahrung. Autoren und Experten verwenden gro\u00dfe Sorgfalt darauf, die sachliche Information in einer f\u00fcr den Laien verst\u00e4ndlichen Form darzustellen. In keinem Fall aber ersetzt das Informationsangebot eine pers\u00f6nliche Untersuchung oder Diagnose durch einen approbierten Arzt. Wir \u00fcbernehmen daher keine Gew\u00e4hr f\u00fcr die Richtigkeit und Vollst\u00e4ndigkeit der auf dieser Website befindlichen Informationen. Wir schlie\u00dfen unsere Haftung f\u00fcr leicht fahrl\u00e4ssige Pflichtverletzungen aus, sofern diese keine vertragswesentlichen Pflichten oder zugesicherte Eigenschaften betreffen oder Anspr\u00fcche nach dem Produkthaftungsgesetz ber\u00fchrt sind. Gleiches gilt f\u00fcr Pflichtverletzungen unserer Erf\u00fcllungsgehilfen. Die in diesen Seiten ver\u00f6ffentlichten Beitr\u00e4ge der ratiopharm GmbH sind urheberrechtlich gesch\u00fctzt. Die Beitr\u00e4ge oder wissenschaftlichen Materialien d\u00fcrfen von \u00c4rzten und Apothekern f\u00fcr den pers\u00f6nlichen Gebrauch und f\u00fcr Trainingszwecke genutzt werden. Soweit eine Weitergabe an Patienten nicht gegen das Heilmittelwerbegesetz verst\u00f6\u00dft, d\u00fcrfen sie auch in der Praxis zu diesem Zweck verwendet bzw. vervielf\u00e4ltigt werden.<\/p>\n<p>Jede Verwertung innerhalb eines gewerblichen Unternehmens, wie Vervielf\u00e4ltigung jeder Art, \u00dcbersetzungen, Mikroverfilmungen und die Einspeicherung und Verarbeitung in elektronischen Systemen, bedarf der schriftlichen Einwilligung der ratiopharm GmbH.<\/p>\n","protected":false},"excerpt":{"rendered":"<p>Die Erkenntnisse im Pharmabereich und in der Medizin unterliegen einem laufenden Wandel durch Forschung und klinische Erfahrung. Autoren und Experten verwenden gro\u00dfe Sorgfalt darauf, die sachliche Information in einer f\u00fcr den Laien verst\u00e4ndlichen Form darzustellen. In keinem Fall aber ersetzt das Informationsangebot eine pers\u00f6nliche Untersuchung oder Diagnose durch einen approbierten Arzt. Wir \u00fcbernehmen daher keine [&#8230;]<\/p>\n<p><a aria-label=\"Sudocrem\"  class=\"btn btn-purple round btn-secondary understrap-read-more-link\" href=\"https:\/\/sudocrem.com\/at\/disclaimer\/\">CONTINUE READING<\/a><\/p>\n","protected":false},"author":1,"featured_media":0,"parent":0,"menu_order":0,"comment_status":"closed","ping_status":"closed","template":"page-templates\/legal-page.php","meta":{"footnotes":""},"class_list":["post-1887","page","type-page","status-publish","hentry"],"yoast_head":"<!-- This site is optimized with the Yoast SEO plugin v14.6.1 - https:\/\/yoast.com\/wordpress\/plugins\/seo\/ -->\n<title>Haftung - Sudocrem Austria<\/title>\n<meta name=\"robots\" content=\"index, follow\" \/>\n<meta name=\"googlebot\" content=\"index, follow, max-snippet:-1, max-image-preview:large, max-video-preview:-1\" \/>\n<meta name=\"bingbot\" content=\"index, follow, max-snippet:-1, max-image-preview:large, max-video-preview:-1\" \/>\n<link rel=\"canonical\" href=\"https:\/\/sudocrem.com\/at\/disclaimer\/\" \/>\n<meta property=\"og:locale\" content=\"en_GB\" \/>\n<meta property=\"og:type\" content=\"article\" \/>\n<meta property=\"og:title\" content=\"Haftung - Sudocrem Austria\" \/>\n<meta property=\"og:description\" content=\"Die Erkenntnisse im Pharmabereich und in der Medizin unterliegen einem laufenden Wandel durch Forschung und klinische Erfahrung. Autoren und Experten verwenden gro\u00dfe Sorgfalt darauf, die sachliche Information in einer f\u00fcr den Laien verst\u00e4ndlichen Form darzustellen. In keinem Fall aber ersetzt das Informationsangebot eine pers\u00f6nliche Untersuchung oder Diagnose durch einen approbierten Arzt. Wir \u00fcbernehmen daher keine [...]CONTINUE READING\" \/>\n<meta property=\"og:url\" content=\"https:\/\/sudocrem.com\/at\/disclaimer\/\" \/>\n<meta property=\"og:site_name\" content=\"Sudocrem Austria\" \/>\n<meta property=\"article:modified_time\" content=\"2020-10-22T11:22:02+00:00\" \/>\n<meta name=\"twitter:card\" content=\"summary_large_image\" \/>\n<script type=\"application\/ld+json\" class=\"yoast-schema-graph\">{\"@context\":\"https:\/\/schema.org\",\"@graph\":[{\"@type\":\"WebSite\",\"@id\":\"https:\/\/sudocrem.com\/at\/#website\",\"url\":\"https:\/\/sudocrem.com\/at\/\",\"name\":\"Sudocrem Austria\",\"description\":\"Just another Sudocrem International site\",\"potentialAction\":[{\"@type\":\"SearchAction\",\"target\":\"https:\/\/sudocrem.com\/at\/?s={search_term_string}\",\"query-input\":\"required name=search_term_string\"}],\"inLanguage\":\"en-GB\"},{\"@type\":\"WebPage\",\"@id\":\"https:\/\/sudocrem.com\/at\/disclaimer\/#webpage\",\"url\":\"https:\/\/sudocrem.com\/at\/disclaimer\/\",\"name\":\"Haftung - Sudocrem Austria\",\"isPartOf\":{\"@id\":\"https:\/\/sudocrem.com\/at\/#website\"},\"datePublished\":\"2020-10-15T16:24:19+00:00\",\"dateModified\":\"2020-10-22T11:22:02+00:00\",\"inLanguage\":\"en-GB\",\"potentialAction\":[{\"@type\":\"ReadAction\",\"target\":[\"https:\/\/sudocrem.com\/at\/disclaimer\/\"]}]}]}<\/script>\n<!-- \/ Yoast SEO plugin. -->","_links":{"self":[{"href":"https:\/\/sudocrem.com\/at\/wp-json\/wp\/v2\/pages\/1887","targetHints":{"allow":["GET"]}}],"collection":[{"href":"https:\/\/sudocrem.com\/at\/wp-json\/wp\/v2\/pages"}],"about":[{"href":"https:\/\/sudocrem.com\/at\/wp-json\/wp\/v2\/types\/page"}],"author":[{"embeddable":true,"href":"https:\/\/sudocrem.com\/at\/wp-json\/wp\/v2\/users\/1"}],"replies":[{"embeddable":true,"href":"https:\/\/sudocrem.com\/at\/wp-json\/wp\/v2\/comments?post=1887"}],"version-history":[{"count":0,"href":"https:\/\/sudocrem.com\/at\/wp-json\/wp\/v2\/pages\/1887\/revisions"}],"wp:attachment":[{"href":"https:\/\/sudocrem.com\/at\/wp-json\/wp\/v2\/media?parent=1887"}],"curies":[{"name":"wp","href":"https:\/\/api.w.org\/{rel}","templated":true}]}}