

{"id":1888,"date":"2020-10-15T17:24:02","date_gmt":"2020-10-15T16:24:02","guid":{"rendered":"https:\/\/sudocrem.wpenginepowered.com\/at\/?page_id=1888"},"modified":"2025-10-23T11:13:51","modified_gmt":"2025-10-23T10:13:51","slug":"agbs","status":"publish","type":"page","link":"https:\/\/sudocrem.com\/at\/agbs\/","title":{"rendered":"AGBs"},"content":{"rendered":"<div id=\"c81567\" class=\"textmedia textmedia--0 clearfix\">\n<div class=\"textmedia__body textmedia__body--0 \">\n<h5>AGBs f\u00fcr Kunden deutsch<\/h5>\n<p>Stand 02.10.2025<\/p>\n<p>Allgemeine Gesch\u00e4ftsbedingungen f\u00fcr Kunden<br \/>\nder ratiopharm Arzneimittel<br \/>\nVertriebs-GmbH<br \/>\n<a class=\"download\" title=\"Initiates file download\" href=\"https:\/\/sudocrem.com\/at\/wp-content\/uploads\/sites\/26\/2025\/10\/AGB-ratiopharm-Arzneimittel-VertriebsGmbH-Kunden-Oct-07-2025_final.pdf\" target=\"_blank\" rel=\"noopener noreferrer\">download&#8230;<\/a><\/p>\n<p>&nbsp;<\/p>\n<\/div>\n<\/div>\n<div id=\"c81568\" class=\"textmedia textmedia--0 clearfix\">\n<div class=\"textmedia__body textmedia__body--0 \">\n<h5>AGBs Customer_EN<\/h5>\n<p>status 02.10.2025<\/p>\n<p>General Terms and Conditions of Business<br \/>\nfor ratiopharm Arzneimittel<br \/>\nVertriebs-GmbH Customers<br \/>\n<a class=\"download\" title=\"Initiates file download\" href=\"https:\/\/sudocrem.com\/at\/wp-content\/uploads\/sites\/26\/2025\/10\/AGB-ratiopharm-Arzneimittel-VertriebsGmbH-Kunden-Oct-07-2025_final_EN.pdf\" target=\"_blank\" rel=\"noopener noreferrer\">download&#8230;<br \/>\n<\/a><\/p>\n<p>&nbsp;<\/p>\n<\/div>\n<\/div>\n<div id=\"c81569\" class=\"textmedia textmedia--0 clearfix\">\n<div class=\"textmedia__body textmedia__body--0 \">\n<h5>AGBs f\u00fcr Lieferanten deutsch<\/h5>\n<p>Stand 07.10.2025<\/p>\n<p>Allgemeine Gesch\u00e4ftsbedingungen f\u00fcr<br \/>\nLieferanten der ratiopharm<br \/>\nArzneimittel Vertriebs-GmbH<br \/>\n<a class=\"download\" title=\"Initiates file download\" href=\"https:\/\/sudocrem.com\/at\/wp-content\/uploads\/sites\/26\/2025\/10\/AGB-ratiopharm-Arzneimittel-VertriebsGmbH-Lieferanten-Oct-07-2025_final.pdf\" target=\"_blank\" rel=\"noopener noreferrer\">download&#8230;<\/a><\/p>\n<p>&nbsp;<\/p>\n<\/div>\n<\/div>\n<div id=\"c81570\" class=\"textmedia textmedia--0 clearfix\">\n<div class=\"textmedia__body textmedia__body--0 \">\n<h5>AGBs Suppliers_EN<\/h5>\n<p>status 07.10.2025<\/p>\n<p>General Terms and Conditions of<br \/>\nBusiness for ratiopharm Arzneimittel<br \/>\nVertriebs-GmbH Suppliers<br \/>\n<a class=\"download\" title=\"Initiates file download\" href=\"https:\/\/sudocrem.com\/at\/wp-content\/uploads\/sites\/26\/2025\/10\/AGB-ratiopharm-Arzneimittel-VertriebsGmbH-Lieferanten-Oct-07-2025_final_EN.pdf\" target=\"_blank\" rel=\"noopener noreferrer\">download&#8230;<\/a><\/p>\n<\/div>\n<\/div>\n","protected":false},"excerpt":{"rendered":"<p>AGBs f\u00fcr Kunden deutsch Stand 02.10.2025 Allgemeine Gesch\u00e4ftsbedingungen f\u00fcr Kunden der ratiopharm Arzneimittel Vertriebs-GmbH download&#8230; &nbsp; AGBs Customer_EN status 02.10.2025 General Terms and Conditions of Business for ratiopharm Arzneimittel Vertriebs-GmbH Customers download&#8230; &nbsp; AGBs f\u00fcr Lieferanten deutsch Stand 07.10.2025 Allgemeine Gesch\u00e4ftsbedingungen f\u00fcr Lieferanten der ratiopharm Arzneimittel Vertriebs-GmbH download&#8230; &nbsp; AGBs Suppliers_EN status 07.10.2025 General Terms [&#8230;]<\/p>\n<p><a aria-label=\"Sudocrem\"  class=\"btn btn-purple round btn-secondary understrap-read-more-link\" href=\"https:\/\/sudocrem.com\/at\/agbs\/\">CONTINUE READING<\/a><\/p>\n","protected":false},"author":1,"featured_media":0,"parent":0,"menu_order":0,"comment_status":"closed","ping_status":"closed","template":"page-templates\/legal-page.php","meta":{"footnotes":""},"class_list":["post-1888","page","type-page","status-publish","hentry"],"yoast_head":"<!-- This site is optimized with the Yoast SEO plugin v14.6.1 - https:\/\/yoast.com\/wordpress\/plugins\/seo\/ -->\n<title>AGBs - Sudocrem Austria<\/title>\n<meta name=\"robots\" content=\"index, follow\" \/>\n<meta name=\"googlebot\" content=\"index, follow, max-snippet:-1, max-image-preview:large, max-video-preview:-1\" \/>\n<meta name=\"bingbot\" content=\"index, follow, max-snippet:-1, max-image-preview:large, max-video-preview:-1\" \/>\n<link rel=\"canonical\" href=\"https:\/\/sudocrem.com\/at\/agbs\/\" \/>\n<meta property=\"og:locale\" content=\"en_GB\" \/>\n<meta property=\"og:type\" content=\"article\" \/>\n<meta property=\"og:title\" content=\"AGBs - Sudocrem Austria\" \/>\n<meta property=\"og:description\" content=\"AGBs f\u00fcr Kunden deutsch Stand 02.10.2025 Allgemeine Gesch\u00e4ftsbedingungen f\u00fcr Kunden der ratiopharm Arzneimittel Vertriebs-GmbH download&#8230; &nbsp; AGBs Customer_EN status 02.10.2025 General Terms and Conditions of Business for ratiopharm Arzneimittel Vertriebs-GmbH Customers download&#8230; &nbsp; AGBs f\u00fcr Lieferanten deutsch Stand 07.10.2025 Allgemeine Gesch\u00e4ftsbedingungen f\u00fcr Lieferanten der ratiopharm Arzneimittel Vertriebs-GmbH download&#8230; &nbsp; AGBs Suppliers_EN status 07.10.2025 General Terms [...]CONTINUE READING\" \/>\n<meta property=\"og:url\" content=\"https:\/\/sudocrem.com\/at\/agbs\/\" \/>\n<meta property=\"og:site_name\" content=\"Sudocrem Austria\" \/>\n<meta property=\"article:modified_time\" content=\"2025-10-23T10:13:51+00:00\" \/>\n<meta name=\"twitter:card\" content=\"summary_large_image\" \/>\n<script type=\"application\/ld+json\" class=\"yoast-schema-graph\">{\"@context\":\"https:\/\/schema.org\",\"@graph\":[{\"@type\":\"WebSite\",\"@id\":\"https:\/\/sudocrem.com\/at\/#website\",\"url\":\"https:\/\/sudocrem.com\/at\/\",\"name\":\"Sudocrem Austria\",\"description\":\"Just another Sudocrem International site\",\"potentialAction\":[{\"@type\":\"SearchAction\",\"target\":\"https:\/\/sudocrem.com\/at\/?s={search_term_string}\",\"query-input\":\"required name=search_term_string\"}],\"inLanguage\":\"en-GB\"},{\"@type\":\"WebPage\",\"@id\":\"https:\/\/sudocrem.com\/at\/agbs\/#webpage\",\"url\":\"https:\/\/sudocrem.com\/at\/agbs\/\",\"name\":\"AGBs - Sudocrem Austria\",\"isPartOf\":{\"@id\":\"https:\/\/sudocrem.com\/at\/#website\"},\"datePublished\":\"2020-10-15T16:24:02+00:00\",\"dateModified\":\"2025-10-23T10:13:51+00:00\",\"inLanguage\":\"en-GB\",\"potentialAction\":[{\"@type\":\"ReadAction\",\"target\":[\"https:\/\/sudocrem.com\/at\/agbs\/\"]}]}]}<\/script>\n<!-- \/ Yoast SEO plugin. -->","_links":{"self":[{"href":"https:\/\/sudocrem.com\/at\/wp-json\/wp\/v2\/pages\/1888","targetHints":{"allow":["GET"]}}],"collection":[{"href":"https:\/\/sudocrem.com\/at\/wp-json\/wp\/v2\/pages"}],"about":[{"href":"https:\/\/sudocrem.com\/at\/wp-json\/wp\/v2\/types\/page"}],"author":[{"embeddable":true,"href":"https:\/\/sudocrem.com\/at\/wp-json\/wp\/v2\/users\/1"}],"replies":[{"embeddable":true,"href":"https:\/\/sudocrem.com\/at\/wp-json\/wp\/v2\/comments?post=1888"}],"version-history":[{"count":0,"href":"https:\/\/sudocrem.com\/at\/wp-json\/wp\/v2\/pages\/1888\/revisions"}],"wp:attachment":[{"href":"https:\/\/sudocrem.com\/at\/wp-json\/wp\/v2\/media?parent=1888"}],"curies":[{"name":"wp","href":"https:\/\/api.w.org\/{rel}","templated":true}]}}