

{"id":320,"date":"2018-12-11T14:11:38","date_gmt":"2018-12-11T14:11:38","guid":{"rendered":"http:\/\/www.sudocrem.co.uk\/?page_id=320"},"modified":"2023-03-29T17:15:25","modified_gmt":"2023-03-29T16:15:25","slug":"was-verursacht-windeldermatitis","status":"publish","type":"page","link":"https:\/\/sudocrem.com\/at\/windeldermatitis\/was-verursacht-windeldermatitis\/","title":{"rendered":"What causes nappy rash?"},"content":{"rendered":"<h5>Was ruft eine Windeldermatitis hervor?<\/h5>\n<p>Die h\u00e4ufigste Ursache f\u00fcr eine Windeldermatitis ist eine Entz\u00fcndung der Haut Ihres Babys nach dem Kontakt mit den reizenden Stoffen in Urin oder Exkrementen.<\/p>\n<p>Ein Auftreten einer Windeldermatitis ist dann wahrscheinlich, wenn die Windeln nicht h\u00e4ufig genug gewechselt werden oder Ihr Baby Durchfall hat. Wenn Ihr Baby jedoch eine besonders empfindliche Haut hat, kann sie auch dann auftreten, wenn der Windelbereich zu h\u00e4ufig gereinigt wird. Manchmal kann das Scheuern der Windel an der empfindlichen Haut Ihres Babys zur Entwicklung einer Windeldermatitis f\u00fchren.<\/p>\n<p>Auch Waschmittel, die nicht gr\u00fcndlich genug aus Frotteewindeln (wiederverwendbaren Windeln) ausgewaschen wurden, k\u00f6nnen die Entwicklung einer Windeldermatitis f\u00f6rdern.<\/p>\n<p>&nbsp;<\/p>\n<h5>Wann ist es besonders wahrscheinlich, dass eine Windeldermatitis auftritt?<\/h5>\n<p>Es kann jederzeit eine Windeldermatitis am Po Ihres Babys entstehen. Dies gilt insbesondere, weil einige Babys von Natur aus empfindlichere Haut haben und mehr zu Hautreizungen neigen k\u00f6nnen.<\/p>\n<p>Es gibt jedoch bestimmte Phasen, in denen Babys besonders anf\u00e4llig f\u00fcr eine Windeldermatitis sind, wie zu Beispiel:<\/p>\n<ul id=\"custom-tick\"><\/ul>\n<p>&nbsp;<\/p>\n<table>\n<tbody>\n<tr>\n<td class=\"align-middle\"><img loading=\"lazy\" decoding=\"async\" class=\"alignnone size-full wp-image-1658\" src=\"https:\/\/sudocrem.com\/australia\/wp-content\/uploads\/sites\/2\/2020\/07\/Sud_Nappy-rash_Icon-01.png\" alt=\"\" width=\"82\" height=\"82\" \/><\/td>\n<td class=\"align-middle pl-4\">W\u00e4hrend des Zahnens.<\/td>\n<\/tr>\n<tr>\n<td class=\"align-middle pt-3\"><img loading=\"lazy\" decoding=\"async\" class=\"alignnone size-full wp-image-1659\" src=\"https:\/\/sudocrem.com\/australia\/wp-content\/uploads\/sites\/2\/2020\/07\/Sud_Nappy-rash_Icon-02.png\" alt=\"\" width=\"82\" height=\"82\" \/><\/td>\n<td class=\"align-middle pt-3 pl-4\">Bei der Umstellung vom Stillen auf Flaschennahrung.<\/td>\n<\/tr>\n<tr>\n<td class=\"align-middle pt-3\"><img loading=\"lazy\" decoding=\"async\" class=\"alignnone size-full wp-image-1660\" src=\"https:\/\/sudocrem.com\/australia\/wp-content\/uploads\/sites\/2\/2020\/07\/Sud_Nappy-rash_Icon-03.png\" alt=\"\" width=\"82\" height=\"82\" \/><\/td>\n<td class=\"align-middle pt-3 pl-4\">Bei Unvertr\u00e4glichkeiten gegen Windelmaterialien und Inhaltsstoffe von Pflegeprodukten.<\/td>\n<\/tr>\n<tr>\n<td class=\"align-middle pt-3\"><img loading=\"lazy\" decoding=\"async\" class=\"alignnone size-full wp-image-1661\" src=\"https:\/\/sudocrem.com\/australia\/wp-content\/uploads\/sites\/2\/2020\/07\/Sud_Nappy-rash_Icon-04.png\" alt=\"\" width=\"82\" height=\"82\" \/><\/td>\n<td class=\"align-middle pt-3 pl-4\">Bei Durchfall oder Erk\u00e4ltung.<\/td>\n<\/tr>\n<tr>\n<td class=\"align-middle pt-3\"><img loading=\"lazy\" decoding=\"async\" class=\"alignnone size-full wp-image-1662\" src=\"https:\/\/sudocrem.com\/australia\/wp-content\/uploads\/sites\/2\/2020\/07\/Sud_Nappy-rash_Icon-05.png\" alt=\"\" width=\"82\" height=\"82\" \/><\/td>\n<td class=\"align-middle pt-3 pl-4\">Bei der Gew\u00f6hnung an feste Nahrung.<\/td>\n<\/tr>\n<tr>\n<td class=\"align-middle pt-3\"><img loading=\"lazy\" decoding=\"async\" class=\"alignnone size-full wp-image-1663\" src=\"https:\/\/sudocrem.com\/australia\/wp-content\/uploads\/sites\/2\/2020\/07\/Sud_Nappy-rash_Icon-06.png\" alt=\"\" width=\"81\" height=\"81\" \/><\/td>\n<td class=\"align-middle pt-3 pl-4\">Beim ersten Durchschlafen.<\/td>\n<\/tr>\n<tr>\n<td class=\"align-middle pt-3\"><img loading=\"lazy\" decoding=\"async\" class=\"alignnone size-full wp-image-1664\" src=\"https:\/\/sudocrem.com\/australia\/wp-content\/uploads\/sites\/2\/2020\/07\/Sud_Nappy-rash_Icon-07.png\" alt=\"\" width=\"82\" height=\"82\" \/><\/td>\n<td class=\"align-middle pt-3 pl-4\">Beim ersten Trinken von Kuhmilch.<\/td>\n<\/tr>\n<\/tbody>\n<\/table>\n<p>&nbsp;<\/p>\n<p>Nur nach Anweisung einsetzen. Wenn die Symptome andauern oder Nebenwirkungen auftreten, wenden Sie sich bitte an Ihren Arzt oder Apotheker.<\/p>\n","protected":false},"excerpt":{"rendered":"<p>Was ruft eine Windeldermatitis hervor? Die h\u00e4ufigste Ursache f\u00fcr eine Windeldermatitis ist eine Entz\u00fcndung der Haut Ihres Babys nach dem Kontakt mit den reizenden Stoffen in Urin oder Exkrementen. Ein Auftreten einer Windeldermatitis ist dann wahrscheinlich, wenn die Windeln nicht h\u00e4ufig genug gewechselt werden oder Ihr Baby Durchfall hat. Wenn Ihr Baby jedoch eine besonders [&#8230;]<\/p>\n<p><a aria-label=\"Sudocrem\"  class=\"btn btn-purple round btn-secondary understrap-read-more-link\" href=\"https:\/\/sudocrem.com\/at\/windeldermatitis\/was-verursacht-windeldermatitis\/\">CONTINUE READING<\/a><\/p>\n","protected":false},"author":1,"featured_media":1752,"parent":754,"menu_order":2,"comment_status":"closed","ping_status":"closed","template":"page-templates\/top-menu-page.php","meta":{"footnotes":""},"class_list":["post-320","page","type-page","status-publish","has-post-thumbnail","hentry"],"yoast_head":"<!-- This site is optimized with the Yoast SEO plugin v14.6.1 - https:\/\/yoast.com\/wordpress\/plugins\/seo\/ -->\n<title>What causes nappy rash? - Sudocrem Austria<\/title>\n<meta name=\"robots\" content=\"index, follow\" \/>\n<meta name=\"googlebot\" content=\"index, follow, max-snippet:-1, max-image-preview:large, max-video-preview:-1\" \/>\n<meta name=\"bingbot\" content=\"index, follow, max-snippet:-1, max-image-preview:large, max-video-preview:-1\" \/>\n<link rel=\"canonical\" href=\"https:\/\/sudocrem.com\/at\/windeldermatitis\/was-verursacht-windeldermatitis\/\" \/>\n<meta property=\"og:locale\" content=\"en_GB\" \/>\n<meta property=\"og:type\" content=\"article\" \/>\n<meta property=\"og:title\" content=\"What causes nappy rash? - Sudocrem Austria\" \/>\n<meta property=\"og:description\" content=\"Was ruft eine Windeldermatitis hervor? Die h\u00e4ufigste Ursache f\u00fcr eine Windeldermatitis ist eine Entz\u00fcndung der Haut Ihres Babys nach dem Kontakt mit den reizenden Stoffen in Urin oder Exkrementen. Ein Auftreten einer Windeldermatitis ist dann wahrscheinlich, wenn die Windeln nicht h\u00e4ufig genug gewechselt werden oder Ihr Baby Durchfall hat. Wenn Ihr Baby jedoch eine besonders [...]CONTINUE READING\" \/>\n<meta property=\"og:url\" content=\"https:\/\/sudocrem.com\/at\/windeldermatitis\/was-verursacht-windeldermatitis\/\" \/>\n<meta property=\"og:site_name\" content=\"Sudocrem Austria\" \/>\n<meta property=\"article:modified_time\" content=\"2023-03-29T16:15:25+00:00\" \/>\n<meta property=\"og:image\" content=\"https:\/\/sudocrem.com\/at\/wp-content\/uploads\/sites\/26\/2020\/07\/Sud_Nappy-rash_Top-banner.jpg\" \/>\n\t<meta property=\"og:image:width\" content=\"1920\" \/>\n\t<meta property=\"og:image:height\" content=\"742\" \/>\n<meta name=\"twitter:card\" content=\"summary_large_image\" \/>\n<script type=\"application\/ld+json\" class=\"yoast-schema-graph\">{\"@context\":\"https:\/\/schema.org\",\"@graph\":[{\"@type\":\"WebSite\",\"@id\":\"https:\/\/sudocrem.com\/at\/#website\",\"url\":\"https:\/\/sudocrem.com\/at\/\",\"name\":\"Sudocrem Austria\",\"description\":\"Just another Sudocrem International site\",\"potentialAction\":[{\"@type\":\"SearchAction\",\"target\":\"https:\/\/sudocrem.com\/at\/?s={search_term_string}\",\"query-input\":\"required name=search_term_string\"}],\"inLanguage\":\"en-GB\"},{\"@type\":\"ImageObject\",\"@id\":\"https:\/\/sudocrem.com\/at\/windeldermatitis\/was-verursacht-windeldermatitis\/#primaryimage\",\"inLanguage\":\"en-GB\",\"url\":\"https:\/\/sudocrem.com\/at\/wp-content\/uploads\/sites\/26\/2020\/07\/Sud_Nappy-rash_Top-banner.jpg\",\"width\":1920,\"height\":742,\"caption\":\"Sud_Nappy-rash_Top-banner\"},{\"@type\":\"WebPage\",\"@id\":\"https:\/\/sudocrem.com\/at\/windeldermatitis\/was-verursacht-windeldermatitis\/#webpage\",\"url\":\"https:\/\/sudocrem.com\/at\/windeldermatitis\/was-verursacht-windeldermatitis\/\",\"name\":\"What causes nappy rash? - Sudocrem Austria\",\"isPartOf\":{\"@id\":\"https:\/\/sudocrem.com\/at\/#website\"},\"primaryImageOfPage\":{\"@id\":\"https:\/\/sudocrem.com\/at\/windeldermatitis\/was-verursacht-windeldermatitis\/#primaryimage\"},\"datePublished\":\"2018-12-11T14:11:38+00:00\",\"dateModified\":\"2023-03-29T16:15:25+00:00\",\"inLanguage\":\"en-GB\",\"potentialAction\":[{\"@type\":\"ReadAction\",\"target\":[\"https:\/\/sudocrem.com\/at\/windeldermatitis\/was-verursacht-windeldermatitis\/\"]}]}]}<\/script>\n<!-- \/ Yoast SEO plugin. -->","_links":{"self":[{"href":"https:\/\/sudocrem.com\/at\/wp-json\/wp\/v2\/pages\/320","targetHints":{"allow":["GET"]}}],"collection":[{"href":"https:\/\/sudocrem.com\/at\/wp-json\/wp\/v2\/pages"}],"about":[{"href":"https:\/\/sudocrem.com\/at\/wp-json\/wp\/v2\/types\/page"}],"author":[{"embeddable":true,"href":"https:\/\/sudocrem.com\/at\/wp-json\/wp\/v2\/users\/1"}],"replies":[{"embeddable":true,"href":"https:\/\/sudocrem.com\/at\/wp-json\/wp\/v2\/comments?post=320"}],"version-history":[{"count":0,"href":"https:\/\/sudocrem.com\/at\/wp-json\/wp\/v2\/pages\/320\/revisions"}],"up":[{"embeddable":true,"href":"https:\/\/sudocrem.com\/at\/wp-json\/wp\/v2\/pages\/754"}],"wp:featuredmedia":[{"embeddable":true,"href":"https:\/\/sudocrem.com\/at\/wp-json\/wp\/v2\/media\/1752"}],"wp:attachment":[{"href":"https:\/\/sudocrem.com\/at\/wp-json\/wp\/v2\/media?parent=320"}],"curies":[{"name":"wp","href":"https:\/\/api.w.org\/{rel}","templated":true}]}}