

{"id":322,"date":"2018-12-11T14:12:03","date_gmt":"2018-12-11T14:12:03","guid":{"rendered":"http:\/\/www.sudocrem.co.uk\/?page_id=322"},"modified":"2025-10-14T17:10:35","modified_gmt":"2025-10-14T16:10:35","slug":"behandlung","status":"publish","type":"page","link":"https:\/\/sudocrem.com\/at\/windeldermatitis\/behandlung\/","title":{"rendered":"Soothing nappy rash"},"content":{"rendered":"<h5>Die Behandlung von Windeldermatitis<\/h5>\n<p>Wenn die Haut Ihres Babys in dem von der Windel bedeckten Bereich wund und rot ist und sich hei\u00df anf\u00fchlt, hat Ihr Baby m\u00f6glicherweise eine Windeldermatitis.<br \/>\nZur Behandlung einer Windeldermatitis k\u00f6nnen Sie die unten stehenden Schritte befolgen.<\/p>\n<ol>\n<li>Wechseln Sie die Windel Ihres Babys jedes Mal, wenn sie nass oder kotgef\u00fcllt ist.<\/li>\n<li>Es ist sehr wichtig, den Kontakt der reizenden Stoffe in Urin und Exkrementen so kurz wie m\u00f6glich zu halten.<\/li>\n<li>Lassen Sie die Windel so lange wie m\u00f6glich weg, damit frische Luft an die Haut Ihres Babys gelangen kann.<\/li>\n<li>Versuchen Sie sicherzustellen, dass die Windel Ihres Babys gut passt und nicht scheuert oder reibt.<\/li>\n<li>Vermeiden Sie die Verwendung von Seifen, Waschmitteln oder Schaumb\u00e4dern, die die Haut Ihres Babys zus\u00e4tzlich reizen k\u00f6nnten.<\/li>\n<li>Stellen Sie sicher, dass die Haut Ihres Babys sauber und trocken ist, ehe Sie eine frische, saubere und trockene Windel anlegen.<\/li>\n<li>Verwenden Sie eine Creme speziell gegen Windeldermatitis, wie zum Beispiel Sudocrem-Heilsalbe, bei jedem Windelwechsel, um die Haut zu beruhigen.<\/li>\n<\/ol>\n<p>&nbsp;<\/p>\n<p>Es ist klinisch erwiesen, dass Sudocrem-Heilsalbe die Heilung unterst\u00fctzt, indem sie das Wundsein lindert. Sie k\u00f6nnen Sudocrem-Heilsalbe bei jedem Windelwechsel verwenden.<\/p>\n<p>Wenn der Ausschlag fortbesteht, sprechen Sie mit Ihrem Arzt.<\/p>\n<p>Die beste Behandlung einer Windeldermatitis besteht in ihrer Vorbeugung. Erfahren Sie\u00a0<a href=\"\/at\/ihre-familie\/vertrauen-sie-dem-grauen-tiegel\/\">hier<\/a>\u00a0mehr \u00fcber die Vorbeugung einer Windeldermatitis.<\/p>\n<p>Nur nach Anweisung einsetzen. Wenn die Symptome andauern oder Nebenwirkungen auftreten, wenden Sie sich bitte an Ihren Arzt oder Apotheker.<\/p>\n","protected":false},"excerpt":{"rendered":"<p>Die Behandlung von Windeldermatitis Wenn die Haut Ihres Babys in dem von der Windel bedeckten Bereich wund und rot ist und sich hei\u00df anf\u00fchlt, hat Ihr Baby m\u00f6glicherweise eine Windeldermatitis. Zur Behandlung einer Windeldermatitis k\u00f6nnen Sie die unten stehenden Schritte befolgen. Wechseln Sie die Windel Ihres Babys jedes Mal, wenn sie nass oder kotgef\u00fcllt ist. [&#8230;]<\/p>\n<p><a aria-label=\"Sudocrem\"  class=\"btn btn-purple round btn-secondary understrap-read-more-link\" href=\"https:\/\/sudocrem.com\/at\/windeldermatitis\/behandlung\/\">CONTINUE READING<\/a><\/p>\n","protected":false},"author":1,"featured_media":1752,"parent":754,"menu_order":3,"comment_status":"closed","ping_status":"closed","template":"page-templates\/top-menu-page.php","meta":{"footnotes":""},"class_list":["post-322","page","type-page","status-publish","has-post-thumbnail","hentry"],"yoast_head":"<!-- This site is optimized with the Yoast SEO plugin v14.6.1 - https:\/\/yoast.com\/wordpress\/plugins\/seo\/ -->\n<title>Soothing nappy rash - Sudocrem Austria<\/title>\n<meta name=\"robots\" content=\"index, follow\" \/>\n<meta name=\"googlebot\" content=\"index, follow, max-snippet:-1, max-image-preview:large, max-video-preview:-1\" \/>\n<meta name=\"bingbot\" content=\"index, follow, max-snippet:-1, max-image-preview:large, max-video-preview:-1\" \/>\n<link rel=\"canonical\" href=\"https:\/\/sudocrem.com\/at\/windeldermatitis\/behandlung\/\" \/>\n<meta property=\"og:locale\" content=\"en_GB\" \/>\n<meta property=\"og:type\" content=\"article\" \/>\n<meta property=\"og:title\" content=\"Soothing nappy rash - Sudocrem Austria\" \/>\n<meta property=\"og:description\" content=\"Die Behandlung von Windeldermatitis Wenn die Haut Ihres Babys in dem von der Windel bedeckten Bereich wund und rot ist und sich hei\u00df anf\u00fchlt, hat Ihr Baby m\u00f6glicherweise eine Windeldermatitis. Zur Behandlung einer Windeldermatitis k\u00f6nnen Sie die unten stehenden Schritte befolgen. Wechseln Sie die Windel Ihres Babys jedes Mal, wenn sie nass oder kotgef\u00fcllt ist. [...]CONTINUE READING\" \/>\n<meta property=\"og:url\" content=\"https:\/\/sudocrem.com\/at\/windeldermatitis\/behandlung\/\" \/>\n<meta property=\"og:site_name\" content=\"Sudocrem Austria\" \/>\n<meta property=\"article:modified_time\" content=\"2025-10-14T16:10:35+00:00\" \/>\n<meta property=\"og:image\" content=\"https:\/\/sudocrem.com\/at\/wp-content\/uploads\/sites\/26\/2020\/07\/Sud_Nappy-rash_Top-banner.jpg\" \/>\n\t<meta property=\"og:image:width\" content=\"1920\" \/>\n\t<meta property=\"og:image:height\" content=\"742\" \/>\n<meta name=\"twitter:card\" content=\"summary_large_image\" \/>\n<script type=\"application\/ld+json\" class=\"yoast-schema-graph\">{\"@context\":\"https:\/\/schema.org\",\"@graph\":[{\"@type\":\"WebSite\",\"@id\":\"https:\/\/sudocrem.com\/at\/#website\",\"url\":\"https:\/\/sudocrem.com\/at\/\",\"name\":\"Sudocrem Austria\",\"description\":\"Just another Sudocrem International site\",\"potentialAction\":[{\"@type\":\"SearchAction\",\"target\":\"https:\/\/sudocrem.com\/at\/?s={search_term_string}\",\"query-input\":\"required name=search_term_string\"}],\"inLanguage\":\"en-GB\"},{\"@type\":\"ImageObject\",\"@id\":\"https:\/\/sudocrem.com\/at\/windeldermatitis\/behandlung\/#primaryimage\",\"inLanguage\":\"en-GB\",\"url\":\"https:\/\/sudocrem.com\/at\/wp-content\/uploads\/sites\/26\/2020\/07\/Sud_Nappy-rash_Top-banner.jpg\",\"width\":1920,\"height\":742,\"caption\":\"Sud_Nappy-rash_Top-banner\"},{\"@type\":\"WebPage\",\"@id\":\"https:\/\/sudocrem.com\/at\/windeldermatitis\/behandlung\/#webpage\",\"url\":\"https:\/\/sudocrem.com\/at\/windeldermatitis\/behandlung\/\",\"name\":\"Soothing nappy rash - Sudocrem Austria\",\"isPartOf\":{\"@id\":\"https:\/\/sudocrem.com\/at\/#website\"},\"primaryImageOfPage\":{\"@id\":\"https:\/\/sudocrem.com\/at\/windeldermatitis\/behandlung\/#primaryimage\"},\"datePublished\":\"2018-12-11T14:12:03+00:00\",\"dateModified\":\"2025-10-14T16:10:35+00:00\",\"inLanguage\":\"en-GB\",\"potentialAction\":[{\"@type\":\"ReadAction\",\"target\":[\"https:\/\/sudocrem.com\/at\/windeldermatitis\/behandlung\/\"]}]}]}<\/script>\n<!-- \/ Yoast SEO plugin. -->","_links":{"self":[{"href":"https:\/\/sudocrem.com\/at\/wp-json\/wp\/v2\/pages\/322","targetHints":{"allow":["GET"]}}],"collection":[{"href":"https:\/\/sudocrem.com\/at\/wp-json\/wp\/v2\/pages"}],"about":[{"href":"https:\/\/sudocrem.com\/at\/wp-json\/wp\/v2\/types\/page"}],"author":[{"embeddable":true,"href":"https:\/\/sudocrem.com\/at\/wp-json\/wp\/v2\/users\/1"}],"replies":[{"embeddable":true,"href":"https:\/\/sudocrem.com\/at\/wp-json\/wp\/v2\/comments?post=322"}],"version-history":[{"count":0,"href":"https:\/\/sudocrem.com\/at\/wp-json\/wp\/v2\/pages\/322\/revisions"}],"up":[{"embeddable":true,"href":"https:\/\/sudocrem.com\/at\/wp-json\/wp\/v2\/pages\/754"}],"wp:featuredmedia":[{"embeddable":true,"href":"https:\/\/sudocrem.com\/at\/wp-json\/wp\/v2\/media\/1752"}],"wp:attachment":[{"href":"https:\/\/sudocrem.com\/at\/wp-json\/wp\/v2\/media?parent=322"}],"curies":[{"name":"wp","href":"https:\/\/api.w.org\/{rel}","templated":true}]}}