

{"id":52,"date":"2018-12-10T10:44:47","date_gmt":"2018-12-10T10:44:47","guid":{"rendered":"http:\/\/www.sudocrem.co.uk\/?page_id=48"},"modified":"2023-03-29T17:14:42","modified_gmt":"2023-03-29T16:14:42","slug":"was-ist-windeldermatitis","status":"publish","type":"page","link":"https:\/\/sudocrem.com\/at\/windeldermatitis\/was-ist-windeldermatitis\/","title":{"rendered":"Nappy Rash Hub &#8211; What is nappy rash?"},"content":{"rendered":"<h5>Was ist eine Windeldermatitis?<\/h5>\n<p>Die Windeldermatitis geh\u00f6rt zu den h\u00e4ufigsten Hautproblemen in den ersten Lebensjahren. Es handelt sich dabei um eine Hautreizung im Windelbereich. Die empfindliche Haut Ihres Babys ist am h\u00e4ufigsten von einer Windeldermatitis betroffen, wenn sie \u00fcber eine l\u00e4ngere Zeit mit Urin oder Exkrementen in Kontakt kommt. Der Po Ihres Babys kann rote Flecken aufweisen. Es kann auch der gesamte Bereich ger\u00f6tet sein. Die Haut sieht m\u00f6glicherweise wund aus und kann sich hei\u00df anf\u00fchlen. Mehr dazu, wie Sie eine Windeldermatitis erkennen, erfahren Sie unten.<\/p>\n<p>Wenn Ihr Baby unter einer Windeldermatitis leidet, k\u00f6nnen Sie seine Haut mit Sudocrem-Heilsalbe beruhigen. Die beste Art, mit einer Windeldermatitis umzugehen, besteht jedoch darin, zu verhindern, dass Ihr Baby sie \u00fcberhaupt bekommt.<\/p>\n<p>&nbsp;<\/p>\n<p>Diese Schritte helfen Ihnen dabei:<\/p>\n<ul>\n<li>Wechseln Sie nasse oder kotgef\u00fcllte Windeln so oft und so bald als m\u00f6glich. Bei kleinen Babys muss die Windel zehn bis zw\u00f6lf Mal am Tag gewechselt werden und bei \u00e4lteren Babys mindestens sechs bis acht Mal.<\/li>\n<li>Reinigen Sie den gesamten Windelbereich gr\u00fcndlich mit klarem Wasser oder Feuchtt\u00fcchern von vorne nach hinten.<\/li>\n<li>Legen Sie Ihr Baby auf ein Handtuch und lassen Sie die Windel so lange und so oft als m\u00f6glich weg, damit frische Luft an die Haut gelangen kann.<\/li>\n<\/ul>\n<p>&nbsp;<\/p>\n<p>Nur nach Anweisung einsetzen. Wenn die Symptome andauern oder Nebenwirkungen auftreten, wenden Sie sich bitte an Ihren Arzt oder Apotheker.<\/p>\n","protected":false},"excerpt":{"rendered":"<p>Was ist eine Windeldermatitis? Die Windeldermatitis geh\u00f6rt zu den h\u00e4ufigsten Hautproblemen in den ersten Lebensjahren. Es handelt sich dabei um eine Hautreizung im Windelbereich. Die empfindliche Haut Ihres Babys ist am h\u00e4ufigsten von einer Windeldermatitis betroffen, wenn sie \u00fcber eine l\u00e4ngere Zeit mit Urin oder Exkrementen in Kontakt kommt. Der Po Ihres Babys kann rote [&#8230;]<\/p>\n<p><a aria-label=\"Sudocrem\"  class=\"btn btn-purple round btn-secondary understrap-read-more-link\" href=\"https:\/\/sudocrem.com\/at\/windeldermatitis\/was-ist-windeldermatitis\/\">CONTINUE READING<\/a><\/p>\n","protected":false},"author":1,"featured_media":1752,"parent":754,"menu_order":0,"comment_status":"closed","ping_status":"closed","template":"page-templates\/top-menu-page.php","meta":{"footnotes":""},"class_list":["post-52","page","type-page","status-publish","has-post-thumbnail","hentry"],"yoast_head":"<!-- This site is optimized with the Yoast SEO plugin v14.6.1 - https:\/\/yoast.com\/wordpress\/plugins\/seo\/ -->\n<title>Nappy Rash Hub - What is nappy rash? - Sudocrem Austria<\/title>\n<meta name=\"robots\" content=\"index, follow\" \/>\n<meta name=\"googlebot\" content=\"index, follow, max-snippet:-1, max-image-preview:large, max-video-preview:-1\" \/>\n<meta name=\"bingbot\" content=\"index, follow, max-snippet:-1, max-image-preview:large, max-video-preview:-1\" \/>\n<link rel=\"canonical\" href=\"https:\/\/sudocrem.com\/at\/windeldermatitis\/was-ist-windeldermatitis\/\" \/>\n<meta property=\"og:locale\" content=\"en_GB\" \/>\n<meta property=\"og:type\" content=\"article\" \/>\n<meta property=\"og:title\" content=\"Nappy Rash Hub - What is nappy rash? - Sudocrem Austria\" \/>\n<meta property=\"og:description\" content=\"Was ist eine Windeldermatitis? Die Windeldermatitis geh\u00f6rt zu den h\u00e4ufigsten Hautproblemen in den ersten Lebensjahren. Es handelt sich dabei um eine Hautreizung im Windelbereich. Die empfindliche Haut Ihres Babys ist am h\u00e4ufigsten von einer Windeldermatitis betroffen, wenn sie \u00fcber eine l\u00e4ngere Zeit mit Urin oder Exkrementen in Kontakt kommt. Der Po Ihres Babys kann rote [...]CONTINUE READING\" \/>\n<meta property=\"og:url\" content=\"https:\/\/sudocrem.com\/at\/windeldermatitis\/was-ist-windeldermatitis\/\" \/>\n<meta property=\"og:site_name\" content=\"Sudocrem Austria\" \/>\n<meta property=\"article:modified_time\" content=\"2023-03-29T16:14:42+00:00\" \/>\n<meta property=\"og:image\" content=\"https:\/\/sudocrem.com\/at\/wp-content\/uploads\/sites\/26\/2020\/07\/Sud_Nappy-rash_Top-banner.jpg\" \/>\n\t<meta property=\"og:image:width\" content=\"1920\" \/>\n\t<meta property=\"og:image:height\" content=\"742\" \/>\n<meta name=\"twitter:card\" content=\"summary_large_image\" \/>\n<script type=\"application\/ld+json\" class=\"yoast-schema-graph\">{\"@context\":\"https:\/\/schema.org\",\"@graph\":[{\"@type\":\"WebSite\",\"@id\":\"https:\/\/sudocrem.com\/at\/#website\",\"url\":\"https:\/\/sudocrem.com\/at\/\",\"name\":\"Sudocrem Austria\",\"description\":\"Just another Sudocrem International site\",\"potentialAction\":[{\"@type\":\"SearchAction\",\"target\":\"https:\/\/sudocrem.com\/at\/?s={search_term_string}\",\"query-input\":\"required name=search_term_string\"}],\"inLanguage\":\"en-GB\"},{\"@type\":\"ImageObject\",\"@id\":\"https:\/\/sudocrem.com\/at\/windeldermatitis\/was-ist-windeldermatitis\/#primaryimage\",\"inLanguage\":\"en-GB\",\"url\":\"https:\/\/sudocrem.com\/at\/wp-content\/uploads\/sites\/26\/2020\/07\/Sud_Nappy-rash_Top-banner.jpg\",\"width\":1920,\"height\":742,\"caption\":\"Sud_Nappy-rash_Top-banner\"},{\"@type\":\"WebPage\",\"@id\":\"https:\/\/sudocrem.com\/at\/windeldermatitis\/was-ist-windeldermatitis\/#webpage\",\"url\":\"https:\/\/sudocrem.com\/at\/windeldermatitis\/was-ist-windeldermatitis\/\",\"name\":\"Nappy Rash Hub - What is nappy rash? - Sudocrem Austria\",\"isPartOf\":{\"@id\":\"https:\/\/sudocrem.com\/at\/#website\"},\"primaryImageOfPage\":{\"@id\":\"https:\/\/sudocrem.com\/at\/windeldermatitis\/was-ist-windeldermatitis\/#primaryimage\"},\"datePublished\":\"2018-12-10T10:44:47+00:00\",\"dateModified\":\"2023-03-29T16:14:42+00:00\",\"inLanguage\":\"en-GB\",\"potentialAction\":[{\"@type\":\"ReadAction\",\"target\":[\"https:\/\/sudocrem.com\/at\/windeldermatitis\/was-ist-windeldermatitis\/\"]}]}]}<\/script>\n<!-- \/ Yoast SEO plugin. -->","_links":{"self":[{"href":"https:\/\/sudocrem.com\/at\/wp-json\/wp\/v2\/pages\/52","targetHints":{"allow":["GET"]}}],"collection":[{"href":"https:\/\/sudocrem.com\/at\/wp-json\/wp\/v2\/pages"}],"about":[{"href":"https:\/\/sudocrem.com\/at\/wp-json\/wp\/v2\/types\/page"}],"author":[{"embeddable":true,"href":"https:\/\/sudocrem.com\/at\/wp-json\/wp\/v2\/users\/1"}],"replies":[{"embeddable":true,"href":"https:\/\/sudocrem.com\/at\/wp-json\/wp\/v2\/comments?post=52"}],"version-history":[{"count":0,"href":"https:\/\/sudocrem.com\/at\/wp-json\/wp\/v2\/pages\/52\/revisions"}],"up":[{"embeddable":true,"href":"https:\/\/sudocrem.com\/at\/wp-json\/wp\/v2\/pages\/754"}],"wp:featuredmedia":[{"embeddable":true,"href":"https:\/\/sudocrem.com\/at\/wp-json\/wp\/v2\/media\/1752"}],"wp:attachment":[{"href":"https:\/\/sudocrem.com\/at\/wp-json\/wp\/v2\/media?parent=52"}],"curies":[{"name":"wp","href":"https:\/\/api.w.org\/{rel}","templated":true}]}}