

{"id":1614,"date":"2020-07-15T19:18:06","date_gmt":"2020-07-15T18:18:06","guid":{"rendered":"https:\/\/sudocrem.wpenginepowered.com\/australia\/?page_id=1614"},"modified":"2023-06-23T09:18:28","modified_gmt":"2023-06-23T08:18:28","slug":"trust-in-a-grey-tub","status":"publish","type":"page","link":"https:\/\/sudocrem.com\/ca-fr\/your-family-hub\/trust-in-a-grey-tub\/","title":{"rendered":"Your family hub &#8211; Trust in a grey tub"},"content":{"rendered":"<h5>L\u2019alli\u00e9 fid\u00e8le de maman<\/h5>\n<p>Sudocrem prend soin de la peau de chaque membre de la famille depuis plus de 80\u00a0ans. Nos produits apaisent, soignent et prot\u00e8gent la peau contre les petits accidents de la vie quotidienne.<\/p>\n<p>&nbsp;<\/p>\n<h5>Chez les nouveau-n\u00e9s et les nourrissons<\/h5>\n<p>Les produits Sudocrem sont les meilleurs produits \u00e0 utiliser pour soigner la peau de votre b\u00e9b\u00e9 pendant les premiers mois de sa vie; utilisez la cr\u00e8me cicatrisante antiseptique Sudocrem pour apaiser, soigner et prot\u00e9ger votre enfant de l\u2019\u00e9ryth\u00e8me fessier. Pour en savoir plus sur le traitement et la pr\u00e9vention de l\u2019\u00e9ryth\u00e8me fessier, cliquez ici.<\/p>\n<p><strong>\u00a0<\/strong><\/p>\n<h5>Chez les adultes<\/h5>\n<p>Vous m\u00e9ritez, vous aussi, de prendre soin de votre peau \u00e0 l\u2019aide des meilleurs produits disponibles sur le march\u00e9. Les produits Sudocrem peuvent \u00eatre utilis\u00e9s au quotidien pour hydrater et apaiser votre peau tout en la prot\u00e9geant contre les agressions ext\u00e9rieures.<\/p>\n","protected":false},"excerpt":{"rendered":"<p>L\u2019alli\u00e9 fid\u00e8le de maman Sudocrem prend soin de la peau de chaque membre de la famille depuis plus de 80\u00a0ans. Nos produits apaisent, soignent et prot\u00e8gent la peau contre les petits accidents de la vie quotidienne. &nbsp; Chez les nouveau-n\u00e9s et les nourrissons Les produits Sudocrem sont les meilleurs produits \u00e0 utiliser pour soigner la [&#8230;]<\/p>\n<p><a aria-label=\"Sudocrem\"  class=\"btn btn-purple round btn-secondary understrap-read-more-link\" href=\"https:\/\/sudocrem.com\/ca-fr\/your-family-hub\/trust-in-a-grey-tub\/\">CONTINUE READING<\/a><\/p>\n","protected":false},"author":1,"featured_media":1738,"parent":1685,"menu_order":0,"comment_status":"closed","ping_status":"closed","template":"page-templates\/top-menu-page.php","meta":{"footnotes":""},"class_list":["post-1614","page","type-page","status-publish","has-post-thumbnail","hentry"],"yoast_head":"<!-- This site is optimized with the Yoast SEO plugin v14.6.1 - https:\/\/yoast.com\/wordpress\/plugins\/seo\/ -->\n<title>Your family hub - Trust in a grey tub - Sudocrem Canada French<\/title>\n<meta name=\"robots\" content=\"index, follow\" \/>\n<meta name=\"googlebot\" content=\"index, follow, max-snippet:-1, max-image-preview:large, max-video-preview:-1\" \/>\n<meta name=\"bingbot\" content=\"index, follow, max-snippet:-1, max-image-preview:large, max-video-preview:-1\" \/>\n<link rel=\"canonical\" href=\"https:\/\/sudocrem.com\/ca-fr\/your-family-hub\/trust-in-a-grey-tub\/\" \/>\n<meta property=\"og:locale\" content=\"en_GB\" \/>\n<meta property=\"og:type\" content=\"article\" \/>\n<meta property=\"og:title\" content=\"Your family hub - Trust in a grey tub - Sudocrem Canada French\" \/>\n<meta property=\"og:description\" content=\"L\u2019alli\u00e9 fid\u00e8le de maman Sudocrem prend soin de la peau de chaque membre de la famille depuis plus de 80\u00a0ans. Nos produits apaisent, soignent et prot\u00e8gent la peau contre les petits accidents de la vie quotidienne. &nbsp; Chez les nouveau-n\u00e9s et les nourrissons Les produits Sudocrem sont les meilleurs produits \u00e0 utiliser pour soigner la [...]CONTINUE READING\" \/>\n<meta property=\"og:url\" content=\"https:\/\/sudocrem.com\/ca-fr\/your-family-hub\/trust-in-a-grey-tub\/\" \/>\n<meta property=\"og:site_name\" content=\"Sudocrem Canada French\" \/>\n<meta property=\"article:modified_time\" content=\"2023-06-23T08:18:28+00:00\" \/>\n<meta property=\"og:image\" content=\"https:\/\/sudocrem.com\/ca-fr\/wp-content\/uploads\/sites\/24\/2020\/07\/Sud_Family-hub_Top-banner.jpg\" \/>\n\t<meta property=\"og:image:width\" content=\"1920\" \/>\n\t<meta property=\"og:image:height\" content=\"699\" \/>\n<meta name=\"twitter:card\" content=\"summary_large_image\" \/>\n<script type=\"application\/ld+json\" class=\"yoast-schema-graph\">{\"@context\":\"https:\/\/schema.org\",\"@graph\":[{\"@type\":\"WebSite\",\"@id\":\"https:\/\/sudocrem.com\/ca-fr\/#website\",\"url\":\"https:\/\/sudocrem.com\/ca-fr\/\",\"name\":\"Sudocrem Canada French\",\"description\":\"Just another Sudocrem International site\",\"potentialAction\":[{\"@type\":\"SearchAction\",\"target\":\"https:\/\/sudocrem.com\/ca-fr\/?s={search_term_string}\",\"query-input\":\"required name=search_term_string\"}],\"inLanguage\":\"en-GB\"},{\"@type\":\"ImageObject\",\"@id\":\"https:\/\/sudocrem.com\/ca-fr\/your-family-hub\/trust-in-a-grey-tub\/#primaryimage\",\"inLanguage\":\"en-GB\",\"url\":\"https:\/\/sudocrem.com\/ca-fr\/wp-content\/uploads\/sites\/24\/2020\/07\/Sud_Family-hub_Top-banner.jpg\",\"width\":1920,\"height\":699},{\"@type\":\"WebPage\",\"@id\":\"https:\/\/sudocrem.com\/ca-fr\/your-family-hub\/trust-in-a-grey-tub\/#webpage\",\"url\":\"https:\/\/sudocrem.com\/ca-fr\/your-family-hub\/trust-in-a-grey-tub\/\",\"name\":\"Your family hub - Trust in a grey tub - Sudocrem Canada French\",\"isPartOf\":{\"@id\":\"https:\/\/sudocrem.com\/ca-fr\/#website\"},\"primaryImageOfPage\":{\"@id\":\"https:\/\/sudocrem.com\/ca-fr\/your-family-hub\/trust-in-a-grey-tub\/#primaryimage\"},\"datePublished\":\"2020-07-15T18:18:06+00:00\",\"dateModified\":\"2023-06-23T08:18:28+00:00\",\"inLanguage\":\"en-GB\",\"potentialAction\":[{\"@type\":\"ReadAction\",\"target\":[\"https:\/\/sudocrem.com\/ca-fr\/your-family-hub\/trust-in-a-grey-tub\/\"]}]}]}<\/script>\n<!-- \/ Yoast SEO plugin. -->","_links":{"self":[{"href":"https:\/\/sudocrem.com\/ca-fr\/wp-json\/wp\/v2\/pages\/1614","targetHints":{"allow":["GET"]}}],"collection":[{"href":"https:\/\/sudocrem.com\/ca-fr\/wp-json\/wp\/v2\/pages"}],"about":[{"href":"https:\/\/sudocrem.com\/ca-fr\/wp-json\/wp\/v2\/types\/page"}],"author":[{"embeddable":true,"href":"https:\/\/sudocrem.com\/ca-fr\/wp-json\/wp\/v2\/users\/1"}],"replies":[{"embeddable":true,"href":"https:\/\/sudocrem.com\/ca-fr\/wp-json\/wp\/v2\/comments?post=1614"}],"version-history":[{"count":0,"href":"https:\/\/sudocrem.com\/ca-fr\/wp-json\/wp\/v2\/pages\/1614\/revisions"}],"up":[{"embeddable":true,"href":"https:\/\/sudocrem.com\/ca-fr\/wp-json\/wp\/v2\/pages\/1685"}],"wp:featuredmedia":[{"embeddable":true,"href":"https:\/\/sudocrem.com\/ca-fr\/wp-json\/wp\/v2\/media\/1738"}],"wp:attachment":[{"href":"https:\/\/sudocrem.com\/ca-fr\/wp-json\/wp\/v2\/media?parent=1614"}],"curies":[{"name":"wp","href":"https:\/\/api.w.org\/{rel}","templated":true}]}}