

{"id":163,"date":"2018-12-10T16:31:59","date_gmt":"2018-12-10T16:31:59","guid":{"rendered":"http:\/\/www.sudocrem.co.uk\/?page_id=163"},"modified":"2023-06-23T09:12:23","modified_gmt":"2023-06-23T08:12:23","slug":"details","status":"publish","type":"page","link":"https:\/\/sudocrem.com\/ca-fr\/antiseptic-healing-cream\/details\/","title":{"rendered":"Antiseptic Healing Cream &#8211; Details"},"content":{"rendered":"<h5>Informations<\/h5>\n<p>Sudocrem est l\u2019alli\u00e9 efficace de toutes les mamans depuis plus de 80 ans. Aucune autre cr\u00e8me ne contribue \u00e0 apaiser les inflammations cutan\u00e9es et traiter l\u2019\u00e9ryth\u00e8me fessier comme le fait Sudocrem.<\/p>\n<p>&nbsp;<\/p>\n<h5>\u00c9ryth\u00e8me fessier<\/h5>\n<p>Il a \u00e9t\u00e9 cliniquement d\u00e9montr\u00e9 que Sudocrem aide \u00e0 soulager et soigner la peau fragile du b\u00e9b\u00e9 et qu\u2019il agit de trois mani\u00e8res diff\u00e9rentes. Tout d\u2019abord, la cr\u00e8me Sudocrem contient un \u00e9mollient qui apaise la peau irrit\u00e9e ou enflamm\u00e9e de l\u2019enfant. Elle sert \u00e9galement de l\u00e9ger anesth\u00e9sique local qui aide \u00e0 soulager la douleur et l\u2019irritation. Enfin, sa base hydrofuge forme une barri\u00e8re protectrice qui contribue \u00e0 emp\u00eacher les substances irritantes (l\u2019urine et les selles) d\u2019entrer en contact avec la peau.<\/p>\n","protected":false},"excerpt":{"rendered":"<p>Informations Sudocrem est l\u2019alli\u00e9 efficace de toutes les mamans depuis plus de 80 ans. Aucune autre cr\u00e8me ne contribue \u00e0 apaiser les inflammations cutan\u00e9es et traiter l\u2019\u00e9ryth\u00e8me fessier comme le fait Sudocrem. &nbsp; \u00c9ryth\u00e8me fessier Il a \u00e9t\u00e9 cliniquement d\u00e9montr\u00e9 que Sudocrem aide \u00e0 soulager et soigner la peau fragile du b\u00e9b\u00e9 et qu\u2019il agit [&#8230;]<\/p>\n<p><a aria-label=\"Sudocrem\"  class=\"btn btn-purple round btn-secondary understrap-read-more-link\" href=\"https:\/\/sudocrem.com\/ca-fr\/antiseptic-healing-cream\/details\/\">CONTINUE READING<\/a><\/p>\n","protected":false},"author":1,"featured_media":1865,"parent":741,"menu_order":0,"comment_status":"closed","ping_status":"closed","template":"page-templates\/top-menu-page.php","meta":{"footnotes":""},"class_list":["post-163","page","type-page","status-publish","has-post-thumbnail","hentry"],"yoast_head":"<!-- This site is optimized with the Yoast SEO plugin v14.6.1 - https:\/\/yoast.com\/wordpress\/plugins\/seo\/ -->\n<title>Antiseptic Healing Cream - Details - Sudocrem Canada French<\/title>\n<meta name=\"description\" content=\"Sudocrem Antiseptic Healing Cream has been mum\u2019s ally for over 85 years and is great for soothing sore skin and effectively treating nappy rash.\" \/>\n<meta name=\"robots\" content=\"index, follow\" \/>\n<meta name=\"googlebot\" content=\"index, follow, max-snippet:-1, max-image-preview:large, max-video-preview:-1\" \/>\n<meta name=\"bingbot\" content=\"index, follow, max-snippet:-1, max-image-preview:large, max-video-preview:-1\" \/>\n<link rel=\"canonical\" href=\"https:\/\/sudocrem.com\/ca-fr\/antiseptic-healing-cream\/details\/\" \/>\n<meta property=\"og:locale\" content=\"en_GB\" \/>\n<meta property=\"og:type\" content=\"article\" \/>\n<meta property=\"og:title\" content=\"Antiseptic Healing Cream - Details - Sudocrem Canada French\" \/>\n<meta property=\"og:description\" content=\"Sudocrem Antiseptic Healing Cream has been mum\u2019s ally for over 85 years and is great for soothing sore skin and effectively treating nappy rash.\" \/>\n<meta property=\"og:url\" content=\"https:\/\/sudocrem.com\/ca-fr\/antiseptic-healing-cream\/details\/\" \/>\n<meta property=\"og:site_name\" content=\"Sudocrem Canada French\" \/>\n<meta property=\"article:modified_time\" content=\"2023-06-23T08:12:23+00:00\" \/>\n<meta property=\"og:image\" content=\"https:\/\/sudocrem.com\/ca-fr\/wp-content\/uploads\/sites\/24\/2020\/10\/Top-banner_SAHC_Canada.jpg\" \/>\n\t<meta property=\"og:image:width\" content=\"1920\" \/>\n\t<meta property=\"og:image:height\" content=\"791\" \/>\n<meta name=\"twitter:card\" content=\"summary_large_image\" \/>\n<script type=\"application\/ld+json\" class=\"yoast-schema-graph\">{\"@context\":\"https:\/\/schema.org\",\"@graph\":[{\"@type\":\"WebSite\",\"@id\":\"https:\/\/sudocrem.com\/ca-fr\/#website\",\"url\":\"https:\/\/sudocrem.com\/ca-fr\/\",\"name\":\"Sudocrem Canada French\",\"description\":\"Just another Sudocrem International site\",\"potentialAction\":[{\"@type\":\"SearchAction\",\"target\":\"https:\/\/sudocrem.com\/ca-fr\/?s={search_term_string}\",\"query-input\":\"required name=search_term_string\"}],\"inLanguage\":\"en-GB\"},{\"@type\":\"ImageObject\",\"@id\":\"https:\/\/sudocrem.com\/ca-fr\/antiseptic-healing-cream\/details\/#primaryimage\",\"inLanguage\":\"en-GB\",\"url\":\"https:\/\/sudocrem.com\/ca-fr\/wp-content\/uploads\/sites\/24\/2020\/10\/Top-banner_SAHC_Canada.jpg\",\"width\":1920,\"height\":791},{\"@type\":\"WebPage\",\"@id\":\"https:\/\/sudocrem.com\/ca-fr\/antiseptic-healing-cream\/details\/#webpage\",\"url\":\"https:\/\/sudocrem.com\/ca-fr\/antiseptic-healing-cream\/details\/\",\"name\":\"Antiseptic Healing Cream - Details - Sudocrem Canada French\",\"isPartOf\":{\"@id\":\"https:\/\/sudocrem.com\/ca-fr\/#website\"},\"primaryImageOfPage\":{\"@id\":\"https:\/\/sudocrem.com\/ca-fr\/antiseptic-healing-cream\/details\/#primaryimage\"},\"datePublished\":\"2018-12-10T16:31:59+00:00\",\"dateModified\":\"2023-06-23T08:12:23+00:00\",\"description\":\"Sudocrem Antiseptic Healing Cream has been mum\\u2019s ally for over 85 years and is great for soothing sore skin and effectively treating nappy rash.\",\"inLanguage\":\"en-GB\",\"potentialAction\":[{\"@type\":\"ReadAction\",\"target\":[\"https:\/\/sudocrem.com\/ca-fr\/antiseptic-healing-cream\/details\/\"]}]}]}<\/script>\n<!-- \/ Yoast SEO plugin. -->","_links":{"self":[{"href":"https:\/\/sudocrem.com\/ca-fr\/wp-json\/wp\/v2\/pages\/163","targetHints":{"allow":["GET"]}}],"collection":[{"href":"https:\/\/sudocrem.com\/ca-fr\/wp-json\/wp\/v2\/pages"}],"about":[{"href":"https:\/\/sudocrem.com\/ca-fr\/wp-json\/wp\/v2\/types\/page"}],"author":[{"embeddable":true,"href":"https:\/\/sudocrem.com\/ca-fr\/wp-json\/wp\/v2\/users\/1"}],"replies":[{"embeddable":true,"href":"https:\/\/sudocrem.com\/ca-fr\/wp-json\/wp\/v2\/comments?post=163"}],"version-history":[{"count":0,"href":"https:\/\/sudocrem.com\/ca-fr\/wp-json\/wp\/v2\/pages\/163\/revisions"}],"up":[{"embeddable":true,"href":"https:\/\/sudocrem.com\/ca-fr\/wp-json\/wp\/v2\/pages\/741"}],"wp:featuredmedia":[{"embeddable":true,"href":"https:\/\/sudocrem.com\/ca-fr\/wp-json\/wp\/v2\/media\/1865"}],"wp:attachment":[{"href":"https:\/\/sudocrem.com\/ca-fr\/wp-json\/wp\/v2\/media?parent=163"}],"curies":[{"name":"wp","href":"https:\/\/api.w.org\/{rel}","templated":true}]}}