

{"id":168,"date":"2018-12-10T16:33:05","date_gmt":"2018-12-10T16:33:05","guid":{"rendered":"http:\/\/www.sudocrem.co.uk\/?page_id=168"},"modified":"2023-06-23T09:21:31","modified_gmt":"2023-06-23T08:21:31","slug":"uses","status":"publish","type":"page","link":"https:\/\/sudocrem.com\/ca-fr\/antiseptic-healing-cream\/uses\/","title":{"rendered":"Antiseptic Healing Cream &#8211; Uses?"},"content":{"rendered":"<h5><span style=\"color: #363a3d;\"><b>Emplois<\/b><\/span><\/h5>\n<p>&nbsp;<\/p>\n<p><span style=\"color: #363a3d;\">Produits Sudocrem en taille normale : Autres emplois<\/span><\/p>\n<p><span style=\"color: #363a3d;\">Prot\u00e8ge la peau irrit\u00e9e (ou les irritations mineures) due \u00e0 l&#8217;\u00e9ryth\u00e8me fessier et \u00e0 la dermatite li\u00e9e \u00e0 l&#8217;incontinence.<\/span><span style=\"color: #d5dade;\"><br \/>\n<\/span><span style=\"color: #363a3d;\">Aide \u00e0 soulager temporairement les irritations mineures de la peau dues \u00e0 l&#8217;\u00e9ryth\u00e8me fessier et \u00e0 la dermatite li\u00e9e \u00e0 l&#8217;incontinence.<\/span><span style=\"color: #d5dade;\"><br \/>\n<\/span><span style=\"color: #363a3d;\">Aide \u00e0 traiter l&#8217;\u00e9ryth\u00e8me fessier et la dermatite li\u00e9e \u00e0 l&#8217;incontinence.<\/span><\/p>\n<p>&nbsp;<\/p>\n<p>&nbsp;<\/p>\n<h5>\u00c9ryth\u00e8me fessier<\/h5>\n<p>Pour comprendre comment se manifeste l\u2019\u00e9ryth\u00e8me fessier, apprenez \u00e0 identifier cette l\u00e9sion dermatologique chez votre enfant et d\u00e9couvrez comment emp\u00eacher son apparition ou comment le traiter en visitant notre section consacr\u00e9e \u00e0 <a href=\"\/ca-fr\/nappy-rash-hub\/what-is-nappy-rash\/\">l\u2019\u00e9ryth\u00e8me fessier<\/a>.<\/p>\n<p><a href=\"\/ca-fr\/nappy-rash-hub\/what-is-nappy-rash\/\"><img loading=\"lazy\" decoding=\"async\" class=\"alignnone size-full wp-image-1832\" src=\"https:\/\/sudocrem.com\/ca-fr\/wp-content\/uploads\/sites\/24\/2020\/10\/Button_Nappy-rash_Canada-French.png\" alt=\"\" width=\"208\" height=\"46\" \/><\/a><\/p>\n<p>&nbsp;<\/p>\n<h5>Autres utilisations<\/h5>\n<p>Pour savoir quels probl\u00e8mes de peau peuvent \u00eatre trait\u00e9s \u00e0 l\u2019aide de Sudocrem, visitez la section intitul\u00e9e \u00ab <a href=\"\/ca-fr\/your-family-hub\/trust-in-a-grey-tub\/\">Votre famille<\/a><\/p>\n<p><a href=\"\/ca-fr\/your-family-hub\/trust-in-a-grey-tub\/\"><img loading=\"lazy\" decoding=\"async\" class=\"alignnone size-full wp-image-1836\" src=\"https:\/\/sudocrem.com\/ca-fr\/wp-content\/uploads\/sites\/24\/2020\/10\/Button_Your-family-Canada-French.png\" alt=\"\" width=\"164\" height=\"46\" \/><\/a><\/p>\n","protected":false},"excerpt":{"rendered":"<p>Emplois &nbsp; Produits Sudocrem en taille normale : Autres emplois Prot\u00e8ge la peau irrit\u00e9e (ou les irritations mineures) due \u00e0 l&#8217;\u00e9ryth\u00e8me fessier et \u00e0 la dermatite li\u00e9e \u00e0 l&#8217;incontinence. Aide \u00e0 soulager temporairement les irritations mineures de la peau dues \u00e0 l&#8217;\u00e9ryth\u00e8me fessier et \u00e0 la dermatite li\u00e9e \u00e0 l&#8217;incontinence. Aide \u00e0 traiter l&#8217;\u00e9ryth\u00e8me fessier [&#8230;]<\/p>\n<p><a aria-label=\"Sudocrem\"  class=\"btn btn-purple round btn-secondary understrap-read-more-link\" href=\"https:\/\/sudocrem.com\/ca-fr\/antiseptic-healing-cream\/uses\/\">CONTINUE READING<\/a><\/p>\n","protected":false},"author":1,"featured_media":1865,"parent":741,"menu_order":1,"comment_status":"closed","ping_status":"closed","template":"page-templates\/top-menu-page.php","meta":{"footnotes":""},"class_list":["post-168","page","type-page","status-publish","has-post-thumbnail","hentry"],"yoast_head":"<!-- This site is optimized with the Yoast SEO plugin v14.6.1 - https:\/\/yoast.com\/wordpress\/plugins\/seo\/ -->\n<title>Antiseptic Healing Cream - Uses? - Sudocrem Canada French<\/title>\n<meta name=\"robots\" content=\"index, follow\" \/>\n<meta name=\"googlebot\" content=\"index, follow, max-snippet:-1, max-image-preview:large, max-video-preview:-1\" \/>\n<meta name=\"bingbot\" content=\"index, follow, max-snippet:-1, max-image-preview:large, max-video-preview:-1\" \/>\n<link rel=\"canonical\" href=\"https:\/\/sudocrem.com\/ca-fr\/antiseptic-healing-cream\/uses\/\" \/>\n<meta property=\"og:locale\" content=\"en_GB\" \/>\n<meta property=\"og:type\" content=\"article\" \/>\n<meta property=\"og:title\" content=\"Antiseptic Healing Cream - Uses? - Sudocrem Canada French\" \/>\n<meta property=\"og:description\" content=\"Emplois &nbsp; Produits Sudocrem en taille normale : Autres emplois Prot\u00e8ge la peau irrit\u00e9e (ou les irritations mineures) due \u00e0 l&#8217;\u00e9ryth\u00e8me fessier et \u00e0 la dermatite li\u00e9e \u00e0 l&#8217;incontinence. Aide \u00e0 soulager temporairement les irritations mineures de la peau dues \u00e0 l&#8217;\u00e9ryth\u00e8me fessier et \u00e0 la dermatite li\u00e9e \u00e0 l&#8217;incontinence. Aide \u00e0 traiter l&#8217;\u00e9ryth\u00e8me fessier [...]CONTINUE READING\" \/>\n<meta property=\"og:url\" content=\"https:\/\/sudocrem.com\/ca-fr\/antiseptic-healing-cream\/uses\/\" \/>\n<meta property=\"og:site_name\" content=\"Sudocrem Canada French\" \/>\n<meta property=\"article:modified_time\" content=\"2023-06-23T08:21:31+00:00\" \/>\n<meta property=\"og:image\" content=\"https:\/\/sudocrem.com\/ca-fr\/wp-content\/uploads\/sites\/24\/2020\/10\/Top-banner_SAHC_Canada.jpg\" \/>\n\t<meta property=\"og:image:width\" content=\"1920\" \/>\n\t<meta property=\"og:image:height\" content=\"791\" \/>\n<meta name=\"twitter:card\" content=\"summary_large_image\" \/>\n<script type=\"application\/ld+json\" class=\"yoast-schema-graph\">{\"@context\":\"https:\/\/schema.org\",\"@graph\":[{\"@type\":\"WebSite\",\"@id\":\"https:\/\/sudocrem.com\/ca-fr\/#website\",\"url\":\"https:\/\/sudocrem.com\/ca-fr\/\",\"name\":\"Sudocrem Canada French\",\"description\":\"Just another Sudocrem International site\",\"potentialAction\":[{\"@type\":\"SearchAction\",\"target\":\"https:\/\/sudocrem.com\/ca-fr\/?s={search_term_string}\",\"query-input\":\"required name=search_term_string\"}],\"inLanguage\":\"en-GB\"},{\"@type\":\"ImageObject\",\"@id\":\"https:\/\/sudocrem.com\/ca-fr\/antiseptic-healing-cream\/uses\/#primaryimage\",\"inLanguage\":\"en-GB\",\"url\":\"https:\/\/sudocrem.com\/ca-fr\/wp-content\/uploads\/sites\/24\/2020\/10\/Top-banner_SAHC_Canada.jpg\",\"width\":1920,\"height\":791},{\"@type\":\"WebPage\",\"@id\":\"https:\/\/sudocrem.com\/ca-fr\/antiseptic-healing-cream\/uses\/#webpage\",\"url\":\"https:\/\/sudocrem.com\/ca-fr\/antiseptic-healing-cream\/uses\/\",\"name\":\"Antiseptic Healing Cream - Uses? - Sudocrem Canada French\",\"isPartOf\":{\"@id\":\"https:\/\/sudocrem.com\/ca-fr\/#website\"},\"primaryImageOfPage\":{\"@id\":\"https:\/\/sudocrem.com\/ca-fr\/antiseptic-healing-cream\/uses\/#primaryimage\"},\"datePublished\":\"2018-12-10T16:33:05+00:00\",\"dateModified\":\"2023-06-23T08:21:31+00:00\",\"inLanguage\":\"en-GB\",\"potentialAction\":[{\"@type\":\"ReadAction\",\"target\":[\"https:\/\/sudocrem.com\/ca-fr\/antiseptic-healing-cream\/uses\/\"]}]}]}<\/script>\n<!-- \/ Yoast SEO plugin. -->","_links":{"self":[{"href":"https:\/\/sudocrem.com\/ca-fr\/wp-json\/wp\/v2\/pages\/168","targetHints":{"allow":["GET"]}}],"collection":[{"href":"https:\/\/sudocrem.com\/ca-fr\/wp-json\/wp\/v2\/pages"}],"about":[{"href":"https:\/\/sudocrem.com\/ca-fr\/wp-json\/wp\/v2\/types\/page"}],"author":[{"embeddable":true,"href":"https:\/\/sudocrem.com\/ca-fr\/wp-json\/wp\/v2\/users\/1"}],"replies":[{"embeddable":true,"href":"https:\/\/sudocrem.com\/ca-fr\/wp-json\/wp\/v2\/comments?post=168"}],"version-history":[{"count":0,"href":"https:\/\/sudocrem.com\/ca-fr\/wp-json\/wp\/v2\/pages\/168\/revisions"}],"up":[{"embeddable":true,"href":"https:\/\/sudocrem.com\/ca-fr\/wp-json\/wp\/v2\/pages\/741"}],"wp:featuredmedia":[{"embeddable":true,"href":"https:\/\/sudocrem.com\/ca-fr\/wp-json\/wp\/v2\/media\/1865"}],"wp:attachment":[{"href":"https:\/\/sudocrem.com\/ca-fr\/wp-json\/wp\/v2\/media?parent=168"}],"curies":[{"name":"wp","href":"https:\/\/api.w.org\/{rel}","templated":true}]}}