

{"id":170,"date":"2018-12-10T16:34:08","date_gmt":"2018-12-10T16:34:08","guid":{"rendered":"http:\/\/www.sudocrem.co.uk\/?page_id=170"},"modified":"2020-10-19T15:17:31","modified_gmt":"2020-10-19T14:17:31","slug":"how-to-use","status":"publish","type":"page","link":"https:\/\/sudocrem.com\/ca-fr\/antiseptic-healing-cream\/how-to-use\/","title":{"rendered":"Antiseptic Healing Cream &#8211; How to use?"},"content":{"rendered":"<h5>Comment l\u2019utiliser?<\/h5>\n<p>Sudocrem est un produit faisant l\u2019objet d\u2019une licence m\u00e9dicale; veuillez lire attentivement l\u2019\u00e9tiquette.<\/p>\n<p>&nbsp;<\/p>\n<h5>\u00c9ryth\u00e8me fessier<\/h5>\n<p>La cr\u00e8me Sudocrem peut \u00eatre appliqu\u00e9e \u00e0 chaque changement de couche, pour vous aider \u00e0 traiter l\u2019\u00e9ryth\u00e8me fessier et \u00e0 apaiser la peau de votre b\u00e9b\u00e9.<br \/>\n<strong>\u00c9tape\u00a01\u00a0: <\/strong>Veillez \u00e0 ce que les fesses de votre b\u00e9b\u00e9 soient propres et s\u00e8ches.<br \/>\n<strong>\u00c9tape\u00a02\u00a0: <\/strong>Avec des mains propres et s\u00e8ches, d\u00e9posez une petite quantit\u00e9 de Sudocrem sur la pointe de vos doigts. N\u2019oubliez pas\u00a0: une petite quantit\u00e9 suffit.<br \/>\n<strong>\u00c9tape\u00a03\u00a0: <\/strong>Massez d\u00e9licatement Sudocrem en effectuant de l\u00e9gers mouvements circulaires pour le faire p\u00e9n\u00e9trer dans la peau de votre b\u00e9b\u00e9. (Essayez d\u2019\u00e9viter de frotter la peau, surtout si elle semble irrit\u00e9e.)<br \/>\n<strong>\u00c9tape\u00a04\u00a0:<\/strong>\u00a0Appliquez Sudocrem en couche fine et translucide sur la peau de votre b\u00e9b\u00e9. Si la cr\u00e8me ne p\u00e9n\u00e8tre pas et que la peau reste blanche, cela est probablement d\u00fb au fait que vous avez utilis\u00e9 trop de cr\u00e8me. (M\u00eame si cela se produit, il n\u2019y a aucun danger; veillez simplement \u00e0 en utiliser moins la prochaine fois.)<br \/>\n<strong>\u00c9tape\u00a05\u00a0: <\/strong>R\u00e9p\u00e9tez l\u2019application de Sudocrem sur les fesses de votre b\u00e9b\u00e9 aussi souvent que n\u00e9cessaire.<\/p>\n<p>&nbsp;<\/p>\n<h5>Autres utilisations<\/h5>\n<p><strong>\u00c9tape\u00a01\u00a0: <\/strong>Veillez \u00e0 ce que vos mains soient propres et s\u00e8ches, puis d\u00e9posez une petite quantit\u00e9 de Sudocrem sur la pointe de vos doigts.<\/p>\n<p><strong>\u00c9tape\u00a02\u00a0: <\/strong>Massez d\u00e9licatement Sudocrem en effectuant de l\u00e9gers mouvements circulaires pour le faire p\u00e9n\u00e9trer dans la peau.<br \/>\n<strong>\u00c9tape\u00a03\u00a0: <\/strong>Appliquez Sudocrem en couche fine et translucide sur la peau. Si la cr\u00e8me ne p\u00e9n\u00e8tre pas et que la peau reste blanche, cela est probablement d\u00fb au fait que vous avez utilis\u00e9 trop de cr\u00e8me. (Cela n\u2019est pas grave; veillez simplement \u00e0 en utiliser moins la prochaine fois.)<\/p>\n","protected":false},"excerpt":{"rendered":"<p>Comment l\u2019utiliser? Sudocrem est un produit faisant l\u2019objet d\u2019une licence m\u00e9dicale; veuillez lire attentivement l\u2019\u00e9tiquette. &nbsp; \u00c9ryth\u00e8me fessier La cr\u00e8me Sudocrem peut \u00eatre appliqu\u00e9e \u00e0 chaque changement de couche, pour vous aider \u00e0 traiter l\u2019\u00e9ryth\u00e8me fessier et \u00e0 apaiser la peau de votre b\u00e9b\u00e9. \u00c9tape\u00a01\u00a0: Veillez \u00e0 ce que les fesses de votre b\u00e9b\u00e9 soient [&#8230;]<\/p>\n<p><a aria-label=\"Sudocrem\"  class=\"btn btn-purple round btn-secondary understrap-read-more-link\" href=\"https:\/\/sudocrem.com\/ca-fr\/antiseptic-healing-cream\/how-to-use\/\">CONTINUE READING<\/a><\/p>\n","protected":false},"author":1,"featured_media":1865,"parent":741,"menu_order":2,"comment_status":"closed","ping_status":"closed","template":"page-templates\/top-menu-page.php","meta":{"footnotes":""},"class_list":["post-170","page","type-page","status-publish","has-post-thumbnail","hentry"],"yoast_head":"<!-- This site is optimized with the Yoast SEO plugin v14.6.1 - https:\/\/yoast.com\/wordpress\/plugins\/seo\/ -->\n<title>Antiseptic Healing Cream - How to use? - Sudocrem Canada French<\/title>\n<meta name=\"robots\" content=\"index, follow\" \/>\n<meta name=\"googlebot\" content=\"index, follow, max-snippet:-1, max-image-preview:large, max-video-preview:-1\" \/>\n<meta name=\"bingbot\" content=\"index, follow, max-snippet:-1, max-image-preview:large, max-video-preview:-1\" \/>\n<link rel=\"canonical\" href=\"https:\/\/sudocrem.com\/ca-fr\/antiseptic-healing-cream\/how-to-use\/\" \/>\n<meta property=\"og:locale\" content=\"en_GB\" \/>\n<meta property=\"og:type\" content=\"article\" \/>\n<meta property=\"og:title\" content=\"Antiseptic Healing Cream - How to use? - Sudocrem Canada French\" \/>\n<meta property=\"og:description\" content=\"Comment l\u2019utiliser? Sudocrem est un produit faisant l\u2019objet d\u2019une licence m\u00e9dicale; veuillez lire attentivement l\u2019\u00e9tiquette. &nbsp; \u00c9ryth\u00e8me fessier La cr\u00e8me Sudocrem peut \u00eatre appliqu\u00e9e \u00e0 chaque changement de couche, pour vous aider \u00e0 traiter l\u2019\u00e9ryth\u00e8me fessier et \u00e0 apaiser la peau de votre b\u00e9b\u00e9. \u00c9tape\u00a01\u00a0: Veillez \u00e0 ce que les fesses de votre b\u00e9b\u00e9 soient [...]CONTINUE READING\" \/>\n<meta property=\"og:url\" content=\"https:\/\/sudocrem.com\/ca-fr\/antiseptic-healing-cream\/how-to-use\/\" \/>\n<meta property=\"og:site_name\" content=\"Sudocrem Canada French\" \/>\n<meta property=\"article:modified_time\" content=\"2020-10-19T14:17:31+00:00\" \/>\n<meta property=\"og:image\" content=\"https:\/\/sudocrem.com\/ca-fr\/wp-content\/uploads\/sites\/24\/2020\/10\/Top-banner_SAHC_Canada.jpg\" \/>\n\t<meta property=\"og:image:width\" content=\"1920\" \/>\n\t<meta property=\"og:image:height\" content=\"791\" \/>\n<meta name=\"twitter:card\" content=\"summary_large_image\" \/>\n<script type=\"application\/ld+json\" class=\"yoast-schema-graph\">{\"@context\":\"https:\/\/schema.org\",\"@graph\":[{\"@type\":\"WebSite\",\"@id\":\"https:\/\/sudocrem.com\/ca-fr\/#website\",\"url\":\"https:\/\/sudocrem.com\/ca-fr\/\",\"name\":\"Sudocrem Canada French\",\"description\":\"Just another Sudocrem International site\",\"potentialAction\":[{\"@type\":\"SearchAction\",\"target\":\"https:\/\/sudocrem.com\/ca-fr\/?s={search_term_string}\",\"query-input\":\"required name=search_term_string\"}],\"inLanguage\":\"en-GB\"},{\"@type\":\"ImageObject\",\"@id\":\"https:\/\/sudocrem.com\/ca-fr\/antiseptic-healing-cream\/how-to-use\/#primaryimage\",\"inLanguage\":\"en-GB\",\"url\":\"https:\/\/sudocrem.com\/ca-fr\/wp-content\/uploads\/sites\/24\/2020\/10\/Top-banner_SAHC_Canada.jpg\",\"width\":1920,\"height\":791},{\"@type\":\"WebPage\",\"@id\":\"https:\/\/sudocrem.com\/ca-fr\/antiseptic-healing-cream\/how-to-use\/#webpage\",\"url\":\"https:\/\/sudocrem.com\/ca-fr\/antiseptic-healing-cream\/how-to-use\/\",\"name\":\"Antiseptic Healing Cream - How to use? - Sudocrem Canada French\",\"isPartOf\":{\"@id\":\"https:\/\/sudocrem.com\/ca-fr\/#website\"},\"primaryImageOfPage\":{\"@id\":\"https:\/\/sudocrem.com\/ca-fr\/antiseptic-healing-cream\/how-to-use\/#primaryimage\"},\"datePublished\":\"2018-12-10T16:34:08+00:00\",\"dateModified\":\"2020-10-19T14:17:31+00:00\",\"inLanguage\":\"en-GB\",\"potentialAction\":[{\"@type\":\"ReadAction\",\"target\":[\"https:\/\/sudocrem.com\/ca-fr\/antiseptic-healing-cream\/how-to-use\/\"]}]}]}<\/script>\n<!-- \/ Yoast SEO plugin. -->","_links":{"self":[{"href":"https:\/\/sudocrem.com\/ca-fr\/wp-json\/wp\/v2\/pages\/170","targetHints":{"allow":["GET"]}}],"collection":[{"href":"https:\/\/sudocrem.com\/ca-fr\/wp-json\/wp\/v2\/pages"}],"about":[{"href":"https:\/\/sudocrem.com\/ca-fr\/wp-json\/wp\/v2\/types\/page"}],"author":[{"embeddable":true,"href":"https:\/\/sudocrem.com\/ca-fr\/wp-json\/wp\/v2\/users\/1"}],"replies":[{"embeddable":true,"href":"https:\/\/sudocrem.com\/ca-fr\/wp-json\/wp\/v2\/comments?post=170"}],"version-history":[{"count":0,"href":"https:\/\/sudocrem.com\/ca-fr\/wp-json\/wp\/v2\/pages\/170\/revisions"}],"up":[{"embeddable":true,"href":"https:\/\/sudocrem.com\/ca-fr\/wp-json\/wp\/v2\/pages\/741"}],"wp:featuredmedia":[{"embeddable":true,"href":"https:\/\/sudocrem.com\/ca-fr\/wp-json\/wp\/v2\/media\/1865"}],"wp:attachment":[{"href":"https:\/\/sudocrem.com\/ca-fr\/wp-json\/wp\/v2\/media?parent=170"}],"curies":[{"name":"wp","href":"https:\/\/api.w.org\/{rel}","templated":true}]}}