

{"id":172,"date":"2018-12-10T16:34:48","date_gmt":"2018-12-10T16:34:48","guid":{"rendered":"http:\/\/www.sudocrem.co.uk\/?page_id=172"},"modified":"2023-06-14T08:53:57","modified_gmt":"2023-06-14T07:53:57","slug":"ingredients","status":"publish","type":"page","link":"https:\/\/sudocrem.com\/ca-fr\/antiseptic-healing-cream\/ingredients\/","title":{"rendered":"Antiseptic Healing Cream &#8211; Ingredients"},"content":{"rendered":"<h5>Ingr\u00e9dients<\/h5>\n<p>La formule de Sudocrem est rest\u00e9e inchang\u00e9e depuis 1931. Sudocrem contient un m\u00e9lange unique d\u2019ingr\u00e9dients qui poss\u00e8de des propri\u00e9t\u00e9s cicatrisantes.<\/p>\n<p><span style=\"color: #363a3d;\">L&#8217;ingr\u00e9dient cl\u00e9 de Sudocrem est l&#8217;oxyde de zinc (synth\u00e9tique), qui forme une barri\u00e8re protectrice aidant \u00e0 prot\u00e9ger et \u00e0 cicatriser la peau irrit\u00e9e et l&#8217;\u00e9ryth\u00e8me fessier.<\/span><\/p>\n<p>&nbsp;<\/p>\n<p>&nbsp;<\/p>\n<h5>Ingr\u00e9dients non m\u00e9dicinaux<\/h5>\n<p>&nbsp;<\/p>\n<h5>Produits Sudocrem en taille normale<\/h5>\n<p>Eau purifi\u00e9e<br \/>\nParaffine liquide<br \/>\nCire de paraffine<br \/>\nLanoline<br \/>\nCire microcristalline<br \/>\nSesquiol\u00e9ate de sorbitane<br \/>\nBenzyl benzoate<br \/>\nCire d&#8217;abeille<br \/>\nBenzoate de sodium<br \/>\nAlcool benzylique<br \/>\nPropyl\u00e8neglycol<br \/>\nCinnamate de benzyle<br \/>\nEssence de lavande<br \/>\nAc\u00e9tate de linalyle<br \/>\nHydroxyanisole butyl\u00e9<br \/>\nAcide citrique<\/p>\n<p>&nbsp;<\/p>\n<h5>Produit Sudocrem en taille de l&#8217;\u00e9chantillon<\/h5>\n<p>Eau purifi\u00e9e<br \/>\nParaffine liquide<br \/>\nParaffine<br \/>\nLanoline<br \/>\nCire microcristalline<br \/>\nSesquiol\u00e9ate de sorbitane<br \/>\nBenzyl benzoate<br \/>\nCire d&#8217;abeille synth\u00e9tique<br \/>\nBenzoate de sodium<br \/>\nAlcool benzylique<br \/>\nPropyl\u00e8neglycol<br \/>\nAcide cinnamique, ester de benzyle<br \/>\nParfum<br \/>\nAc\u00e9tate de linalyle<br \/>\nHydroxyanisole butyl\u00e9<br \/>\nAcide citrique<\/p>\n","protected":false},"excerpt":{"rendered":"<p>Ingr\u00e9dients La formule de Sudocrem est rest\u00e9e inchang\u00e9e depuis 1931. Sudocrem contient un m\u00e9lange unique d\u2019ingr\u00e9dients qui poss\u00e8de des propri\u00e9t\u00e9s cicatrisantes. L&#8217;ingr\u00e9dient cl\u00e9 de Sudocrem est l&#8217;oxyde de zinc (synth\u00e9tique), qui forme une barri\u00e8re protectrice aidant \u00e0 prot\u00e9ger et \u00e0 cicatriser la peau irrit\u00e9e et l&#8217;\u00e9ryth\u00e8me fessier. &nbsp; &nbsp; Ingr\u00e9dients non m\u00e9dicinaux &nbsp; Produits Sudocrem [&#8230;]<\/p>\n<p><a aria-label=\"Sudocrem\"  class=\"btn btn-purple round btn-secondary understrap-read-more-link\" href=\"https:\/\/sudocrem.com\/ca-fr\/antiseptic-healing-cream\/ingredients\/\">CONTINUE READING<\/a><\/p>\n","protected":false},"author":1,"featured_media":1865,"parent":741,"menu_order":3,"comment_status":"closed","ping_status":"closed","template":"page-templates\/top-menu-page.php","meta":{"footnotes":""},"class_list":["post-172","page","type-page","status-publish","has-post-thumbnail","hentry"],"yoast_head":"<!-- This site is optimized with the Yoast SEO plugin v14.6.1 - https:\/\/yoast.com\/wordpress\/plugins\/seo\/ -->\n<title>Antiseptic Healing Cream - Ingredients - Sudocrem Canada French<\/title>\n<meta name=\"robots\" content=\"index, follow\" \/>\n<meta name=\"googlebot\" content=\"index, follow, max-snippet:-1, max-image-preview:large, max-video-preview:-1\" \/>\n<meta name=\"bingbot\" content=\"index, follow, max-snippet:-1, max-image-preview:large, max-video-preview:-1\" \/>\n<link rel=\"canonical\" href=\"https:\/\/sudocrem.com\/ca-fr\/antiseptic-healing-cream\/ingredients\/\" \/>\n<meta property=\"og:locale\" content=\"en_GB\" \/>\n<meta property=\"og:type\" content=\"article\" \/>\n<meta property=\"og:title\" content=\"Antiseptic Healing Cream - Ingredients - Sudocrem Canada French\" \/>\n<meta property=\"og:description\" content=\"Ingr\u00e9dients La formule de Sudocrem est rest\u00e9e inchang\u00e9e depuis 1931. Sudocrem contient un m\u00e9lange unique d\u2019ingr\u00e9dients qui poss\u00e8de des propri\u00e9t\u00e9s cicatrisantes. L&#8217;ingr\u00e9dient cl\u00e9 de Sudocrem est l&#8217;oxyde de zinc (synth\u00e9tique), qui forme une barri\u00e8re protectrice aidant \u00e0 prot\u00e9ger et \u00e0 cicatriser la peau irrit\u00e9e et l&#8217;\u00e9ryth\u00e8me fessier. &nbsp; &nbsp; Ingr\u00e9dients non m\u00e9dicinaux &nbsp; Produits Sudocrem [...]CONTINUE READING\" \/>\n<meta property=\"og:url\" content=\"https:\/\/sudocrem.com\/ca-fr\/antiseptic-healing-cream\/ingredients\/\" \/>\n<meta property=\"og:site_name\" content=\"Sudocrem Canada French\" \/>\n<meta property=\"article:modified_time\" content=\"2023-06-14T07:53:57+00:00\" \/>\n<meta property=\"og:image\" content=\"https:\/\/sudocrem.com\/ca-fr\/wp-content\/uploads\/sites\/24\/2020\/10\/Top-banner_SAHC_Canada.jpg\" \/>\n\t<meta property=\"og:image:width\" content=\"1920\" \/>\n\t<meta property=\"og:image:height\" content=\"791\" \/>\n<meta name=\"twitter:card\" content=\"summary_large_image\" \/>\n<script type=\"application\/ld+json\" class=\"yoast-schema-graph\">{\"@context\":\"https:\/\/schema.org\",\"@graph\":[{\"@type\":\"WebSite\",\"@id\":\"https:\/\/sudocrem.com\/ca-fr\/#website\",\"url\":\"https:\/\/sudocrem.com\/ca-fr\/\",\"name\":\"Sudocrem Canada French\",\"description\":\"Just another Sudocrem International site\",\"potentialAction\":[{\"@type\":\"SearchAction\",\"target\":\"https:\/\/sudocrem.com\/ca-fr\/?s={search_term_string}\",\"query-input\":\"required name=search_term_string\"}],\"inLanguage\":\"en-GB\"},{\"@type\":\"ImageObject\",\"@id\":\"https:\/\/sudocrem.com\/ca-fr\/antiseptic-healing-cream\/ingredients\/#primaryimage\",\"inLanguage\":\"en-GB\",\"url\":\"https:\/\/sudocrem.com\/ca-fr\/wp-content\/uploads\/sites\/24\/2020\/10\/Top-banner_SAHC_Canada.jpg\",\"width\":1920,\"height\":791},{\"@type\":\"WebPage\",\"@id\":\"https:\/\/sudocrem.com\/ca-fr\/antiseptic-healing-cream\/ingredients\/#webpage\",\"url\":\"https:\/\/sudocrem.com\/ca-fr\/antiseptic-healing-cream\/ingredients\/\",\"name\":\"Antiseptic Healing Cream - Ingredients - Sudocrem Canada French\",\"isPartOf\":{\"@id\":\"https:\/\/sudocrem.com\/ca-fr\/#website\"},\"primaryImageOfPage\":{\"@id\":\"https:\/\/sudocrem.com\/ca-fr\/antiseptic-healing-cream\/ingredients\/#primaryimage\"},\"datePublished\":\"2018-12-10T16:34:48+00:00\",\"dateModified\":\"2023-06-14T07:53:57+00:00\",\"inLanguage\":\"en-GB\",\"potentialAction\":[{\"@type\":\"ReadAction\",\"target\":[\"https:\/\/sudocrem.com\/ca-fr\/antiseptic-healing-cream\/ingredients\/\"]}]}]}<\/script>\n<!-- \/ Yoast SEO plugin. -->","_links":{"self":[{"href":"https:\/\/sudocrem.com\/ca-fr\/wp-json\/wp\/v2\/pages\/172","targetHints":{"allow":["GET"]}}],"collection":[{"href":"https:\/\/sudocrem.com\/ca-fr\/wp-json\/wp\/v2\/pages"}],"about":[{"href":"https:\/\/sudocrem.com\/ca-fr\/wp-json\/wp\/v2\/types\/page"}],"author":[{"embeddable":true,"href":"https:\/\/sudocrem.com\/ca-fr\/wp-json\/wp\/v2\/users\/1"}],"replies":[{"embeddable":true,"href":"https:\/\/sudocrem.com\/ca-fr\/wp-json\/wp\/v2\/comments?post=172"}],"version-history":[{"count":0,"href":"https:\/\/sudocrem.com\/ca-fr\/wp-json\/wp\/v2\/pages\/172\/revisions"}],"up":[{"embeddable":true,"href":"https:\/\/sudocrem.com\/ca-fr\/wp-json\/wp\/v2\/pages\/741"}],"wp:featuredmedia":[{"embeddable":true,"href":"https:\/\/sudocrem.com\/ca-fr\/wp-json\/wp\/v2\/media\/1865"}],"wp:attachment":[{"href":"https:\/\/sudocrem.com\/ca-fr\/wp-json\/wp\/v2\/media?parent=172"}],"curies":[{"name":"wp","href":"https:\/\/api.w.org\/{rel}","templated":true}]}}