

{"id":320,"date":"2018-12-11T14:11:38","date_gmt":"2018-12-11T14:11:38","guid":{"rendered":"http:\/\/www.sudocrem.co.uk\/?page_id=320"},"modified":"2020-10-15T17:01:07","modified_gmt":"2020-10-15T16:01:07","slug":"what-causes-nappy-rash","status":"publish","type":"page","link":"https:\/\/sudocrem.com\/ca-fr\/nappy-rash-hub\/what-causes-nappy-rash\/","title":{"rendered":"What causes nappy rash?"},"content":{"rendered":"<h5>Quelles sont les causes de l\u2019\u00e9ryth\u00e8me fessier?<\/h5>\n<p>L\u2019exposition prolong\u00e9e de la peau du b\u00e9b\u00e9 \u00e0 l\u2019urine et aux selles est la principale cause de l\u2019\u00e9ryth\u00e8me fessier.<\/p>\n<p>Cette l\u00e9sion dermatologique se manifeste g\u00e9n\u00e9ralement lorsque la couche du b\u00e9b\u00e9 n\u2019est pas chang\u00e9e assez souvent, ou lorsque le b\u00e9b\u00e9 a la diarrh\u00e9e. Toutefois, si le b\u00e9b\u00e9 a la peau particuli\u00e8rement sensible, l\u2019\u00e9ryth\u00e8me fessier peut se manifester m\u00eame lorsque la zone recouverte par la couche est nettoy\u00e9e r\u00e9guli\u00e8rement.<\/p>\n<p>Parfois, la friction caus\u00e9e par le frottement de la couche contre la peau fragile du b\u00e9b\u00e9 ou les r\u00e9sidus de d\u00e9tergent contenus dans les couches en tissu mal rinc\u00e9es (couches r\u00e9utilisables) peuvent \u00e9galement contribuer au d\u00e9veloppement de l\u2019\u00e9ryth\u00e8me fessier.<\/p>\n<p>&nbsp;<\/p>\n<h5>\u00c0 quel moment l\u2019\u00e9ryth\u00e8me fessier est-il le plus susceptible de se manifester?<\/h5>\n<p>Cette irritation peut affecter les fesses de votre b\u00e9b\u00e9 \u00e0 tout moment sans raison particuli\u00e8re. En effet, certains b\u00e9b\u00e9s ont naturellement la peau plus fragile que d\u2019autres et peuvent y \u00eatre davantage expos\u00e9s.<\/p>\n<p>Toutefois, les b\u00e9b\u00e9s sont particuli\u00e8rement vuln\u00e9rables \u00e0 l\u2019\u00e9ryth\u00e8me fessier dans les circonstances suivantes\u00a0:<\/p>\n<ul id=\"custom-tick\"><\/ul>\n<p>&nbsp;<\/p>\n<table>\n<tbody>\n<tr>\n<td class=\"align-middle\"><img loading=\"lazy\" decoding=\"async\" class=\"alignnone size-full wp-image-1658\" src=\"https:\/\/sudocrem.com\/australia\/wp-content\/uploads\/sites\/2\/2020\/07\/Sud_Nappy-rash_Icon-01.png\" alt=\"\" width=\"82\" height=\"82\" \/><\/td>\n<td class=\"align-middle pl-4\">lorsqu\u2019ils font leurs dents;<\/td>\n<\/tr>\n<tr>\n<td class=\"align-middle pt-3\"><img loading=\"lazy\" decoding=\"async\" class=\"alignnone size-full wp-image-1659\" src=\"https:\/\/sudocrem.com\/australia\/wp-content\/uploads\/sites\/2\/2020\/07\/Sud_Nappy-rash_Icon-02.png\" alt=\"\" width=\"82\" height=\"82\" \/><\/td>\n<td class=\"align-middle pt-3 pl-4\">pendant le passage de l\u2019allaitement au sein \u00e0 l\u2019allaitement au biberon;<\/td>\n<\/tr>\n<tr>\n<td class=\"align-middle pt-3\"><img loading=\"lazy\" decoding=\"async\" class=\"alignnone size-full wp-image-1660\" src=\"https:\/\/sudocrem.com\/australia\/wp-content\/uploads\/sites\/2\/2020\/07\/Sud_Nappy-rash_Icon-03.png\" alt=\"\" width=\"82\" height=\"82\" \/><\/td>\n<td class=\"align-middle pt-3 pl-4\">\u00e0 la prise d\u2019antibiotiques (ce qui est susceptible de perturber leur syst\u00e8me digestif et d\u2019entra\u00eener des diarrh\u00e9es);<\/td>\n<\/tr>\n<tr>\n<td class=\"align-middle pt-3\"><img loading=\"lazy\" decoding=\"async\" class=\"alignnone size-full wp-image-1661\" src=\"https:\/\/sudocrem.com\/australia\/wp-content\/uploads\/sites\/2\/2020\/07\/Sud_Nappy-rash_Icon-04.png\" alt=\"\" width=\"82\" height=\"82\" \/><\/td>\n<td class=\"align-middle pt-3 pl-4\">lorsqu\u2019ils sont malades (quand votre b\u00e9b\u00e9 est enrhum\u00e9, il se peut que ses selles soient molles, ce qui augmente le risque d\u2019apparition de l\u2019\u00e9ryth\u00e8me fessier);<\/td>\n<\/tr>\n<tr>\n<td class=\"align-middle pt-3\"><img loading=\"lazy\" decoding=\"async\" class=\"alignnone size-full wp-image-1662\" src=\"https:\/\/sudocrem.com\/australia\/wp-content\/uploads\/sites\/2\/2020\/07\/Sud_Nappy-rash_Icon-05.png\" alt=\"\" width=\"82\" height=\"82\" \/><\/td>\n<td class=\"align-middle pt-3 pl-4\">pendant le passage aux aliments solides;<\/td>\n<\/tr>\n<tr>\n<td class=\"align-middle pt-3\"><img loading=\"lazy\" decoding=\"async\" class=\"alignnone size-full wp-image-1663\" src=\"https:\/\/sudocrem.com\/australia\/wp-content\/uploads\/sites\/2\/2020\/07\/Sud_Nappy-rash_Icon-06.png\" alt=\"\" width=\"81\" height=\"81\" \/><\/td>\n<td class=\"align-middle pt-3 pl-4\">\u00e0 leur premi\u00e8re nuit de sommeil compl\u00e8te (ce qui signifie que leur couche aura \u00e9t\u00e9 chang\u00e9e moins r\u00e9guli\u00e8rement);<\/td>\n<\/tr>\n<tr>\n<td class=\"align-middle pt-3\"><img loading=\"lazy\" decoding=\"async\" class=\"alignnone size-full wp-image-1664\" src=\"https:\/\/sudocrem.com\/australia\/wp-content\/uploads\/sites\/2\/2020\/07\/Sud_Nappy-rash_Icon-07.png\" alt=\"\" width=\"82\" height=\"82\" \/><\/td>\n<td class=\"align-middle pt-3 pl-4\">lorsqu\u2019ils boivent du lait de vache pour la premi\u00e8re fois.<\/td>\n<\/tr>\n<\/tbody>\n<\/table>\n","protected":false},"excerpt":{"rendered":"<p>Quelles sont les causes de l\u2019\u00e9ryth\u00e8me fessier? L\u2019exposition prolong\u00e9e de la peau du b\u00e9b\u00e9 \u00e0 l\u2019urine et aux selles est la principale cause de l\u2019\u00e9ryth\u00e8me fessier. Cette l\u00e9sion dermatologique se manifeste g\u00e9n\u00e9ralement lorsque la couche du b\u00e9b\u00e9 n\u2019est pas chang\u00e9e assez souvent, ou lorsque le b\u00e9b\u00e9 a la diarrh\u00e9e. Toutefois, si le b\u00e9b\u00e9 a la [&#8230;]<\/p>\n<p><a aria-label=\"Sudocrem\"  class=\"btn btn-purple round btn-secondary understrap-read-more-link\" href=\"https:\/\/sudocrem.com\/ca-fr\/nappy-rash-hub\/what-causes-nappy-rash\/\">CONTINUE READING<\/a><\/p>\n","protected":false},"author":1,"featured_media":1753,"parent":754,"menu_order":2,"comment_status":"closed","ping_status":"closed","template":"page-templates\/top-menu-page.php","meta":{"footnotes":""},"class_list":["post-320","page","type-page","status-publish","has-post-thumbnail","hentry"],"yoast_head":"<!-- This site is optimized with the Yoast SEO plugin v14.6.1 - https:\/\/yoast.com\/wordpress\/plugins\/seo\/ -->\n<title>What causes nappy rash? - Sudocrem Canada French<\/title>\n<meta name=\"robots\" content=\"index, follow\" \/>\n<meta name=\"googlebot\" content=\"index, follow, max-snippet:-1, max-image-preview:large, max-video-preview:-1\" \/>\n<meta name=\"bingbot\" content=\"index, follow, max-snippet:-1, max-image-preview:large, max-video-preview:-1\" \/>\n<link rel=\"canonical\" href=\"https:\/\/sudocrem.com\/ca-fr\/nappy-rash-hub\/what-causes-nappy-rash\/\" \/>\n<meta property=\"og:locale\" content=\"en_GB\" \/>\n<meta property=\"og:type\" content=\"article\" \/>\n<meta property=\"og:title\" content=\"What causes nappy rash? - Sudocrem Canada French\" \/>\n<meta property=\"og:description\" content=\"Quelles sont les causes de l\u2019\u00e9ryth\u00e8me fessier? L\u2019exposition prolong\u00e9e de la peau du b\u00e9b\u00e9 \u00e0 l\u2019urine et aux selles est la principale cause de l\u2019\u00e9ryth\u00e8me fessier. Cette l\u00e9sion dermatologique se manifeste g\u00e9n\u00e9ralement lorsque la couche du b\u00e9b\u00e9 n\u2019est pas chang\u00e9e assez souvent, ou lorsque le b\u00e9b\u00e9 a la diarrh\u00e9e. Toutefois, si le b\u00e9b\u00e9 a la [...]CONTINUE READING\" \/>\n<meta property=\"og:url\" content=\"https:\/\/sudocrem.com\/ca-fr\/nappy-rash-hub\/what-causes-nappy-rash\/\" \/>\n<meta property=\"og:site_name\" content=\"Sudocrem Canada French\" \/>\n<meta property=\"article:modified_time\" content=\"2020-10-15T16:01:07+00:00\" \/>\n<meta property=\"og:image\" content=\"https:\/\/sudocrem.com\/ca-fr\/wp-content\/uploads\/sites\/24\/2020\/07\/Sud_Nappy-rash_Top-banner.jpg\" \/>\n\t<meta property=\"og:image:width\" content=\"1920\" \/>\n\t<meta property=\"og:image:height\" content=\"742\" \/>\n<meta name=\"twitter:card\" content=\"summary_large_image\" \/>\n<script type=\"application\/ld+json\" class=\"yoast-schema-graph\">{\"@context\":\"https:\/\/schema.org\",\"@graph\":[{\"@type\":\"WebSite\",\"@id\":\"https:\/\/sudocrem.com\/ca-fr\/#website\",\"url\":\"https:\/\/sudocrem.com\/ca-fr\/\",\"name\":\"Sudocrem Canada French\",\"description\":\"Just another Sudocrem International site\",\"potentialAction\":[{\"@type\":\"SearchAction\",\"target\":\"https:\/\/sudocrem.com\/ca-fr\/?s={search_term_string}\",\"query-input\":\"required name=search_term_string\"}],\"inLanguage\":\"en-GB\"},{\"@type\":\"ImageObject\",\"@id\":\"https:\/\/sudocrem.com\/ca-fr\/nappy-rash-hub\/what-causes-nappy-rash\/#primaryimage\",\"inLanguage\":\"en-GB\",\"url\":\"https:\/\/sudocrem.com\/ca-fr\/wp-content\/uploads\/sites\/24\/2020\/07\/Sud_Nappy-rash_Top-banner.jpg\",\"width\":1920,\"height\":742},{\"@type\":\"WebPage\",\"@id\":\"https:\/\/sudocrem.com\/ca-fr\/nappy-rash-hub\/what-causes-nappy-rash\/#webpage\",\"url\":\"https:\/\/sudocrem.com\/ca-fr\/nappy-rash-hub\/what-causes-nappy-rash\/\",\"name\":\"What causes nappy rash? - Sudocrem Canada French\",\"isPartOf\":{\"@id\":\"https:\/\/sudocrem.com\/ca-fr\/#website\"},\"primaryImageOfPage\":{\"@id\":\"https:\/\/sudocrem.com\/ca-fr\/nappy-rash-hub\/what-causes-nappy-rash\/#primaryimage\"},\"datePublished\":\"2018-12-11T14:11:38+00:00\",\"dateModified\":\"2020-10-15T16:01:07+00:00\",\"inLanguage\":\"en-GB\",\"potentialAction\":[{\"@type\":\"ReadAction\",\"target\":[\"https:\/\/sudocrem.com\/ca-fr\/nappy-rash-hub\/what-causes-nappy-rash\/\"]}]}]}<\/script>\n<!-- \/ Yoast SEO plugin. -->","_links":{"self":[{"href":"https:\/\/sudocrem.com\/ca-fr\/wp-json\/wp\/v2\/pages\/320","targetHints":{"allow":["GET"]}}],"collection":[{"href":"https:\/\/sudocrem.com\/ca-fr\/wp-json\/wp\/v2\/pages"}],"about":[{"href":"https:\/\/sudocrem.com\/ca-fr\/wp-json\/wp\/v2\/types\/page"}],"author":[{"embeddable":true,"href":"https:\/\/sudocrem.com\/ca-fr\/wp-json\/wp\/v2\/users\/1"}],"replies":[{"embeddable":true,"href":"https:\/\/sudocrem.com\/ca-fr\/wp-json\/wp\/v2\/comments?post=320"}],"version-history":[{"count":0,"href":"https:\/\/sudocrem.com\/ca-fr\/wp-json\/wp\/v2\/pages\/320\/revisions"}],"up":[{"embeddable":true,"href":"https:\/\/sudocrem.com\/ca-fr\/wp-json\/wp\/v2\/pages\/754"}],"wp:featuredmedia":[{"embeddable":true,"href":"https:\/\/sudocrem.com\/ca-fr\/wp-json\/wp\/v2\/media\/1753"}],"wp:attachment":[{"href":"https:\/\/sudocrem.com\/ca-fr\/wp-json\/wp\/v2\/media?parent=320"}],"curies":[{"name":"wp","href":"https:\/\/api.w.org\/{rel}","templated":true}]}}