

{"id":52,"date":"2018-12-10T10:44:47","date_gmt":"2018-12-10T10:44:47","guid":{"rendered":"http:\/\/www.sudocrem.co.uk\/?page_id=48"},"modified":"2020-10-15T17:00:59","modified_gmt":"2020-10-15T16:00:59","slug":"what-is-nappy-rash","status":"publish","type":"page","link":"https:\/\/sudocrem.com\/ca-fr\/nappy-rash-hub\/what-is-nappy-rash\/","title":{"rendered":"Nappy Rash Hub &#8211; What is nappy rash?"},"content":{"rendered":"<h5>Qu\u2019est-ce que l\u2019\u00e9ryth\u00e8me fessier?<\/h5>\n<p>L\u2019\u00e9ryth\u00e8me fessier est l\u2019une des affections cutan\u00e9es qui se rencontrent le plus fr\u00e9quemment au cours des premiers mois de la vie du b\u00e9b\u00e9. Il s\u2019agit d\u2019une irritation de la peau que l\u2019on observe au niveau de l\u2019endroit recouvert par la couche. M\u00eame si l\u2019irritation peut \u00eatre douloureuse pour votre b\u00e9b\u00e9, la bonne nouvelle est que cette l\u00e9sion dermatologique est rarement grave.<\/p>\n<p>L\u2019\u00e9ryth\u00e8me fessier affecte le plus souvent la peau sensible du b\u00e9b\u00e9 lorsque celle-ci reste en contact avec l\u2019urine et les selles pr\u00e9sentes dans la couche pendant trop longtemps.<\/p>\n<p>Les fesses de votre b\u00e9b\u00e9 peuvent pr\u00e9senter des plaques rouges, ou toute la zone recouverte par la couche peut \u00eatre rouge. La peau semble irrit\u00e9e et peut \u00eatre chaude au toucher. D\u00e9couvrez comment identifier l\u2019\u00e9ryth\u00e8me fessier ci-dessous.<\/p>\n<p>Si votre b\u00e9b\u00e9 souffre d\u2019\u00e9ryth\u00e8me fessier, vous pouvez utiliser la cr\u00e8me cicatrisante antiseptique Sudocrem pour apaiser et soigner sa peau. Toutefois, le meilleur moyen de r\u00e9gler ce probl\u00e8me est d\u2019emp\u00eacher qu\u2019il se d\u00e9veloppe.<\/p>\n<p>&nbsp;<\/p>\n<p><strong>Les conseils suivants pourront vous aider \u00e0 pr\u00e9venir l\u2019\u00e9ryth\u00e8me fessier\u00a0:<\/strong><\/p>\n<ol>\n<li>Changez la couche de votre b\u00e9b\u00e9 d\u00e8s qu\u2019elle est mouill\u00e9e ou souill\u00e9e. Il faut changer la couche des jeunes b\u00e9b\u00e9s de dix \u00e0 douze fois par jour environ, tandis que celle des b\u00e9b\u00e9s plus \u00e2g\u00e9s doit \u00eatre chang\u00e9e de six \u00e0 huit fois par jour au moins;<\/li>\n<li>Veillez \u00e0 nettoyer soigneusement toute la zone recouverte par la couche avec de l\u2019eau ou des lingettes pour b\u00e9b\u00e9s, en essuyant les fesses de l\u2019avant vers l\u2019arri\u00e8re;<\/li>\n<li>Allongez votre b\u00e9b\u00e9 sur une serviette et laissez-le sans couche aussi souvent et pendant aussi longtemps que possible, ce qui permettra \u00e0 la peau de s\u2019a\u00e9rer;<\/li>\n<li>Utilisez une cr\u00e8me protectrice;<\/li>\n<li>Si votre b\u00e9b\u00e9 souffre d\u2019\u00e9ryth\u00e8me fessier, vous pouvez utiliser la cr\u00e8me cicatrisante antiseptique Sudocrem.<\/li>\n<\/ol>\n<p>&nbsp;<\/p>\n<p>Si vous utilisez une cr\u00e8me contre l\u2019\u00e9ryth\u00e8me fessier mais n\u2019observez aucune am\u00e9lioration, ou si une \u00e9ruption cutan\u00e9e tenace rouge vif et humide au toucher accompagn\u00e9e de boutons rouges ou blancs se d\u00e9veloppe et s\u2019\u00e9tend aux plis de la peau, il est possible que votre b\u00e9b\u00e9 soit atteint d\u2019une mycose. Si tel est le cas, il vous faudra utiliser une cr\u00e8me antifongique que vous pourrez vous procurer chez votre pharmacien, en vente libre ou sur ordonnance de votre m\u00e9decin. Demandez conseil \u00e0 votre pharmacien ou \u00e0 un autre professionnel de la sant\u00e9.<\/p>\n<p>Parfois, l\u2019\u00e9ryth\u00e8me fessier peut devenir tenace ou \u00eatre li\u00e9 \u00e0 d\u2019autres probl\u00e8mes cutan\u00e9s, tels que l\u2019ecz\u00e9ma. Si cela vous inqui\u00e8te ou si vous ne savez pas quoi faire, n\u2019h\u00e9sitez pas \u00e0 consulter votre m\u00e9decin ou un autre professionnel de la sant\u00e9.<\/p>\n","protected":false},"excerpt":{"rendered":"<p>Qu\u2019est-ce que l\u2019\u00e9ryth\u00e8me fessier? L\u2019\u00e9ryth\u00e8me fessier est l\u2019une des affections cutan\u00e9es qui se rencontrent le plus fr\u00e9quemment au cours des premiers mois de la vie du b\u00e9b\u00e9. Il s\u2019agit d\u2019une irritation de la peau que l\u2019on observe au niveau de l\u2019endroit recouvert par la couche. M\u00eame si l\u2019irritation peut \u00eatre douloureuse pour votre b\u00e9b\u00e9, la [&#8230;]<\/p>\n<p><a aria-label=\"Sudocrem\"  class=\"btn btn-purple round btn-secondary understrap-read-more-link\" href=\"https:\/\/sudocrem.com\/ca-fr\/nappy-rash-hub\/what-is-nappy-rash\/\">CONTINUE READING<\/a><\/p>\n","protected":false},"author":1,"featured_media":1753,"parent":754,"menu_order":0,"comment_status":"closed","ping_status":"closed","template":"page-templates\/top-menu-page.php","meta":{"footnotes":""},"class_list":["post-52","page","type-page","status-publish","has-post-thumbnail","hentry"],"yoast_head":"<!-- This site is optimized with the Yoast SEO plugin v14.6.1 - https:\/\/yoast.com\/wordpress\/plugins\/seo\/ -->\n<title>Nappy Rash Hub - What is nappy rash? - Sudocrem Canada French<\/title>\n<meta name=\"robots\" content=\"index, follow\" \/>\n<meta name=\"googlebot\" content=\"index, follow, max-snippet:-1, max-image-preview:large, max-video-preview:-1\" \/>\n<meta name=\"bingbot\" content=\"index, follow, max-snippet:-1, max-image-preview:large, max-video-preview:-1\" \/>\n<link rel=\"canonical\" href=\"https:\/\/sudocrem.com\/ca-fr\/nappy-rash-hub\/what-is-nappy-rash\/\" \/>\n<meta property=\"og:locale\" content=\"en_GB\" \/>\n<meta property=\"og:type\" content=\"article\" \/>\n<meta property=\"og:title\" content=\"Nappy Rash Hub - What is nappy rash? - Sudocrem Canada French\" \/>\n<meta property=\"og:description\" content=\"Qu\u2019est-ce que l\u2019\u00e9ryth\u00e8me fessier? L\u2019\u00e9ryth\u00e8me fessier est l\u2019une des affections cutan\u00e9es qui se rencontrent le plus fr\u00e9quemment au cours des premiers mois de la vie du b\u00e9b\u00e9. Il s\u2019agit d\u2019une irritation de la peau que l\u2019on observe au niveau de l\u2019endroit recouvert par la couche. M\u00eame si l\u2019irritation peut \u00eatre douloureuse pour votre b\u00e9b\u00e9, la [...]CONTINUE READING\" \/>\n<meta property=\"og:url\" content=\"https:\/\/sudocrem.com\/ca-fr\/nappy-rash-hub\/what-is-nappy-rash\/\" \/>\n<meta property=\"og:site_name\" content=\"Sudocrem Canada French\" \/>\n<meta property=\"article:modified_time\" content=\"2020-10-15T16:00:59+00:00\" \/>\n<meta property=\"og:image\" content=\"https:\/\/sudocrem.com\/ca-fr\/wp-content\/uploads\/sites\/24\/2020\/07\/Sud_Nappy-rash_Top-banner.jpg\" \/>\n\t<meta property=\"og:image:width\" content=\"1920\" \/>\n\t<meta property=\"og:image:height\" content=\"742\" \/>\n<meta name=\"twitter:card\" content=\"summary_large_image\" \/>\n<script type=\"application\/ld+json\" class=\"yoast-schema-graph\">{\"@context\":\"https:\/\/schema.org\",\"@graph\":[{\"@type\":\"WebSite\",\"@id\":\"https:\/\/sudocrem.com\/ca-fr\/#website\",\"url\":\"https:\/\/sudocrem.com\/ca-fr\/\",\"name\":\"Sudocrem Canada French\",\"description\":\"Just another Sudocrem International site\",\"potentialAction\":[{\"@type\":\"SearchAction\",\"target\":\"https:\/\/sudocrem.com\/ca-fr\/?s={search_term_string}\",\"query-input\":\"required name=search_term_string\"}],\"inLanguage\":\"en-GB\"},{\"@type\":\"ImageObject\",\"@id\":\"https:\/\/sudocrem.com\/ca-fr\/nappy-rash-hub\/what-is-nappy-rash\/#primaryimage\",\"inLanguage\":\"en-GB\",\"url\":\"https:\/\/sudocrem.com\/ca-fr\/wp-content\/uploads\/sites\/24\/2020\/07\/Sud_Nappy-rash_Top-banner.jpg\",\"width\":1920,\"height\":742},{\"@type\":\"WebPage\",\"@id\":\"https:\/\/sudocrem.com\/ca-fr\/nappy-rash-hub\/what-is-nappy-rash\/#webpage\",\"url\":\"https:\/\/sudocrem.com\/ca-fr\/nappy-rash-hub\/what-is-nappy-rash\/\",\"name\":\"Nappy Rash Hub - What is nappy rash? - Sudocrem Canada French\",\"isPartOf\":{\"@id\":\"https:\/\/sudocrem.com\/ca-fr\/#website\"},\"primaryImageOfPage\":{\"@id\":\"https:\/\/sudocrem.com\/ca-fr\/nappy-rash-hub\/what-is-nappy-rash\/#primaryimage\"},\"datePublished\":\"2018-12-10T10:44:47+00:00\",\"dateModified\":\"2020-10-15T16:00:59+00:00\",\"inLanguage\":\"en-GB\",\"potentialAction\":[{\"@type\":\"ReadAction\",\"target\":[\"https:\/\/sudocrem.com\/ca-fr\/nappy-rash-hub\/what-is-nappy-rash\/\"]}]}]}<\/script>\n<!-- \/ Yoast SEO plugin. -->","_links":{"self":[{"href":"https:\/\/sudocrem.com\/ca-fr\/wp-json\/wp\/v2\/pages\/52","targetHints":{"allow":["GET"]}}],"collection":[{"href":"https:\/\/sudocrem.com\/ca-fr\/wp-json\/wp\/v2\/pages"}],"about":[{"href":"https:\/\/sudocrem.com\/ca-fr\/wp-json\/wp\/v2\/types\/page"}],"author":[{"embeddable":true,"href":"https:\/\/sudocrem.com\/ca-fr\/wp-json\/wp\/v2\/users\/1"}],"replies":[{"embeddable":true,"href":"https:\/\/sudocrem.com\/ca-fr\/wp-json\/wp\/v2\/comments?post=52"}],"version-history":[{"count":0,"href":"https:\/\/sudocrem.com\/ca-fr\/wp-json\/wp\/v2\/pages\/52\/revisions"}],"up":[{"embeddable":true,"href":"https:\/\/sudocrem.com\/ca-fr\/wp-json\/wp\/v2\/pages\/754"}],"wp:featuredmedia":[{"embeddable":true,"href":"https:\/\/sudocrem.com\/ca-fr\/wp-json\/wp\/v2\/media\/1753"}],"wp:attachment":[{"href":"https:\/\/sudocrem.com\/ca-fr\/wp-json\/wp\/v2\/media?parent=52"}],"curies":[{"name":"wp","href":"https:\/\/api.w.org\/{rel}","templated":true}]}}