

{"id":575,"date":"2018-12-12T11:33:42","date_gmt":"2018-12-12T11:33:42","guid":{"rendered":"http:\/\/www.sudocrem.co.uk\/?page_id=575"},"modified":"2020-10-15T16:49:18","modified_gmt":"2020-10-15T15:49:18","slug":"our-history","status":"publish","type":"page","link":"https:\/\/sudocrem.com\/ca-fr\/our-history\/","title":{"rendered":"Histoire"},"content":{"rendered":"<h5>Sudocrem apaise la peau depuis 1931<\/h5>\n<p>Notre histoire a d\u00e9but\u00e9 en 1931, lorsqu\u2019un professeur de pharmacologie, Thomas Smith, a d\u00e9velopp\u00e9 une formule unique en m\u00e9langeant des ingr\u00e9dients actifs qui rassemblent le meilleur de la nature et de la science pour apaiser et contribuer d\u2019une mani\u00e8re efficace \u00e0 gu\u00e9rir aussi bien l\u2019\u00e9ryth\u00e8me fessier que d\u2019autres affections cutan\u00e9es.<\/p>\n<p>&nbsp;<\/p>\n<p>Utiliser uniquement selon l\u2019avis du m\u00e9decin. Si les sympt\u00f4mes persistent ou si des effets secondaires font leur apparition, veuillez consulter un professionnel de la sant\u00e9.<\/p>\n","protected":false},"excerpt":{"rendered":"<p>Sudocrem apaise la peau depuis 1931 Notre histoire a d\u00e9but\u00e9 en 1931, lorsqu\u2019un professeur de pharmacologie, Thomas Smith, a d\u00e9velopp\u00e9 une formule unique en m\u00e9langeant des ingr\u00e9dients actifs qui rassemblent le meilleur de la nature et de la science pour apaiser et contribuer d\u2019une mani\u00e8re efficace \u00e0 gu\u00e9rir aussi bien l\u2019\u00e9ryth\u00e8me fessier que d\u2019autres affections [&#8230;]<\/p>\n<p><a aria-label=\"Sudocrem\"  class=\"btn btn-purple round btn-secondary understrap-read-more-link\" href=\"https:\/\/sudocrem.com\/ca-fr\/our-history\/\">CONTINUE READING<\/a><\/p>\n","protected":false},"author":1,"featured_media":1740,"parent":0,"menu_order":0,"comment_status":"closed","ping_status":"closed","template":"page-templates\/history-page.php","meta":{"footnotes":""},"class_list":["post-575","page","type-page","status-publish","has-post-thumbnail","hentry"],"yoast_head":"<!-- This site is optimized with the Yoast SEO plugin v14.6.1 - https:\/\/yoast.com\/wordpress\/plugins\/seo\/ -->\n<title>Histoire - Sudocrem Canada French<\/title>\n<meta name=\"robots\" content=\"index, follow\" \/>\n<meta name=\"googlebot\" content=\"index, follow, max-snippet:-1, max-image-preview:large, max-video-preview:-1\" \/>\n<meta name=\"bingbot\" content=\"index, follow, max-snippet:-1, max-image-preview:large, max-video-preview:-1\" \/>\n<link rel=\"canonical\" href=\"https:\/\/sudocrem.com\/ca-fr\/our-history\/\" \/>\n<meta property=\"og:locale\" content=\"en_GB\" \/>\n<meta property=\"og:type\" content=\"article\" \/>\n<meta property=\"og:title\" content=\"Histoire - Sudocrem Canada French\" \/>\n<meta property=\"og:description\" content=\"Sudocrem apaise la peau depuis 1931 Notre histoire a d\u00e9but\u00e9 en 1931, lorsqu\u2019un professeur de pharmacologie, Thomas Smith, a d\u00e9velopp\u00e9 une formule unique en m\u00e9langeant des ingr\u00e9dients actifs qui rassemblent le meilleur de la nature et de la science pour apaiser et contribuer d\u2019une mani\u00e8re efficace \u00e0 gu\u00e9rir aussi bien l\u2019\u00e9ryth\u00e8me fessier que d\u2019autres affections [...]CONTINUE READING\" \/>\n<meta property=\"og:url\" content=\"https:\/\/sudocrem.com\/ca-fr\/our-history\/\" \/>\n<meta property=\"og:site_name\" content=\"Sudocrem Canada French\" \/>\n<meta property=\"article:modified_time\" content=\"2020-10-15T15:49:18+00:00\" \/>\n<meta property=\"og:image\" content=\"https:\/\/sudocrem.com\/ca-fr\/wp-content\/uploads\/sites\/24\/2020\/07\/Sud_History_Top-banner.jpg\" \/>\n\t<meta property=\"og:image:width\" content=\"1920\" \/>\n\t<meta property=\"og:image:height\" content=\"1079\" \/>\n<meta name=\"twitter:card\" content=\"summary_large_image\" \/>\n<script type=\"application\/ld+json\" class=\"yoast-schema-graph\">{\"@context\":\"https:\/\/schema.org\",\"@graph\":[{\"@type\":\"WebSite\",\"@id\":\"https:\/\/sudocrem.com\/ca-fr\/#website\",\"url\":\"https:\/\/sudocrem.com\/ca-fr\/\",\"name\":\"Sudocrem Canada French\",\"description\":\"Just another Sudocrem International site\",\"potentialAction\":[{\"@type\":\"SearchAction\",\"target\":\"https:\/\/sudocrem.com\/ca-fr\/?s={search_term_string}\",\"query-input\":\"required name=search_term_string\"}],\"inLanguage\":\"en-GB\"},{\"@type\":\"ImageObject\",\"@id\":\"https:\/\/sudocrem.com\/ca-fr\/our-history\/#primaryimage\",\"inLanguage\":\"en-GB\",\"url\":\"https:\/\/sudocrem.com\/ca-fr\/wp-content\/uploads\/sites\/24\/2020\/07\/Sud_History_Top-banner.jpg\",\"width\":1920,\"height\":1079},{\"@type\":\"WebPage\",\"@id\":\"https:\/\/sudocrem.com\/ca-fr\/our-history\/#webpage\",\"url\":\"https:\/\/sudocrem.com\/ca-fr\/our-history\/\",\"name\":\"Histoire - Sudocrem Canada French\",\"isPartOf\":{\"@id\":\"https:\/\/sudocrem.com\/ca-fr\/#website\"},\"primaryImageOfPage\":{\"@id\":\"https:\/\/sudocrem.com\/ca-fr\/our-history\/#primaryimage\"},\"datePublished\":\"2018-12-12T11:33:42+00:00\",\"dateModified\":\"2020-10-15T15:49:18+00:00\",\"inLanguage\":\"en-GB\",\"potentialAction\":[{\"@type\":\"ReadAction\",\"target\":[\"https:\/\/sudocrem.com\/ca-fr\/our-history\/\"]}]}]}<\/script>\n<!-- \/ Yoast SEO plugin. -->","_links":{"self":[{"href":"https:\/\/sudocrem.com\/ca-fr\/wp-json\/wp\/v2\/pages\/575","targetHints":{"allow":["GET"]}}],"collection":[{"href":"https:\/\/sudocrem.com\/ca-fr\/wp-json\/wp\/v2\/pages"}],"about":[{"href":"https:\/\/sudocrem.com\/ca-fr\/wp-json\/wp\/v2\/types\/page"}],"author":[{"embeddable":true,"href":"https:\/\/sudocrem.com\/ca-fr\/wp-json\/wp\/v2\/users\/1"}],"replies":[{"embeddable":true,"href":"https:\/\/sudocrem.com\/ca-fr\/wp-json\/wp\/v2\/comments?post=575"}],"version-history":[{"count":0,"href":"https:\/\/sudocrem.com\/ca-fr\/wp-json\/wp\/v2\/pages\/575\/revisions"}],"wp:featuredmedia":[{"embeddable":true,"href":"https:\/\/sudocrem.com\/ca-fr\/wp-json\/wp\/v2\/media\/1740"}],"wp:attachment":[{"href":"https:\/\/sudocrem.com\/ca-fr\/wp-json\/wp\/v2\/media?parent=575"}],"curies":[{"name":"wp","href":"https:\/\/api.w.org\/{rel}","templated":true}]}}