

{"id":1614,"date":"2020-07-15T19:18:06","date_gmt":"2020-07-15T18:18:06","guid":{"rendered":"https:\/\/sudocrem.wpenginepowered.com\/czstralia\/?page_id=1614"},"modified":"2023-04-12T08:19:48","modified_gmt":"2023-04-12T06:19:48","slug":"znamy-sedy-kelimek","status":"publish","type":"page","link":"https:\/\/sudocrem.com\/cz\/vase-rodina\/znamy-sedy-kelimek\/","title":{"rendered":"Zn\u00e1m\u00fd \u0161ed\u00fd kel\u00edmek"},"content":{"rendered":"<h5>Spolehliv\u00fd spojenec maminek<\/h5>\n<p>Sudocrem se&nbsp;star\u00e1 o&nbsp;poko\u017eku va\u0161\u00ed rodiny ji\u017e v\u00edce ne\u017e 90 let.&nbsp;Je&nbsp;tak&nbsp;univerz\u00e1ln\u00ed, \u017ee&nbsp;jej m\u016f\u017ee pou\u017e\u00edvat cel\u00e1 rodina ke&nbsp;zklidn\u011bn\u00ed, na&nbsp;podporu l\u00e9\u010dby podr\u00e1\u017ed\u011bn\u00e9 poko\u017eky a&nbsp;k&nbsp;jej\u00ed ochran\u011b.&nbsp;Je&nbsp;pomocn\u00edkem pro&nbsp;r\u016fzn\u00e9 pot\u0159eby poko\u017eky cel\u00e9 rodiny. Vhodn\u00fd pro&nbsp;miminka, d\u011bti, i&nbsp;dosp\u011bl\u00e9 a&nbsp;seniory.<\/p>\n<p>&nbsp;<\/p>\n<h5>Miminka<\/h5>\n<p>D\u011bl\u00e1me v\u0161e, co&nbsp;je&nbsp;v&nbsp;na\u0161ich sil\u00e1ch, abychom mamink\u00e1m co&nbsp;nejv\u00edce usnadnili \u017eivot, tak\u017ee p\u0159in\u00e1\u0161\u00edme pouze p\u0159\u00edpravky, kter\u00e9&nbsp;jsou \u00fa\u010dinn\u00e9. Takov\u00fdm p\u0159\u00edpravkem je&nbsp;i&nbsp;ochrann\u00fd kr\u00e9m Sudocrem MULTI-EXPERT, kter\u00fd&nbsp;zklid\u0148uje a&nbsp;pom\u00e1h\u00e1 l\u00e9\u010dit podr\u00e1\u017ed\u011bnou poko\u017eku va\u0161eho d\u00edt\u011bte.<\/p>\n<p>&nbsp;<\/p>\n<h5>Batolec\u00ed v\u011bk (Prvn\u00ed kroky)<\/h5>\n<p>V\u00edme, \u017ee&nbsp;chcete pro&nbsp;sv\u00e9 batole to&nbsp;nejlep\u0161\u00ed a&nbsp;ud\u011bl\u00e1te v\u0161e, co&nbsp;je&nbsp;ve&nbsp;va\u0161ich sil\u00e1ch, abyste jej ochr\u00e1nili, kdy\u017e&nbsp;za\u010dne d\u011blat prvn\u00ed kroky a&nbsp;objevovat sv\u011bt. Ale kdy\u017e&nbsp;naraz\u00ed, zakopnou nebo spadnou, mo\u017en\u00e1 budete cht\u00edt m\u00edt po&nbsp;ruce Sudocrem MULTI-EXPERT.&nbsp;Je&nbsp;vhodn\u00fd pro&nbsp;\u0159e\u0161en\u00ed r\u016fzn\u00fdch pot\u0159eb poko\u017eky, spojen\u00fdch s&nbsp;dobrodru\u017estv\u00edmi batolat, kte\u0159\u00ed za\u010d\u00ednaj\u00ed chodit a&nbsp;b\u011bhat.&nbsp;Je&nbsp;n\u00e1pomocn\u00fd p\u0159i&nbsp;p\u00e9\u010di o&nbsp;od\u0159eniny a&nbsp;drobn\u00e1 poran\u011bn\u00ed poko\u017eky.<\/p>\n<p>&nbsp;<\/p>\n<h5>V\u011bt\u0161\u00ed d\u011bti<\/h5>\n<p>I&nbsp;v\u011bt\u0161\u00ed d\u011bti ve va\u0161\u00ed rodin\u011b mohou m\u00edt probl\u00e9my s&nbsp;poko\u017ekou. Sudocrem MULTI-EXPERT&nbsp;napom\u00e1h\u00e1 p\u0159i&nbsp;podr\u00e1\u017ed\u011bn\u00ed poko\u017eky zp\u016fsoben\u00e9 drobn\u00fdmi poran\u011bn\u00edmi, jako jsou nap\u0159\u00edklad od\u0159eniny, \u0161kr\u00e1bance, men\u0161\u00ed pop\u00e1leniny (m\u00edrn\u00e9 za\u010derven\u00e1n\u00ed a&nbsp;bolestivost poko\u017eky), kter\u00e9&nbsp;b\u00fdvaj\u00ed sou\u010d\u00e1st\u00ed ka\u017edodenn\u00edho aktivn\u00edho \u017eivota v\u0161ech d\u011bt\u00ed.<\/p>\n<p>&nbsp;<\/p>\n<h5>Dosp\u011bl\u00ed<\/h5>\n<p>Uv\u011bdomujeme si, \u017ee&nbsp;kdy\u017e&nbsp;jste zanepr\u00e1zdn\u011bni p\u00e9\u010d\u00ed o&nbsp;v\u0161echny ostatn\u00ed \u010dleny rodiny, je&nbsp;snadn\u00e9 zapomenout na&nbsp;va\u0161e vlastn\u00ed pot\u0159eby p\u0159i&nbsp;p\u00e9\u010di o&nbsp;poko\u017eku. Sudocrem MULTI-EXPERT&nbsp;je&nbsp;ur\u010den i&nbsp;pro&nbsp;\u0159e\u0161en\u00ed va\u0161ich probl\u00e9m\u016f s&nbsp;poko\u017ekou. Sudocrem MULTI-EXPERT&nbsp;zklid\u0148uje poko\u017eku a&nbsp;o\u0161et\u0159uje od\u0159eniny, \u010di&nbsp;men\u0161\u00ed pop\u00e1leniny (m\u00edrn\u00e9 za\u010derven\u00e1n\u00ed a&nbsp;bolestivost poko\u017eky) a&nbsp;poko\u017eku v&nbsp;okol\u00ed poran\u011bn\u00ed.&nbsp;Velkou v\u00fdhodou je&nbsp;jeho univerz\u00e1lnost, m\u016f\u017ee jej pou\u017e\u00edvat cel\u00e1 rodina, od&nbsp;nejmlad\u0161\u00edch a\u017e po&nbsp;ty nejstar\u0161\u00ed.<\/p>\n<p>&nbsp;<\/p>\n<h5>Senio\u0159i (Zlat\u00fd v\u011bk)<\/h5>\n<p>V pozd\u011bj\u0161\u00edch letech pot\u0159ebuje na\u0161e poko\u017eka op\u011bt trochu v\u00edce p\u00e9\u010de a&nbsp;pozornosti. Zna\u010dce Sudocrem d\u016fv\u011b\u0159uj\u00ed generace p\u0159i&nbsp;zm\u00edr\u0148ov\u00e1n\u00ed p\u0159\u00edznak\u016f dermatitidy p\u0159i&nbsp;inkontinenci a&nbsp;prole\u017eenin (v \u00favodn\u00edm st\u00e1diu, kdy&nbsp;je&nbsp;poko\u017eka zarudl\u00e1, p\u00e1l\u00ed, je&nbsp;p\u0159\u00edtomen otok \u010di&nbsp;bolest).&nbsp;Je&nbsp;vhodn\u00e9 poradit se&nbsp;se&nbsp;sv\u00fdm l\u00e9ka\u0159em nebo l\u00e9k\u00e1rn\u00edkem.<\/p>\n","protected":false},"excerpt":{"rendered":"<p>Spolehliv\u00fd spojenec maminek Sudocrem se&nbsp;star\u00e1 o&nbsp;poko\u017eku va\u0161\u00ed rodiny ji\u017e v\u00edce ne\u017e 90 let.&nbsp;Je&nbsp;tak&nbsp;univerz\u00e1ln\u00ed, \u017ee&nbsp;jej m\u016f\u017ee pou\u017e\u00edvat cel\u00e1 rodina ke&nbsp;zklidn\u011bn\u00ed, na&nbsp;podporu l\u00e9\u010dby podr\u00e1\u017ed\u011bn\u00e9 poko\u017eky a&nbsp;k&nbsp;jej\u00ed ochran\u011b.&nbsp;Je&nbsp;pomocn\u00edkem pro&nbsp;r\u016fzn\u00e9 pot\u0159eby poko\u017eky cel\u00e9 rodiny. Vhodn\u00fd pro&nbsp;miminka, d\u011bti, i&nbsp;dosp\u011bl\u00e9 a&nbsp;seniory. &nbsp; Miminka D\u011bl\u00e1me v\u0161e, co&nbsp;je&nbsp;v&nbsp;na\u0161ich sil\u00e1ch, abychom mamink\u00e1m co&nbsp;nejv\u00edce usnadnili \u017eivot, tak\u017ee p\u0159in\u00e1\u0161\u00edme pouze p\u0159\u00edpravky, kter\u00e9&nbsp;jsou \u00fa\u010dinn\u00e9. Takov\u00fdm p\u0159\u00edpravkem je&nbsp;i&nbsp;ochrann\u00fd [&#8230;]<\/p>\n<p><a aria-label=\"Sudocrem\"  class=\"btn btn-purple round btn-secondary understrap-read-more-link\" href=\"https:\/\/sudocrem.com\/cz\/vase-rodina\/znamy-sedy-kelimek\/\">CONTINUE READING<\/a><\/p>\n","protected":false},"author":1,"featured_media":1651,"parent":1685,"menu_order":0,"comment_status":"closed","ping_status":"closed","template":"page-templates\/top-menu-page.php","meta":{"footnotes":""},"class_list":["post-1614","page","type-page","status-publish","has-post-thumbnail","hentry"],"yoast_head":"<!-- This site is optimized with the Yoast SEO plugin v14.6.1 - https:\/\/yoast.com\/wordpress\/plugins\/seo\/ -->\n<title>Zn\u00e1m\u00fd \u0161ed\u00fd kel\u00edmek - Sudocrem Czechia<\/title>\n<meta name=\"robots\" content=\"index, follow\" \/>\n<meta name=\"googlebot\" content=\"index, follow, max-snippet:-1, max-image-preview:large, max-video-preview:-1\" \/>\n<meta name=\"bingbot\" content=\"index, follow, max-snippet:-1, max-image-preview:large, max-video-preview:-1\" \/>\n<link rel=\"canonical\" href=\"https:\/\/sudocrem.com\/cz\/vase-rodina\/znamy-sedy-kelimek\/\" \/>\n<meta property=\"og:locale\" content=\"cs_CZ\" \/>\n<meta property=\"og:type\" content=\"article\" \/>\n<meta property=\"og:title\" content=\"Zn\u00e1m\u00fd \u0161ed\u00fd kel\u00edmek - Sudocrem Czechia\" \/>\n<meta property=\"og:description\" content=\"Spolehliv\u00fd spojenec maminek Sudocrem se&nbsp;star\u00e1 o&nbsp;poko\u017eku va\u0161\u00ed rodiny ji\u017e v\u00edce ne\u017e 90 let.&nbsp;Je&nbsp;tak&nbsp;univerz\u00e1ln\u00ed, \u017ee&nbsp;jej m\u016f\u017ee pou\u017e\u00edvat cel\u00e1 rodina ke&nbsp;zklidn\u011bn\u00ed, na&nbsp;podporu l\u00e9\u010dby podr\u00e1\u017ed\u011bn\u00e9 poko\u017eky a&nbsp;k&nbsp;jej\u00ed ochran\u011b.&nbsp;Je&nbsp;pomocn\u00edkem pro&nbsp;r\u016fzn\u00e9 pot\u0159eby poko\u017eky cel\u00e9 rodiny. Vhodn\u00fd pro&nbsp;miminka, d\u011bti, i&nbsp;dosp\u011bl\u00e9 a&nbsp;seniory. &nbsp; Miminka D\u011bl\u00e1me v\u0161e, co&nbsp;je&nbsp;v&nbsp;na\u0161ich sil\u00e1ch, abychom mamink\u00e1m co&nbsp;nejv\u00edce usnadnili \u017eivot, tak\u017ee p\u0159in\u00e1\u0161\u00edme pouze p\u0159\u00edpravky, kter\u00e9&nbsp;jsou \u00fa\u010dinn\u00e9. Takov\u00fdm p\u0159\u00edpravkem je&nbsp;i&nbsp;ochrann\u00fd [...]CONTINUE READING\" \/>\n<meta property=\"og:url\" content=\"https:\/\/sudocrem.com\/cz\/vase-rodina\/znamy-sedy-kelimek\/\" \/>\n<meta property=\"og:site_name\" content=\"Sudocrem Czechia\" \/>\n<meta property=\"article:modified_time\" content=\"2023-04-12T06:19:48+00:00\" \/>\n<meta property=\"og:image\" content=\"https:\/\/sudocrem.com\/cz\/wp-content\/uploads\/sites\/51\/2020\/07\/Sud_Family-hub_Top-banner.jpg\" \/>\n\t<meta property=\"og:image:width\" content=\"1920\" \/>\n\t<meta property=\"og:image:height\" content=\"699\" \/>\n<meta name=\"twitter:card\" content=\"summary_large_image\" \/>\n<script type=\"application\/ld+json\" class=\"yoast-schema-graph\">{\"@context\":\"https:\/\/schema.org\",\"@graph\":[{\"@type\":\"WebSite\",\"@id\":\"https:\/\/sudocrem.com\/cz\/#website\",\"url\":\"https:\/\/sudocrem.com\/cz\/\",\"name\":\"Sudocrem Czechia\",\"description\":\"Just another Sudocrem International site\",\"potentialAction\":[{\"@type\":\"SearchAction\",\"target\":\"https:\/\/sudocrem.com\/cz\/?s={search_term_string}\",\"query-input\":\"required name=search_term_string\"}],\"inLanguage\":\"cs-CZ\"},{\"@type\":\"ImageObject\",\"@id\":\"https:\/\/sudocrem.com\/cz\/vase-rodina\/znamy-sedy-kelimek\/#primaryimage\",\"inLanguage\":\"cs-CZ\",\"url\":\"https:\/\/sudocrem.com\/cz\/wp-content\/uploads\/sites\/51\/2020\/07\/Sud_Family-hub_Top-banner.jpg\",\"width\":1920,\"height\":699,\"caption\":\"Sud_Family-hub_Top-banner\"},{\"@type\":\"WebPage\",\"@id\":\"https:\/\/sudocrem.com\/cz\/vase-rodina\/znamy-sedy-kelimek\/#webpage\",\"url\":\"https:\/\/sudocrem.com\/cz\/vase-rodina\/znamy-sedy-kelimek\/\",\"name\":\"Zn\\u00e1m\\u00fd \\u0161ed\\u00fd kel\\u00edmek - Sudocrem Czechia\",\"isPartOf\":{\"@id\":\"https:\/\/sudocrem.com\/cz\/#website\"},\"primaryImageOfPage\":{\"@id\":\"https:\/\/sudocrem.com\/cz\/vase-rodina\/znamy-sedy-kelimek\/#primaryimage\"},\"datePublished\":\"2020-07-15T18:18:06+00:00\",\"dateModified\":\"2023-04-12T06:19:48+00:00\",\"inLanguage\":\"cs-CZ\",\"potentialAction\":[{\"@type\":\"ReadAction\",\"target\":[\"https:\/\/sudocrem.com\/cz\/vase-rodina\/znamy-sedy-kelimek\/\"]}]}]}<\/script>\n<!-- \/ Yoast SEO plugin. -->","_links":{"self":[{"href":"https:\/\/sudocrem.com\/cz\/wp-json\/wp\/v2\/pages\/1614","targetHints":{"allow":["GET"]}}],"collection":[{"href":"https:\/\/sudocrem.com\/cz\/wp-json\/wp\/v2\/pages"}],"about":[{"href":"https:\/\/sudocrem.com\/cz\/wp-json\/wp\/v2\/types\/page"}],"author":[{"embeddable":true,"href":"https:\/\/sudocrem.com\/cz\/wp-json\/wp\/v2\/users\/1"}],"replies":[{"embeddable":true,"href":"https:\/\/sudocrem.com\/cz\/wp-json\/wp\/v2\/comments?post=1614"}],"version-history":[{"count":0,"href":"https:\/\/sudocrem.com\/cz\/wp-json\/wp\/v2\/pages\/1614\/revisions"}],"up":[{"embeddable":true,"href":"https:\/\/sudocrem.com\/cz\/wp-json\/wp\/v2\/pages\/1685"}],"wp:featuredmedia":[{"embeddable":true,"href":"https:\/\/sudocrem.com\/cz\/wp-json\/wp\/v2\/media\/1651"}],"wp:attachment":[{"href":"https:\/\/sudocrem.com\/cz\/wp-json\/wp\/v2\/media?parent=1614"}],"curies":[{"name":"wp","href":"https:\/\/api.w.org\/{rel}","templated":true}]}}