

{"id":163,"date":"2018-12-10T16:31:59","date_gmt":"2018-12-10T16:31:59","guid":{"rendered":"http:\/\/www.sudocrem.co.uk\/?page_id=163"},"modified":"2024-07-01T18:54:23","modified_gmt":"2024-07-01T16:54:23","slug":"detail-pripravku","status":"publish","type":"page","link":"https:\/\/sudocrem.com\/cz\/sudocrem\/detail-pripravku\/","title":{"rendered":"Detail p\u0159\u00edpravku"},"content":{"rendered":"<h5>Detail p\u0159\u00edpravku<\/h5>\n<p>Sudocrem je\u00a0ji\u017e v\u00edce ne\u017e 90 let spolehliv\u00fdm spojencem rodin, kter\u00fd\u00a0zklid\u0148uje podr\u00e1\u017ed\u011bnou poko\u017eku a&nbsp;pom\u00e1h\u00e1 ji l\u00e9\u010dit a nav\u00edc citlivou poko\u017eku chr\u00e1n\u00ed. Pom\u00e1h\u00e1 s&nbsp;r\u016fzn\u00fdmi probl\u00e9my poko\u017eky cel\u00e9 rodiny. Vhodn\u00fd pro\u00a0miminka, d\u011bti i&nbsp;dosp\u011bl\u00e9 a&nbsp;seniory.<\/p>\n<p>&nbsp;<\/p>\n<h5>Nejen pro&nbsp;miminka, ale pro&nbsp;ka\u017ed\u00e9ho<\/h5>\n<p>Sudocrem MULTI-EXPERT&nbsp;se&nbsp;osv\u011bd\u010dil jako p\u0159\u00edpravek na&nbsp;plenkovou dermatitidu, je&nbsp;ur\u010den <b>NEJEN PRO&nbsp;MIMINKA<\/b> pro&nbsp;podporu l\u00e9\u010dby a&nbsp;prevence <b>plenkov\u00e9 dermatitidy<\/b>, ale pom\u00e1h\u00e1 tak\u00e9 s&nbsp;r\u016fzn\u00fdmi probl\u00e9my poko\u017eky, bez ohledu na&nbsp;v\u011bk!&nbsp;Je&nbsp;vhodn\u00fd <b>PRO&nbsp;KA\u017dD\u00c9HO<\/b>, a\u0165 u\u017e pro&nbsp;podporu l\u00e9\u010dby a&nbsp;prevence <b>dermatitidy p\u0159i&nbsp;inkontinenci, prole\u017eenin, od\u0159en\u00e9 poko\u017eky a&nbsp;opruzenin<\/b> nebo pro&nbsp;podporu l\u00e9\u010dby <b>irita\u010dn\u00ed kontaktn\u00ed dermatitidy<\/b> a&nbsp;tak\u00e9 na&nbsp;ochranu <b>poko\u017eky v&nbsp;okol\u00ed poran\u011bn\u00ed<\/b>.<\/p>\n<p>&nbsp;<\/p>\n<p>Chcete-li se\u00a0dozv\u011bd\u011bt v\u00edce o\u00a0tom, jak m\u016f\u017ee Sudocrem MULTI-EXPERT\u00a0pomoci s\u00a0r\u016fzn\u00fdmi probl\u00e9my poko\u017eky, p\u0159e\u010dt\u011bte si\u00a0<a href=\"\/cz\/dalsi-ucely-pouziti\/\">Dal\u0161\u00ed \u00fa\u010dely pou\u017eit\u00ed<\/a>.<\/p>\n","protected":false},"excerpt":{"rendered":"<p>Detail p\u0159\u00edpravku Sudocrem je\u00a0ji\u017e v\u00edce ne\u017e 90 let spolehliv\u00fdm spojencem rodin, kter\u00fd\u00a0zklid\u0148uje podr\u00e1\u017ed\u011bnou poko\u017eku a&nbsp;pom\u00e1h\u00e1 ji l\u00e9\u010dit a nav\u00edc citlivou poko\u017eku chr\u00e1n\u00ed. Pom\u00e1h\u00e1 s&nbsp;r\u016fzn\u00fdmi probl\u00e9my poko\u017eky cel\u00e9 rodiny. Vhodn\u00fd pro\u00a0miminka, d\u011bti i&nbsp;dosp\u011bl\u00e9 a&nbsp;seniory. &nbsp; Nejen pro&nbsp;miminka, ale pro&nbsp;ka\u017ed\u00e9ho Sudocrem MULTI-EXPERT&nbsp;se&nbsp;osv\u011bd\u010dil jako p\u0159\u00edpravek na&nbsp;plenkovou dermatitidu, je&nbsp;ur\u010den NEJEN PRO&nbsp;MIMINKA pro&nbsp;podporu l\u00e9\u010dby a&nbsp;prevence plenkov\u00e9 dermatitidy, ale pom\u00e1h\u00e1 tak\u00e9 [&#8230;]<\/p>\n<p><a aria-label=\"Sudocrem\"  class=\"btn btn-purple round btn-secondary understrap-read-more-link\" href=\"https:\/\/sudocrem.com\/cz\/sudocrem\/detail-pripravku\/\">CONTINUE READING<\/a><\/p>\n","protected":false},"author":2,"featured_media":1978,"parent":741,"menu_order":0,"comment_status":"closed","ping_status":"closed","template":"page-templates\/top-menu-page.php","meta":{"footnotes":""},"class_list":["post-163","page","type-page","status-publish","has-post-thumbnail","hentry"],"yoast_head":"<!-- This site is optimized with the Yoast SEO plugin v14.6.1 - https:\/\/yoast.com\/wordpress\/plugins\/seo\/ -->\n<title>Detail p\u0159\u00edpravku - Sudocrem Czechia<\/title>\n<meta name=\"description\" content=\"Sudocrem Antiseptic Healing Cream has been mum\u2019s ally for over 85 years and is great for soothing sore skin and effectively treating nappy rash.\" \/>\n<meta name=\"robots\" content=\"index, follow\" \/>\n<meta name=\"googlebot\" content=\"index, follow, max-snippet:-1, max-image-preview:large, max-video-preview:-1\" \/>\n<meta name=\"bingbot\" content=\"index, follow, max-snippet:-1, max-image-preview:large, max-video-preview:-1\" \/>\n<link rel=\"canonical\" href=\"https:\/\/sudocrem.com\/cz\/sudocrem\/detail-pripravku\/\" \/>\n<meta property=\"og:locale\" content=\"cs_CZ\" \/>\n<meta property=\"og:type\" content=\"article\" \/>\n<meta property=\"og:title\" content=\"Detail p\u0159\u00edpravku - Sudocrem Czechia\" \/>\n<meta property=\"og:description\" content=\"Sudocrem Antiseptic Healing Cream has been mum\u2019s ally for over 85 years and is great for soothing sore skin and effectively treating nappy rash.\" \/>\n<meta property=\"og:url\" content=\"https:\/\/sudocrem.com\/cz\/sudocrem\/detail-pripravku\/\" \/>\n<meta property=\"og:site_name\" content=\"Sudocrem Czechia\" \/>\n<meta property=\"article:modified_time\" content=\"2024-07-01T16:54:23+00:00\" \/>\n<meta property=\"og:image\" content=\"https:\/\/sudocrem.com\/cz\/wp-content\/uploads\/sites\/51\/2024\/06\/Banner_3_1920x820_NEW.jpg\" \/>\n\t<meta property=\"og:image:width\" content=\"1920\" \/>\n\t<meta property=\"og:image:height\" content=\"820\" \/>\n<meta name=\"twitter:card\" content=\"summary_large_image\" \/>\n<script type=\"application\/ld+json\" class=\"yoast-schema-graph\">{\"@context\":\"https:\/\/schema.org\",\"@graph\":[{\"@type\":\"WebSite\",\"@id\":\"https:\/\/sudocrem.com\/cz\/#website\",\"url\":\"https:\/\/sudocrem.com\/cz\/\",\"name\":\"Sudocrem Czechia\",\"description\":\"Just another Sudocrem International site\",\"potentialAction\":[{\"@type\":\"SearchAction\",\"target\":\"https:\/\/sudocrem.com\/cz\/?s={search_term_string}\",\"query-input\":\"required name=search_term_string\"}],\"inLanguage\":\"cs-CZ\"},{\"@type\":\"ImageObject\",\"@id\":\"https:\/\/sudocrem.com\/cz\/sudocrem\/detail-pripravku\/#primaryimage\",\"inLanguage\":\"cs-CZ\",\"url\":\"https:\/\/sudocrem.com\/cz\/wp-content\/uploads\/sites\/51\/2024\/06\/Banner_3_1920x820_NEW.jpg\",\"width\":1920,\"height\":820,\"caption\":\"Banner_3_1920x820_NEW\"},{\"@type\":\"WebPage\",\"@id\":\"https:\/\/sudocrem.com\/cz\/sudocrem\/detail-pripravku\/#webpage\",\"url\":\"https:\/\/sudocrem.com\/cz\/sudocrem\/detail-pripravku\/\",\"name\":\"Detail p\\u0159\\u00edpravku - Sudocrem Czechia\",\"isPartOf\":{\"@id\":\"https:\/\/sudocrem.com\/cz\/#website\"},\"primaryImageOfPage\":{\"@id\":\"https:\/\/sudocrem.com\/cz\/sudocrem\/detail-pripravku\/#primaryimage\"},\"datePublished\":\"2018-12-10T16:31:59+00:00\",\"dateModified\":\"2024-07-01T16:54:23+00:00\",\"description\":\"Sudocrem Antiseptic Healing Cream has been mum\\u2019s ally for over 85 years and is great for soothing sore skin and effectively treating nappy rash.\",\"inLanguage\":\"cs-CZ\",\"potentialAction\":[{\"@type\":\"ReadAction\",\"target\":[\"https:\/\/sudocrem.com\/cz\/sudocrem\/detail-pripravku\/\"]}]}]}<\/script>\n<!-- \/ Yoast SEO plugin. -->","_links":{"self":[{"href":"https:\/\/sudocrem.com\/cz\/wp-json\/wp\/v2\/pages\/163","targetHints":{"allow":["GET"]}}],"collection":[{"href":"https:\/\/sudocrem.com\/cz\/wp-json\/wp\/v2\/pages"}],"about":[{"href":"https:\/\/sudocrem.com\/cz\/wp-json\/wp\/v2\/types\/page"}],"author":[{"embeddable":true,"href":"https:\/\/sudocrem.com\/cz\/wp-json\/wp\/v2\/users\/2"}],"replies":[{"embeddable":true,"href":"https:\/\/sudocrem.com\/cz\/wp-json\/wp\/v2\/comments?post=163"}],"version-history":[{"count":0,"href":"https:\/\/sudocrem.com\/cz\/wp-json\/wp\/v2\/pages\/163\/revisions"}],"up":[{"embeddable":true,"href":"https:\/\/sudocrem.com\/cz\/wp-json\/wp\/v2\/pages\/741"}],"wp:featuredmedia":[{"embeddable":true,"href":"https:\/\/sudocrem.com\/cz\/wp-json\/wp\/v2\/media\/1978"}],"wp:attachment":[{"href":"https:\/\/sudocrem.com\/cz\/wp-json\/wp\/v2\/media?parent=163"}],"curies":[{"name":"wp","href":"https:\/\/api.w.org\/{rel}","templated":true}]}}