

{"id":168,"date":"2018-12-10T16:33:05","date_gmt":"2018-12-10T16:33:05","guid":{"rendered":"http:\/\/www.sudocrem.co.uk\/?page_id=168"},"modified":"2024-07-01T18:55:07","modified_gmt":"2024-07-01T16:55:07","slug":"kdy-pouzit","status":"publish","type":"page","link":"https:\/\/sudocrem.com\/cz\/sudocrem\/kdy-pouzit\/","title":{"rendered":"Kdy pou\u017e\u00edt"},"content":{"rendered":"<h5>Kdy\u00a0pou\u017e\u00edt?<\/h5>\n<p>Sudocrem je\u00a0v\u00e1\u0161 spolehliv\u00fd spojenec. Jemn\u011b a\u00a0z\u00e1rove\u0148 \u00fa\u010dinn\u011b zm\u00edr\u0148uje projevy plenkov\u00e9 dermatitidy a\u00a0jin\u00fdch typ\u016f probl\u00e9m\u016f s\u00a0poko\u017ekou. Zklid\u0148uje podr\u00e1\u017ed\u011bn\u00ed, napom\u00e1h\u00e1 l\u00e9\u010db\u011b a\u00a0chr\u00e1n\u00ed poko\u017eku. Zvolte si pro\u00a0v\u00e1s a\u00a0va\u0161i rodinu spr\u00e1vn\u00fd p\u0159\u00edpravek.<\/p>\n<p>&nbsp;<\/p>\n<h5>Plenkov\u00e1 dermatitida<\/h5>\n<p>Sudocrem MULTI-EXPERT\u00a0je\u00a0zdravotnick\u00fd prost\u0159edek pro\u00a0podporu l\u00e9\u010dby a\u00a0prevence plenkov\u00e9 dermatitidy (neboli opruzen\u00e9 poko\u017eky). Pokud se\u00a0u\u00a0va\u0161eho d\u00edt\u011bte objev\u00ed p\u0159\u00edznaky plenkov\u00e9 dermatitidy, naneste na\u00a0posti\u017eenou oblast Sudocrem MULTI-EXPERT\u00a0p\u0159i\u00a0ka\u017ed\u00e9 v\u00fdm\u011bn\u011b pleny pro\u00a0zklidn\u011bn\u00ed podr\u00e1\u017ed\u011bn\u00ed poko\u017eky va\u0161eho d\u00edt\u011bte.<\/p>\n<p>&nbsp;<\/p>\n<p>Chcete-li se\u00a0dozv\u011bd\u011bt v\u00edce o\u00a0plenkov\u00e9 dermatitid\u011b &#8211; jak j\u00ed p\u0159edch\u00e1zet, kdy\u00a0a\u00a0pro\u010d se\u00a0m\u016f\u017ee objevit a\u00a0zda j\u00ed va\u0161e d\u00edt\u011b trp\u00ed \u2013 p\u0159e\u010dt\u011bte si <a href=\"\/cz\/plenkova-dermatitida\/co-je-to-plenkova-dermatitida\/\">Plenkov\u00e1 dermatitida.<\/a><\/p>\n<p>&nbsp;<\/p>\n<h5>Dal\u0161\u00ed \u00fa\u010dely pou\u017eit\u00ed<\/h5>\n<p>Sudocrem MULTI-EXPERT pom\u00e1h\u00e1 s r\u016fzn\u00fdmi probl\u00e9my poko\u017eky cel\u00e9 rodiny.<\/p>\n<p>&nbsp;<\/p>\n<p><b>Ochrann\u00fd kr\u00e9m<\/b><br \/>pro podporu l\u00e9\u010dby a prevence: <\/p>\n<ul>\n<li>plenkov\u00e9 dermatitidy<\/li>\n<li>dermatitidy p\u0159i inkontinenci<\/li>\n<li>prole\u017eenin<\/li>\n<li>od\u0159en\u00e9 poko\u017eky a opruzenin<\/li>\n<\/ul>\n<p>pro podporu l\u00e9\u010dby irita\u010dn\u00ed kontaktn\u00ed dermatitidy<br \/>\npro ochranu poko\u017eky v okol\u00ed poran\u011bn\u00ed<\/p>\n<p>&nbsp;<\/p>\n<p>Sudocrem MULTI-EXPERT\u00a0m\u00e1 p\u0159\u00edjemnou konzistenci, zklid\u0148uje podr\u00e1\u017ed\u011bnou poko\u017eku a\u00a0pom\u00e1h\u00e1 ji l\u00e9\u010dit, a nav\u00edc citlivou poko\u017eku chr\u00e1n\u00ed. Jin\u00fdmi slovy, je\u00a0to\u00a0velmi u\u017eite\u010dn\u00fd kr\u00e9m, kter\u00fd\u00a0se\u00a0hod\u00ed m\u00edt st\u00e1le po\u00a0ruce.<\/p>\n<p>&nbsp;<\/p>\n<p>Chcete-li se\u00a0dozv\u011bd\u011bt v\u00edce o\u00a0tom, jak m\u016f\u017ee Sudocrem MULTI-EXPERT\u00a0pomoci s\u00a0r\u016fzn\u00fdmi probl\u00e9my poko\u017eky, p\u0159e\u010dt\u011bte si\u00a0<a href=\"\/cz\/dalsi-ucely-pouziti\/\">Dal\u0161\u00ed \u00fa\u010dely pou\u017eit\u00ed<\/a>.<\/p>\n","protected":false},"excerpt":{"rendered":"<p>Kdy\u00a0pou\u017e\u00edt? Sudocrem je\u00a0v\u00e1\u0161 spolehliv\u00fd spojenec. Jemn\u011b a\u00a0z\u00e1rove\u0148 \u00fa\u010dinn\u011b zm\u00edr\u0148uje projevy plenkov\u00e9 dermatitidy a\u00a0jin\u00fdch typ\u016f probl\u00e9m\u016f s\u00a0poko\u017ekou. Zklid\u0148uje podr\u00e1\u017ed\u011bn\u00ed, napom\u00e1h\u00e1 l\u00e9\u010db\u011b a\u00a0chr\u00e1n\u00ed poko\u017eku. Zvolte si pro\u00a0v\u00e1s a\u00a0va\u0161i rodinu spr\u00e1vn\u00fd p\u0159\u00edpravek. &nbsp; Plenkov\u00e1 dermatitida Sudocrem MULTI-EXPERT\u00a0je\u00a0zdravotnick\u00fd prost\u0159edek pro\u00a0podporu l\u00e9\u010dby a\u00a0prevence plenkov\u00e9 dermatitidy (neboli opruzen\u00e9 poko\u017eky). Pokud se\u00a0u\u00a0va\u0161eho d\u00edt\u011bte objev\u00ed p\u0159\u00edznaky plenkov\u00e9 dermatitidy, naneste na\u00a0posti\u017eenou oblast Sudocrem MULTI-EXPERT\u00a0p\u0159i\u00a0ka\u017ed\u00e9 [&#8230;]<\/p>\n<p><a aria-label=\"Sudocrem\"  class=\"btn btn-purple round btn-secondary understrap-read-more-link\" href=\"https:\/\/sudocrem.com\/cz\/sudocrem\/kdy-pouzit\/\">CONTINUE READING<\/a><\/p>\n","protected":false},"author":2,"featured_media":1978,"parent":741,"menu_order":1,"comment_status":"closed","ping_status":"closed","template":"page-templates\/top-menu-page.php","meta":{"footnotes":""},"class_list":["post-168","page","type-page","status-publish","has-post-thumbnail","hentry"],"yoast_head":"<!-- This site is optimized with the Yoast SEO plugin v14.6.1 - https:\/\/yoast.com\/wordpress\/plugins\/seo\/ -->\n<title>Kdy pou\u017e\u00edt - Sudocrem Czechia<\/title>\n<meta name=\"robots\" content=\"index, follow\" \/>\n<meta name=\"googlebot\" content=\"index, follow, max-snippet:-1, max-image-preview:large, max-video-preview:-1\" \/>\n<meta name=\"bingbot\" content=\"index, follow, max-snippet:-1, max-image-preview:large, max-video-preview:-1\" \/>\n<link rel=\"canonical\" href=\"https:\/\/sudocrem.com\/cz\/sudocrem\/kdy-pouzit\/\" \/>\n<meta property=\"og:locale\" content=\"cs_CZ\" \/>\n<meta property=\"og:type\" content=\"article\" \/>\n<meta property=\"og:title\" content=\"Kdy pou\u017e\u00edt - Sudocrem Czechia\" \/>\n<meta property=\"og:description\" content=\"Kdy\u00a0pou\u017e\u00edt? Sudocrem je\u00a0v\u00e1\u0161 spolehliv\u00fd spojenec. Jemn\u011b a\u00a0z\u00e1rove\u0148 \u00fa\u010dinn\u011b zm\u00edr\u0148uje projevy plenkov\u00e9 dermatitidy a\u00a0jin\u00fdch typ\u016f probl\u00e9m\u016f s\u00a0poko\u017ekou. Zklid\u0148uje podr\u00e1\u017ed\u011bn\u00ed, napom\u00e1h\u00e1 l\u00e9\u010db\u011b a\u00a0chr\u00e1n\u00ed poko\u017eku. Zvolte si pro\u00a0v\u00e1s a\u00a0va\u0161i rodinu spr\u00e1vn\u00fd p\u0159\u00edpravek. &nbsp; Plenkov\u00e1 dermatitida Sudocrem MULTI-EXPERT\u00a0je\u00a0zdravotnick\u00fd prost\u0159edek pro\u00a0podporu l\u00e9\u010dby a\u00a0prevence plenkov\u00e9 dermatitidy (neboli opruzen\u00e9 poko\u017eky). Pokud se\u00a0u\u00a0va\u0161eho d\u00edt\u011bte objev\u00ed p\u0159\u00edznaky plenkov\u00e9 dermatitidy, naneste na\u00a0posti\u017eenou oblast Sudocrem MULTI-EXPERT\u00a0p\u0159i\u00a0ka\u017ed\u00e9 [...]CONTINUE READING\" \/>\n<meta property=\"og:url\" content=\"https:\/\/sudocrem.com\/cz\/sudocrem\/kdy-pouzit\/\" \/>\n<meta property=\"og:site_name\" content=\"Sudocrem Czechia\" \/>\n<meta property=\"article:modified_time\" content=\"2024-07-01T16:55:07+00:00\" \/>\n<meta property=\"og:image\" content=\"https:\/\/sudocrem.com\/cz\/wp-content\/uploads\/sites\/51\/2024\/06\/Banner_3_1920x820_NEW.jpg\" \/>\n\t<meta property=\"og:image:width\" content=\"1920\" \/>\n\t<meta property=\"og:image:height\" content=\"820\" \/>\n<meta name=\"twitter:card\" content=\"summary_large_image\" \/>\n<script type=\"application\/ld+json\" class=\"yoast-schema-graph\">{\"@context\":\"https:\/\/schema.org\",\"@graph\":[{\"@type\":\"WebSite\",\"@id\":\"https:\/\/sudocrem.com\/cz\/#website\",\"url\":\"https:\/\/sudocrem.com\/cz\/\",\"name\":\"Sudocrem Czechia\",\"description\":\"Just another Sudocrem International site\",\"potentialAction\":[{\"@type\":\"SearchAction\",\"target\":\"https:\/\/sudocrem.com\/cz\/?s={search_term_string}\",\"query-input\":\"required name=search_term_string\"}],\"inLanguage\":\"cs-CZ\"},{\"@type\":\"ImageObject\",\"@id\":\"https:\/\/sudocrem.com\/cz\/sudocrem\/kdy-pouzit\/#primaryimage\",\"inLanguage\":\"cs-CZ\",\"url\":\"https:\/\/sudocrem.com\/cz\/wp-content\/uploads\/sites\/51\/2024\/06\/Banner_3_1920x820_NEW.jpg\",\"width\":1920,\"height\":820,\"caption\":\"Banner_3_1920x820_NEW\"},{\"@type\":\"WebPage\",\"@id\":\"https:\/\/sudocrem.com\/cz\/sudocrem\/kdy-pouzit\/#webpage\",\"url\":\"https:\/\/sudocrem.com\/cz\/sudocrem\/kdy-pouzit\/\",\"name\":\"Kdy pou\\u017e\\u00edt - Sudocrem Czechia\",\"isPartOf\":{\"@id\":\"https:\/\/sudocrem.com\/cz\/#website\"},\"primaryImageOfPage\":{\"@id\":\"https:\/\/sudocrem.com\/cz\/sudocrem\/kdy-pouzit\/#primaryimage\"},\"datePublished\":\"2018-12-10T16:33:05+00:00\",\"dateModified\":\"2024-07-01T16:55:07+00:00\",\"inLanguage\":\"cs-CZ\",\"potentialAction\":[{\"@type\":\"ReadAction\",\"target\":[\"https:\/\/sudocrem.com\/cz\/sudocrem\/kdy-pouzit\/\"]}]}]}<\/script>\n<!-- \/ Yoast SEO plugin. -->","_links":{"self":[{"href":"https:\/\/sudocrem.com\/cz\/wp-json\/wp\/v2\/pages\/168","targetHints":{"allow":["GET"]}}],"collection":[{"href":"https:\/\/sudocrem.com\/cz\/wp-json\/wp\/v2\/pages"}],"about":[{"href":"https:\/\/sudocrem.com\/cz\/wp-json\/wp\/v2\/types\/page"}],"author":[{"embeddable":true,"href":"https:\/\/sudocrem.com\/cz\/wp-json\/wp\/v2\/users\/2"}],"replies":[{"embeddable":true,"href":"https:\/\/sudocrem.com\/cz\/wp-json\/wp\/v2\/comments?post=168"}],"version-history":[{"count":0,"href":"https:\/\/sudocrem.com\/cz\/wp-json\/wp\/v2\/pages\/168\/revisions"}],"up":[{"embeddable":true,"href":"https:\/\/sudocrem.com\/cz\/wp-json\/wp\/v2\/pages\/741"}],"wp:featuredmedia":[{"embeddable":true,"href":"https:\/\/sudocrem.com\/cz\/wp-json\/wp\/v2\/media\/1978"}],"wp:attachment":[{"href":"https:\/\/sudocrem.com\/cz\/wp-json\/wp\/v2\/media?parent=168"}],"curies":[{"name":"wp","href":"https:\/\/api.w.org\/{rel}","templated":true}]}}