

{"id":170,"date":"2018-12-10T16:34:08","date_gmt":"2018-12-10T16:34:08","guid":{"rendered":"http:\/\/www.sudocrem.co.uk\/?page_id=170"},"modified":"2024-07-01T18:53:42","modified_gmt":"2024-07-01T16:53:42","slug":"jak-pouzivat","status":"publish","type":"page","link":"https:\/\/sudocrem.com\/cz\/sudocrem\/jak-pouzivat\/","title":{"rendered":"Jak pou\u017e\u00edvat"},"content":{"rendered":"<h5>Jak pou\u017e\u00edvat Sudocrem MULTI-EXPERT<\/h5>\n<p>&nbsp;<\/p>\n<p><strong>Krok 1<\/strong>: Ujist\u011bte se, \u017ee\u00a0posti\u017een\u00e1 oblast podr\u00e1\u017ed\u011bn\u00e9 poko\u017eky je p\u0159ed nanesen\u00edm kr\u00e9mu \u010dist\u00e1 a\u00a0such\u00e1.<\/p>\n<p><strong>Krok 2<\/strong>: P\u0159ed\u00a0aplikac\u00ed si umyjte a\u00a0osu\u0161te ruce, naberte mal\u00e9 mno\u017estv\u00ed ochrann\u00e9ho kr\u00e9mu Sudocrem MULTI-EXPERT\u00a0na\u00a0kone\u010dky prstu.<\/p>\n<p><strong>Krok 3<\/strong>: Jemn\u011b rozet\u0159ete tenkou vrstvu kr\u00e9mu na \u010distou poko\u017eku. <\/p>\n<p><strong>Krok 4<\/strong>: Po\u00a0aplikaci si umyjte ruce.<\/p>\n<p>&nbsp;<\/p>\n<p>Tyto kroky opakujte v\u00a0pr\u016fb\u011bhu dne tak\u00a0\u010dasto, jak je\u00a0pot\u0159eba.<br \/>\nPokud se\u00a0stav podr\u00e1\u017ed\u011bn\u00e9 poko\u017eky nezlep\u0161\u00ed nebo se stav je\u0161t\u011b zhor\u0161\u00ed, pora\u010fte se s\u00a0l\u00e9ka\u0159em.<br \/>\nNepou\u017e\u00edvejte p\u0159i zn\u00e1m\u00e9 p\u0159ecitliv\u011blosti na n\u011bkterou ze slo\u017eek p\u0159\u00edpravku.<\/p>\n","protected":false},"excerpt":{"rendered":"<p>Jak pou\u017e\u00edvat Sudocrem MULTI-EXPERT &nbsp; Krok 1: Ujist\u011bte se, \u017ee\u00a0posti\u017een\u00e1 oblast podr\u00e1\u017ed\u011bn\u00e9 poko\u017eky je p\u0159ed nanesen\u00edm kr\u00e9mu \u010dist\u00e1 a\u00a0such\u00e1. Krok 2: P\u0159ed\u00a0aplikac\u00ed si umyjte a\u00a0osu\u0161te ruce, naberte mal\u00e9 mno\u017estv\u00ed ochrann\u00e9ho kr\u00e9mu Sudocrem MULTI-EXPERT\u00a0na\u00a0kone\u010dky prstu. Krok 3: Jemn\u011b rozet\u0159ete tenkou vrstvu kr\u00e9mu na \u010distou poko\u017eku. Krok 4: Po\u00a0aplikaci si umyjte ruce. &nbsp; Tyto kroky opakujte v\u00a0pr\u016fb\u011bhu [&#8230;]<\/p>\n<p><a aria-label=\"Sudocrem\"  class=\"btn btn-purple round btn-secondary understrap-read-more-link\" href=\"https:\/\/sudocrem.com\/cz\/sudocrem\/jak-pouzivat\/\">CONTINUE READING<\/a><\/p>\n","protected":false},"author":2,"featured_media":1978,"parent":741,"menu_order":2,"comment_status":"closed","ping_status":"closed","template":"page-templates\/top-menu-page.php","meta":{"footnotes":""},"class_list":["post-170","page","type-page","status-publish","has-post-thumbnail","hentry"],"yoast_head":"<!-- This site is optimized with the Yoast SEO plugin v14.6.1 - https:\/\/yoast.com\/wordpress\/plugins\/seo\/ -->\n<title>Jak pou\u017e\u00edvat - Sudocrem Czechia<\/title>\n<meta name=\"robots\" content=\"index, follow\" \/>\n<meta name=\"googlebot\" content=\"index, follow, max-snippet:-1, max-image-preview:large, max-video-preview:-1\" \/>\n<meta name=\"bingbot\" content=\"index, follow, max-snippet:-1, max-image-preview:large, max-video-preview:-1\" \/>\n<link rel=\"canonical\" href=\"https:\/\/sudocrem.com\/cz\/sudocrem\/jak-pouzivat\/\" \/>\n<meta property=\"og:locale\" content=\"cs_CZ\" \/>\n<meta property=\"og:type\" content=\"article\" \/>\n<meta property=\"og:title\" content=\"Jak pou\u017e\u00edvat - Sudocrem Czechia\" \/>\n<meta property=\"og:description\" content=\"Jak pou\u017e\u00edvat Sudocrem MULTI-EXPERT &nbsp; Krok 1: Ujist\u011bte se, \u017ee\u00a0posti\u017een\u00e1 oblast podr\u00e1\u017ed\u011bn\u00e9 poko\u017eky je p\u0159ed nanesen\u00edm kr\u00e9mu \u010dist\u00e1 a\u00a0such\u00e1. Krok 2: P\u0159ed\u00a0aplikac\u00ed si umyjte a\u00a0osu\u0161te ruce, naberte mal\u00e9 mno\u017estv\u00ed ochrann\u00e9ho kr\u00e9mu Sudocrem MULTI-EXPERT\u00a0na\u00a0kone\u010dky prstu. Krok 3: Jemn\u011b rozet\u0159ete tenkou vrstvu kr\u00e9mu na \u010distou poko\u017eku. Krok 4: Po\u00a0aplikaci si umyjte ruce. &nbsp; Tyto kroky opakujte v\u00a0pr\u016fb\u011bhu [...]CONTINUE READING\" \/>\n<meta property=\"og:url\" content=\"https:\/\/sudocrem.com\/cz\/sudocrem\/jak-pouzivat\/\" \/>\n<meta property=\"og:site_name\" content=\"Sudocrem Czechia\" \/>\n<meta property=\"article:modified_time\" content=\"2024-07-01T16:53:42+00:00\" \/>\n<meta property=\"og:image\" content=\"https:\/\/sudocrem.com\/cz\/wp-content\/uploads\/sites\/51\/2024\/06\/Banner_3_1920x820_NEW.jpg\" \/>\n\t<meta property=\"og:image:width\" content=\"1920\" \/>\n\t<meta property=\"og:image:height\" content=\"820\" \/>\n<meta name=\"twitter:card\" content=\"summary_large_image\" \/>\n<script type=\"application\/ld+json\" class=\"yoast-schema-graph\">{\"@context\":\"https:\/\/schema.org\",\"@graph\":[{\"@type\":\"WebSite\",\"@id\":\"https:\/\/sudocrem.com\/cz\/#website\",\"url\":\"https:\/\/sudocrem.com\/cz\/\",\"name\":\"Sudocrem Czechia\",\"description\":\"Just another Sudocrem International site\",\"potentialAction\":[{\"@type\":\"SearchAction\",\"target\":\"https:\/\/sudocrem.com\/cz\/?s={search_term_string}\",\"query-input\":\"required name=search_term_string\"}],\"inLanguage\":\"cs-CZ\"},{\"@type\":\"ImageObject\",\"@id\":\"https:\/\/sudocrem.com\/cz\/sudocrem\/jak-pouzivat\/#primaryimage\",\"inLanguage\":\"cs-CZ\",\"url\":\"https:\/\/sudocrem.com\/cz\/wp-content\/uploads\/sites\/51\/2024\/06\/Banner_3_1920x820_NEW.jpg\",\"width\":1920,\"height\":820,\"caption\":\"Banner_3_1920x820_NEW\"},{\"@type\":\"WebPage\",\"@id\":\"https:\/\/sudocrem.com\/cz\/sudocrem\/jak-pouzivat\/#webpage\",\"url\":\"https:\/\/sudocrem.com\/cz\/sudocrem\/jak-pouzivat\/\",\"name\":\"Jak pou\\u017e\\u00edvat - Sudocrem Czechia\",\"isPartOf\":{\"@id\":\"https:\/\/sudocrem.com\/cz\/#website\"},\"primaryImageOfPage\":{\"@id\":\"https:\/\/sudocrem.com\/cz\/sudocrem\/jak-pouzivat\/#primaryimage\"},\"datePublished\":\"2018-12-10T16:34:08+00:00\",\"dateModified\":\"2024-07-01T16:53:42+00:00\",\"inLanguage\":\"cs-CZ\",\"potentialAction\":[{\"@type\":\"ReadAction\",\"target\":[\"https:\/\/sudocrem.com\/cz\/sudocrem\/jak-pouzivat\/\"]}]}]}<\/script>\n<!-- \/ Yoast SEO plugin. -->","_links":{"self":[{"href":"https:\/\/sudocrem.com\/cz\/wp-json\/wp\/v2\/pages\/170","targetHints":{"allow":["GET"]}}],"collection":[{"href":"https:\/\/sudocrem.com\/cz\/wp-json\/wp\/v2\/pages"}],"about":[{"href":"https:\/\/sudocrem.com\/cz\/wp-json\/wp\/v2\/types\/page"}],"author":[{"embeddable":true,"href":"https:\/\/sudocrem.com\/cz\/wp-json\/wp\/v2\/users\/2"}],"replies":[{"embeddable":true,"href":"https:\/\/sudocrem.com\/cz\/wp-json\/wp\/v2\/comments?post=170"}],"version-history":[{"count":0,"href":"https:\/\/sudocrem.com\/cz\/wp-json\/wp\/v2\/pages\/170\/revisions"}],"up":[{"embeddable":true,"href":"https:\/\/sudocrem.com\/cz\/wp-json\/wp\/v2\/pages\/741"}],"wp:featuredmedia":[{"embeddable":true,"href":"https:\/\/sudocrem.com\/cz\/wp-json\/wp\/v2\/media\/1978"}],"wp:attachment":[{"href":"https:\/\/sudocrem.com\/cz\/wp-json\/wp\/v2\/media?parent=170"}],"curies":[{"name":"wp","href":"https:\/\/api.w.org\/{rel}","templated":true}]}}