

{"id":172,"date":"2018-12-10T16:34:48","date_gmt":"2018-12-10T16:34:48","guid":{"rendered":"http:\/\/www.sudocrem.co.uk\/?page_id=172"},"modified":"2024-06-17T12:56:54","modified_gmt":"2024-06-17T10:56:54","slug":"slozeni","status":"publish","type":"page","link":"https:\/\/sudocrem.com\/cz\/sudocrem\/slozeni\/","title":{"rendered":"Slo\u017een\u00ed"},"content":{"rendered":"<h5>Slo\u017een\u00ed<\/h5>\n<p>Slo\u017een\u00ed p\u0159\u00edpravku z\u016fstalo t\u00e9m\u011b\u0159 nezm\u011bn\u011bno od roku 1931. Formule d\u00e1v\u00e1 p\u0159\u00edpravku vlastnosti, d\u00edky kter\u00fdm zklid\u0148uje a podporuje l\u00e9\u010dbu podr\u00e1\u017ed\u011bn\u00e9 poko\u017eky a nav\u00edc citlivou poko\u017eku chr\u00e1n\u00ed.<\/p>\n<ul>\n<li>Vytv\u00e1\u0159\u00ed ochrannou bari\u00e9ru: Kr\u00e9m vytv\u00e1\u0159\u00ed bari\u00e9ru, kter\u00e1 chr\u00e1n\u00ed poko\u017eku p\u0159ed podr\u00e1\u017ed\u011bn\u00edm a tak\u00e9 podporuje l\u00e9\u010dbu naru\u0161en\u00e9 a podr\u00e1\u017ed\u011bn\u00e9 poko\u017eky.<\/li>\n<li>Pom\u00e1h\u00e1 p\u016fsobit proti z\u00e1n\u011btu: Sudocrem MULTI-EXPERT obsahuje <b>oxid zine\u010dnat\u00fd<\/b>, kter\u00fd pom\u00e1h\u00e1 p\u016fsobit proti z\u00e1n\u011btu, pom\u00e1h\u00e1 zklidnit poko\u017eku a zm\u00edrnit jej\u00ed podr\u00e1\u017ed\u011bn\u00ed a za\u010derven\u00e1n\u00ed.<\/li>\n<li>Pom\u00e1h\u00e1 poko\u017ece navr\u00e1tit jej\u00ed vl\u00e1\u010dnost: Sudocrem MULTI-EXPERT d\u00edky obsahu <b>lanolinu<\/b> pom\u00e1h\u00e1 zklid\u0148ovat poko\u017eku a navr\u00e1tit j\u00ed jej\u00ed vl\u00e1\u010dnost.<\/li>\n<\/ul>\n<p>Dal\u0161\u00edmi slo\u017ekami jsou tak\u00e9: benzylalkohol, benzylbenzo\u00e1t a benzylcinam\u00e1t.<\/p>\n<p>&nbsp;<\/p>\n<p>Ochrann\u00fd kr\u00e9m Sudocrem MULTI-EXPERT je dostupn\u00fd ve velikostech:<br \/>60 g, 125 g, 250 g , 400 g<\/p>\n<p>&nbsp;<\/p>\n<p>Pro n\u00e1kup online klikn\u011bte na <a href=\"\/cz\/kde-koupit\">Kde koupit<\/a>.<\/p>\n","protected":false},"excerpt":{"rendered":"<p>Slo\u017een\u00ed Slo\u017een\u00ed p\u0159\u00edpravku z\u016fstalo t\u00e9m\u011b\u0159 nezm\u011bn\u011bno od roku 1931. Formule d\u00e1v\u00e1 p\u0159\u00edpravku vlastnosti, d\u00edky kter\u00fdm zklid\u0148uje a podporuje l\u00e9\u010dbu podr\u00e1\u017ed\u011bn\u00e9 poko\u017eky a nav\u00edc citlivou poko\u017eku chr\u00e1n\u00ed. Vytv\u00e1\u0159\u00ed ochrannou bari\u00e9ru: Kr\u00e9m vytv\u00e1\u0159\u00ed bari\u00e9ru, kter\u00e1 chr\u00e1n\u00ed poko\u017eku p\u0159ed podr\u00e1\u017ed\u011bn\u00edm a tak\u00e9 podporuje l\u00e9\u010dbu naru\u0161en\u00e9 a podr\u00e1\u017ed\u011bn\u00e9 poko\u017eky. Pom\u00e1h\u00e1 p\u016fsobit proti z\u00e1n\u011btu: Sudocrem MULTI-EXPERT obsahuje oxid zine\u010dnat\u00fd, kter\u00fd [&#8230;]<\/p>\n<p><a aria-label=\"Sudocrem\"  class=\"btn btn-purple round btn-secondary understrap-read-more-link\" href=\"https:\/\/sudocrem.com\/cz\/sudocrem\/slozeni\/\">CONTINUE READING<\/a><\/p>\n","protected":false},"author":2,"featured_media":1978,"parent":741,"menu_order":3,"comment_status":"closed","ping_status":"closed","template":"page-templates\/top-menu-page.php","meta":{"footnotes":""},"class_list":["post-172","page","type-page","status-publish","has-post-thumbnail","hentry"],"yoast_head":"<!-- This site is optimized with the Yoast SEO plugin v14.6.1 - https:\/\/yoast.com\/wordpress\/plugins\/seo\/ -->\n<title>Slo\u017een\u00ed - Sudocrem Czechia<\/title>\n<meta name=\"robots\" content=\"index, follow\" \/>\n<meta name=\"googlebot\" content=\"index, follow, max-snippet:-1, max-image-preview:large, max-video-preview:-1\" \/>\n<meta name=\"bingbot\" content=\"index, follow, max-snippet:-1, max-image-preview:large, max-video-preview:-1\" \/>\n<link rel=\"canonical\" href=\"https:\/\/sudocrem.com\/cz\/sudocrem\/slozeni\/\" \/>\n<meta property=\"og:locale\" content=\"cs_CZ\" \/>\n<meta property=\"og:type\" content=\"article\" \/>\n<meta property=\"og:title\" content=\"Slo\u017een\u00ed - Sudocrem Czechia\" \/>\n<meta property=\"og:description\" content=\"Slo\u017een\u00ed Slo\u017een\u00ed p\u0159\u00edpravku z\u016fstalo t\u00e9m\u011b\u0159 nezm\u011bn\u011bno od roku 1931. Formule d\u00e1v\u00e1 p\u0159\u00edpravku vlastnosti, d\u00edky kter\u00fdm zklid\u0148uje a podporuje l\u00e9\u010dbu podr\u00e1\u017ed\u011bn\u00e9 poko\u017eky a nav\u00edc citlivou poko\u017eku chr\u00e1n\u00ed. Vytv\u00e1\u0159\u00ed ochrannou bari\u00e9ru: Kr\u00e9m vytv\u00e1\u0159\u00ed bari\u00e9ru, kter\u00e1 chr\u00e1n\u00ed poko\u017eku p\u0159ed podr\u00e1\u017ed\u011bn\u00edm a tak\u00e9 podporuje l\u00e9\u010dbu naru\u0161en\u00e9 a podr\u00e1\u017ed\u011bn\u00e9 poko\u017eky. Pom\u00e1h\u00e1 p\u016fsobit proti z\u00e1n\u011btu: Sudocrem MULTI-EXPERT obsahuje oxid zine\u010dnat\u00fd, kter\u00fd [...]CONTINUE READING\" \/>\n<meta property=\"og:url\" content=\"https:\/\/sudocrem.com\/cz\/sudocrem\/slozeni\/\" \/>\n<meta property=\"og:site_name\" content=\"Sudocrem Czechia\" \/>\n<meta property=\"article:modified_time\" content=\"2024-06-17T10:56:54+00:00\" \/>\n<meta property=\"og:image\" content=\"https:\/\/sudocrem.com\/cz\/wp-content\/uploads\/sites\/51\/2024\/06\/Banner_3_1920x820_NEW.jpg\" \/>\n\t<meta property=\"og:image:width\" content=\"1920\" \/>\n\t<meta property=\"og:image:height\" content=\"820\" \/>\n<meta name=\"twitter:card\" content=\"summary_large_image\" \/>\n<script type=\"application\/ld+json\" class=\"yoast-schema-graph\">{\"@context\":\"https:\/\/schema.org\",\"@graph\":[{\"@type\":\"WebSite\",\"@id\":\"https:\/\/sudocrem.com\/cz\/#website\",\"url\":\"https:\/\/sudocrem.com\/cz\/\",\"name\":\"Sudocrem Czechia\",\"description\":\"Just another Sudocrem International site\",\"potentialAction\":[{\"@type\":\"SearchAction\",\"target\":\"https:\/\/sudocrem.com\/cz\/?s={search_term_string}\",\"query-input\":\"required name=search_term_string\"}],\"inLanguage\":\"cs-CZ\"},{\"@type\":\"ImageObject\",\"@id\":\"https:\/\/sudocrem.com\/cz\/sudocrem\/slozeni\/#primaryimage\",\"inLanguage\":\"cs-CZ\",\"url\":\"https:\/\/sudocrem.com\/cz\/wp-content\/uploads\/sites\/51\/2024\/06\/Banner_3_1920x820_NEW.jpg\",\"width\":1920,\"height\":820,\"caption\":\"Banner_3_1920x820_NEW\"},{\"@type\":\"WebPage\",\"@id\":\"https:\/\/sudocrem.com\/cz\/sudocrem\/slozeni\/#webpage\",\"url\":\"https:\/\/sudocrem.com\/cz\/sudocrem\/slozeni\/\",\"name\":\"Slo\\u017een\\u00ed - Sudocrem Czechia\",\"isPartOf\":{\"@id\":\"https:\/\/sudocrem.com\/cz\/#website\"},\"primaryImageOfPage\":{\"@id\":\"https:\/\/sudocrem.com\/cz\/sudocrem\/slozeni\/#primaryimage\"},\"datePublished\":\"2018-12-10T16:34:48+00:00\",\"dateModified\":\"2024-06-17T10:56:54+00:00\",\"inLanguage\":\"cs-CZ\",\"potentialAction\":[{\"@type\":\"ReadAction\",\"target\":[\"https:\/\/sudocrem.com\/cz\/sudocrem\/slozeni\/\"]}]}]}<\/script>\n<!-- \/ Yoast SEO plugin. -->","_links":{"self":[{"href":"https:\/\/sudocrem.com\/cz\/wp-json\/wp\/v2\/pages\/172","targetHints":{"allow":["GET"]}}],"collection":[{"href":"https:\/\/sudocrem.com\/cz\/wp-json\/wp\/v2\/pages"}],"about":[{"href":"https:\/\/sudocrem.com\/cz\/wp-json\/wp\/v2\/types\/page"}],"author":[{"embeddable":true,"href":"https:\/\/sudocrem.com\/cz\/wp-json\/wp\/v2\/users\/2"}],"replies":[{"embeddable":true,"href":"https:\/\/sudocrem.com\/cz\/wp-json\/wp\/v2\/comments?post=172"}],"version-history":[{"count":0,"href":"https:\/\/sudocrem.com\/cz\/wp-json\/wp\/v2\/pages\/172\/revisions"}],"up":[{"embeddable":true,"href":"https:\/\/sudocrem.com\/cz\/wp-json\/wp\/v2\/pages\/741"}],"wp:featuredmedia":[{"embeddable":true,"href":"https:\/\/sudocrem.com\/cz\/wp-json\/wp\/v2\/media\/1978"}],"wp:attachment":[{"href":"https:\/\/sudocrem.com\/cz\/wp-json\/wp\/v2\/media?parent=172"}],"curies":[{"name":"wp","href":"https:\/\/api.w.org\/{rel}","templated":true}]}}