

{"id":1807,"date":"2020-07-24T16:46:32","date_gmt":"2020-07-24T15:46:32","guid":{"rendered":"https:\/\/sudocrem.wpenginepowered.com\/czstralia\/?page_id=1807"},"modified":"2025-07-21T15:38:44","modified_gmt":"2025-07-21T13:38:44","slug":"kde-koupit","status":"publish","type":"page","link":"https:\/\/sudocrem.com\/cz\/kde-koupit\/","title":{"rendered":"Kde koupit"},"content":{"rendered":"<p>P\u0159\u00edpravky zna\u010dky Sudocrem jsou k dost\u00e1n\u00ed v\u00a0kamenn\u00fdch l\u00e9k\u00e1rn\u00e1ch i\u00a0online. Kupte si p\u0159\u00edpravky zna\u010dky Sudocrem ihned online z\u00a0pohodl\u00ed va\u0161eho domova. Kliknut\u00edm na\u00a0odkaz budete p\u0159esm\u011brov\u00e1ni na\u00a0extern\u00ed webovou str\u00e1nku, kter\u00e1\u00a0nen\u00ed ve\u00a0zpr\u00e1v\u011b spole\u010dnosti Teva. Teva nep\u0159eb\u00edr\u00e1 \u017e\u00e1dnou odpov\u011bdnost za\u00a0obsah t\u011bchto webov\u00fdch str\u00e1nek.<\/p>\n<div class=\"mt-sm-5 d-flex align-items-center justify-content-center flex-wrap text-center\">\n<p><a href=\"https:\/\/www.lekarna.cz\/sudocrem\/\" target=\"_blank\" rel=\"noopener noreferrer\" aria-label=\"L\u00e9k\u00e1rna.cz\" title=\"L\u00e9k\u00e1rna.cz\"><br \/>\n  <img decoding=\"async\" class=\"m-3\" style=\"max-width: 150px; width: 100%;\" src=\"https:\/\/sudocrem.com\/cz\/wp-content\/uploads\/sites\/51\/2022\/04\/logo-lekarnacz.png\" alt=\"L\u00e9k\u00e1rna.cz logo\"><br \/>\n<\/a><\/p>\n<p><a href=\"https:\/\/www.drmax.cz\/sudocrem\" target=\"_blank\" rel=\"noopener noreferrer\" aria-label=\"drmax\" title=\"drmax\"><img decoding=\"async\" class=\"m-3\" style=\"max-width: 150px; width: 100%;\" src=\"https:\/\/sudocrem.com\/cz\/wp-content\/uploads\/sites\/51\/2022\/04\/logo-drmax.png\" alt=\"drmax\" \/><\/a><\/p>\n<p><a href=\"https:\/\/www.benu.cz\/sudocrem\" target=\"_blank\" rel=\"noopener noreferrer\" aria-label=\"benu\" title=\"benu\"><img decoding=\"async\" class=\"m-3\" style=\"max-width: 150px; width: 100%;\" src=\"https:\/\/sudocrem.com\/cz\/wp-content\/uploads\/sites\/51\/2022\/04\/logo-benu.png\" alt=\"benu\" \/><\/a><\/p>\n<p><a href=\"https:\/\/www.pilulka.cz\/sudocrem\" target=\"_blank\" rel=\"noopener noreferrer\" aria-label=\"pilulka\" title=\"pilulka\"><img decoding=\"async\" class=\"m-3\" style=\"max-width: 150px; width: 100%;\" src=\"https:\/\/sudocrem.com\/cz\/wp-content\/uploads\/sites\/51\/2022\/04\/logo-pilulka.png\" alt=\"pilulka\" \/><\/a><\/p>\n<p><a href=\"https:\/\/www.sleky.cz\/search?q=sudocrem\" target=\"_blank\" rel=\"noopener noreferrer\" aria-label=\"sleky\" title=\"sleky\"><img decoding=\"async\" class=\"m-3\" style=\"max-width: 150px; width: 100%;\" src=\"https:\/\/sudocrem.com\/cz\/wp-content\/uploads\/sites\/51\/2022\/04\/logo-sleky-cz.png\" alt=\"sleky\" \/><\/a><\/p>\n<p><a href=\"https:\/\/etabletka.sk\/?s=sudocrem\" target=\"_blank\" rel=\"noopener noreferrer\" aria-label=\"etabletka\" title=\"etabletka\"><img decoding=\"async\" class=\"m-3\" style=\"max-width: 150px; width: 100%;\" src=\"https:\/\/sudocrem.com\/cz\/wp-content\/uploads\/sites\/51\/2022\/04\/logo-etabletka.png\" alt=\"etabletka\" \/><\/a><\/p>\n<p><a href=\"https:\/\/www.euclekarna.cz\/search?sSearch=sudocrem\" target=\"_blank\" rel=\"noopener noreferrer\" aria-label=\"euclekarna\" title=\"euclekarna\"><img decoding=\"async\" class=\"m-3\" style=\"max-width: 150px; width: 100%;\" src=\"https:\/\/sudocrem.com\/cz\/wp-content\/uploads\/sites\/51\/2022\/04\/logo-euc-lekarna.png\" alt=\"euclekarna\" \/><\/a><\/p>\n<p><a href=\"https:\/\/www.chytralekarna.cz\/produkty\/vyhledavani?s=sudocrem\" target=\"_blank\" rel=\"noopener noreferrer\" aria-label=\"chytralekarna\" title=\"chytralekarna\"><img decoding=\"async\" class=\"m-3\" style=\"max-width: 150px; width: 100%;\" src=\"https:\/\/sudocrem.com\/cz\/wp-content\/uploads\/sites\/51\/2022\/04\/logo-chytra-lekarna.png\" alt=\"chytralekarna\" \/><\/a><\/p>\n<p><a href=\"https:\/\/www.magistra.cz\/cs\/sudocrem\" target=\"_blank\" rel=\"noopener noreferrer\" aria-label=\"magistra\" title=\"magistra\"><img decoding=\"async\" class=\"m-3\" style=\"max-width: 150px; width: 100%;\" src=\"https:\/\/sudocrem.com\/cz\/wp-content\/uploads\/sites\/51\/2022\/04\/logo-euc-magistra-cz.png\" alt=\"magistra\" \/><\/a><\/p>\n<p><a href=\"https:\/\/www.mojelekarna.cz\/vyhledavani?s=sudocrem\" target=\"_blank\" rel=\"noopener noreferrer\" aria-label=\"mojelekarna\" title=\"mojelekarna\"><img decoding=\"async\" style=\"max-width: 150px; width: 100%;\" src=\"https:\/\/sudocrem.com\/cz\/wp-content\/uploads\/sites\/51\/2022\/04\/logo-moje-lekarna.png\" alt=\"mojelekarna\" \/><\/a><\/p>\n<\/div>\n","protected":false},"excerpt":{"rendered":"<p>P\u0159\u00edpravky zna\u010dky Sudocrem jsou k dost\u00e1n\u00ed v\u00a0kamenn\u00fdch l\u00e9k\u00e1rn\u00e1ch i\u00a0online. Kupte si p\u0159\u00edpravky zna\u010dky Sudocrem ihned online z\u00a0pohodl\u00ed va\u0161eho domova. Kliknut\u00edm na\u00a0odkaz budete p\u0159esm\u011brov\u00e1ni na\u00a0extern\u00ed webovou str\u00e1nku, kter\u00e1\u00a0nen\u00ed ve\u00a0zpr\u00e1v\u011b spole\u010dnosti Teva. Teva nep\u0159eb\u00edr\u00e1 \u017e\u00e1dnou odpov\u011bdnost za\u00a0obsah t\u011bchto webov\u00fdch str\u00e1nek. [&#8230;]<\/p>\n<p><a aria-label=\"Sudocrem\"  class=\"btn btn-purple round btn-secondary understrap-read-more-link\" href=\"https:\/\/sudocrem.com\/cz\/kde-koupit\/\">CONTINUE READING<\/a><\/p>\n","protected":false},"author":1,"featured_media":1978,"parent":0,"menu_order":0,"comment_status":"closed","ping_status":"closed","template":"page-templates\/top-menu-page.php","meta":{"footnotes":""},"class_list":["post-1807","page","type-page","status-publish","has-post-thumbnail","hentry"],"yoast_head":"<!-- This site is optimized with the Yoast SEO plugin v14.6.1 - https:\/\/yoast.com\/wordpress\/plugins\/seo\/ -->\n<title>Kde koupit - Sudocrem Czechia<\/title>\n<meta name=\"robots\" content=\"index, follow\" \/>\n<meta name=\"googlebot\" content=\"index, follow, max-snippet:-1, max-image-preview:large, max-video-preview:-1\" \/>\n<meta name=\"bingbot\" content=\"index, follow, max-snippet:-1, max-image-preview:large, max-video-preview:-1\" \/>\n<link rel=\"canonical\" href=\"https:\/\/sudocrem.com\/cz\/kde-koupit\/\" \/>\n<meta property=\"og:locale\" content=\"cs_CZ\" \/>\n<meta property=\"og:type\" content=\"article\" \/>\n<meta property=\"og:title\" content=\"Kde koupit - Sudocrem Czechia\" \/>\n<meta property=\"og:description\" content=\"P\u0159\u00edpravky zna\u010dky Sudocrem jsou k dost\u00e1n\u00ed v\u00a0kamenn\u00fdch l\u00e9k\u00e1rn\u00e1ch i\u00a0online. Kupte si p\u0159\u00edpravky zna\u010dky Sudocrem ihned online z\u00a0pohodl\u00ed va\u0161eho domova. Kliknut\u00edm na\u00a0odkaz budete p\u0159esm\u011brov\u00e1ni na\u00a0extern\u00ed webovou str\u00e1nku, kter\u00e1\u00a0nen\u00ed ve\u00a0zpr\u00e1v\u011b spole\u010dnosti Teva. Teva nep\u0159eb\u00edr\u00e1 \u017e\u00e1dnou odpov\u011bdnost za\u00a0obsah t\u011bchto webov\u00fdch str\u00e1nek. [...]CONTINUE READING\" \/>\n<meta property=\"og:url\" content=\"https:\/\/sudocrem.com\/cz\/kde-koupit\/\" \/>\n<meta property=\"og:site_name\" content=\"Sudocrem Czechia\" \/>\n<meta property=\"article:modified_time\" content=\"2025-07-21T13:38:44+00:00\" \/>\n<meta property=\"og:image\" content=\"https:\/\/sudocrem.com\/cz\/wp-content\/uploads\/sites\/51\/2024\/06\/Banner_3_1920x820_NEW.jpg\" \/>\n\t<meta property=\"og:image:width\" content=\"1920\" \/>\n\t<meta property=\"og:image:height\" content=\"820\" \/>\n<meta name=\"twitter:card\" content=\"summary_large_image\" \/>\n<script type=\"application\/ld+json\" class=\"yoast-schema-graph\">{\"@context\":\"https:\/\/schema.org\",\"@graph\":[{\"@type\":\"WebSite\",\"@id\":\"https:\/\/sudocrem.com\/cz\/#website\",\"url\":\"https:\/\/sudocrem.com\/cz\/\",\"name\":\"Sudocrem Czechia\",\"description\":\"Just another Sudocrem International site\",\"potentialAction\":[{\"@type\":\"SearchAction\",\"target\":\"https:\/\/sudocrem.com\/cz\/?s={search_term_string}\",\"query-input\":\"required name=search_term_string\"}],\"inLanguage\":\"cs-CZ\"},{\"@type\":\"ImageObject\",\"@id\":\"https:\/\/sudocrem.com\/cz\/kde-koupit\/#primaryimage\",\"inLanguage\":\"cs-CZ\",\"url\":\"https:\/\/sudocrem.com\/cz\/wp-content\/uploads\/sites\/51\/2024\/06\/Banner_3_1920x820_NEW.jpg\",\"width\":1920,\"height\":820,\"caption\":\"Banner_3_1920x820_NEW\"},{\"@type\":\"WebPage\",\"@id\":\"https:\/\/sudocrem.com\/cz\/kde-koupit\/#webpage\",\"url\":\"https:\/\/sudocrem.com\/cz\/kde-koupit\/\",\"name\":\"Kde koupit - Sudocrem Czechia\",\"isPartOf\":{\"@id\":\"https:\/\/sudocrem.com\/cz\/#website\"},\"primaryImageOfPage\":{\"@id\":\"https:\/\/sudocrem.com\/cz\/kde-koupit\/#primaryimage\"},\"datePublished\":\"2020-07-24T15:46:32+00:00\",\"dateModified\":\"2025-07-21T13:38:44+00:00\",\"inLanguage\":\"cs-CZ\",\"potentialAction\":[{\"@type\":\"ReadAction\",\"target\":[\"https:\/\/sudocrem.com\/cz\/kde-koupit\/\"]}]}]}<\/script>\n<!-- \/ Yoast SEO plugin. -->","_links":{"self":[{"href":"https:\/\/sudocrem.com\/cz\/wp-json\/wp\/v2\/pages\/1807","targetHints":{"allow":["GET"]}}],"collection":[{"href":"https:\/\/sudocrem.com\/cz\/wp-json\/wp\/v2\/pages"}],"about":[{"href":"https:\/\/sudocrem.com\/cz\/wp-json\/wp\/v2\/types\/page"}],"author":[{"embeddable":true,"href":"https:\/\/sudocrem.com\/cz\/wp-json\/wp\/v2\/users\/1"}],"replies":[{"embeddable":true,"href":"https:\/\/sudocrem.com\/cz\/wp-json\/wp\/v2\/comments?post=1807"}],"version-history":[{"count":0,"href":"https:\/\/sudocrem.com\/cz\/wp-json\/wp\/v2\/pages\/1807\/revisions"}],"wp:featuredmedia":[{"embeddable":true,"href":"https:\/\/sudocrem.com\/cz\/wp-json\/wp\/v2\/media\/1978"}],"wp:attachment":[{"href":"https:\/\/sudocrem.com\/cz\/wp-json\/wp\/v2\/media?parent=1807"}],"curies":[{"name":"wp","href":"https:\/\/api.w.org\/{rel}","templated":true}]}}