

{"id":2048,"date":"2024-06-21T13:19:08","date_gmt":"2024-06-21T11:19:08","guid":{"rendered":"https:\/\/sudocrem.wpenginepowered.com\/cz\/?page_id=2048"},"modified":"2025-03-21T16:32:17","modified_gmt":"2025-03-21T15:32:17","slug":"iritacni-kontaktni-dermatitida","status":"publish","type":"page","link":"https:\/\/sudocrem.com\/cz\/dalsi-ucely-pouziti\/iritacni-kontaktni-dermatitida\/","title":{"rendered":"Irita\u010dn\u00ed kontaktn\u00ed dermatitida"},"content":{"rendered":"","protected":false},"excerpt":{"rendered":"<p> [&#8230;]<\/p>\n<p><a aria-label=\"Sudocrem\"  class=\"btn btn-purple round btn-secondary understrap-read-more-link\" href=\"https:\/\/sudocrem.com\/cz\/dalsi-ucely-pouziti\/iritacni-kontaktni-dermatitida\/\">CONTINUE READING<\/a><\/p>\n","protected":false},"author":1,"featured_media":2049,"parent":2025,"menu_order":0,"comment_status":"closed","ping_status":"closed","template":"page-templates\/your-skin-page.php","meta":{"footnotes":""},"class_list":["post-2048","page","type-page","status-publish","has-post-thumbnail","hentry"],"yoast_head":"<!-- This site is optimized with the Yoast SEO plugin v14.6.1 - https:\/\/yoast.com\/wordpress\/plugins\/seo\/ -->\n<title>Irita\u010dn\u00ed kontaktn\u00ed dermatitida - Sudocrem Czechia<\/title>\n<meta name=\"robots\" content=\"index, follow\" \/>\n<meta name=\"googlebot\" content=\"index, follow, max-snippet:-1, max-image-preview:large, max-video-preview:-1\" \/>\n<meta name=\"bingbot\" content=\"index, follow, max-snippet:-1, max-image-preview:large, max-video-preview:-1\" \/>\n<link rel=\"canonical\" href=\"https:\/\/sudocrem.com\/cz\/dalsi-ucely-pouziti\/iritacni-kontaktni-dermatitida\/\" \/>\n<meta property=\"og:locale\" content=\"cs_CZ\" \/>\n<meta property=\"og:type\" content=\"article\" \/>\n<meta property=\"og:title\" content=\"Irita\u010dn\u00ed kontaktn\u00ed dermatitida - Sudocrem Czechia\" \/>\n<meta property=\"og:description\" content=\"[...]CONTINUE READING\" \/>\n<meta property=\"og:url\" content=\"https:\/\/sudocrem.com\/cz\/dalsi-ucely-pouziti\/iritacni-kontaktni-dermatitida\/\" \/>\n<meta property=\"og:site_name\" content=\"Sudocrem Czechia\" \/>\n<meta property=\"article:modified_time\" content=\"2025-03-21T15:32:17+00:00\" \/>\n<meta property=\"og:image\" content=\"https:\/\/sudocrem.com\/cz\/wp-content\/uploads\/sites\/51\/2024\/06\/iritation-contact-dermatities-epanded@2x.jpg\" \/>\n\t<meta property=\"og:image:width\" content=\"2560\" \/>\n\t<meta property=\"og:image:height\" content=\"494\" \/>\n<meta name=\"twitter:card\" content=\"summary_large_image\" \/>\n<script type=\"application\/ld+json\" class=\"yoast-schema-graph\">{\"@context\":\"https:\/\/schema.org\",\"@graph\":[{\"@type\":\"WebSite\",\"@id\":\"https:\/\/sudocrem.com\/cz\/#website\",\"url\":\"https:\/\/sudocrem.com\/cz\/\",\"name\":\"Sudocrem Czechia\",\"description\":\"Just another Sudocrem International site\",\"potentialAction\":[{\"@type\":\"SearchAction\",\"target\":\"https:\/\/sudocrem.com\/cz\/?s={search_term_string}\",\"query-input\":\"required name=search_term_string\"}],\"inLanguage\":\"cs-CZ\"},{\"@type\":\"ImageObject\",\"@id\":\"https:\/\/sudocrem.com\/cz\/dalsi-ucely-pouziti\/iritacni-kontaktni-dermatitida\/#primaryimage\",\"inLanguage\":\"cs-CZ\",\"url\":\"https:\/\/sudocrem.com\/cz\/wp-content\/uploads\/sites\/51\/2024\/06\/iritation-contact-dermatities-epanded@2x.jpg\",\"width\":2560,\"height\":494,\"caption\":\"iritation contact dermatities epanded@2x\"},{\"@type\":\"WebPage\",\"@id\":\"https:\/\/sudocrem.com\/cz\/dalsi-ucely-pouziti\/iritacni-kontaktni-dermatitida\/#webpage\",\"url\":\"https:\/\/sudocrem.com\/cz\/dalsi-ucely-pouziti\/iritacni-kontaktni-dermatitida\/\",\"name\":\"Irita\\u010dn\\u00ed kontaktn\\u00ed dermatitida - Sudocrem Czechia\",\"isPartOf\":{\"@id\":\"https:\/\/sudocrem.com\/cz\/#website\"},\"primaryImageOfPage\":{\"@id\":\"https:\/\/sudocrem.com\/cz\/dalsi-ucely-pouziti\/iritacni-kontaktni-dermatitida\/#primaryimage\"},\"datePublished\":\"2024-06-21T11:19:08+00:00\",\"dateModified\":\"2025-03-21T15:32:17+00:00\",\"inLanguage\":\"cs-CZ\",\"potentialAction\":[{\"@type\":\"ReadAction\",\"target\":[\"https:\/\/sudocrem.com\/cz\/dalsi-ucely-pouziti\/iritacni-kontaktni-dermatitida\/\"]}]}]}<\/script>\n<!-- \/ Yoast SEO plugin. -->","_links":{"self":[{"href":"https:\/\/sudocrem.com\/cz\/wp-json\/wp\/v2\/pages\/2048","targetHints":{"allow":["GET"]}}],"collection":[{"href":"https:\/\/sudocrem.com\/cz\/wp-json\/wp\/v2\/pages"}],"about":[{"href":"https:\/\/sudocrem.com\/cz\/wp-json\/wp\/v2\/types\/page"}],"author":[{"embeddable":true,"href":"https:\/\/sudocrem.com\/cz\/wp-json\/wp\/v2\/users\/1"}],"replies":[{"embeddable":true,"href":"https:\/\/sudocrem.com\/cz\/wp-json\/wp\/v2\/comments?post=2048"}],"version-history":[{"count":0,"href":"https:\/\/sudocrem.com\/cz\/wp-json\/wp\/v2\/pages\/2048\/revisions"}],"up":[{"embeddable":true,"href":"https:\/\/sudocrem.com\/cz\/wp-json\/wp\/v2\/pages\/2025"}],"wp:featuredmedia":[{"embeddable":true,"href":"https:\/\/sudocrem.com\/cz\/wp-json\/wp\/v2\/media\/2049"}],"wp:attachment":[{"href":"https:\/\/sudocrem.com\/cz\/wp-json\/wp\/v2\/media?parent=2048"}],"curies":[{"name":"wp","href":"https:\/\/api.w.org\/{rel}","templated":true}]}}