

{"id":2145,"date":"2025-02-26T16:36:59","date_gmt":"2025-02-26T15:36:59","guid":{"rendered":"https:\/\/sudocrem.wpenginepowered.com\/cz\/?page_id=2145"},"modified":"2025-04-02T18:23:19","modified_gmt":"2025-04-02T16:23:19","slug":"kdy-a-jak-pouzivat","status":"publish","type":"page","link":"https:\/\/sudocrem.com\/cz\/my-little-sudocrem\/kdy-a-jak-pouzivat\/","title":{"rendered":"Kdy a jak pou\u017e\u00edvat?"},"content":{"rendered":"<h5>Kdy pou\u017e\u00edvat My Little Sudocrem<\/h5>\n<p>My Little Sudocrem pom\u00e1h\u00e1 zklidnit such\u00e1 m\u00edsta na poko\u017ece, zm\u00edrnit za\u010derven\u00e1n\u00ed a navr\u00e1tit j\u00ed jej\u00ed vl\u00e1\u010dnost. Osv\u011bd\u010den\u00e9 slo\u017een\u00ed zklid\u0148uje a chr\u00e1n\u00ed citlivou poko\u017eku; vytv\u00e1\u0159\u00ed bari\u00e9ru, kter\u00e1 chr\u00e1n\u00ed poko\u017eku p\u0159ed podr\u00e1\u017ed\u011bn\u00edm a pom\u00e1h\u00e1 zachovat jej\u00ed p\u0159irozen\u00e9 vlastnosti.<br \/>\nCestovn\u00ed balen\u00ed umo\u017en\u00ed m\u00edt jej v\u017edy p\u0159i sob\u011b pro r\u016fzn\u00e1 pou\u017eit\u00ed, vhodn\u00e9 pro v\u0161echny: od rodi\u010d\u016f p\u0159es teenagery, od cyklist\u016f po b\u011b\u017ece a pro v\u0161echny ostatn\u00ed; zklid\u0148uje a chr\u00e1n\u00ed poko\u017eku p\u0159i ka\u017edodenn\u00edch dobrodru\u017estv\u00edch.<\/p>\n<p>&nbsp;<\/p>\n<p>&nbsp;<\/p>\n<hr class=\"red\" \/>\n<p>&nbsp;<\/p>\n<h5>Jak pou\u017e\u00edvat My Little Sudocrem<\/h5>\n<p>P\u0159ed pou\u017eit\u00edm si umyjte ruce.<br \/>\nP\u0159ed nanesen\u00edm kr\u00e9mu na poko\u017eku se ujist\u011bte, \u017ee poko\u017eka je \u010dist\u00e1 a\u00a0such\u00e1.<br \/>\nRozet\u0159ete na poko\u017eku tenkou vrstvu kr\u00e9mu dle pot\u0159eby.<br \/>\nJemn\u00e9 slo\u017een\u00ed kr\u00e9mu umo\u017e\u0148uje pou\u017eit\u00ed tak \u010dasto, jak je pot\u0159eba.<br \/>\nVhodn\u00e9 ji\u017e od narozen\u00ed, u d\u011bt\u00ed mlad\u0161\u00edch 3 let pou\u017e\u00edvejte jen v plenkov\u00e9 oblasti.<br \/>\nPouze pro vn\u011bj\u0161\u00ed pou\u017eit\u00ed. Vyhn\u011bte se kontaktu s o\u010dima.<\/p>\n<p>&nbsp;<\/p>\n","protected":false},"excerpt":{"rendered":"<p>Kdy pou\u017e\u00edvat My Little Sudocrem My Little Sudocrem pom\u00e1h\u00e1 zklidnit such\u00e1 m\u00edsta na poko\u017ece, zm\u00edrnit za\u010derven\u00e1n\u00ed a navr\u00e1tit j\u00ed jej\u00ed vl\u00e1\u010dnost. Osv\u011bd\u010den\u00e9 slo\u017een\u00ed zklid\u0148uje a chr\u00e1n\u00ed citlivou poko\u017eku; vytv\u00e1\u0159\u00ed bari\u00e9ru, kter\u00e1 chr\u00e1n\u00ed poko\u017eku p\u0159ed podr\u00e1\u017ed\u011bn\u00edm a pom\u00e1h\u00e1 zachovat jej\u00ed p\u0159irozen\u00e9 vlastnosti. Cestovn\u00ed balen\u00ed umo\u017en\u00ed m\u00edt jej v\u017edy p\u0159i sob\u011b pro r\u016fzn\u00e1 pou\u017eit\u00ed, vhodn\u00e9 pro v\u0161echny: [&#8230;]<\/p>\n<p><a aria-label=\"Sudocrem\"  class=\"btn btn-purple round btn-secondary understrap-read-more-link\" href=\"https:\/\/sudocrem.com\/cz\/my-little-sudocrem\/kdy-a-jak-pouzivat\/\">CONTINUE READING<\/a><\/p>\n","protected":false},"author":1,"featured_media":2141,"parent":2137,"menu_order":0,"comment_status":"closed","ping_status":"closed","template":"page-templates\/top-menu-page.php","meta":{"footnotes":""},"class_list":["post-2145","page","type-page","status-publish","has-post-thumbnail","hentry"],"yoast_head":"<!-- This site is optimized with the Yoast SEO plugin v14.6.1 - https:\/\/yoast.com\/wordpress\/plugins\/seo\/ -->\n<title>Kdy a jak pou\u017e\u00edvat? - Sudocrem Czechia<\/title>\n<meta name=\"robots\" content=\"index, follow\" \/>\n<meta name=\"googlebot\" content=\"index, follow, max-snippet:-1, max-image-preview:large, max-video-preview:-1\" \/>\n<meta name=\"bingbot\" content=\"index, follow, max-snippet:-1, max-image-preview:large, max-video-preview:-1\" \/>\n<link rel=\"canonical\" href=\"https:\/\/sudocrem.com\/cz\/my-little-sudocrem\/kdy-a-jak-pouzivat\/\" \/>\n<meta property=\"og:locale\" content=\"cs_CZ\" \/>\n<meta property=\"og:type\" content=\"article\" \/>\n<meta property=\"og:title\" content=\"Kdy a jak pou\u017e\u00edvat? - Sudocrem Czechia\" \/>\n<meta property=\"og:description\" content=\"Kdy pou\u017e\u00edvat My Little Sudocrem My Little Sudocrem pom\u00e1h\u00e1 zklidnit such\u00e1 m\u00edsta na poko\u017ece, zm\u00edrnit za\u010derven\u00e1n\u00ed a navr\u00e1tit j\u00ed jej\u00ed vl\u00e1\u010dnost. Osv\u011bd\u010den\u00e9 slo\u017een\u00ed zklid\u0148uje a chr\u00e1n\u00ed citlivou poko\u017eku; vytv\u00e1\u0159\u00ed bari\u00e9ru, kter\u00e1 chr\u00e1n\u00ed poko\u017eku p\u0159ed podr\u00e1\u017ed\u011bn\u00edm a pom\u00e1h\u00e1 zachovat jej\u00ed p\u0159irozen\u00e9 vlastnosti. Cestovn\u00ed balen\u00ed umo\u017en\u00ed m\u00edt jej v\u017edy p\u0159i sob\u011b pro r\u016fzn\u00e1 pou\u017eit\u00ed, vhodn\u00e9 pro v\u0161echny: [...]CONTINUE READING\" \/>\n<meta property=\"og:url\" content=\"https:\/\/sudocrem.com\/cz\/my-little-sudocrem\/kdy-a-jak-pouzivat\/\" \/>\n<meta property=\"og:site_name\" content=\"Sudocrem Czechia\" \/>\n<meta property=\"article:modified_time\" content=\"2025-04-02T16:23:19+00:00\" \/>\n<meta property=\"og:image\" content=\"https:\/\/sudocrem.com\/cz\/wp-content\/uploads\/sites\/51\/2025\/02\/MLS_Top-banner.jpg\" \/>\n\t<meta property=\"og:image:width\" content=\"1920\" \/>\n\t<meta property=\"og:image:height\" content=\"416\" \/>\n<meta name=\"twitter:card\" content=\"summary_large_image\" \/>\n<script type=\"application\/ld+json\" class=\"yoast-schema-graph\">{\"@context\":\"https:\/\/schema.org\",\"@graph\":[{\"@type\":\"WebSite\",\"@id\":\"https:\/\/sudocrem.com\/cz\/#website\",\"url\":\"https:\/\/sudocrem.com\/cz\/\",\"name\":\"Sudocrem Czechia\",\"description\":\"Just another Sudocrem International site\",\"potentialAction\":[{\"@type\":\"SearchAction\",\"target\":\"https:\/\/sudocrem.com\/cz\/?s={search_term_string}\",\"query-input\":\"required name=search_term_string\"}],\"inLanguage\":\"cs-CZ\"},{\"@type\":\"ImageObject\",\"@id\":\"https:\/\/sudocrem.com\/cz\/my-little-sudocrem\/kdy-a-jak-pouzivat\/#primaryimage\",\"inLanguage\":\"cs-CZ\",\"url\":\"https:\/\/sudocrem.com\/cz\/wp-content\/uploads\/sites\/51\/2025\/02\/MLS_Top-banner.jpg\",\"width\":1920,\"height\":416,\"caption\":\"MLS_Top-banner\"},{\"@type\":\"WebPage\",\"@id\":\"https:\/\/sudocrem.com\/cz\/my-little-sudocrem\/kdy-a-jak-pouzivat\/#webpage\",\"url\":\"https:\/\/sudocrem.com\/cz\/my-little-sudocrem\/kdy-a-jak-pouzivat\/\",\"name\":\"Kdy a jak pou\\u017e\\u00edvat? - Sudocrem Czechia\",\"isPartOf\":{\"@id\":\"https:\/\/sudocrem.com\/cz\/#website\"},\"primaryImageOfPage\":{\"@id\":\"https:\/\/sudocrem.com\/cz\/my-little-sudocrem\/kdy-a-jak-pouzivat\/#primaryimage\"},\"datePublished\":\"2025-02-26T15:36:59+00:00\",\"dateModified\":\"2025-04-02T16:23:19+00:00\",\"inLanguage\":\"cs-CZ\",\"potentialAction\":[{\"@type\":\"ReadAction\",\"target\":[\"https:\/\/sudocrem.com\/cz\/my-little-sudocrem\/kdy-a-jak-pouzivat\/\"]}]}]}<\/script>\n<!-- \/ Yoast SEO plugin. -->","_links":{"self":[{"href":"https:\/\/sudocrem.com\/cz\/wp-json\/wp\/v2\/pages\/2145","targetHints":{"allow":["GET"]}}],"collection":[{"href":"https:\/\/sudocrem.com\/cz\/wp-json\/wp\/v2\/pages"}],"about":[{"href":"https:\/\/sudocrem.com\/cz\/wp-json\/wp\/v2\/types\/page"}],"author":[{"embeddable":true,"href":"https:\/\/sudocrem.com\/cz\/wp-json\/wp\/v2\/users\/1"}],"replies":[{"embeddable":true,"href":"https:\/\/sudocrem.com\/cz\/wp-json\/wp\/v2\/comments?post=2145"}],"version-history":[{"count":0,"href":"https:\/\/sudocrem.com\/cz\/wp-json\/wp\/v2\/pages\/2145\/revisions"}],"up":[{"embeddable":true,"href":"https:\/\/sudocrem.com\/cz\/wp-json\/wp\/v2\/pages\/2137"}],"wp:featuredmedia":[{"embeddable":true,"href":"https:\/\/sudocrem.com\/cz\/wp-json\/wp\/v2\/media\/2141"}],"wp:attachment":[{"href":"https:\/\/sudocrem.com\/cz\/wp-json\/wp\/v2\/media?parent=2145"}],"curies":[{"name":"wp","href":"https:\/\/api.w.org\/{rel}","templated":true}]}}