

{"id":318,"date":"2018-12-11T14:11:03","date_gmt":"2018-12-11T14:11:03","guid":{"rendered":"http:\/\/www.sudocrem.co.uk\/?page_id=318"},"modified":"2024-07-02T14:00:30","modified_gmt":"2024-07-02T12:00:30","slug":"jak-rozpoznat-plenkovou-dermatitidu","status":"publish","type":"page","link":"https:\/\/sudocrem.com\/cz\/plenkova-dermatitida\/jak-rozpoznat-plenkovou-dermatitidu\/","title":{"rendered":"Jak rozpoznat plenkovou dermatitidu"},"content":{"rendered":"<h5>Jak rozpoznat plenkovou dermatitidu?<\/h5>\n<p>Jednodu\u0161e rozpoznat plenkovou dermatitidu m\u016f\u017eete podle n\u00e1sleduj\u00edc\u00edch p\u0159\u00edznak\u016f:<\/p>\n<p><strong>&nbsp;<\/strong><\/p>\n<ul>\n<li>M\u00edrn\u00e9 zarudnut\u00ed v&nbsp;oblasti pod&nbsp;plenou \u010dasto postihuje ko\u017en\u00ed z\u00e1hyby.<\/li>\n<li>Zade\u010dek a&nbsp;horn\u00ed \u010d\u00e1st stehen va\u0161eho d\u00edt\u011bte mohou b\u00fdt zarudl\u00e9 a&nbsp;vlhk\u00e9.<\/li>\n<li>Poko\u017eka m\u016f\u017ee b\u00fdt tak\u00e9 skvrnit\u00e1, hork\u00e1 a&nbsp;bolestiv\u00e1 na&nbsp;dotek.<\/li>\n<li>Mohou se&nbsp;objevit \u0161upinky na&nbsp;poko\u017ece.<\/li>\n<li>V z\u00e1va\u017en\u011bj\u0161\u00edch p\u0159\u00edpadech se&nbsp;mohou objevit pup\u00ednky a\u017e puch\u00fd\u0159ky, p\u0159\u00edpadn\u011b jin\u00e9 projevy na&nbsp;poko\u017ece.<\/li>\n<\/ul>\n<p>&nbsp;<br \/>\nPou\u017e\u00edv\u00e1n\u00ed kr\u00e9mu Sudocrem MULTI-EXPERT&nbsp;po&nbsp;ka\u017ed\u00e9m p\u0159ebalen\u00ed zklid\u0148uje podr\u00e1\u017ed\u011bn\u00ed a&nbsp;pom\u00e1h\u00e1 l\u00e9\u010dit plenkovou dermatitidu. Nav\u00edc citlivou poko\u017eku chr\u00e1n\u00ed.<\/p>\n<p>&nbsp;<\/p>\n<h5>Plenkov\u00e1 dermatitida<\/h5>\n<p>I kdy\u017e&nbsp;si mo\u017en\u00e1 mysl\u00edte, \u017ee&nbsp;plenkov\u00e1 dermatitida je&nbsp;v\u017edy stejn\u00e1, ve&nbsp;skute\u010dnosti tomu tak&nbsp;nen\u00ed. <\/p>\n<p>&nbsp;<br \/>\nNej\u010dast\u011bji se&nbsp;vyskytuje plenkov\u00e1 dermatitida \u201eb\u011b\u017en\u00e1\u201c, bez komplikac\u00ed. Poko\u017eka je&nbsp;za\u010dervenal\u00e1, m\u016f\u017ee b\u00fdt leskl\u00e1 a&nbsp;bolestiv\u00e1 na&nbsp;dotek. Obvykle b\u00fdv\u00e1 d\u016fsledkem nedostate\u010dn\u00e9 hygieny, del\u0161\u00edho kontaktu zne\u010di\u0161t\u011bn\u00e9 pleny s&nbsp;citlivou poko\u017ekou d\u00edt\u011bte (dr\u00e1\u017ediv\u00fd vliv mo\u010di a&nbsp;stolice, vlhkost v&nbsp;plen\u011b).<br \/>\nP\u0159i&nbsp;dodr\u017eov\u00e1n\u00ed re\u017eimov\u00fdch opat\u0159en\u00ed by&nbsp;m\u011bly projevy plenkov\u00e9 dermatitidy ustoupit b\u011bhem n\u011bkolika dn\u00ed. N\u011bkdy n\u00e1s m\u016f\u017ee \u00fastup p\u0159\u00edznak\u016f a\u017e p\u0159ekvapit, k&nbsp;\u00falev\u011b p\u0159ich\u00e1z\u00ed b\u011bhem p\u00e1r hodin.\n<\/p>\n<p>&nbsp;<\/p>\n<h5>Komplikace p\u0159i&nbsp;plenkov\u00e9 dermatitid\u011b<\/h5>\n<p>Nej\u010dast\u011bj\u0161\u00ed komplikac\u00ed je&nbsp;druhotn\u00e1 kvasinkov\u00e1 infekce. Na&nbsp;poko\u017ece b\u00fdvaj\u00ed p\u0159\u00edtomny \u010derven\u00e9 skvrny, vytv\u00e1\u0159ej\u00ed se&nbsp;pup\u00ednky a\u017e puch\u00fd\u0159ky. Posti\u017een\u00e1 oblast m\u016f\u017ee b\u00fdt otekl\u00e1 a&nbsp;m\u016f\u017ee b\u00fdt i&nbsp;bolestiv\u00e1. Takto posti\u017een\u00e1 poko\u017eka vy\u017eaduje zvl\u00e1\u0161tn\u00ed p\u00e9\u010di.&nbsp;Je&nbsp;t\u0159eba se&nbsp;poradit s&nbsp;pediatrem \u010di&nbsp;dermatologem. Pokud se&nbsp;tato infekce potvrd\u00ed, obvykle se&nbsp;l\u00e9\u010d\u00ed protikvasinkovou mast\u00ed. Jej\u00ed l\u00e9\u010dba vy\u017eaduje ur\u010ditou dobu. Nad\u00e1le se&nbsp;doporu\u010duje pokra\u010dovat i&nbsp;v&nbsp;re\u017eimov\u00fdch opat\u0159en\u00edch.<\/p>\n<p>&nbsp;<br \/>\nDal\u0161\u00ed komplikac\u00ed je&nbsp;druhotn\u00e1 bakteri\u00e1ln\u00ed infekce. I&nbsp;tento stav obvykle vznikne p\u0159i&nbsp;p\u0159etrv\u00e1v\u00e1n\u00ed tzv. b\u011b\u017en\u00e9 plenkov\u00e9 dermatitidy, kdy&nbsp;je&nbsp;poko\u017eka naru\u0161ena, oslabena a&nbsp;sn\u00e1ze se&nbsp;m\u016f\u017ee infikovat bakteriemi. Obvykle vy\u017eaduje pou\u017eit\u00ed antibiotick\u00e9 masti.&nbsp;Je&nbsp;t\u0159eba se&nbsp;poradit s&nbsp;pediatrem \u010di&nbsp;dermatologem. Nad\u00e1le se&nbsp;doporu\u010duje pokra\u010dovat i&nbsp;v&nbsp;re\u017eimov\u00fdch opat\u0159en\u00edch.<\/p>\n","protected":false},"excerpt":{"rendered":"<p>Jak rozpoznat plenkovou dermatitidu? Jednodu\u0161e rozpoznat plenkovou dermatitidu m\u016f\u017eete podle n\u00e1sleduj\u00edc\u00edch p\u0159\u00edznak\u016f: &nbsp; M\u00edrn\u00e9 zarudnut\u00ed v&nbsp;oblasti pod&nbsp;plenou \u010dasto postihuje ko\u017en\u00ed z\u00e1hyby. Zade\u010dek a&nbsp;horn\u00ed \u010d\u00e1st stehen va\u0161eho d\u00edt\u011bte mohou b\u00fdt zarudl\u00e9 a&nbsp;vlhk\u00e9. Poko\u017eka m\u016f\u017ee b\u00fdt tak\u00e9 skvrnit\u00e1, hork\u00e1 a&nbsp;bolestiv\u00e1 na&nbsp;dotek. Mohou se&nbsp;objevit \u0161upinky na&nbsp;poko\u017ece. V z\u00e1va\u017en\u011bj\u0161\u00edch p\u0159\u00edpadech se&nbsp;mohou objevit pup\u00ednky a\u017e puch\u00fd\u0159ky, p\u0159\u00edpadn\u011b jin\u00e9 projevy na&nbsp;poko\u017ece. [&#8230;]<\/p>\n<p><a aria-label=\"Sudocrem\"  class=\"btn btn-purple round btn-secondary understrap-read-more-link\" href=\"https:\/\/sudocrem.com\/cz\/plenkova-dermatitida\/jak-rozpoznat-plenkovou-dermatitidu\/\">CONTINUE READING<\/a><\/p>\n","protected":false},"author":2,"featured_media":1670,"parent":754,"menu_order":1,"comment_status":"closed","ping_status":"closed","template":"page-templates\/top-menu-page.php","meta":{"footnotes":""},"class_list":["post-318","page","type-page","status-publish","has-post-thumbnail","hentry"],"yoast_head":"<!-- This site is optimized with the Yoast SEO plugin v14.6.1 - https:\/\/yoast.com\/wordpress\/plugins\/seo\/ -->\n<title>Jak rozpoznat plenkovou dermatitidu - Sudocrem Czechia<\/title>\n<meta name=\"robots\" content=\"index, follow\" \/>\n<meta name=\"googlebot\" content=\"index, follow, max-snippet:-1, max-image-preview:large, max-video-preview:-1\" \/>\n<meta name=\"bingbot\" content=\"index, follow, max-snippet:-1, max-image-preview:large, max-video-preview:-1\" \/>\n<link rel=\"canonical\" href=\"https:\/\/sudocrem.com\/cz\/plenkova-dermatitida\/jak-rozpoznat-plenkovou-dermatitidu\/\" \/>\n<meta property=\"og:locale\" content=\"cs_CZ\" \/>\n<meta property=\"og:type\" content=\"article\" \/>\n<meta property=\"og:title\" content=\"Jak rozpoznat plenkovou dermatitidu - Sudocrem Czechia\" \/>\n<meta property=\"og:description\" content=\"Jak rozpoznat plenkovou dermatitidu? Jednodu\u0161e rozpoznat plenkovou dermatitidu m\u016f\u017eete podle n\u00e1sleduj\u00edc\u00edch p\u0159\u00edznak\u016f: &nbsp; M\u00edrn\u00e9 zarudnut\u00ed v&nbsp;oblasti pod&nbsp;plenou \u010dasto postihuje ko\u017en\u00ed z\u00e1hyby. Zade\u010dek a&nbsp;horn\u00ed \u010d\u00e1st stehen va\u0161eho d\u00edt\u011bte mohou b\u00fdt zarudl\u00e9 a&nbsp;vlhk\u00e9. Poko\u017eka m\u016f\u017ee b\u00fdt tak\u00e9 skvrnit\u00e1, hork\u00e1 a&nbsp;bolestiv\u00e1 na&nbsp;dotek. Mohou se&nbsp;objevit \u0161upinky na&nbsp;poko\u017ece. V z\u00e1va\u017en\u011bj\u0161\u00edch p\u0159\u00edpadech se&nbsp;mohou objevit pup\u00ednky a\u017e puch\u00fd\u0159ky, p\u0159\u00edpadn\u011b jin\u00e9 projevy na&nbsp;poko\u017ece. [...]CONTINUE READING\" \/>\n<meta property=\"og:url\" content=\"https:\/\/sudocrem.com\/cz\/plenkova-dermatitida\/jak-rozpoznat-plenkovou-dermatitidu\/\" \/>\n<meta property=\"og:site_name\" content=\"Sudocrem Czechia\" \/>\n<meta property=\"article:modified_time\" content=\"2024-07-02T12:00:30+00:00\" \/>\n<meta property=\"og:image\" content=\"https:\/\/sudocrem.com\/cz\/wp-content\/uploads\/sites\/51\/2020\/07\/Sud_Nappy-rash_Top-banner.jpg\" \/>\n\t<meta property=\"og:image:width\" content=\"1920\" \/>\n\t<meta property=\"og:image:height\" content=\"742\" \/>\n<meta name=\"twitter:card\" content=\"summary_large_image\" \/>\n<script type=\"application\/ld+json\" class=\"yoast-schema-graph\">{\"@context\":\"https:\/\/schema.org\",\"@graph\":[{\"@type\":\"WebSite\",\"@id\":\"https:\/\/sudocrem.com\/cz\/#website\",\"url\":\"https:\/\/sudocrem.com\/cz\/\",\"name\":\"Sudocrem Czechia\",\"description\":\"Just another Sudocrem International site\",\"potentialAction\":[{\"@type\":\"SearchAction\",\"target\":\"https:\/\/sudocrem.com\/cz\/?s={search_term_string}\",\"query-input\":\"required name=search_term_string\"}],\"inLanguage\":\"cs-CZ\"},{\"@type\":\"ImageObject\",\"@id\":\"https:\/\/sudocrem.com\/cz\/plenkova-dermatitida\/jak-rozpoznat-plenkovou-dermatitidu\/#primaryimage\",\"inLanguage\":\"cs-CZ\",\"url\":\"https:\/\/sudocrem.com\/cz\/wp-content\/uploads\/sites\/51\/2020\/07\/Sud_Nappy-rash_Top-banner.jpg\",\"width\":1920,\"height\":742,\"caption\":\"Sud_Nappy-rash_Top-banner\"},{\"@type\":\"WebPage\",\"@id\":\"https:\/\/sudocrem.com\/cz\/plenkova-dermatitida\/jak-rozpoznat-plenkovou-dermatitidu\/#webpage\",\"url\":\"https:\/\/sudocrem.com\/cz\/plenkova-dermatitida\/jak-rozpoznat-plenkovou-dermatitidu\/\",\"name\":\"Jak rozpoznat plenkovou dermatitidu - Sudocrem Czechia\",\"isPartOf\":{\"@id\":\"https:\/\/sudocrem.com\/cz\/#website\"},\"primaryImageOfPage\":{\"@id\":\"https:\/\/sudocrem.com\/cz\/plenkova-dermatitida\/jak-rozpoznat-plenkovou-dermatitidu\/#primaryimage\"},\"datePublished\":\"2018-12-11T14:11:03+00:00\",\"dateModified\":\"2024-07-02T12:00:30+00:00\",\"inLanguage\":\"cs-CZ\",\"potentialAction\":[{\"@type\":\"ReadAction\",\"target\":[\"https:\/\/sudocrem.com\/cz\/plenkova-dermatitida\/jak-rozpoznat-plenkovou-dermatitidu\/\"]}]}]}<\/script>\n<!-- \/ Yoast SEO plugin. -->","_links":{"self":[{"href":"https:\/\/sudocrem.com\/cz\/wp-json\/wp\/v2\/pages\/318","targetHints":{"allow":["GET"]}}],"collection":[{"href":"https:\/\/sudocrem.com\/cz\/wp-json\/wp\/v2\/pages"}],"about":[{"href":"https:\/\/sudocrem.com\/cz\/wp-json\/wp\/v2\/types\/page"}],"author":[{"embeddable":true,"href":"https:\/\/sudocrem.com\/cz\/wp-json\/wp\/v2\/users\/2"}],"replies":[{"embeddable":true,"href":"https:\/\/sudocrem.com\/cz\/wp-json\/wp\/v2\/comments?post=318"}],"version-history":[{"count":0,"href":"https:\/\/sudocrem.com\/cz\/wp-json\/wp\/v2\/pages\/318\/revisions"}],"up":[{"embeddable":true,"href":"https:\/\/sudocrem.com\/cz\/wp-json\/wp\/v2\/pages\/754"}],"wp:featuredmedia":[{"embeddable":true,"href":"https:\/\/sudocrem.com\/cz\/wp-json\/wp\/v2\/media\/1670"}],"wp:attachment":[{"href":"https:\/\/sudocrem.com\/cz\/wp-json\/wp\/v2\/media?parent=318"}],"curies":[{"name":"wp","href":"https:\/\/api.w.org\/{rel}","templated":true}]}}