

{"id":320,"date":"2018-12-11T14:11:38","date_gmt":"2018-12-11T14:11:38","guid":{"rendered":"http:\/\/www.sudocrem.co.uk\/?page_id=320"},"modified":"2022-04-19T10:59:15","modified_gmt":"2022-04-19T08:59:15","slug":"co-zpusobuje-plenkovou-dermatitidu","status":"publish","type":"page","link":"https:\/\/sudocrem.com\/cz\/plenkova-dermatitida\/co-zpusobuje-plenkovou-dermatitidu\/","title":{"rendered":"Co zp\u016fsobuje plenkovou dermatitidu"},"content":{"rendered":"<h5>Co&nbsp;zp\u016fsobuje plenkovou dermatitidu?<\/h5>\n<p>Nejb\u011b\u017en\u011bj\u0161\u00ed p\u0159\u00ed\u010dinou plenkov\u00e9 dermatitidy je, kdy\u017e&nbsp;se&nbsp;poko\u017eka va\u0161eho d\u00edt\u011bte podr\u00e1\u017ed\u00ed po&nbsp;kontaktu s&nbsp;l\u00e1tkami obsa\u017een\u00fdmi v&nbsp;mo\u010di nebo ve&nbsp;stolici.<\/p>\n<p><strong>&nbsp;<\/strong><\/p>\n<p>Plenkov\u00e1 dermatitida se&nbsp;pravd\u011bpodobn\u011b vyskytne, pokud se&nbsp;plenky dostate\u010dn\u011b nevym\u011b\u0148uj\u00ed nebo pokud m\u00e1 va\u0161e d\u00edt\u011b pr\u016fjem. Pokud m\u00e1 v\u0161ak va\u0161e d\u00edt\u011b obzvl\u00e1\u0161t\u011b citlivou poko\u017eku, m\u016f\u017ee k&nbsp;n\u00ed doj\u00edt, i&nbsp;kdy\u017e&nbsp;je&nbsp;oblast poko\u017eky pod&nbsp;plenou pravideln\u011b o\u010di\u0161\u0165ov\u00e1na.<\/p>\n<p><strong>&nbsp;<\/strong><\/p>\n<p>N\u011bkdy m\u016f\u017ee doj\u00edt k&nbsp;rozvoji plenkov\u00e9 dermatitidy t\u0159en\u00edm plenky o&nbsp;jemnou poko\u017eku va\u0161eho d\u00edt\u011bte, p\u016fsoben\u00edm prac\u00edch prost\u0159edk\u016f, kter\u00e9&nbsp;nebyly d\u016fkladn\u011b opl\u00e1chnuty z&nbsp;l\u00e1tkov\u00fdch plen, nebo v&nbsp;d\u016fsledku pou\u017e\u00edvan\u00ed nevhodn\u00e9 kosmetiky.<\/p>\n<p>&nbsp;<\/p>\n<h5>Kdy&nbsp;se&nbsp;m\u016f\u017ee objevit plenkov\u00e1 dermatitida?<\/h5>\n<p>Plenkov\u00e1 dermatitida m\u016f\u017ee zade\u010dek va\u0161eho d\u00edt\u011bte postihnout kdykoli a&nbsp;d\u016fvody mohou b\u00fdt nejasn\u00e9. Zejm\u00e9na proto, \u017ee&nbsp;n\u011bkter\u00e9 d\u011bti maj\u00ed p\u0159irozen\u011b citliv\u011bj\u0161\u00ed poko\u017eku a&nbsp;mohou b\u00fdt n\u00e1chyln\u011bj\u0161\u00ed k&nbsp;tomuto stavu.<\/p>\n<p>&nbsp;<\/p>\n<p>Existuj\u00ed v\u0161ak ur\u010dit\u00e9 okam\u017eiky, kdy&nbsp;jsou d\u011bti obzvl\u00e1\u0161t\u011b n\u00e1chyln\u00e9 k&nbsp;plenkov\u00e9 dermatitid\u011b, nap\u0159\u00edklad:<\/p>\n<ul id=\"custom-tick\"><\/ul>\n<p>&nbsp;<\/p>\n<table>\n<tbody>\n<tr>\n<td class=\"align-middle\"><img loading=\"lazy\" decoding=\"async\" class=\"alignnone size-full wp-image-1658\" src=\"https:\/\/sudocrem.com\/czstralia\/wp-content\/uploads\/sites\/2\/2020\/07\/Sud_Nappy-rash_Icon-01.png\" alt=\"\" width=\"82\" height=\"82\" \/><\/td>\n<td class=\"align-middle pl-4\">B\u011bhem r\u016fstu zoubk\u016f.<\/td>\n<\/tr>\n<tr>\n<td class=\"align-middle pt-3\"><img loading=\"lazy\" decoding=\"async\" class=\"alignnone size-full wp-image-1659\" src=\"https:\/\/sudocrem.com\/czstralia\/wp-content\/uploads\/sites\/2\/2020\/07\/Sud_Nappy-rash_Icon-02.png\" alt=\"\" width=\"82\" height=\"82\" \/><\/td>\n<td class=\"align-middle pt-3 pl-4\">P\u0159i&nbsp;p\u0159echodu z&nbsp;kojen\u00ed na&nbsp;krmen\u00ed z&nbsp;l\u00e1hve.<\/td>\n<\/tr>\n<tr>\n<td class=\"align-middle pt-3\"><img loading=\"lazy\" decoding=\"async\" class=\"alignnone size-full wp-image-1660\" src=\"https:\/\/sudocrem.com\/czstralia\/wp-content\/uploads\/sites\/2\/2020\/07\/Sud_Nappy-rash_Icon-03.png\" alt=\"\" width=\"82\" height=\"82\" \/><\/td>\n<td class=\"align-middle pt-3 pl-4\">P\u0159i&nbsp;u\u017e\u00edv\u00e1n\u00ed antibiotik, co\u017e&nbsp;m\u016f\u017ee naru\u0161it tr\u00e1vic\u00ed syst\u00e9m d\u00edt\u011bte a&nbsp;zp\u016fsobit pr\u016fjem.<\/td>\n<\/tr>\n<tr>\n<td class=\"align-middle pt-3\"><img loading=\"lazy\" decoding=\"async\" class=\"alignnone size-full wp-image-1661\" src=\"https:\/\/sudocrem.com\/czstralia\/wp-content\/uploads\/sites\/2\/2020\/07\/Sud_Nappy-rash_Icon-04.png\" alt=\"\" width=\"82\" height=\"82\" \/><\/td>\n<td class=\"align-middle pt-3 pl-4\">Obecn\u011b, kdy\u017e&nbsp;je&nbsp;d\u00edt\u011b nemocn\u00e9 (pokud je&nbsp;va\u0161e d\u00edt\u011b nachlazen\u00e9, jeho stolice m\u016f\u017ee b\u00fdt m\u011bkk\u00e1; kdy\u017e&nbsp;dojde k&nbsp;naru\u0161en\u00ed tr\u00e1v\u00edc\u00edho syst\u00e9mu d\u00edt\u011bte), m\u016f\u017ee se&nbsp;\u010dast\u011bji vyskytnout plenkov\u00e1 dermatitida.<\/td>\n<\/tr>\n<tr>\n<td class=\"align-middle pt-3\"><img loading=\"lazy\" decoding=\"async\" class=\"alignnone size-full wp-image-1662\" src=\"https:\/\/sudocrem.com\/czstralia\/wp-content\/uploads\/sites\/2\/2020\/07\/Sud_Nappy-rash_Icon-05.png\" alt=\"\" width=\"82\" height=\"82\" \/><\/td>\n<td class=\"align-middle pt-3 pl-4\">Zaveden\u00edm pevn\u00e9 stravy.<\/td>\n<\/tr>\n<tr>\n<td class=\"align-middle pt-3\"><img loading=\"lazy\" decoding=\"async\" class=\"alignnone size-full wp-image-1663\" src=\"https:\/\/sudocrem.com\/czstralia\/wp-content\/uploads\/sites\/2\/2020\/07\/Sud_Nappy-rash_Icon-06.png\" alt=\"\" width=\"81\" height=\"81\" \/><\/td>\n<td class=\"align-middle pt-3 pl-4\">Pokud d\u00edt\u011b prosp\u00ed v&nbsp;kuse celou noc (to zp\u016fsob\u00ed, \u017ee&nbsp;se&nbsp;plenka nem\u011bn\u00ed tak&nbsp;\u010dasto.)<\/td>\n<\/tr>\n<tr>\n<td class=\"align-middle pt-3\"><img loading=\"lazy\" decoding=\"async\" class=\"alignnone size-full wp-image-1664\" src=\"https:\/\/sudocrem.com\/czstralia\/wp-content\/uploads\/sites\/2\/2020\/07\/Sud_Nappy-rash_Icon-07.png\" alt=\"\" width=\"82\" height=\"82\" \/><\/td>\n<td class=\"align-middle pt-3 pl-4\">Po&nbsp;po\u017eit\u00ed kravsk\u00e9ho ml\u00e9ka.<\/td>\n<\/tr>\n<\/tbody>\n<\/table>\n<p>&nbsp;<\/p>\n","protected":false},"excerpt":{"rendered":"<p>Co&nbsp;zp\u016fsobuje plenkovou dermatitidu? Nejb\u011b\u017en\u011bj\u0161\u00ed p\u0159\u00ed\u010dinou plenkov\u00e9 dermatitidy je, kdy\u017e&nbsp;se&nbsp;poko\u017eka va\u0161eho d\u00edt\u011bte podr\u00e1\u017ed\u00ed po&nbsp;kontaktu s&nbsp;l\u00e1tkami obsa\u017een\u00fdmi v&nbsp;mo\u010di nebo ve&nbsp;stolici. &nbsp; Plenkov\u00e1 dermatitida se&nbsp;pravd\u011bpodobn\u011b vyskytne, pokud se&nbsp;plenky dostate\u010dn\u011b nevym\u011b\u0148uj\u00ed nebo pokud m\u00e1 va\u0161e d\u00edt\u011b pr\u016fjem. Pokud m\u00e1 v\u0161ak va\u0161e d\u00edt\u011b obzvl\u00e1\u0161t\u011b citlivou poko\u017eku, m\u016f\u017ee k&nbsp;n\u00ed doj\u00edt, i&nbsp;kdy\u017e&nbsp;je&nbsp;oblast poko\u017eky pod&nbsp;plenou pravideln\u011b o\u010di\u0161\u0165ov\u00e1na. &nbsp; N\u011bkdy m\u016f\u017ee doj\u00edt k&nbsp;rozvoji plenkov\u00e9 [&#8230;]<\/p>\n<p><a aria-label=\"Sudocrem\"  class=\"btn btn-purple round btn-secondary understrap-read-more-link\" href=\"https:\/\/sudocrem.com\/cz\/plenkova-dermatitida\/co-zpusobuje-plenkovou-dermatitidu\/\">CONTINUE READING<\/a><\/p>\n","protected":false},"author":2,"featured_media":1670,"parent":754,"menu_order":2,"comment_status":"closed","ping_status":"closed","template":"page-templates\/top-menu-page.php","meta":{"footnotes":""},"class_list":["post-320","page","type-page","status-publish","has-post-thumbnail","hentry"],"yoast_head":"<!-- This site is optimized with the Yoast SEO plugin v14.6.1 - https:\/\/yoast.com\/wordpress\/plugins\/seo\/ -->\n<title>Co zp\u016fsobuje plenkovou dermatitidu - Sudocrem Czechia<\/title>\n<meta name=\"robots\" content=\"index, follow\" \/>\n<meta name=\"googlebot\" content=\"index, follow, max-snippet:-1, max-image-preview:large, max-video-preview:-1\" \/>\n<meta name=\"bingbot\" content=\"index, follow, max-snippet:-1, max-image-preview:large, max-video-preview:-1\" \/>\n<link rel=\"canonical\" href=\"https:\/\/sudocrem.com\/cz\/plenkova-dermatitida\/co-zpusobuje-plenkovou-dermatitidu\/\" \/>\n<meta property=\"og:locale\" content=\"cs_CZ\" \/>\n<meta property=\"og:type\" content=\"article\" \/>\n<meta property=\"og:title\" content=\"Co zp\u016fsobuje plenkovou dermatitidu - Sudocrem Czechia\" \/>\n<meta property=\"og:description\" content=\"Co&nbsp;zp\u016fsobuje plenkovou dermatitidu? Nejb\u011b\u017en\u011bj\u0161\u00ed p\u0159\u00ed\u010dinou plenkov\u00e9 dermatitidy je, kdy\u017e&nbsp;se&nbsp;poko\u017eka va\u0161eho d\u00edt\u011bte podr\u00e1\u017ed\u00ed po&nbsp;kontaktu s&nbsp;l\u00e1tkami obsa\u017een\u00fdmi v&nbsp;mo\u010di nebo ve&nbsp;stolici. &nbsp; Plenkov\u00e1 dermatitida se&nbsp;pravd\u011bpodobn\u011b vyskytne, pokud se&nbsp;plenky dostate\u010dn\u011b nevym\u011b\u0148uj\u00ed nebo pokud m\u00e1 va\u0161e d\u00edt\u011b pr\u016fjem. Pokud m\u00e1 v\u0161ak va\u0161e d\u00edt\u011b obzvl\u00e1\u0161t\u011b citlivou poko\u017eku, m\u016f\u017ee k&nbsp;n\u00ed doj\u00edt, i&nbsp;kdy\u017e&nbsp;je&nbsp;oblast poko\u017eky pod&nbsp;plenou pravideln\u011b o\u010di\u0161\u0165ov\u00e1na. &nbsp; N\u011bkdy m\u016f\u017ee doj\u00edt k&nbsp;rozvoji plenkov\u00e9 [...]CONTINUE READING\" \/>\n<meta property=\"og:url\" content=\"https:\/\/sudocrem.com\/cz\/plenkova-dermatitida\/co-zpusobuje-plenkovou-dermatitidu\/\" \/>\n<meta property=\"og:site_name\" content=\"Sudocrem Czechia\" \/>\n<meta property=\"article:modified_time\" content=\"2022-04-19T08:59:15+00:00\" \/>\n<meta property=\"og:image\" content=\"https:\/\/sudocrem.com\/cz\/wp-content\/uploads\/sites\/51\/2020\/07\/Sud_Nappy-rash_Top-banner.jpg\" \/>\n\t<meta property=\"og:image:width\" content=\"1920\" \/>\n\t<meta property=\"og:image:height\" content=\"742\" \/>\n<meta name=\"twitter:card\" content=\"summary_large_image\" \/>\n<script type=\"application\/ld+json\" class=\"yoast-schema-graph\">{\"@context\":\"https:\/\/schema.org\",\"@graph\":[{\"@type\":\"WebSite\",\"@id\":\"https:\/\/sudocrem.com\/cz\/#website\",\"url\":\"https:\/\/sudocrem.com\/cz\/\",\"name\":\"Sudocrem Czechia\",\"description\":\"Just another Sudocrem International site\",\"potentialAction\":[{\"@type\":\"SearchAction\",\"target\":\"https:\/\/sudocrem.com\/cz\/?s={search_term_string}\",\"query-input\":\"required name=search_term_string\"}],\"inLanguage\":\"cs-CZ\"},{\"@type\":\"ImageObject\",\"@id\":\"https:\/\/sudocrem.com\/cz\/plenkova-dermatitida\/co-zpusobuje-plenkovou-dermatitidu\/#primaryimage\",\"inLanguage\":\"cs-CZ\",\"url\":\"https:\/\/sudocrem.com\/cz\/wp-content\/uploads\/sites\/51\/2020\/07\/Sud_Nappy-rash_Top-banner.jpg\",\"width\":1920,\"height\":742,\"caption\":\"Sud_Nappy-rash_Top-banner\"},{\"@type\":\"WebPage\",\"@id\":\"https:\/\/sudocrem.com\/cz\/plenkova-dermatitida\/co-zpusobuje-plenkovou-dermatitidu\/#webpage\",\"url\":\"https:\/\/sudocrem.com\/cz\/plenkova-dermatitida\/co-zpusobuje-plenkovou-dermatitidu\/\",\"name\":\"Co zp\\u016fsobuje plenkovou dermatitidu - Sudocrem Czechia\",\"isPartOf\":{\"@id\":\"https:\/\/sudocrem.com\/cz\/#website\"},\"primaryImageOfPage\":{\"@id\":\"https:\/\/sudocrem.com\/cz\/plenkova-dermatitida\/co-zpusobuje-plenkovou-dermatitidu\/#primaryimage\"},\"datePublished\":\"2018-12-11T14:11:38+00:00\",\"dateModified\":\"2022-04-19T08:59:15+00:00\",\"inLanguage\":\"cs-CZ\",\"potentialAction\":[{\"@type\":\"ReadAction\",\"target\":[\"https:\/\/sudocrem.com\/cz\/plenkova-dermatitida\/co-zpusobuje-plenkovou-dermatitidu\/\"]}]}]}<\/script>\n<!-- \/ Yoast SEO plugin. -->","_links":{"self":[{"href":"https:\/\/sudocrem.com\/cz\/wp-json\/wp\/v2\/pages\/320","targetHints":{"allow":["GET"]}}],"collection":[{"href":"https:\/\/sudocrem.com\/cz\/wp-json\/wp\/v2\/pages"}],"about":[{"href":"https:\/\/sudocrem.com\/cz\/wp-json\/wp\/v2\/types\/page"}],"author":[{"embeddable":true,"href":"https:\/\/sudocrem.com\/cz\/wp-json\/wp\/v2\/users\/2"}],"replies":[{"embeddable":true,"href":"https:\/\/sudocrem.com\/cz\/wp-json\/wp\/v2\/comments?post=320"}],"version-history":[{"count":0,"href":"https:\/\/sudocrem.com\/cz\/wp-json\/wp\/v2\/pages\/320\/revisions"}],"up":[{"embeddable":true,"href":"https:\/\/sudocrem.com\/cz\/wp-json\/wp\/v2\/pages\/754"}],"wp:featuredmedia":[{"embeddable":true,"href":"https:\/\/sudocrem.com\/cz\/wp-json\/wp\/v2\/media\/1670"}],"wp:attachment":[{"href":"https:\/\/sudocrem.com\/cz\/wp-json\/wp\/v2\/media?parent=320"}],"curies":[{"name":"wp","href":"https:\/\/api.w.org\/{rel}","templated":true}]}}