

{"id":322,"date":"2018-12-11T14:12:03","date_gmt":"2018-12-11T14:12:03","guid":{"rendered":"http:\/\/www.sudocrem.co.uk\/?page_id=322"},"modified":"2022-03-30T11:17:06","modified_gmt":"2022-03-30T09:17:06","slug":"zklidneni-a-podpora-lecby-plenkove-dermatitidy","status":"publish","type":"page","link":"https:\/\/sudocrem.com\/cz\/plenkova-dermatitida\/zklidneni-a-podpora-lecby-plenkove-dermatitidy\/","title":{"rendered":"Zklidn\u011bn\u00ed a podpora l\u00e9\u010dby plenkov\u00e9 dermatitidy"},"content":{"rendered":"<h5>Zklidn\u011bn\u00ed a&nbsp;podpora l\u00e9\u010dby plenkov\u00e9 dermatitidy<\/h5>\n<p>Pokud je&nbsp;poko\u017eka va\u0161eho d\u00edt\u011bte v&nbsp;oblasti pokryt\u00e9 plenkou bolestiv\u00e1, zarudl\u00e1 a&nbsp;na&nbsp;dotek tepl\u00e1, m\u016f\u017ee m\u00edt va\u0161e d\u00edt\u011b plenkovou dermatitidu.<\/p>\n<p>&nbsp;<\/p>\n<p>P\u0159i&nbsp;o\u0161et\u0159ov\u00e1n\u00ed poko\u017eky postihnut\u00e9 plenkovou dermatitidou m\u016f\u017eete postupovat podle n\u00e1sleduj\u00edc\u00edch pokyn\u016f:<\/p>\n<ul>\n<li>Plenku sv\u00e9ho d\u00edt\u011bte vym\u011b\u0148ujte poka\u017ed\u00e9, kdy\u017e&nbsp;je&nbsp;mokr\u00e1 nebo zne\u010di\u0161t\u011bn\u00e1.<\/li>\n<li>Je&nbsp;opravdu d\u016fle\u017eit\u00e9 zabr\u00e1nit tomu, aby&nbsp;l\u00e1tky obsa\u017een\u00e9 v&nbsp;mo\u010di a&nbsp;stolici naru\u0161ovaly jemnou, citlivou poko\u017eku va\u0161eho d\u00edt\u011bte.<\/li>\n<li>D\u00edt\u011b nechejte po&nbsp;ka\u017ed\u00e9m p\u0159ebalen\u00ed kr\u00e1tce rozbalen\u00e9 v&nbsp;tepl\u00e9m a&nbsp;such\u00e9m prost\u0159ed\u00ed. Poko\u017eka se&nbsp;tak&nbsp;m\u016f\u017ee d\u016fkladn\u011b osu\u0161it a&nbsp;voln\u011b d\u00fdchat.<\/li>\n<li>Sna\u017ete se&nbsp;zajistit, aby&nbsp;plenka va\u0161eho d\u00edt\u011bte m\u011bla spr\u00e1vnou velikost a&nbsp;dob\u0159e sed\u011bla na&nbsp;zade\u010dku, tak&nbsp;aby&nbsp;ho zbyte\u010dn\u011b netla\u010dila.<\/li>\n<li>Nepou\u017e\u00edvejte m\u00fddla nebo myc\u00ed gely.<\/li>\n<li>P\u0159ed&nbsp;nasazen\u00edm nov\u00e9 \u010dist\u00e9 pleny se&nbsp;ujist\u011bte, \u017ee&nbsp;je&nbsp;poko\u017eka va\u0161eho d\u00edt\u011bte \u010dist\u00e1 a&nbsp;such\u00e1.<\/li>\n<li>Pou\u017e\u00edv\u00e1n\u00ed nap\u0159\u00edklad ochrann\u00e9ho kr\u00e9mu Sudocrem MULTI-EXPERT&nbsp;po&nbsp;ka\u017ed\u00e9m p\u0159ebalen\u00ed zklid\u0148uje podr\u00e1\u017ed\u011bn\u00ed a&nbsp;pom\u00e1h\u00e1 l\u00e9\u010dit plenkovou dermatitidu. Nav\u00edc citlivou poko\u017eku chr\u00e1n\u00ed.<\/li>\n<\/ul>\n<p>&nbsp;<\/p>\n<p>Sudocrem MULTI-EXPERT&nbsp;zklid\u0148uje podr\u00e1\u017ed\u011bn\u00ed a&nbsp;pom\u00e1h\u00e1 l\u00e9\u010dit plenkovou dermatitidu a&nbsp;nav\u00edc citlivou poko\u017eku chr\u00e1n\u00ed p\u0159ed&nbsp;dal\u0161\u00edmi vlivy dr\u00e1\u017ediv\u00fdch l\u00e1tek.<\/p>\n<p>M\u016f\u017ee se&nbsp;pou\u017e\u00edvat tak&nbsp;\u010dasto, jak je&nbsp;pot\u0159eba.<\/p>\n<p>Pokud symptomy plenkov\u00e9 dermatitidy p\u0159etrv\u00e1vaj\u00ed, pora\u010fte se&nbsp;s&nbsp;d\u011btsk\u00fdm l\u00e9ka\u0159em.<\/p>\n","protected":false},"excerpt":{"rendered":"<p>Zklidn\u011bn\u00ed a&nbsp;podpora l\u00e9\u010dby plenkov\u00e9 dermatitidy Pokud je&nbsp;poko\u017eka va\u0161eho d\u00edt\u011bte v&nbsp;oblasti pokryt\u00e9 plenkou bolestiv\u00e1, zarudl\u00e1 a&nbsp;na&nbsp;dotek tepl\u00e1, m\u016f\u017ee m\u00edt va\u0161e d\u00edt\u011b plenkovou dermatitidu. &nbsp; P\u0159i&nbsp;o\u0161et\u0159ov\u00e1n\u00ed poko\u017eky postihnut\u00e9 plenkovou dermatitidou m\u016f\u017eete postupovat podle n\u00e1sleduj\u00edc\u00edch pokyn\u016f: Plenku sv\u00e9ho d\u00edt\u011bte vym\u011b\u0148ujte poka\u017ed\u00e9, kdy\u017e&nbsp;je&nbsp;mokr\u00e1 nebo zne\u010di\u0161t\u011bn\u00e1. Je&nbsp;opravdu d\u016fle\u017eit\u00e9 zabr\u00e1nit tomu, aby&nbsp;l\u00e1tky obsa\u017een\u00e9 v&nbsp;mo\u010di a&nbsp;stolici naru\u0161ovaly jemnou, citlivou poko\u017eku va\u0161eho d\u00edt\u011bte. [&#8230;]<\/p>\n<p><a aria-label=\"Sudocrem\"  class=\"btn btn-purple round btn-secondary understrap-read-more-link\" href=\"https:\/\/sudocrem.com\/cz\/plenkova-dermatitida\/zklidneni-a-podpora-lecby-plenkove-dermatitidy\/\">CONTINUE READING<\/a><\/p>\n","protected":false},"author":2,"featured_media":1670,"parent":754,"menu_order":3,"comment_status":"closed","ping_status":"closed","template":"page-templates\/top-menu-page.php","meta":{"footnotes":""},"class_list":["post-322","page","type-page","status-publish","has-post-thumbnail","hentry"],"yoast_head":"<!-- This site is optimized with the Yoast SEO plugin v14.6.1 - https:\/\/yoast.com\/wordpress\/plugins\/seo\/ -->\n<title>Zklidn\u011bn\u00ed a podpora l\u00e9\u010dby plenkov\u00e9 dermatitidy - Sudocrem Czechia<\/title>\n<meta name=\"robots\" content=\"index, follow\" \/>\n<meta name=\"googlebot\" content=\"index, follow, max-snippet:-1, max-image-preview:large, max-video-preview:-1\" \/>\n<meta name=\"bingbot\" content=\"index, follow, max-snippet:-1, max-image-preview:large, max-video-preview:-1\" \/>\n<link rel=\"canonical\" href=\"https:\/\/sudocrem.com\/cz\/plenkova-dermatitida\/zklidneni-a-podpora-lecby-plenkove-dermatitidy\/\" \/>\n<meta property=\"og:locale\" content=\"cs_CZ\" \/>\n<meta property=\"og:type\" content=\"article\" \/>\n<meta property=\"og:title\" content=\"Zklidn\u011bn\u00ed a podpora l\u00e9\u010dby plenkov\u00e9 dermatitidy - Sudocrem Czechia\" \/>\n<meta property=\"og:description\" content=\"Zklidn\u011bn\u00ed a&nbsp;podpora l\u00e9\u010dby plenkov\u00e9 dermatitidy Pokud je&nbsp;poko\u017eka va\u0161eho d\u00edt\u011bte v&nbsp;oblasti pokryt\u00e9 plenkou bolestiv\u00e1, zarudl\u00e1 a&nbsp;na&nbsp;dotek tepl\u00e1, m\u016f\u017ee m\u00edt va\u0161e d\u00edt\u011b plenkovou dermatitidu. &nbsp; P\u0159i&nbsp;o\u0161et\u0159ov\u00e1n\u00ed poko\u017eky postihnut\u00e9 plenkovou dermatitidou m\u016f\u017eete postupovat podle n\u00e1sleduj\u00edc\u00edch pokyn\u016f: Plenku sv\u00e9ho d\u00edt\u011bte vym\u011b\u0148ujte poka\u017ed\u00e9, kdy\u017e&nbsp;je&nbsp;mokr\u00e1 nebo zne\u010di\u0161t\u011bn\u00e1. Je&nbsp;opravdu d\u016fle\u017eit\u00e9 zabr\u00e1nit tomu, aby&nbsp;l\u00e1tky obsa\u017een\u00e9 v&nbsp;mo\u010di a&nbsp;stolici naru\u0161ovaly jemnou, citlivou poko\u017eku va\u0161eho d\u00edt\u011bte. [...]CONTINUE READING\" \/>\n<meta property=\"og:url\" content=\"https:\/\/sudocrem.com\/cz\/plenkova-dermatitida\/zklidneni-a-podpora-lecby-plenkove-dermatitidy\/\" \/>\n<meta property=\"og:site_name\" content=\"Sudocrem Czechia\" \/>\n<meta property=\"article:modified_time\" content=\"2022-03-30T09:17:06+00:00\" \/>\n<meta property=\"og:image\" content=\"https:\/\/sudocrem.com\/cz\/wp-content\/uploads\/sites\/51\/2020\/07\/Sud_Nappy-rash_Top-banner.jpg\" \/>\n\t<meta property=\"og:image:width\" content=\"1920\" \/>\n\t<meta property=\"og:image:height\" content=\"742\" \/>\n<meta name=\"twitter:card\" content=\"summary_large_image\" \/>\n<script type=\"application\/ld+json\" class=\"yoast-schema-graph\">{\"@context\":\"https:\/\/schema.org\",\"@graph\":[{\"@type\":\"WebSite\",\"@id\":\"https:\/\/sudocrem.com\/cz\/#website\",\"url\":\"https:\/\/sudocrem.com\/cz\/\",\"name\":\"Sudocrem Czechia\",\"description\":\"Just another Sudocrem International site\",\"potentialAction\":[{\"@type\":\"SearchAction\",\"target\":\"https:\/\/sudocrem.com\/cz\/?s={search_term_string}\",\"query-input\":\"required name=search_term_string\"}],\"inLanguage\":\"cs-CZ\"},{\"@type\":\"ImageObject\",\"@id\":\"https:\/\/sudocrem.com\/cz\/plenkova-dermatitida\/zklidneni-a-podpora-lecby-plenkove-dermatitidy\/#primaryimage\",\"inLanguage\":\"cs-CZ\",\"url\":\"https:\/\/sudocrem.com\/cz\/wp-content\/uploads\/sites\/51\/2020\/07\/Sud_Nappy-rash_Top-banner.jpg\",\"width\":1920,\"height\":742,\"caption\":\"Sud_Nappy-rash_Top-banner\"},{\"@type\":\"WebPage\",\"@id\":\"https:\/\/sudocrem.com\/cz\/plenkova-dermatitida\/zklidneni-a-podpora-lecby-plenkove-dermatitidy\/#webpage\",\"url\":\"https:\/\/sudocrem.com\/cz\/plenkova-dermatitida\/zklidneni-a-podpora-lecby-plenkove-dermatitidy\/\",\"name\":\"Zklidn\\u011bn\\u00ed a podpora l\\u00e9\\u010dby plenkov\\u00e9 dermatitidy - Sudocrem Czechia\",\"isPartOf\":{\"@id\":\"https:\/\/sudocrem.com\/cz\/#website\"},\"primaryImageOfPage\":{\"@id\":\"https:\/\/sudocrem.com\/cz\/plenkova-dermatitida\/zklidneni-a-podpora-lecby-plenkove-dermatitidy\/#primaryimage\"},\"datePublished\":\"2018-12-11T14:12:03+00:00\",\"dateModified\":\"2022-03-30T09:17:06+00:00\",\"inLanguage\":\"cs-CZ\",\"potentialAction\":[{\"@type\":\"ReadAction\",\"target\":[\"https:\/\/sudocrem.com\/cz\/plenkova-dermatitida\/zklidneni-a-podpora-lecby-plenkove-dermatitidy\/\"]}]}]}<\/script>\n<!-- \/ Yoast SEO plugin. -->","_links":{"self":[{"href":"https:\/\/sudocrem.com\/cz\/wp-json\/wp\/v2\/pages\/322","targetHints":{"allow":["GET"]}}],"collection":[{"href":"https:\/\/sudocrem.com\/cz\/wp-json\/wp\/v2\/pages"}],"about":[{"href":"https:\/\/sudocrem.com\/cz\/wp-json\/wp\/v2\/types\/page"}],"author":[{"embeddable":true,"href":"https:\/\/sudocrem.com\/cz\/wp-json\/wp\/v2\/users\/2"}],"replies":[{"embeddable":true,"href":"https:\/\/sudocrem.com\/cz\/wp-json\/wp\/v2\/comments?post=322"}],"version-history":[{"count":0,"href":"https:\/\/sudocrem.com\/cz\/wp-json\/wp\/v2\/pages\/322\/revisions"}],"up":[{"embeddable":true,"href":"https:\/\/sudocrem.com\/cz\/wp-json\/wp\/v2\/pages\/754"}],"wp:featuredmedia":[{"embeddable":true,"href":"https:\/\/sudocrem.com\/cz\/wp-json\/wp\/v2\/media\/1670"}],"wp:attachment":[{"href":"https:\/\/sudocrem.com\/cz\/wp-json\/wp\/v2\/media?parent=322"}],"curies":[{"name":"wp","href":"https:\/\/api.w.org\/{rel}","templated":true}]}}