

{"id":52,"date":"2018-12-10T10:44:47","date_gmt":"2018-12-10T10:44:47","guid":{"rendered":"http:\/\/www.sudocrem.co.uk\/?page_id=48"},"modified":"2022-03-30T10:57:27","modified_gmt":"2022-03-30T08:57:27","slug":"co-je-to-plenkova-dermatitida","status":"publish","type":"page","link":"https:\/\/sudocrem.com\/cz\/plenkova-dermatitida\/co-je-to-plenkova-dermatitida\/","title":{"rendered":"Co je to plenkov\u00e1 dermatitida"},"content":{"rendered":"<h5>Co&nbsp;je&nbsp;to&nbsp;plenkov\u00e1 dermatitida (neboli opruzenina)?<\/h5>\n<p>Plenkov\u00e1 dermatitida je&nbsp;jedn\u00edm z&nbsp;nej\u010dast\u011bj\u0161\u00edch onemocn\u011bn\u00ed poko\u017eky v&nbsp;ran\u00e9m \u017eivot\u011b va\u0161eho d\u00edt\u011bte. Jedn\u00e1 se&nbsp;o&nbsp;podr\u00e1\u017ed\u011bn\u00ed poko\u017eky kdekoli v&nbsp;oblasti pod&nbsp;plenkou. I&nbsp;kdy\u017e&nbsp;to&nbsp;m\u016f\u017ee b\u00fdt pro&nbsp;va\u0161e d\u00edt\u011b nep\u0159\u00edjemn\u00e9 a\u017e bolestiv\u00e9, dobrou zpr\u00e1vou je, \u017ee&nbsp;je&nbsp;to&nbsp;z\u0159\u00eddkakdy v\u00e1\u017en\u00e9.<\/p>\n<p>&nbsp;<\/p>\n<p>Plenkov\u00e1 dermatitida nej\u010dast\u011bji postihuje citlivou poko\u017eku va\u0161eho d\u00edt\u011bte p\u0159i&nbsp;dlouhodob\u00e9m kontaktu poko\u017eky s&nbsp;mo\u010d\u00ed nebo stolic\u00ed. Na&nbsp;zade\u010dku va\u0161eho d\u00edt\u011bte mohou b\u00fdt vid\u011bt \u010derven\u00e9 skvrny nebo cel\u00e1 oblast m\u016f\u017ee b\u00fdt zarudl\u00e1. Poko\u017eka m\u016f\u017ee b\u00fdt na&nbsp;dotek hork\u00e1 a&nbsp;bolestiv\u00e1.<\/p>\n<p>&nbsp;<\/p>\n<p>Pokud va\u0161e d\u00edt\u011b trp\u00ed plenkovou dermatitidou, m\u016f\u017eete pou\u017e\u00edt Sudocrem MULTI-EXPERT, kter\u00fd&nbsp;zklidn\u00ed a&nbsp;o\u0161et\u0159\u00ed poko\u017eku va\u0161eho d\u00edt\u011bte.&nbsp;Nejlep\u0161\u00edm zp\u016fsobem, jak se&nbsp;s&nbsp;plenkovou dermatitidou vypo\u0159\u00e1dat, je&nbsp;sna\u017eit se&nbsp;j\u00ed p\u0159edch\u00e1zet.<\/p>\n<p>&nbsp;<\/p>\n<h5>Jak p\u0159edch\u00e1zet plenkov\u00e9 dermatitid\u011b:<\/h5>\n<ol>\n<li>Mokr\u00e9 nebo zne\u010di\u0161t\u011bn\u00e9 pleny co&nbsp;nejd\u0159\u00edve vym\u011b\u0148te. Kojenc\u016fm by&nbsp;se&nbsp;m\u011bla m\u011bnit plena desetkr\u00e1t a\u017e dvan\u00e1ctkr\u00e1t denn\u011b, zat\u00edmco v\u011bt\u0161\u00edm d\u011btem sta\u010d\u00ed \u0161estkr\u00e1t a\u017e osmkr\u00e1t.<\/li>\n<li>Ujist\u011bte se, \u017ee&nbsp;jste celou oblast poko\u017eky pod&nbsp;plenou d\u016fkladn\u011b o\u010distili \u010distou vodou nebo d\u011btsk\u00fdmi ubrousky.<\/li>\n<li>D\u00edt\u011b nechejte po&nbsp;ka\u017ed\u00e9m p\u0159ebalen\u00ed kr\u00e1tce rozbalen\u00e9 v&nbsp;tepl\u00e9m a&nbsp;such\u00e9m prost\u0159ed\u00ed. Poko\u017eka se&nbsp;tak&nbsp;m\u016f\u017ee d\u016fkladn\u011b osu\u0161it a&nbsp;voln\u011b d\u00fdchat.<\/li>\n<li>Ochrann\u00fd kr\u00e9m Sudocrem MULTI-EXPERT&nbsp;je&nbsp;mo\u017en\u00e9 pou\u017e\u00edt jako prevenci, ale tak\u00e9 jako podporu l\u00e9\u010dby plenkov\u00e9 dermatitidy.<\/li>\n<\/ol>\n<p>&nbsp;<\/p>\n<p>Pokud u&nbsp;va\u0161eho d\u00edt\u011bte podr\u00e1\u017ed\u011bn\u00e1 poko\u017eka p\u0159etrv\u00e1v\u00e1, je&nbsp;za\u010dervenal\u00e1, a&nbsp;objev\u00ed se&nbsp;\u010derven\u00e9 pup\u00ednky, pravd\u011bpodobn\u011b se&nbsp;rozvinula kvasinkov\u00e1 infekce. V&nbsp;tak\u00e9m p\u0159\u00edpad\u011b je&nbsp;pot\u0159ebn\u00e9 se&nbsp;obr\u00e1tit na&nbsp;d\u011btsk\u00e9ho l\u00e9ka\u0159e, p\u0159\u00edpadn\u011b se&nbsp;poradit s&nbsp;l\u00e9k\u00e1rn\u00edkem.<\/p>\n<p>&nbsp;<\/p>\n<p>V oblasti pod&nbsp;plenkou se&nbsp;mohou krom\u011b plenkov\u00e9 dermatitidy projevit i&nbsp;jin\u00e1 onemocn\u011bn\u00ed poko\u017eky, nap\u0159\u00edklad atopick\u00fd ekz\u00e9m. Pokud podr\u00e1\u017ed\u011bn\u00ed poko\u017eky p\u0159etrv\u00e1v\u00e1 a&nbsp;m\u00e1te obavy, pora\u010fte se&nbsp;s&nbsp;d\u011btsk\u00fdm l\u00e9ka\u0159em.<\/p>\n","protected":false},"excerpt":{"rendered":"<p>Co&nbsp;je&nbsp;to&nbsp;plenkov\u00e1 dermatitida (neboli opruzenina)? Plenkov\u00e1 dermatitida je&nbsp;jedn\u00edm z&nbsp;nej\u010dast\u011bj\u0161\u00edch onemocn\u011bn\u00ed poko\u017eky v&nbsp;ran\u00e9m \u017eivot\u011b va\u0161eho d\u00edt\u011bte. Jedn\u00e1 se&nbsp;o&nbsp;podr\u00e1\u017ed\u011bn\u00ed poko\u017eky kdekoli v&nbsp;oblasti pod&nbsp;plenkou. I&nbsp;kdy\u017e&nbsp;to&nbsp;m\u016f\u017ee b\u00fdt pro&nbsp;va\u0161e d\u00edt\u011b nep\u0159\u00edjemn\u00e9 a\u017e bolestiv\u00e9, dobrou zpr\u00e1vou je, \u017ee&nbsp;je&nbsp;to&nbsp;z\u0159\u00eddkakdy v\u00e1\u017en\u00e9. &nbsp; Plenkov\u00e1 dermatitida nej\u010dast\u011bji postihuje citlivou poko\u017eku va\u0161eho d\u00edt\u011bte p\u0159i&nbsp;dlouhodob\u00e9m kontaktu poko\u017eky s&nbsp;mo\u010d\u00ed nebo stolic\u00ed. Na&nbsp;zade\u010dku va\u0161eho d\u00edt\u011bte mohou b\u00fdt vid\u011bt \u010derven\u00e9 skvrny [&#8230;]<\/p>\n<p><a aria-label=\"Sudocrem\"  class=\"btn btn-purple round btn-secondary understrap-read-more-link\" href=\"https:\/\/sudocrem.com\/cz\/plenkova-dermatitida\/co-je-to-plenkova-dermatitida\/\">CONTINUE READING<\/a><\/p>\n","protected":false},"author":2,"featured_media":1670,"parent":754,"menu_order":0,"comment_status":"closed","ping_status":"closed","template":"page-templates\/top-menu-page.php","meta":{"footnotes":""},"class_list":["post-52","page","type-page","status-publish","has-post-thumbnail","hentry"],"yoast_head":"<!-- This site is optimized with the Yoast SEO plugin v14.6.1 - https:\/\/yoast.com\/wordpress\/plugins\/seo\/ -->\n<title>Co je to plenkov\u00e1 dermatitida - Sudocrem Czechia<\/title>\n<meta name=\"robots\" content=\"index, follow\" \/>\n<meta name=\"googlebot\" content=\"index, follow, max-snippet:-1, max-image-preview:large, max-video-preview:-1\" \/>\n<meta name=\"bingbot\" content=\"index, follow, max-snippet:-1, max-image-preview:large, max-video-preview:-1\" \/>\n<link rel=\"canonical\" href=\"https:\/\/sudocrem.com\/cz\/plenkova-dermatitida\/co-je-to-plenkova-dermatitida\/\" \/>\n<meta property=\"og:locale\" content=\"cs_CZ\" \/>\n<meta property=\"og:type\" content=\"article\" \/>\n<meta property=\"og:title\" content=\"Co je to plenkov\u00e1 dermatitida - Sudocrem Czechia\" \/>\n<meta property=\"og:description\" content=\"Co&nbsp;je&nbsp;to&nbsp;plenkov\u00e1 dermatitida (neboli opruzenina)? Plenkov\u00e1 dermatitida je&nbsp;jedn\u00edm z&nbsp;nej\u010dast\u011bj\u0161\u00edch onemocn\u011bn\u00ed poko\u017eky v&nbsp;ran\u00e9m \u017eivot\u011b va\u0161eho d\u00edt\u011bte. Jedn\u00e1 se&nbsp;o&nbsp;podr\u00e1\u017ed\u011bn\u00ed poko\u017eky kdekoli v&nbsp;oblasti pod&nbsp;plenkou. I&nbsp;kdy\u017e&nbsp;to&nbsp;m\u016f\u017ee b\u00fdt pro&nbsp;va\u0161e d\u00edt\u011b nep\u0159\u00edjemn\u00e9 a\u017e bolestiv\u00e9, dobrou zpr\u00e1vou je, \u017ee&nbsp;je&nbsp;to&nbsp;z\u0159\u00eddkakdy v\u00e1\u017en\u00e9. &nbsp; Plenkov\u00e1 dermatitida nej\u010dast\u011bji postihuje citlivou poko\u017eku va\u0161eho d\u00edt\u011bte p\u0159i&nbsp;dlouhodob\u00e9m kontaktu poko\u017eky s&nbsp;mo\u010d\u00ed nebo stolic\u00ed. Na&nbsp;zade\u010dku va\u0161eho d\u00edt\u011bte mohou b\u00fdt vid\u011bt \u010derven\u00e9 skvrny [...]CONTINUE READING\" \/>\n<meta property=\"og:url\" content=\"https:\/\/sudocrem.com\/cz\/plenkova-dermatitida\/co-je-to-plenkova-dermatitida\/\" \/>\n<meta property=\"og:site_name\" content=\"Sudocrem Czechia\" \/>\n<meta property=\"article:modified_time\" content=\"2022-03-30T08:57:27+00:00\" \/>\n<meta property=\"og:image\" content=\"https:\/\/sudocrem.com\/cz\/wp-content\/uploads\/sites\/51\/2020\/07\/Sud_Nappy-rash_Top-banner.jpg\" \/>\n\t<meta property=\"og:image:width\" content=\"1920\" \/>\n\t<meta property=\"og:image:height\" content=\"742\" \/>\n<meta name=\"twitter:card\" content=\"summary_large_image\" \/>\n<script type=\"application\/ld+json\" class=\"yoast-schema-graph\">{\"@context\":\"https:\/\/schema.org\",\"@graph\":[{\"@type\":\"WebSite\",\"@id\":\"https:\/\/sudocrem.com\/cz\/#website\",\"url\":\"https:\/\/sudocrem.com\/cz\/\",\"name\":\"Sudocrem Czechia\",\"description\":\"Just another Sudocrem International site\",\"potentialAction\":[{\"@type\":\"SearchAction\",\"target\":\"https:\/\/sudocrem.com\/cz\/?s={search_term_string}\",\"query-input\":\"required name=search_term_string\"}],\"inLanguage\":\"cs-CZ\"},{\"@type\":\"ImageObject\",\"@id\":\"https:\/\/sudocrem.com\/cz\/plenkova-dermatitida\/co-je-to-plenkova-dermatitida\/#primaryimage\",\"inLanguage\":\"cs-CZ\",\"url\":\"https:\/\/sudocrem.com\/cz\/wp-content\/uploads\/sites\/51\/2020\/07\/Sud_Nappy-rash_Top-banner.jpg\",\"width\":1920,\"height\":742,\"caption\":\"Sud_Nappy-rash_Top-banner\"},{\"@type\":\"WebPage\",\"@id\":\"https:\/\/sudocrem.com\/cz\/plenkova-dermatitida\/co-je-to-plenkova-dermatitida\/#webpage\",\"url\":\"https:\/\/sudocrem.com\/cz\/plenkova-dermatitida\/co-je-to-plenkova-dermatitida\/\",\"name\":\"Co je to plenkov\\u00e1 dermatitida - Sudocrem Czechia\",\"isPartOf\":{\"@id\":\"https:\/\/sudocrem.com\/cz\/#website\"},\"primaryImageOfPage\":{\"@id\":\"https:\/\/sudocrem.com\/cz\/plenkova-dermatitida\/co-je-to-plenkova-dermatitida\/#primaryimage\"},\"datePublished\":\"2018-12-10T10:44:47+00:00\",\"dateModified\":\"2022-03-30T08:57:27+00:00\",\"inLanguage\":\"cs-CZ\",\"potentialAction\":[{\"@type\":\"ReadAction\",\"target\":[\"https:\/\/sudocrem.com\/cz\/plenkova-dermatitida\/co-je-to-plenkova-dermatitida\/\"]}]}]}<\/script>\n<!-- \/ Yoast SEO plugin. -->","_links":{"self":[{"href":"https:\/\/sudocrem.com\/cz\/wp-json\/wp\/v2\/pages\/52","targetHints":{"allow":["GET"]}}],"collection":[{"href":"https:\/\/sudocrem.com\/cz\/wp-json\/wp\/v2\/pages"}],"about":[{"href":"https:\/\/sudocrem.com\/cz\/wp-json\/wp\/v2\/types\/page"}],"author":[{"embeddable":true,"href":"https:\/\/sudocrem.com\/cz\/wp-json\/wp\/v2\/users\/2"}],"replies":[{"embeddable":true,"href":"https:\/\/sudocrem.com\/cz\/wp-json\/wp\/v2\/comments?post=52"}],"version-history":[{"count":0,"href":"https:\/\/sudocrem.com\/cz\/wp-json\/wp\/v2\/pages\/52\/revisions"}],"up":[{"embeddable":true,"href":"https:\/\/sudocrem.com\/cz\/wp-json\/wp\/v2\/pages\/754"}],"wp:featuredmedia":[{"embeddable":true,"href":"https:\/\/sudocrem.com\/cz\/wp-json\/wp\/v2\/media\/1670"}],"wp:attachment":[{"href":"https:\/\/sudocrem.com\/cz\/wp-json\/wp\/v2\/media?parent=52"}],"curies":[{"name":"wp","href":"https:\/\/api.w.org\/{rel}","templated":true}]}}