

{"id":53,"date":"2018-12-10T10:45:33","date_gmt":"2018-12-10T10:45:33","guid":{"rendered":"http:\/\/www.sudocrem.co.uk\/?page_id=53"},"modified":"2022-03-30T11:37:14","modified_gmt":"2022-03-30T09:37:14","slug":"kontakt","status":"publish","type":"page","link":"https:\/\/sudocrem.com\/cz\/kontakt\/","title":{"rendered":"Kontakt"},"content":{"rendered":"<p><strong>Koresponden\u010dn\u00ed adresa: <\/strong><\/p>\n<p>Teva Pharmaceuticals CR, s.r.o.<\/p>\n<p>Business Park Futurama<\/p>\n<p>Sokolovsk\u00e1 651\/136A<\/p>\n<p>180 00 Praha 8<\/p>\n<p>Tel: +420251007111<\/p>\n<p>Email: <a href=\"mailto:Praha.recepce@teva.cz\">Praha.recepce@teva.cz<\/a><\/p>\n<p><a href=\"http:\/\/www.teva.cz\">www.teva.cz<\/a><\/p>\n<p>&nbsp;<\/p>\n<p><strong>Hl\u00e1\u0161en\u00ed ne\u017e\u00e1douc\u00edch \u00fa\u010dink\u016f:<\/strong><\/p>\n<p>Recepce\/z\u00e1znamn\u00edk: +420251007111<\/p>\n<p>Email: <a href=\"mailto:safety.czech@teva.cz\">safety.czech@teva.cz<\/a><\/p>\n","protected":false},"excerpt":{"rendered":"<p>Koresponden\u010dn\u00ed adresa: Teva Pharmaceuticals CR, s.r.o. Business Park Futurama Sokolovsk\u00e1 651\/136A 180 00 Praha 8 Tel: +420251007111 Email: Praha.recepce@teva.cz www.teva.cz &nbsp; Hl\u00e1\u0161en\u00ed ne\u017e\u00e1douc\u00edch \u00fa\u010dink\u016f: Recepce\/z\u00e1znamn\u00edk: +420251007111 Email: safety.czech@teva.cz [&#8230;]<\/p>\n<p><a aria-label=\"Sudocrem\"  class=\"btn btn-purple round btn-secondary understrap-read-more-link\" href=\"https:\/\/sudocrem.com\/cz\/kontakt\/\">CONTINUE READING<\/a><\/p>\n","protected":false},"author":2,"featured_media":0,"parent":0,"menu_order":10,"comment_status":"closed","ping_status":"closed","template":"page-templates\/contact-page.php","meta":{"footnotes":""},"class_list":["post-53","page","type-page","status-publish","hentry"],"yoast_head":"<!-- This site is optimized with the Yoast SEO plugin v14.6.1 - https:\/\/yoast.com\/wordpress\/plugins\/seo\/ -->\n<title>Kontakt - Sudocrem Czechia<\/title>\n<meta name=\"robots\" content=\"index, follow\" \/>\n<meta name=\"googlebot\" content=\"index, follow, max-snippet:-1, max-image-preview:large, max-video-preview:-1\" \/>\n<meta name=\"bingbot\" content=\"index, follow, max-snippet:-1, max-image-preview:large, max-video-preview:-1\" \/>\n<link rel=\"canonical\" href=\"https:\/\/sudocrem.com\/cz\/kontakt\/\" \/>\n<meta property=\"og:locale\" content=\"cs_CZ\" \/>\n<meta property=\"og:type\" content=\"article\" \/>\n<meta property=\"og:title\" content=\"Kontakt - Sudocrem Czechia\" \/>\n<meta property=\"og:description\" content=\"Koresponden\u010dn\u00ed adresa: Teva Pharmaceuticals CR, s.r.o. Business Park Futurama Sokolovsk\u00e1 651\/136A 180 00 Praha 8 Tel: +420251007111 Email: Praha.recepce@teva.cz www.teva.cz &nbsp; Hl\u00e1\u0161en\u00ed ne\u017e\u00e1douc\u00edch \u00fa\u010dink\u016f: Recepce\/z\u00e1znamn\u00edk: +420251007111 Email: safety.czech@teva.cz [...]CONTINUE READING\" \/>\n<meta property=\"og:url\" content=\"https:\/\/sudocrem.com\/cz\/kontakt\/\" \/>\n<meta property=\"og:site_name\" content=\"Sudocrem Czechia\" \/>\n<meta property=\"article:modified_time\" content=\"2022-03-30T09:37:14+00:00\" \/>\n<meta name=\"twitter:card\" content=\"summary_large_image\" \/>\n<script type=\"application\/ld+json\" class=\"yoast-schema-graph\">{\"@context\":\"https:\/\/schema.org\",\"@graph\":[{\"@type\":\"WebSite\",\"@id\":\"https:\/\/sudocrem.com\/cz\/#website\",\"url\":\"https:\/\/sudocrem.com\/cz\/\",\"name\":\"Sudocrem Czechia\",\"description\":\"Just another Sudocrem International site\",\"potentialAction\":[{\"@type\":\"SearchAction\",\"target\":\"https:\/\/sudocrem.com\/cz\/?s={search_term_string}\",\"query-input\":\"required name=search_term_string\"}],\"inLanguage\":\"cs-CZ\"},{\"@type\":\"WebPage\",\"@id\":\"https:\/\/sudocrem.com\/cz\/kontakt\/#webpage\",\"url\":\"https:\/\/sudocrem.com\/cz\/kontakt\/\",\"name\":\"Kontakt - Sudocrem Czechia\",\"isPartOf\":{\"@id\":\"https:\/\/sudocrem.com\/cz\/#website\"},\"datePublished\":\"2018-12-10T10:45:33+00:00\",\"dateModified\":\"2022-03-30T09:37:14+00:00\",\"inLanguage\":\"cs-CZ\",\"potentialAction\":[{\"@type\":\"ReadAction\",\"target\":[\"https:\/\/sudocrem.com\/cz\/kontakt\/\"]}]}]}<\/script>\n<!-- \/ Yoast SEO plugin. -->","_links":{"self":[{"href":"https:\/\/sudocrem.com\/cz\/wp-json\/wp\/v2\/pages\/53","targetHints":{"allow":["GET"]}}],"collection":[{"href":"https:\/\/sudocrem.com\/cz\/wp-json\/wp\/v2\/pages"}],"about":[{"href":"https:\/\/sudocrem.com\/cz\/wp-json\/wp\/v2\/types\/page"}],"author":[{"embeddable":true,"href":"https:\/\/sudocrem.com\/cz\/wp-json\/wp\/v2\/users\/2"}],"replies":[{"embeddable":true,"href":"https:\/\/sudocrem.com\/cz\/wp-json\/wp\/v2\/comments?post=53"}],"version-history":[{"count":0,"href":"https:\/\/sudocrem.com\/cz\/wp-json\/wp\/v2\/pages\/53\/revisions"}],"wp:attachment":[{"href":"https:\/\/sudocrem.com\/cz\/wp-json\/wp\/v2\/media?parent=53"}],"curies":[{"name":"wp","href":"https:\/\/api.w.org\/{rel}","templated":true}]}}