

{"id":575,"date":"2018-12-12T11:33:42","date_gmt":"2018-12-12T11:33:42","guid":{"rendered":"http:\/\/www.sudocrem.co.uk\/?page_id=575"},"modified":"2024-06-17T09:58:17","modified_gmt":"2024-06-17T07:58:17","slug":"nase-historie","status":"publish","type":"page","link":"https:\/\/sudocrem.com\/cz\/nase-historie\/","title":{"rendered":"Na\u0161e historie"},"content":{"rendered":"<h5>Sudocrem zklid\u0148uje poko\u017eku ji\u017e od roku 1931<\/h5>\n<p>Na\u0161e historie se p\u00ed\u0161e od roku 1931, kdy l\u00e9k\u00e1rn\u00edk, profesor Thomas Smith poprv\u00e9 nam\u00edchal unik\u00e1tn\u00ed recepturu, kter\u00e1 spojuje to nejlep\u0161\u00ed z p\u0159\u00edrody a v\u011bdy, a \u00fa\u010dinn\u011b tak zklid\u0148uje podr\u00e1\u017ed\u011bnou poko\u017eku a\u00a0pom\u00e1h\u00e1 ji l\u00e9\u010dit, a nav\u00edc citlivou poko\u017eku chr\u00e1n\u00ed.<\/p>\n","protected":false},"excerpt":{"rendered":"<p>Sudocrem zklid\u0148uje poko\u017eku ji\u017e od roku 1931 Na\u0161e historie se p\u00ed\u0161e od roku 1931, kdy l\u00e9k\u00e1rn\u00edk, profesor Thomas Smith poprv\u00e9 nam\u00edchal unik\u00e1tn\u00ed recepturu, kter\u00e1 spojuje to nejlep\u0161\u00ed z p\u0159\u00edrody a v\u011bdy, a \u00fa\u010dinn\u011b tak zklid\u0148uje podr\u00e1\u017ed\u011bnou poko\u017eku a\u00a0pom\u00e1h\u00e1 ji l\u00e9\u010dit, a nav\u00edc citlivou poko\u017eku chr\u00e1n\u00ed. [&#8230;]<\/p>\n<p><a aria-label=\"Sudocrem\"  class=\"btn btn-purple round btn-secondary understrap-read-more-link\" href=\"https:\/\/sudocrem.com\/cz\/nase-historie\/\">CONTINUE READING<\/a><\/p>\n","protected":false},"author":2,"featured_media":1653,"parent":0,"menu_order":0,"comment_status":"closed","ping_status":"closed","template":"page-templates\/history-page.php","meta":{"footnotes":""},"class_list":["post-575","page","type-page","status-publish","has-post-thumbnail","hentry"],"yoast_head":"<!-- This site is optimized with the Yoast SEO plugin v14.6.1 - https:\/\/yoast.com\/wordpress\/plugins\/seo\/ -->\n<title>Na\u0161e historie - Sudocrem Czechia<\/title>\n<meta name=\"robots\" content=\"index, follow\" \/>\n<meta name=\"googlebot\" content=\"index, follow, max-snippet:-1, max-image-preview:large, max-video-preview:-1\" \/>\n<meta name=\"bingbot\" content=\"index, follow, max-snippet:-1, max-image-preview:large, max-video-preview:-1\" \/>\n<link rel=\"canonical\" href=\"https:\/\/sudocrem.com\/cz\/nase-historie\/\" \/>\n<meta property=\"og:locale\" content=\"cs_CZ\" \/>\n<meta property=\"og:type\" content=\"article\" \/>\n<meta property=\"og:title\" content=\"Na\u0161e historie - Sudocrem Czechia\" \/>\n<meta property=\"og:description\" content=\"Sudocrem zklid\u0148uje poko\u017eku ji\u017e od roku 1931 Na\u0161e historie se p\u00ed\u0161e od roku 1931, kdy l\u00e9k\u00e1rn\u00edk, profesor Thomas Smith poprv\u00e9 nam\u00edchal unik\u00e1tn\u00ed recepturu, kter\u00e1 spojuje to nejlep\u0161\u00ed z p\u0159\u00edrody a v\u011bdy, a \u00fa\u010dinn\u011b tak zklid\u0148uje podr\u00e1\u017ed\u011bnou poko\u017eku a\u00a0pom\u00e1h\u00e1 ji l\u00e9\u010dit, a nav\u00edc citlivou poko\u017eku chr\u00e1n\u00ed. [...]CONTINUE READING\" \/>\n<meta property=\"og:url\" content=\"https:\/\/sudocrem.com\/cz\/nase-historie\/\" \/>\n<meta property=\"og:site_name\" content=\"Sudocrem Czechia\" \/>\n<meta property=\"article:modified_time\" content=\"2024-06-17T07:58:17+00:00\" \/>\n<meta property=\"og:image\" content=\"https:\/\/sudocrem.com\/cz\/wp-content\/uploads\/sites\/51\/2020\/07\/Sud_History_Top-banner.jpg\" \/>\n\t<meta property=\"og:image:width\" content=\"1920\" \/>\n\t<meta property=\"og:image:height\" content=\"1079\" \/>\n<meta name=\"twitter:card\" content=\"summary_large_image\" \/>\n<script type=\"application\/ld+json\" class=\"yoast-schema-graph\">{\"@context\":\"https:\/\/schema.org\",\"@graph\":[{\"@type\":\"WebSite\",\"@id\":\"https:\/\/sudocrem.com\/cz\/#website\",\"url\":\"https:\/\/sudocrem.com\/cz\/\",\"name\":\"Sudocrem Czechia\",\"description\":\"Just another Sudocrem International site\",\"potentialAction\":[{\"@type\":\"SearchAction\",\"target\":\"https:\/\/sudocrem.com\/cz\/?s={search_term_string}\",\"query-input\":\"required name=search_term_string\"}],\"inLanguage\":\"cs-CZ\"},{\"@type\":\"ImageObject\",\"@id\":\"https:\/\/sudocrem.com\/cz\/nase-historie\/#primaryimage\",\"inLanguage\":\"cs-CZ\",\"url\":\"https:\/\/sudocrem.com\/cz\/wp-content\/uploads\/sites\/51\/2020\/07\/Sud_History_Top-banner.jpg\",\"width\":1920,\"height\":1079,\"caption\":\"Sud_History_Top-banner\"},{\"@type\":\"WebPage\",\"@id\":\"https:\/\/sudocrem.com\/cz\/nase-historie\/#webpage\",\"url\":\"https:\/\/sudocrem.com\/cz\/nase-historie\/\",\"name\":\"Na\\u0161e historie - Sudocrem Czechia\",\"isPartOf\":{\"@id\":\"https:\/\/sudocrem.com\/cz\/#website\"},\"primaryImageOfPage\":{\"@id\":\"https:\/\/sudocrem.com\/cz\/nase-historie\/#primaryimage\"},\"datePublished\":\"2018-12-12T11:33:42+00:00\",\"dateModified\":\"2024-06-17T07:58:17+00:00\",\"inLanguage\":\"cs-CZ\",\"potentialAction\":[{\"@type\":\"ReadAction\",\"target\":[\"https:\/\/sudocrem.com\/cz\/nase-historie\/\"]}]}]}<\/script>\n<!-- \/ Yoast SEO plugin. -->","_links":{"self":[{"href":"https:\/\/sudocrem.com\/cz\/wp-json\/wp\/v2\/pages\/575","targetHints":{"allow":["GET"]}}],"collection":[{"href":"https:\/\/sudocrem.com\/cz\/wp-json\/wp\/v2\/pages"}],"about":[{"href":"https:\/\/sudocrem.com\/cz\/wp-json\/wp\/v2\/types\/page"}],"author":[{"embeddable":true,"href":"https:\/\/sudocrem.com\/cz\/wp-json\/wp\/v2\/users\/2"}],"replies":[{"embeddable":true,"href":"https:\/\/sudocrem.com\/cz\/wp-json\/wp\/v2\/comments?post=575"}],"version-history":[{"count":0,"href":"https:\/\/sudocrem.com\/cz\/wp-json\/wp\/v2\/pages\/575\/revisions"}],"wp:featuredmedia":[{"embeddable":true,"href":"https:\/\/sudocrem.com\/cz\/wp-json\/wp\/v2\/media\/1653"}],"wp:attachment":[{"href":"https:\/\/sudocrem.com\/cz\/wp-json\/wp\/v2\/media?parent=575"}],"curies":[{"name":"wp","href":"https:\/\/api.w.org\/{rel}","templated":true}]}}