

{"id":1869,"date":"2020-07-29T09:39:27","date_gmt":"2020-07-29T08:39:27","guid":{"rendered":"https:\/\/sudocrem.wpenginepowered.com\/hu\/?page_id=1869"},"modified":"2025-12-22T14:45:50","modified_gmt":"2025-12-22T14:45:50","slug":"details","status":"publish","type":"page","link":"https:\/\/sudocrem.com\/hu\/sudocrem-nedves-torlokendok\/details\/","title":{"rendered":"Sudocrem Wipes &#8211; Details"},"content":{"rendered":"<p>A Sudocrem Extra puha t\u00f6rl\u0151kend\u0151k kozmetikai term\u00e9kek \u2013 hat\u00e9konyan tiszt\u00edtj\u00e1k a b\u0151rt \u00e9s gyeng\u00e9den \u00e1polj\u00e1k azt.<\/p>\n<h5>R\u00e9szletek<\/h5>\n<ul>\n<li class=\"open\">A k\u00e9tf\u00e9le Sudocrem nedves t\u00f6rl\u0151kend\u0151:\n<ul>\n<li class=\"open\">magas (97%) v\u00edztartalm\u00fa<\/li>\n<li class=\"\">b\u0151rbar\u00e1t pH-val rendelkezik<\/li>\n<li class=\"\">b\u0151rt\u00e1pl\u00e1l\u00f3 panthenollal \u00e9s E-vitaminnal k\u00e9sz\u00fcl<\/li>\n<li class=\"\">a baba eg\u00e9sz test\u00e9n haszn\u00e1lhat\u00f3<\/li>\n<\/ul>\n<\/li>\n<li class=\"\">Soft clean v\u00e1ltozat:\n<ul>\n<li class=\"\">a gyend\u00e9d tiszt\u00edt\u00e1s\u00e9rt<\/li>\n<\/ul>\n<\/li>\n<li class=\"\">Sensitive v\u00e1ltozat:\n<ul>\n<li class=\"\">illatanyag-mentes<\/li>\n<li>az \u00e9rz\u00e9keny b\u0151r tiszt\u00edt\u00e1s\u00e1\u00e9rt \u00e9s \u00e1pol\u00e1s\u00e1\u00e9rt<\/li>\n<\/ul>\n<\/li>\n<li class=\"\">4 kiszerel\u00e9sben kaphat\u00f3:\n<ul>\n<li class=\"\">Soft clean 55 lap 1x<\/li>\n<li class=\"\">Soft clean 55 lap 4x<\/li>\n<li class=\"\">Sensitive 55 lap 1x<\/li>\n<li class=\"\">Sensitive 55 lap 4x<\/li>\n<\/ul>\n<\/li>\n<\/ul>\n","protected":false},"excerpt":{"rendered":"<p>A Sudocrem Extra puha t\u00f6rl\u0151kend\u0151k kozmetikai term\u00e9kek \u2013 hat\u00e9konyan tiszt\u00edtj\u00e1k a b\u0151rt \u00e9s gyeng\u00e9den \u00e1polj\u00e1k azt. R\u00e9szletek A k\u00e9tf\u00e9le Sudocrem nedves t\u00f6rl\u0151kend\u0151: magas (97%) v\u00edztartalm\u00fa b\u0151rbar\u00e1t pH-val rendelkezik b\u0151rt\u00e1pl\u00e1l\u00f3 panthenollal \u00e9s E-vitaminnal k\u00e9sz\u00fcl a baba eg\u00e9sz test\u00e9n haszn\u00e1lhat\u00f3 Soft clean v\u00e1ltozat: a gyend\u00e9d tiszt\u00edt\u00e1s\u00e9rt Sensitive v\u00e1ltozat: illatanyag-mentes az \u00e9rz\u00e9keny b\u0151r tiszt\u00edt\u00e1s\u00e1\u00e9rt \u00e9s \u00e1pol\u00e1s\u00e1\u00e9rt 4 kiszerel\u00e9sben [&#8230;]<\/p>\n<p><a aria-label=\"Sudocrem\"  class=\"btn btn-purple round btn-secondary understrap-read-more-link\" href=\"https:\/\/sudocrem.com\/hu\/sudocrem-nedves-torlokendok\/details\/\">CONTINUE READING<\/a><\/p>\n","protected":false},"author":1,"featured_media":1832,"parent":1865,"menu_order":0,"comment_status":"closed","ping_status":"closed","template":"page-templates\/top-menu-page.php","meta":{"footnotes":""},"class_list":["post-1869","page","type-page","status-publish","has-post-thumbnail","hentry"],"yoast_head":"<!-- This site is optimized with the Yoast SEO plugin v14.6.1 - https:\/\/yoast.com\/wordpress\/plugins\/seo\/ -->\n<title>Sudocrem Wipes - Details - Sudocrem Hungary<\/title>\n<meta name=\"robots\" content=\"index, follow\" \/>\n<meta name=\"googlebot\" content=\"index, follow, max-snippet:-1, max-image-preview:large, max-video-preview:-1\" \/>\n<meta name=\"bingbot\" content=\"index, follow, max-snippet:-1, max-image-preview:large, max-video-preview:-1\" \/>\n<link rel=\"canonical\" href=\"https:\/\/sudocrem.com\/hu\/sudocrem-nedves-torlokendok\/details\/\" \/>\n<meta property=\"og:locale\" content=\"en_GB\" \/>\n<meta property=\"og:type\" content=\"article\" \/>\n<meta property=\"og:title\" content=\"Sudocrem Wipes - Details - Sudocrem Hungary\" \/>\n<meta property=\"og:description\" content=\"A Sudocrem Extra puha t\u00f6rl\u0151kend\u0151k kozmetikai term\u00e9kek \u2013 hat\u00e9konyan tiszt\u00edtj\u00e1k a b\u0151rt \u00e9s gyeng\u00e9den \u00e1polj\u00e1k azt. R\u00e9szletek A k\u00e9tf\u00e9le Sudocrem nedves t\u00f6rl\u0151kend\u0151: magas (97%) v\u00edztartalm\u00fa b\u0151rbar\u00e1t pH-val rendelkezik b\u0151rt\u00e1pl\u00e1l\u00f3 panthenollal \u00e9s E-vitaminnal k\u00e9sz\u00fcl a baba eg\u00e9sz test\u00e9n haszn\u00e1lhat\u00f3 Soft clean v\u00e1ltozat: a gyend\u00e9d tiszt\u00edt\u00e1s\u00e9rt Sensitive v\u00e1ltozat: illatanyag-mentes az \u00e9rz\u00e9keny b\u0151r tiszt\u00edt\u00e1s\u00e1\u00e9rt \u00e9s \u00e1pol\u00e1s\u00e1\u00e9rt 4 kiszerel\u00e9sben [...]CONTINUE READING\" \/>\n<meta property=\"og:url\" content=\"https:\/\/sudocrem.com\/hu\/sudocrem-nedves-torlokendok\/details\/\" \/>\n<meta property=\"og:site_name\" content=\"Sudocrem Hungary\" \/>\n<meta property=\"article:modified_time\" content=\"2025-12-22T14:45:50+00:00\" \/>\n<meta property=\"og:image\" content=\"https:\/\/sudocrem.com\/hu\/wp-content\/uploads\/sites\/30\/2020\/07\/Top-banner_Wipes_Hungary.jpg\" \/>\n\t<meta property=\"og:image:width\" content=\"1920\" \/>\n\t<meta property=\"og:image:height\" content=\"791\" \/>\n<meta name=\"twitter:card\" content=\"summary_large_image\" \/>\n<script type=\"application\/ld+json\" class=\"yoast-schema-graph\">{\"@context\":\"https:\/\/schema.org\",\"@graph\":[{\"@type\":\"WebSite\",\"@id\":\"https:\/\/sudocrem.com\/hu\/#website\",\"url\":\"https:\/\/sudocrem.com\/hu\/\",\"name\":\"Sudocrem Hungary\",\"description\":\"Just another Sudocrem International site\",\"potentialAction\":[{\"@type\":\"SearchAction\",\"target\":\"https:\/\/sudocrem.com\/hu\/?s={search_term_string}\",\"query-input\":\"required name=search_term_string\"}],\"inLanguage\":\"en-GB\"},{\"@type\":\"ImageObject\",\"@id\":\"https:\/\/sudocrem.com\/hu\/sudocrem-nedves-torlokendok\/details\/#primaryimage\",\"inLanguage\":\"en-GB\",\"url\":\"https:\/\/sudocrem.com\/hu\/wp-content\/uploads\/sites\/30\/2020\/07\/Top-banner_Wipes_Hungary.jpg\",\"width\":1920,\"height\":791,\"caption\":\"Top-banner_Wipes_Hungary\"},{\"@type\":\"WebPage\",\"@id\":\"https:\/\/sudocrem.com\/hu\/sudocrem-nedves-torlokendok\/details\/#webpage\",\"url\":\"https:\/\/sudocrem.com\/hu\/sudocrem-nedves-torlokendok\/details\/\",\"name\":\"Sudocrem Wipes - Details - Sudocrem Hungary\",\"isPartOf\":{\"@id\":\"https:\/\/sudocrem.com\/hu\/#website\"},\"primaryImageOfPage\":{\"@id\":\"https:\/\/sudocrem.com\/hu\/sudocrem-nedves-torlokendok\/details\/#primaryimage\"},\"datePublished\":\"2020-07-29T08:39:27+00:00\",\"dateModified\":\"2025-12-22T14:45:50+00:00\",\"inLanguage\":\"en-GB\",\"potentialAction\":[{\"@type\":\"ReadAction\",\"target\":[\"https:\/\/sudocrem.com\/hu\/sudocrem-nedves-torlokendok\/details\/\"]}]}]}<\/script>\n<!-- \/ Yoast SEO plugin. -->","_links":{"self":[{"href":"https:\/\/sudocrem.com\/hu\/wp-json\/wp\/v2\/pages\/1869","targetHints":{"allow":["GET"]}}],"collection":[{"href":"https:\/\/sudocrem.com\/hu\/wp-json\/wp\/v2\/pages"}],"about":[{"href":"https:\/\/sudocrem.com\/hu\/wp-json\/wp\/v2\/types\/page"}],"author":[{"embeddable":true,"href":"https:\/\/sudocrem.com\/hu\/wp-json\/wp\/v2\/users\/1"}],"replies":[{"embeddable":true,"href":"https:\/\/sudocrem.com\/hu\/wp-json\/wp\/v2\/comments?post=1869"}],"version-history":[{"count":0,"href":"https:\/\/sudocrem.com\/hu\/wp-json\/wp\/v2\/pages\/1869\/revisions"}],"up":[{"embeddable":true,"href":"https:\/\/sudocrem.com\/hu\/wp-json\/wp\/v2\/pages\/1865"}],"wp:featuredmedia":[{"embeddable":true,"href":"https:\/\/sudocrem.com\/hu\/wp-json\/wp\/v2\/media\/1832"}],"wp:attachment":[{"href":"https:\/\/sudocrem.com\/hu\/wp-json\/wp\/v2\/media?parent=1869"}],"curies":[{"name":"wp","href":"https:\/\/api.w.org\/{rel}","templated":true}]}}