

{"id":2273,"date":"2025-09-18T16:46:35","date_gmt":"2025-09-18T15:46:35","guid":{"rendered":"https:\/\/sudocrem.com\/hu\/?page_id=2273"},"modified":"2025-12-22T14:39:25","modified_gmt":"2025-12-22T14:39:25","slug":"termek","status":"publish","type":"page","link":"https:\/\/sudocrem.com\/hu\/my-little-sudocrem\/termek\/","title":{"rendered":"Term\u00e9k"},"content":{"rendered":"<h5>My Little Sudocrem<sup>\u00ae<\/sup><\/h5>\n<p>My Little Sudocrem\u00ae gyeng\u00e9d formul\u00e1ja m\u00e1r \u00fajsz\u00fcl\u00f6ttkort\u00f3l* haszn\u00e1lhat\u00f3, a praktikus, 22 g-os kiszerel\u00e9s pedig ide\u00e1lis megold\u00e1s \u00fatk\u00f6zbeni haszn\u00e1latra \u2013 legyen sz\u00f3 sz\u00fcl\u0151kr\u0151l, tin\u00e9dzserekr\u0151l, fut\u00f3kr\u00f3l, ker\u00e9kp\u00e1rosokr\u00f3l vagy b\u00e1rkir\u0151l.<\/p>\n<p>&nbsp;<\/p>\n<p>&nbsp;<\/p>\n<h5><strong>F\u0151bb<\/strong> jellemz\u0151k<\/h5>\n<p>Olyan gyeng\u00e9d, hogy m\u00e1r \u00fajsz\u00fcl\u00f6ttkort\u00f3l haszn\u00e1lhat\u00f3* Praktikus, utaz\u00e1shoz ide\u00e1lis kiszerel\u00e9s \u2013 t\u00f6k\u00e9letes b\u00e1rhol b\u00e1rmerre j\u00e1rsz V\u00e9d\u0151r\u00e9teget k\u00e9pez a b\u0151r\u00f6n, \u00f3vja, azt a k\u00fcls\u0151 irrit\u00e1l\u00f3 hat\u00e1sokt\u00f3l Nyugtatja a sz\u00e1raz b\u0151rfel\u00fcletet \u00e9s cs\u00f6kkenti a b\u0151rp\u00edrt, mik\u00f6zben fenntartja a b\u0151r eg\u00e9szs\u00e9ges \u00e1llapot\u00e1t<\/p>\n<p>*3 \u00e9v alatti gyermekekn\u00e9l csak a pelenk\u00e1val fedett ter\u00fcleten alkalmazhat\u00f3.<\/p>\n<p>kozmetikai term\u00e9k<\/p>\n","protected":false},"excerpt":{"rendered":"<p>My Little Sudocrem\u00ae My Little Sudocrem\u00ae gyeng\u00e9d formul\u00e1ja m\u00e1r \u00fajsz\u00fcl\u00f6ttkort\u00f3l* haszn\u00e1lhat\u00f3, a praktikus, 22 g-os kiszerel\u00e9s pedig ide\u00e1lis megold\u00e1s \u00fatk\u00f6zbeni haszn\u00e1latra \u2013 legyen sz\u00f3 sz\u00fcl\u0151kr\u0151l, tin\u00e9dzserekr\u0151l, fut\u00f3kr\u00f3l, ker\u00e9kp\u00e1rosokr\u00f3l vagy b\u00e1rkir\u0151l. &nbsp; &nbsp; F\u0151bb jellemz\u0151k Olyan gyeng\u00e9d, hogy m\u00e1r \u00fajsz\u00fcl\u00f6ttkort\u00f3l haszn\u00e1lhat\u00f3* Praktikus, utaz\u00e1shoz ide\u00e1lis kiszerel\u00e9s \u2013 t\u00f6k\u00e9letes b\u00e1rhol b\u00e1rmerre j\u00e1rsz V\u00e9d\u0151r\u00e9teget k\u00e9pez a b\u0151r\u00f6n, \u00f3vja, azt [&#8230;]<\/p>\n<p><a aria-label=\"Sudocrem\"  class=\"btn btn-purple round btn-secondary understrap-read-more-link\" href=\"https:\/\/sudocrem.com\/hu\/my-little-sudocrem\/termek\/\">CONTINUE READING<\/a><\/p>\n","protected":false},"author":1,"featured_media":2292,"parent":2281,"menu_order":0,"comment_status":"closed","ping_status":"closed","template":"page-templates\/top-menu-page.php","meta":{"footnotes":""},"class_list":["post-2273","page","type-page","status-publish","has-post-thumbnail","hentry"],"yoast_head":"<!-- This site is optimized with the Yoast SEO plugin v14.6.1 - https:\/\/yoast.com\/wordpress\/plugins\/seo\/ -->\n<title>Term\u00e9k - Sudocrem Hungary<\/title>\n<meta name=\"robots\" content=\"index, follow\" \/>\n<meta name=\"googlebot\" content=\"index, follow, max-snippet:-1, max-image-preview:large, max-video-preview:-1\" \/>\n<meta name=\"bingbot\" content=\"index, follow, max-snippet:-1, max-image-preview:large, max-video-preview:-1\" \/>\n<link rel=\"canonical\" href=\"https:\/\/sudocrem.com\/hu\/my-little-sudocrem\/termek\/\" \/>\n<meta property=\"og:locale\" content=\"en_GB\" \/>\n<meta property=\"og:type\" content=\"article\" \/>\n<meta property=\"og:title\" content=\"Term\u00e9k - Sudocrem Hungary\" \/>\n<meta property=\"og:description\" content=\"My Little Sudocrem\u00ae My Little Sudocrem\u00ae gyeng\u00e9d formul\u00e1ja m\u00e1r \u00fajsz\u00fcl\u00f6ttkort\u00f3l* haszn\u00e1lhat\u00f3, a praktikus, 22 g-os kiszerel\u00e9s pedig ide\u00e1lis megold\u00e1s \u00fatk\u00f6zbeni haszn\u00e1latra \u2013 legyen sz\u00f3 sz\u00fcl\u0151kr\u0151l, tin\u00e9dzserekr\u0151l, fut\u00f3kr\u00f3l, ker\u00e9kp\u00e1rosokr\u00f3l vagy b\u00e1rkir\u0151l. &nbsp; &nbsp; F\u0151bb jellemz\u0151k Olyan gyeng\u00e9d, hogy m\u00e1r \u00fajsz\u00fcl\u00f6ttkort\u00f3l haszn\u00e1lhat\u00f3* Praktikus, utaz\u00e1shoz ide\u00e1lis kiszerel\u00e9s \u2013 t\u00f6k\u00e9letes b\u00e1rhol b\u00e1rmerre j\u00e1rsz V\u00e9d\u0151r\u00e9teget k\u00e9pez a b\u0151r\u00f6n, \u00f3vja, azt [...]CONTINUE READING\" \/>\n<meta property=\"og:url\" content=\"https:\/\/sudocrem.com\/hu\/my-little-sudocrem\/termek\/\" \/>\n<meta property=\"og:site_name\" content=\"Sudocrem Hungary\" \/>\n<meta property=\"article:modified_time\" content=\"2025-12-22T14:39:25+00:00\" \/>\n<meta property=\"og:image\" content=\"https:\/\/sudocrem.com\/hu\/wp-content\/uploads\/sites\/30\/2025\/09\/kez_hu1.jpg\" \/>\n\t<meta property=\"og:image:width\" content=\"1901\" \/>\n\t<meta property=\"og:image:height\" content=\"544\" \/>\n<meta name=\"twitter:card\" content=\"summary_large_image\" \/>\n<script type=\"application\/ld+json\" class=\"yoast-schema-graph\">{\"@context\":\"https:\/\/schema.org\",\"@graph\":[{\"@type\":\"WebSite\",\"@id\":\"https:\/\/sudocrem.com\/hu\/#website\",\"url\":\"https:\/\/sudocrem.com\/hu\/\",\"name\":\"Sudocrem Hungary\",\"description\":\"Just another Sudocrem International site\",\"potentialAction\":[{\"@type\":\"SearchAction\",\"target\":\"https:\/\/sudocrem.com\/hu\/?s={search_term_string}\",\"query-input\":\"required name=search_term_string\"}],\"inLanguage\":\"en-GB\"},{\"@type\":\"ImageObject\",\"@id\":\"https:\/\/sudocrem.com\/hu\/my-little-sudocrem\/termek\/#primaryimage\",\"inLanguage\":\"en-GB\",\"url\":\"https:\/\/sudocrem.com\/hu\/wp-content\/uploads\/sites\/30\/2025\/09\/kez_hu1.jpg\",\"width\":1901,\"height\":544},{\"@type\":\"WebPage\",\"@id\":\"https:\/\/sudocrem.com\/hu\/my-little-sudocrem\/termek\/#webpage\",\"url\":\"https:\/\/sudocrem.com\/hu\/my-little-sudocrem\/termek\/\",\"name\":\"Term\\u00e9k - Sudocrem Hungary\",\"isPartOf\":{\"@id\":\"https:\/\/sudocrem.com\/hu\/#website\"},\"primaryImageOfPage\":{\"@id\":\"https:\/\/sudocrem.com\/hu\/my-little-sudocrem\/termek\/#primaryimage\"},\"datePublished\":\"2025-09-18T15:46:35+00:00\",\"dateModified\":\"2025-12-22T14:39:25+00:00\",\"inLanguage\":\"en-GB\",\"potentialAction\":[{\"@type\":\"ReadAction\",\"target\":[\"https:\/\/sudocrem.com\/hu\/my-little-sudocrem\/termek\/\"]}]}]}<\/script>\n<!-- \/ Yoast SEO plugin. -->","_links":{"self":[{"href":"https:\/\/sudocrem.com\/hu\/wp-json\/wp\/v2\/pages\/2273","targetHints":{"allow":["GET"]}}],"collection":[{"href":"https:\/\/sudocrem.com\/hu\/wp-json\/wp\/v2\/pages"}],"about":[{"href":"https:\/\/sudocrem.com\/hu\/wp-json\/wp\/v2\/types\/page"}],"author":[{"embeddable":true,"href":"https:\/\/sudocrem.com\/hu\/wp-json\/wp\/v2\/users\/1"}],"replies":[{"embeddable":true,"href":"https:\/\/sudocrem.com\/hu\/wp-json\/wp\/v2\/comments?post=2273"}],"version-history":[{"count":0,"href":"https:\/\/sudocrem.com\/hu\/wp-json\/wp\/v2\/pages\/2273\/revisions"}],"up":[{"embeddable":true,"href":"https:\/\/sudocrem.com\/hu\/wp-json\/wp\/v2\/pages\/2281"}],"wp:featuredmedia":[{"embeddable":true,"href":"https:\/\/sudocrem.com\/hu\/wp-json\/wp\/v2\/media\/2292"}],"wp:attachment":[{"href":"https:\/\/sudocrem.com\/hu\/wp-json\/wp\/v2\/media?parent=2273"}],"curies":[{"name":"wp","href":"https:\/\/api.w.org\/{rel}","templated":true}]}}