

{"id":2285,"date":"2025-09-18T17:09:14","date_gmt":"2025-09-18T16:09:14","guid":{"rendered":"https:\/\/sudocrem.com\/hu\/?page_id=2285"},"modified":"2025-12-22T14:40:31","modified_gmt":"2025-12-22T14:40:31","slug":"hogyan-alkalmazzuk","status":"publish","type":"page","link":"https:\/\/sudocrem.com\/hu\/my-little-sudocrem\/hogyan-alkalmazzuk\/","title":{"rendered":"Hogyan alkalmazzuk?"},"content":{"rendered":"<h5>Alkalmaz\u00e1s m\u00f3dja<\/h5>\n<p>V\u00e9kony r\u00e9tegben vidd fel a k\u00edv\u00e1nt b\u0151rfel\u00fcletre.<\/p>\n<p>A kr\u00e9m gyeng\u00e9d formul\u00e1ja sz\u00fcks\u00e9g szerint b\u00e1rmilyen gyakoris\u00e1ggal haszn\u00e1lhat\u00f3.<\/p>\n<p>&nbsp;<\/p>\n","protected":false},"excerpt":{"rendered":"<p>Alkalmaz\u00e1s m\u00f3dja V\u00e9kony r\u00e9tegben vidd fel a k\u00edv\u00e1nt b\u0151rfel\u00fcletre. A kr\u00e9m gyeng\u00e9d formul\u00e1ja sz\u00fcks\u00e9g szerint b\u00e1rmilyen gyakoris\u00e1ggal haszn\u00e1lhat\u00f3. &nbsp; [&#8230;]<\/p>\n<p><a aria-label=\"Sudocrem\"  class=\"btn btn-purple round btn-secondary understrap-read-more-link\" href=\"https:\/\/sudocrem.com\/hu\/my-little-sudocrem\/hogyan-alkalmazzuk\/\">CONTINUE READING<\/a><\/p>\n","protected":false},"author":1,"featured_media":2292,"parent":2281,"menu_order":0,"comment_status":"closed","ping_status":"closed","template":"page-templates\/top-menu-page.php","meta":{"footnotes":""},"class_list":["post-2285","page","type-page","status-publish","has-post-thumbnail","hentry"],"yoast_head":"<!-- This site is optimized with the Yoast SEO plugin v14.6.1 - https:\/\/yoast.com\/wordpress\/plugins\/seo\/ -->\n<title>Hogyan alkalmazzuk? - Sudocrem Hungary<\/title>\n<meta name=\"robots\" content=\"index, follow\" \/>\n<meta name=\"googlebot\" content=\"index, follow, max-snippet:-1, max-image-preview:large, max-video-preview:-1\" \/>\n<meta name=\"bingbot\" content=\"index, follow, max-snippet:-1, max-image-preview:large, max-video-preview:-1\" \/>\n<link rel=\"canonical\" href=\"https:\/\/sudocrem.com\/hu\/my-little-sudocrem\/hogyan-alkalmazzuk\/\" \/>\n<meta property=\"og:locale\" content=\"en_GB\" \/>\n<meta property=\"og:type\" content=\"article\" \/>\n<meta property=\"og:title\" content=\"Hogyan alkalmazzuk? - Sudocrem Hungary\" \/>\n<meta property=\"og:description\" content=\"Alkalmaz\u00e1s m\u00f3dja V\u00e9kony r\u00e9tegben vidd fel a k\u00edv\u00e1nt b\u0151rfel\u00fcletre. A kr\u00e9m gyeng\u00e9d formul\u00e1ja sz\u00fcks\u00e9g szerint b\u00e1rmilyen gyakoris\u00e1ggal haszn\u00e1lhat\u00f3. &nbsp; [...]CONTINUE READING\" \/>\n<meta property=\"og:url\" content=\"https:\/\/sudocrem.com\/hu\/my-little-sudocrem\/hogyan-alkalmazzuk\/\" \/>\n<meta property=\"og:site_name\" content=\"Sudocrem Hungary\" \/>\n<meta property=\"article:modified_time\" content=\"2025-12-22T14:40:31+00:00\" \/>\n<meta property=\"og:image\" content=\"https:\/\/sudocrem.com\/hu\/wp-content\/uploads\/sites\/30\/2025\/09\/kez_hu1.jpg\" \/>\n\t<meta property=\"og:image:width\" content=\"1901\" \/>\n\t<meta property=\"og:image:height\" content=\"544\" \/>\n<meta name=\"twitter:card\" content=\"summary_large_image\" \/>\n<script type=\"application\/ld+json\" class=\"yoast-schema-graph\">{\"@context\":\"https:\/\/schema.org\",\"@graph\":[{\"@type\":\"WebSite\",\"@id\":\"https:\/\/sudocrem.com\/hu\/#website\",\"url\":\"https:\/\/sudocrem.com\/hu\/\",\"name\":\"Sudocrem Hungary\",\"description\":\"Just another Sudocrem International site\",\"potentialAction\":[{\"@type\":\"SearchAction\",\"target\":\"https:\/\/sudocrem.com\/hu\/?s={search_term_string}\",\"query-input\":\"required name=search_term_string\"}],\"inLanguage\":\"en-GB\"},{\"@type\":\"ImageObject\",\"@id\":\"https:\/\/sudocrem.com\/hu\/my-little-sudocrem\/hogyan-alkalmazzuk\/#primaryimage\",\"inLanguage\":\"en-GB\",\"url\":\"https:\/\/sudocrem.com\/hu\/wp-content\/uploads\/sites\/30\/2025\/09\/kez_hu1.jpg\",\"width\":1901,\"height\":544},{\"@type\":\"WebPage\",\"@id\":\"https:\/\/sudocrem.com\/hu\/my-little-sudocrem\/hogyan-alkalmazzuk\/#webpage\",\"url\":\"https:\/\/sudocrem.com\/hu\/my-little-sudocrem\/hogyan-alkalmazzuk\/\",\"name\":\"Hogyan alkalmazzuk? - Sudocrem Hungary\",\"isPartOf\":{\"@id\":\"https:\/\/sudocrem.com\/hu\/#website\"},\"primaryImageOfPage\":{\"@id\":\"https:\/\/sudocrem.com\/hu\/my-little-sudocrem\/hogyan-alkalmazzuk\/#primaryimage\"},\"datePublished\":\"2025-09-18T16:09:14+00:00\",\"dateModified\":\"2025-12-22T14:40:31+00:00\",\"inLanguage\":\"en-GB\",\"potentialAction\":[{\"@type\":\"ReadAction\",\"target\":[\"https:\/\/sudocrem.com\/hu\/my-little-sudocrem\/hogyan-alkalmazzuk\/\"]}]}]}<\/script>\n<!-- \/ Yoast SEO plugin. -->","_links":{"self":[{"href":"https:\/\/sudocrem.com\/hu\/wp-json\/wp\/v2\/pages\/2285","targetHints":{"allow":["GET"]}}],"collection":[{"href":"https:\/\/sudocrem.com\/hu\/wp-json\/wp\/v2\/pages"}],"about":[{"href":"https:\/\/sudocrem.com\/hu\/wp-json\/wp\/v2\/types\/page"}],"author":[{"embeddable":true,"href":"https:\/\/sudocrem.com\/hu\/wp-json\/wp\/v2\/users\/1"}],"replies":[{"embeddable":true,"href":"https:\/\/sudocrem.com\/hu\/wp-json\/wp\/v2\/comments?post=2285"}],"version-history":[{"count":0,"href":"https:\/\/sudocrem.com\/hu\/wp-json\/wp\/v2\/pages\/2285\/revisions"}],"up":[{"embeddable":true,"href":"https:\/\/sudocrem.com\/hu\/wp-json\/wp\/v2\/pages\/2281"}],"wp:featuredmedia":[{"embeddable":true,"href":"https:\/\/sudocrem.com\/hu\/wp-json\/wp\/v2\/media\/2292"}],"wp:attachment":[{"href":"https:\/\/sudocrem.com\/hu\/wp-json\/wp\/v2\/media?parent=2285"}],"curies":[{"name":"wp","href":"https:\/\/api.w.org\/{rel}","templated":true}]}}