

{"id":2333,"date":"2025-12-22T13:00:24","date_gmt":"2025-12-22T13:00:24","guid":{"rendered":"https:\/\/sudocrem.com\/hu\/?page_id=2333"},"modified":"2025-12-22T13:05:34","modified_gmt":"2025-12-22T13:05:34","slug":"inkontinenciaval-osszefuggo-borgyulladas-iad","status":"publish","type":"page","link":"https:\/\/sudocrem.com\/hu\/sudocrem-multi-expert-hasznalata\/inkontinenciaval-osszefuggo-borgyulladas-iad\/","title":{"rendered":"Inkontinenci\u00e1val \u00f6sszef\u00fcgg\u0151 b\u0151rgyullad\u00e1s (IAD)"},"content":{"rendered":"","protected":false},"excerpt":{"rendered":"<p> [&#8230;]<\/p>\n<p><a aria-label=\"Sudocrem\"  class=\"btn btn-purple round btn-secondary understrap-read-more-link\" href=\"https:\/\/sudocrem.com\/hu\/sudocrem-multi-expert-hasznalata\/inkontinenciaval-osszefuggo-borgyulladas-iad\/\">CONTINUE READING<\/a><\/p>\n","protected":false},"author":1,"featured_media":2334,"parent":2323,"menu_order":0,"comment_status":"closed","ping_status":"closed","template":"page-templates\/your-skin-page.php","meta":{"footnotes":""},"class_list":["post-2333","page","type-page","status-publish","has-post-thumbnail","hentry"],"yoast_head":"<!-- This site is optimized with the Yoast SEO plugin v14.6.1 - https:\/\/yoast.com\/wordpress\/plugins\/seo\/ -->\n<title>Inkontinenci\u00e1val \u00f6sszef\u00fcgg\u0151 b\u0151rgyullad\u00e1s (IAD) - Sudocrem Hungary<\/title>\n<meta name=\"robots\" content=\"index, follow\" \/>\n<meta name=\"googlebot\" content=\"index, follow, max-snippet:-1, max-image-preview:large, max-video-preview:-1\" \/>\n<meta name=\"bingbot\" content=\"index, follow, max-snippet:-1, max-image-preview:large, max-video-preview:-1\" \/>\n<link rel=\"canonical\" href=\"https:\/\/sudocrem.com\/hu\/sudocrem-multi-expert-hasznalata\/inkontinenciaval-osszefuggo-borgyulladas-iad\/\" \/>\n<meta property=\"og:locale\" content=\"en_GB\" \/>\n<meta property=\"og:type\" content=\"article\" \/>\n<meta property=\"og:title\" content=\"Inkontinenci\u00e1val \u00f6sszef\u00fcgg\u0151 b\u0151rgyullad\u00e1s (IAD) - Sudocrem Hungary\" \/>\n<meta property=\"og:description\" content=\"[...]CONTINUE READING\" \/>\n<meta property=\"og:url\" content=\"https:\/\/sudocrem.com\/hu\/sudocrem-multi-expert-hasznalata\/inkontinenciaval-osszefuggo-borgyulladas-iad\/\" \/>\n<meta property=\"og:site_name\" content=\"Sudocrem Hungary\" \/>\n<meta property=\"article:modified_time\" content=\"2025-12-22T13:05:34+00:00\" \/>\n<meta property=\"og:image\" content=\"https:\/\/sudocrem.com\/hu\/wp-content\/uploads\/sites\/30\/2025\/12\/Mask-Group-1@2x-1.jpg\" \/>\n\t<meta property=\"og:image:width\" content=\"2560\" \/>\n\t<meta property=\"og:image:height\" content=\"660\" \/>\n<meta name=\"twitter:card\" content=\"summary_large_image\" \/>\n<script type=\"application\/ld+json\" class=\"yoast-schema-graph\">{\"@context\":\"https:\/\/schema.org\",\"@graph\":[{\"@type\":\"WebSite\",\"@id\":\"https:\/\/sudocrem.com\/hu\/#website\",\"url\":\"https:\/\/sudocrem.com\/hu\/\",\"name\":\"Sudocrem Hungary\",\"description\":\"Just another Sudocrem International site\",\"potentialAction\":[{\"@type\":\"SearchAction\",\"target\":\"https:\/\/sudocrem.com\/hu\/?s={search_term_string}\",\"query-input\":\"required name=search_term_string\"}],\"inLanguage\":\"en-GB\"},{\"@type\":\"ImageObject\",\"@id\":\"https:\/\/sudocrem.com\/hu\/sudocrem-multi-expert-hasznalata\/inkontinenciaval-osszefuggo-borgyulladas-iad\/#primaryimage\",\"inLanguage\":\"en-GB\",\"url\":\"https:\/\/sudocrem.com\/hu\/wp-content\/uploads\/sites\/30\/2025\/12\/Mask-Group-1@2x-1.jpg\",\"width\":2560,\"height\":660},{\"@type\":\"WebPage\",\"@id\":\"https:\/\/sudocrem.com\/hu\/sudocrem-multi-expert-hasznalata\/inkontinenciaval-osszefuggo-borgyulladas-iad\/#webpage\",\"url\":\"https:\/\/sudocrem.com\/hu\/sudocrem-multi-expert-hasznalata\/inkontinenciaval-osszefuggo-borgyulladas-iad\/\",\"name\":\"Inkontinenci\\u00e1val \\u00f6sszef\\u00fcgg\\u0151 b\\u0151rgyullad\\u00e1s (IAD) - Sudocrem Hungary\",\"isPartOf\":{\"@id\":\"https:\/\/sudocrem.com\/hu\/#website\"},\"primaryImageOfPage\":{\"@id\":\"https:\/\/sudocrem.com\/hu\/sudocrem-multi-expert-hasznalata\/inkontinenciaval-osszefuggo-borgyulladas-iad\/#primaryimage\"},\"datePublished\":\"2025-12-22T13:00:24+00:00\",\"dateModified\":\"2025-12-22T13:05:34+00:00\",\"inLanguage\":\"en-GB\",\"potentialAction\":[{\"@type\":\"ReadAction\",\"target\":[\"https:\/\/sudocrem.com\/hu\/sudocrem-multi-expert-hasznalata\/inkontinenciaval-osszefuggo-borgyulladas-iad\/\"]}]}]}<\/script>\n<!-- \/ Yoast SEO plugin. -->","_links":{"self":[{"href":"https:\/\/sudocrem.com\/hu\/wp-json\/wp\/v2\/pages\/2333","targetHints":{"allow":["GET"]}}],"collection":[{"href":"https:\/\/sudocrem.com\/hu\/wp-json\/wp\/v2\/pages"}],"about":[{"href":"https:\/\/sudocrem.com\/hu\/wp-json\/wp\/v2\/types\/page"}],"author":[{"embeddable":true,"href":"https:\/\/sudocrem.com\/hu\/wp-json\/wp\/v2\/users\/1"}],"replies":[{"embeddable":true,"href":"https:\/\/sudocrem.com\/hu\/wp-json\/wp\/v2\/comments?post=2333"}],"version-history":[{"count":0,"href":"https:\/\/sudocrem.com\/hu\/wp-json\/wp\/v2\/pages\/2333\/revisions"}],"up":[{"embeddable":true,"href":"https:\/\/sudocrem.com\/hu\/wp-json\/wp\/v2\/pages\/2323"}],"wp:featuredmedia":[{"embeddable":true,"href":"https:\/\/sudocrem.com\/hu\/wp-json\/wp\/v2\/media\/2334"}],"wp:attachment":[{"href":"https:\/\/sudocrem.com\/hu\/wp-json\/wp\/v2\/media?parent=2333"}],"curies":[{"name":"wp","href":"https:\/\/api.w.org\/{rel}","templated":true}]}}