

{"id":2353,"date":"2025-12-23T12:58:54","date_gmt":"2025-12-23T12:58:54","guid":{"rendered":"https:\/\/sudocrem.com\/hu\/?page_id=2353"},"modified":"2025-12-23T13:02:54","modified_gmt":"2025-12-23T13:02:54","slug":"termek","status":"publish","type":"page","link":"https:\/\/sudocrem.com\/hu\/sudocrem-multi-expert-borvedo-krem\/termek\/","title":{"rendered":"Term\u00e9k"},"content":{"rendered":"<h5>Term\u00e9k<\/h5>\n<p>A Sudocrem Multi-Expert b\u0151rv\u00e9d\u0151 kr\u00e9m \u2013 egy orvostechnikai eszk\u00f6z, gy\u00f3gy\u00e1szati seg\u00e9deszk\u00f6z \u00faj lehet\u0151s\u00e9geket k\u00edn\u00e1l az al\u00e1bbi probl\u00e9m\u00e1k eset\u00e9n:<\/p>\n<p>&nbsp;<\/p>\n<h5>Mire haszn\u00e1lhat\u00f3?<\/h5>\n<ul>\n<li>Kontakt dermatitisz kezel\u00e9se<\/li>\n<li>Kid\u00f6rzs\u00f6l\u0151d\u00e9s \/ Intertrigo megel\u0151z\u00e9se \u00e9s kezel\u00e9se<\/li>\n<li>Sebsz\u00e9lekn\u00e9l l\u00e9v\u0151 b\u0151r v\u00e9delme<\/li>\n<li>Pelenkaki\u00fct\u00e9s megel\u0151z\u00e9se \u00e9s kezel\u00e9se<\/li>\n<li>Inkontinenci\u00e1val \u00f6sszef\u00fcgg\u0151 b\u0151rgyullad\u00e1s megel\u0151z\u00e9se \u00e9s kezel\u00e9se<\/li>\n<li>Felfekv\u00e9s megel\u0151z\u00e9se \u00e9s kezel\u00e9se<\/li>\n<\/ul>\n","protected":false},"excerpt":{"rendered":"<p>Term\u00e9k A Sudocrem Multi-Expert b\u0151rv\u00e9d\u0151 kr\u00e9m \u2013 egy orvostechnikai eszk\u00f6z, gy\u00f3gy\u00e1szati seg\u00e9deszk\u00f6z \u00faj lehet\u0151s\u00e9geket k\u00edn\u00e1l az al\u00e1bbi probl\u00e9m\u00e1k eset\u00e9n: &nbsp; Mire haszn\u00e1lhat\u00f3? Kontakt dermatitisz kezel\u00e9se Kid\u00f6rzs\u00f6l\u0151d\u00e9s \/ Intertrigo megel\u0151z\u00e9se \u00e9s kezel\u00e9se Sebsz\u00e9lekn\u00e9l l\u00e9v\u0151 b\u0151r v\u00e9delme Pelenkaki\u00fct\u00e9s megel\u0151z\u00e9se \u00e9s kezel\u00e9se Inkontinenci\u00e1val \u00f6sszef\u00fcgg\u0151 b\u0151rgyullad\u00e1s megel\u0151z\u00e9se \u00e9s kezel\u00e9se Felfekv\u00e9s megel\u0151z\u00e9se \u00e9s kezel\u00e9se [&#8230;]<\/p>\n<p><a aria-label=\"Sudocrem\"  class=\"btn btn-purple round btn-secondary understrap-read-more-link\" href=\"https:\/\/sudocrem.com\/hu\/sudocrem-multi-expert-borvedo-krem\/termek\/\">CONTINUE READING<\/a><\/p>\n","protected":false},"author":1,"featured_media":2354,"parent":2352,"menu_order":0,"comment_status":"closed","ping_status":"closed","template":"page-templates\/top-menu-page.php","meta":{"footnotes":""},"class_list":["post-2353","page","type-page","status-publish","has-post-thumbnail","hentry"],"yoast_head":"<!-- This site is optimized with the Yoast SEO plugin v14.6.1 - https:\/\/yoast.com\/wordpress\/plugins\/seo\/ -->\n<title>Term\u00e9k - Sudocrem Hungary<\/title>\n<meta name=\"robots\" content=\"index, follow\" \/>\n<meta name=\"googlebot\" content=\"index, follow, max-snippet:-1, max-image-preview:large, max-video-preview:-1\" \/>\n<meta name=\"bingbot\" content=\"index, follow, max-snippet:-1, max-image-preview:large, max-video-preview:-1\" \/>\n<link rel=\"canonical\" href=\"https:\/\/sudocrem.com\/hu\/sudocrem-multi-expert-borvedo-krem\/termek\/\" \/>\n<meta property=\"og:locale\" content=\"en_GB\" \/>\n<meta property=\"og:type\" content=\"article\" \/>\n<meta property=\"og:title\" content=\"Term\u00e9k - Sudocrem Hungary\" \/>\n<meta property=\"og:description\" content=\"Term\u00e9k A Sudocrem Multi-Expert b\u0151rv\u00e9d\u0151 kr\u00e9m \u2013 egy orvostechnikai eszk\u00f6z, gy\u00f3gy\u00e1szati seg\u00e9deszk\u00f6z \u00faj lehet\u0151s\u00e9geket k\u00edn\u00e1l az al\u00e1bbi probl\u00e9m\u00e1k eset\u00e9n: &nbsp; Mire haszn\u00e1lhat\u00f3? Kontakt dermatitisz kezel\u00e9se Kid\u00f6rzs\u00f6l\u0151d\u00e9s \/ Intertrigo megel\u0151z\u00e9se \u00e9s kezel\u00e9se Sebsz\u00e9lekn\u00e9l l\u00e9v\u0151 b\u0151r v\u00e9delme Pelenkaki\u00fct\u00e9s megel\u0151z\u00e9se \u00e9s kezel\u00e9se Inkontinenci\u00e1val \u00f6sszef\u00fcgg\u0151 b\u0151rgyullad\u00e1s megel\u0151z\u00e9se \u00e9s kezel\u00e9se Felfekv\u00e9s megel\u0151z\u00e9se \u00e9s kezel\u00e9se [...]CONTINUE READING\" \/>\n<meta property=\"og:url\" content=\"https:\/\/sudocrem.com\/hu\/sudocrem-multi-expert-borvedo-krem\/termek\/\" \/>\n<meta property=\"og:site_name\" content=\"Sudocrem Hungary\" \/>\n<meta property=\"article:modified_time\" content=\"2025-12-23T13:02:54+00:00\" \/>\n<meta property=\"og:image\" content=\"https:\/\/sudocrem.com\/hu\/wp-content\/uploads\/sites\/30\/2025\/12\/Mask-Group-1@2x9.jpg\" \/>\n\t<meta property=\"og:image:width\" content=\"2560\" \/>\n\t<meta property=\"og:image:height\" content=\"660\" \/>\n<meta name=\"twitter:card\" content=\"summary_large_image\" \/>\n<script type=\"application\/ld+json\" class=\"yoast-schema-graph\">{\"@context\":\"https:\/\/schema.org\",\"@graph\":[{\"@type\":\"WebSite\",\"@id\":\"https:\/\/sudocrem.com\/hu\/#website\",\"url\":\"https:\/\/sudocrem.com\/hu\/\",\"name\":\"Sudocrem Hungary\",\"description\":\"Just another Sudocrem International site\",\"potentialAction\":[{\"@type\":\"SearchAction\",\"target\":\"https:\/\/sudocrem.com\/hu\/?s={search_term_string}\",\"query-input\":\"required name=search_term_string\"}],\"inLanguage\":\"en-GB\"},{\"@type\":\"ImageObject\",\"@id\":\"https:\/\/sudocrem.com\/hu\/sudocrem-multi-expert-borvedo-krem\/termek\/#primaryimage\",\"inLanguage\":\"en-GB\",\"url\":\"https:\/\/sudocrem.com\/hu\/wp-content\/uploads\/sites\/30\/2025\/12\/Mask-Group-1@2x9.jpg\",\"width\":2560,\"height\":660},{\"@type\":\"WebPage\",\"@id\":\"https:\/\/sudocrem.com\/hu\/sudocrem-multi-expert-borvedo-krem\/termek\/#webpage\",\"url\":\"https:\/\/sudocrem.com\/hu\/sudocrem-multi-expert-borvedo-krem\/termek\/\",\"name\":\"Term\\u00e9k - Sudocrem Hungary\",\"isPartOf\":{\"@id\":\"https:\/\/sudocrem.com\/hu\/#website\"},\"primaryImageOfPage\":{\"@id\":\"https:\/\/sudocrem.com\/hu\/sudocrem-multi-expert-borvedo-krem\/termek\/#primaryimage\"},\"datePublished\":\"2025-12-23T12:58:54+00:00\",\"dateModified\":\"2025-12-23T13:02:54+00:00\",\"inLanguage\":\"en-GB\",\"potentialAction\":[{\"@type\":\"ReadAction\",\"target\":[\"https:\/\/sudocrem.com\/hu\/sudocrem-multi-expert-borvedo-krem\/termek\/\"]}]}]}<\/script>\n<!-- \/ Yoast SEO plugin. -->","_links":{"self":[{"href":"https:\/\/sudocrem.com\/hu\/wp-json\/wp\/v2\/pages\/2353","targetHints":{"allow":["GET"]}}],"collection":[{"href":"https:\/\/sudocrem.com\/hu\/wp-json\/wp\/v2\/pages"}],"about":[{"href":"https:\/\/sudocrem.com\/hu\/wp-json\/wp\/v2\/types\/page"}],"author":[{"embeddable":true,"href":"https:\/\/sudocrem.com\/hu\/wp-json\/wp\/v2\/users\/1"}],"replies":[{"embeddable":true,"href":"https:\/\/sudocrem.com\/hu\/wp-json\/wp\/v2\/comments?post=2353"}],"version-history":[{"count":0,"href":"https:\/\/sudocrem.com\/hu\/wp-json\/wp\/v2\/pages\/2353\/revisions"}],"up":[{"embeddable":true,"href":"https:\/\/sudocrem.com\/hu\/wp-json\/wp\/v2\/pages\/2352"}],"wp:featuredmedia":[{"embeddable":true,"href":"https:\/\/sudocrem.com\/hu\/wp-json\/wp\/v2\/media\/2354"}],"wp:attachment":[{"href":"https:\/\/sudocrem.com\/hu\/wp-json\/wp\/v2\/media?parent=2353"}],"curies":[{"name":"wp","href":"https:\/\/api.w.org\/{rel}","templated":true}]}}