

{"id":2358,"date":"2025-12-23T13:32:57","date_gmt":"2025-12-23T13:32:57","guid":{"rendered":"https:\/\/sudocrem.com\/hu\/?page_id=2358"},"modified":"2025-12-23T13:34:59","modified_gmt":"2025-12-23T13:34:59","slug":"fo-osszetevok","status":"publish","type":"page","link":"https:\/\/sudocrem.com\/hu\/sudocrem-multi-expert-borvedo-krem\/fo-osszetevok\/","title":{"rendered":"F\u0151 \u00f6sszetev\u0151k"},"content":{"rendered":"<h5>F\u0151 \u00f6sszetev\u0151k<\/h5>\n<p>A Sudocrem Multi-Expert b\u0151rv\u00e9d\u0151 kr\u00e9m \u00f6sszetev\u0151i biztos\u00edtj\u00e1k a nyugtat\u00f3 \u00e9s gy\u00f3gy\u00edt\u00f3 hat\u00e1st:<\/p>\n<ul>\n<li>Cink-oxid \u2013 el\u0151seg\u00edti kisebesedett b\u0151r gy\u00f3gyul\u00e1s\u00e1t, hozz\u00e1j\u00e1rul a gyullad\u00e1s cs\u00f6kkent\u00e9s\u00e9hez, valamint r\u00e9szt vesz a term\u00e9szetes sebtisztul\u00e1s folyamat\u00e1ban<\/li>\n<li>Hipoallerg\u00e9n lanolin \u2013 puh\u00edtja, tov\u00e1bb\u00e1 elv\u00e1lasztja a b\u0151rt \u00e9s a vele \u00e9rintkez\u0151 k\u00fcls\u0151 fel\u00fcleteket (pl. text\u00edlia); valamint r\u00e9szt vesz a hidrof\u00f3b r\u00e9teg kialak\u00edt\u00e1s\u00e1ban, \u00e9s cs\u00f6kkenti a transzepiderm\u00e1lis v\u00edzveszt\u00e9st<\/li>\n<\/ul>\n","protected":false},"excerpt":{"rendered":"<p>F\u0151 \u00f6sszetev\u0151k A Sudocrem Multi-Expert b\u0151rv\u00e9d\u0151 kr\u00e9m \u00f6sszetev\u0151i biztos\u00edtj\u00e1k a nyugtat\u00f3 \u00e9s gy\u00f3gy\u00edt\u00f3 hat\u00e1st: Cink-oxid \u2013 el\u0151seg\u00edti kisebesedett b\u0151r gy\u00f3gyul\u00e1s\u00e1t, hozz\u00e1j\u00e1rul a gyullad\u00e1s cs\u00f6kkent\u00e9s\u00e9hez, valamint r\u00e9szt vesz a term\u00e9szetes sebtisztul\u00e1s folyamat\u00e1ban Hipoallerg\u00e9n lanolin \u2013 puh\u00edtja, tov\u00e1bb\u00e1 elv\u00e1lasztja a b\u0151rt \u00e9s a vele \u00e9rintkez\u0151 k\u00fcls\u0151 fel\u00fcleteket (pl. text\u00edlia); valamint r\u00e9szt vesz a hidrof\u00f3b r\u00e9teg kialak\u00edt\u00e1s\u00e1ban, \u00e9s [&#8230;]<\/p>\n<p><a aria-label=\"Sudocrem\"  class=\"btn btn-purple round btn-secondary understrap-read-more-link\" href=\"https:\/\/sudocrem.com\/hu\/sudocrem-multi-expert-borvedo-krem\/fo-osszetevok\/\">CONTINUE READING<\/a><\/p>\n","protected":false},"author":1,"featured_media":2354,"parent":2352,"menu_order":0,"comment_status":"closed","ping_status":"closed","template":"page-templates\/top-menu-page.php","meta":{"footnotes":""},"class_list":["post-2358","page","type-page","status-publish","has-post-thumbnail","hentry"],"yoast_head":"<!-- This site is optimized with the Yoast SEO plugin v14.6.1 - https:\/\/yoast.com\/wordpress\/plugins\/seo\/ -->\n<title>F\u0151 \u00f6sszetev\u0151k - Sudocrem Hungary<\/title>\n<meta name=\"robots\" content=\"index, follow\" \/>\n<meta name=\"googlebot\" content=\"index, follow, max-snippet:-1, max-image-preview:large, max-video-preview:-1\" \/>\n<meta name=\"bingbot\" content=\"index, follow, max-snippet:-1, max-image-preview:large, max-video-preview:-1\" \/>\n<link rel=\"canonical\" href=\"https:\/\/sudocrem.com\/hu\/sudocrem-multi-expert-borvedo-krem\/fo-osszetevok\/\" \/>\n<meta property=\"og:locale\" content=\"en_GB\" \/>\n<meta property=\"og:type\" content=\"article\" \/>\n<meta property=\"og:title\" content=\"F\u0151 \u00f6sszetev\u0151k - Sudocrem Hungary\" \/>\n<meta property=\"og:description\" content=\"F\u0151 \u00f6sszetev\u0151k A Sudocrem Multi-Expert b\u0151rv\u00e9d\u0151 kr\u00e9m \u00f6sszetev\u0151i biztos\u00edtj\u00e1k a nyugtat\u00f3 \u00e9s gy\u00f3gy\u00edt\u00f3 hat\u00e1st: Cink-oxid \u2013 el\u0151seg\u00edti kisebesedett b\u0151r gy\u00f3gyul\u00e1s\u00e1t, hozz\u00e1j\u00e1rul a gyullad\u00e1s cs\u00f6kkent\u00e9s\u00e9hez, valamint r\u00e9szt vesz a term\u00e9szetes sebtisztul\u00e1s folyamat\u00e1ban Hipoallerg\u00e9n lanolin \u2013 puh\u00edtja, tov\u00e1bb\u00e1 elv\u00e1lasztja a b\u0151rt \u00e9s a vele \u00e9rintkez\u0151 k\u00fcls\u0151 fel\u00fcleteket (pl. text\u00edlia); valamint r\u00e9szt vesz a hidrof\u00f3b r\u00e9teg kialak\u00edt\u00e1s\u00e1ban, \u00e9s [...]CONTINUE READING\" \/>\n<meta property=\"og:url\" content=\"https:\/\/sudocrem.com\/hu\/sudocrem-multi-expert-borvedo-krem\/fo-osszetevok\/\" \/>\n<meta property=\"og:site_name\" content=\"Sudocrem Hungary\" \/>\n<meta property=\"article:modified_time\" content=\"2025-12-23T13:34:59+00:00\" \/>\n<meta property=\"og:image\" content=\"https:\/\/sudocrem.com\/hu\/wp-content\/uploads\/sites\/30\/2025\/12\/Mask-Group-1@2x9.jpg\" \/>\n\t<meta property=\"og:image:width\" content=\"2560\" \/>\n\t<meta property=\"og:image:height\" content=\"660\" \/>\n<meta name=\"twitter:card\" content=\"summary_large_image\" \/>\n<script type=\"application\/ld+json\" class=\"yoast-schema-graph\">{\"@context\":\"https:\/\/schema.org\",\"@graph\":[{\"@type\":\"WebSite\",\"@id\":\"https:\/\/sudocrem.com\/hu\/#website\",\"url\":\"https:\/\/sudocrem.com\/hu\/\",\"name\":\"Sudocrem Hungary\",\"description\":\"Just another Sudocrem International site\",\"potentialAction\":[{\"@type\":\"SearchAction\",\"target\":\"https:\/\/sudocrem.com\/hu\/?s={search_term_string}\",\"query-input\":\"required name=search_term_string\"}],\"inLanguage\":\"en-GB\"},{\"@type\":\"ImageObject\",\"@id\":\"https:\/\/sudocrem.com\/hu\/sudocrem-multi-expert-borvedo-krem\/fo-osszetevok\/#primaryimage\",\"inLanguage\":\"en-GB\",\"url\":\"https:\/\/sudocrem.com\/hu\/wp-content\/uploads\/sites\/30\/2025\/12\/Mask-Group-1@2x9.jpg\",\"width\":2560,\"height\":660},{\"@type\":\"WebPage\",\"@id\":\"https:\/\/sudocrem.com\/hu\/sudocrem-multi-expert-borvedo-krem\/fo-osszetevok\/#webpage\",\"url\":\"https:\/\/sudocrem.com\/hu\/sudocrem-multi-expert-borvedo-krem\/fo-osszetevok\/\",\"name\":\"F\\u0151 \\u00f6sszetev\\u0151k - Sudocrem Hungary\",\"isPartOf\":{\"@id\":\"https:\/\/sudocrem.com\/hu\/#website\"},\"primaryImageOfPage\":{\"@id\":\"https:\/\/sudocrem.com\/hu\/sudocrem-multi-expert-borvedo-krem\/fo-osszetevok\/#primaryimage\"},\"datePublished\":\"2025-12-23T13:32:57+00:00\",\"dateModified\":\"2025-12-23T13:34:59+00:00\",\"inLanguage\":\"en-GB\",\"potentialAction\":[{\"@type\":\"ReadAction\",\"target\":[\"https:\/\/sudocrem.com\/hu\/sudocrem-multi-expert-borvedo-krem\/fo-osszetevok\/\"]}]}]}<\/script>\n<!-- \/ Yoast SEO plugin. -->","_links":{"self":[{"href":"https:\/\/sudocrem.com\/hu\/wp-json\/wp\/v2\/pages\/2358","targetHints":{"allow":["GET"]}}],"collection":[{"href":"https:\/\/sudocrem.com\/hu\/wp-json\/wp\/v2\/pages"}],"about":[{"href":"https:\/\/sudocrem.com\/hu\/wp-json\/wp\/v2\/types\/page"}],"author":[{"embeddable":true,"href":"https:\/\/sudocrem.com\/hu\/wp-json\/wp\/v2\/users\/1"}],"replies":[{"embeddable":true,"href":"https:\/\/sudocrem.com\/hu\/wp-json\/wp\/v2\/comments?post=2358"}],"version-history":[{"count":0,"href":"https:\/\/sudocrem.com\/hu\/wp-json\/wp\/v2\/pages\/2358\/revisions"}],"up":[{"embeddable":true,"href":"https:\/\/sudocrem.com\/hu\/wp-json\/wp\/v2\/pages\/2352"}],"wp:featuredmedia":[{"embeddable":true,"href":"https:\/\/sudocrem.com\/hu\/wp-json\/wp\/v2\/media\/2354"}],"wp:attachment":[{"href":"https:\/\/sudocrem.com\/hu\/wp-json\/wp\/v2\/media?parent=2358"}],"curies":[{"name":"wp","href":"https:\/\/api.w.org\/{rel}","templated":true}]}}