

{"id":2360,"date":"2025-12-23T13:36:15","date_gmt":"2025-12-23T13:36:15","guid":{"rendered":"https:\/\/sudocrem.com\/hu\/?page_id=2360"},"modified":"2025-12-23T13:36:57","modified_gmt":"2025-12-23T13:36:57","slug":"hasznalat-pelenkakiutes-eseten","status":"publish","type":"page","link":"https:\/\/sudocrem.com\/hu\/sudocrem-multi-expert-borvedo-krem\/hasznalat-pelenkakiutes-eseten\/","title":{"rendered":"Haszn\u00e1lat pelenkaki\u00fct\u00e9s eset\u00e9n"},"content":{"rendered":"<h5>Haszn\u00e1lat pelenkaki\u00fct\u00e9s eset\u00e9n<\/h5>\n<p>1. Gy\u0151z\u0151dj meg r\u00f3la, hogy a baba popsija tiszta \u00e9s sz\u00e1raz<\/p>\n<p>2. Tiszta, sz\u00e1raz k\u00e9zzel vigy\u00e9l fel egy kis mennyis\u00e9get az ujjadra \u2013 kev\u00e9s is el\u00e9g<\/p>\n<p>3. Finoman, k\u00f6rk\u00f6r\u00f6s mozdulatokkal massz\u00edrozd be a kr\u00e9met<\/p>\n<p>4. Pr\u00f3b\u00e1lj v\u00e9kony, \u00e1ttetsz\u0151 r\u00e9teget k\u00e9pezni \u2013 ha feh\u00e9r marad a kr\u00e9m, legk\u00f6zelebb haszn\u00e1lj kevesebbet<\/p>\n<p>Ism\u00e9teld a l\u00e9p\u00e9seket, am\u00edg a ki\u00fct\u00e9s el nem m\u00falik.<\/p>\n","protected":false},"excerpt":{"rendered":"<p>Haszn\u00e1lat pelenkaki\u00fct\u00e9s eset\u00e9n 1. Gy\u0151z\u0151dj meg r\u00f3la, hogy a baba popsija tiszta \u00e9s sz\u00e1raz 2. Tiszta, sz\u00e1raz k\u00e9zzel vigy\u00e9l fel egy kis mennyis\u00e9get az ujjadra \u2013 kev\u00e9s is el\u00e9g 3. Finoman, k\u00f6rk\u00f6r\u00f6s mozdulatokkal massz\u00edrozd be a kr\u00e9met 4. Pr\u00f3b\u00e1lj v\u00e9kony, \u00e1ttetsz\u0151 r\u00e9teget k\u00e9pezni \u2013 ha feh\u00e9r marad a kr\u00e9m, legk\u00f6zelebb haszn\u00e1lj kevesebbet Ism\u00e9teld a l\u00e9p\u00e9seket, [&#8230;]<\/p>\n<p><a aria-label=\"Sudocrem\"  class=\"btn btn-purple round btn-secondary understrap-read-more-link\" href=\"https:\/\/sudocrem.com\/hu\/sudocrem-multi-expert-borvedo-krem\/hasznalat-pelenkakiutes-eseten\/\">CONTINUE READING<\/a><\/p>\n","protected":false},"author":1,"featured_media":2354,"parent":2352,"menu_order":0,"comment_status":"closed","ping_status":"closed","template":"page-templates\/top-menu-page.php","meta":{"footnotes":""},"class_list":["post-2360","page","type-page","status-publish","has-post-thumbnail","hentry"],"yoast_head":"<!-- This site is optimized with the Yoast SEO plugin v14.6.1 - https:\/\/yoast.com\/wordpress\/plugins\/seo\/ -->\n<title>Haszn\u00e1lat pelenkaki\u00fct\u00e9s eset\u00e9n - Sudocrem Hungary<\/title>\n<meta name=\"robots\" content=\"index, follow\" \/>\n<meta name=\"googlebot\" content=\"index, follow, max-snippet:-1, max-image-preview:large, max-video-preview:-1\" \/>\n<meta name=\"bingbot\" content=\"index, follow, max-snippet:-1, max-image-preview:large, max-video-preview:-1\" \/>\n<link rel=\"canonical\" href=\"https:\/\/sudocrem.com\/hu\/sudocrem-multi-expert-borvedo-krem\/hasznalat-pelenkakiutes-eseten\/\" \/>\n<meta property=\"og:locale\" content=\"en_GB\" \/>\n<meta property=\"og:type\" content=\"article\" \/>\n<meta property=\"og:title\" content=\"Haszn\u00e1lat pelenkaki\u00fct\u00e9s eset\u00e9n - Sudocrem Hungary\" \/>\n<meta property=\"og:description\" content=\"Haszn\u00e1lat pelenkaki\u00fct\u00e9s eset\u00e9n 1. Gy\u0151z\u0151dj meg r\u00f3la, hogy a baba popsija tiszta \u00e9s sz\u00e1raz 2. Tiszta, sz\u00e1raz k\u00e9zzel vigy\u00e9l fel egy kis mennyis\u00e9get az ujjadra \u2013 kev\u00e9s is el\u00e9g 3. Finoman, k\u00f6rk\u00f6r\u00f6s mozdulatokkal massz\u00edrozd be a kr\u00e9met 4. Pr\u00f3b\u00e1lj v\u00e9kony, \u00e1ttetsz\u0151 r\u00e9teget k\u00e9pezni \u2013 ha feh\u00e9r marad a kr\u00e9m, legk\u00f6zelebb haszn\u00e1lj kevesebbet Ism\u00e9teld a l\u00e9p\u00e9seket, [...]CONTINUE READING\" \/>\n<meta property=\"og:url\" content=\"https:\/\/sudocrem.com\/hu\/sudocrem-multi-expert-borvedo-krem\/hasznalat-pelenkakiutes-eseten\/\" \/>\n<meta property=\"og:site_name\" content=\"Sudocrem Hungary\" \/>\n<meta property=\"article:modified_time\" content=\"2025-12-23T13:36:57+00:00\" \/>\n<meta property=\"og:image\" content=\"https:\/\/sudocrem.com\/hu\/wp-content\/uploads\/sites\/30\/2025\/12\/Mask-Group-1@2x9.jpg\" \/>\n\t<meta property=\"og:image:width\" content=\"2560\" \/>\n\t<meta property=\"og:image:height\" content=\"660\" \/>\n<meta name=\"twitter:card\" content=\"summary_large_image\" \/>\n<script type=\"application\/ld+json\" class=\"yoast-schema-graph\">{\"@context\":\"https:\/\/schema.org\",\"@graph\":[{\"@type\":\"WebSite\",\"@id\":\"https:\/\/sudocrem.com\/hu\/#website\",\"url\":\"https:\/\/sudocrem.com\/hu\/\",\"name\":\"Sudocrem Hungary\",\"description\":\"Just another Sudocrem International site\",\"potentialAction\":[{\"@type\":\"SearchAction\",\"target\":\"https:\/\/sudocrem.com\/hu\/?s={search_term_string}\",\"query-input\":\"required name=search_term_string\"}],\"inLanguage\":\"en-GB\"},{\"@type\":\"ImageObject\",\"@id\":\"https:\/\/sudocrem.com\/hu\/sudocrem-multi-expert-borvedo-krem\/hasznalat-pelenkakiutes-eseten\/#primaryimage\",\"inLanguage\":\"en-GB\",\"url\":\"https:\/\/sudocrem.com\/hu\/wp-content\/uploads\/sites\/30\/2025\/12\/Mask-Group-1@2x9.jpg\",\"width\":2560,\"height\":660},{\"@type\":\"WebPage\",\"@id\":\"https:\/\/sudocrem.com\/hu\/sudocrem-multi-expert-borvedo-krem\/hasznalat-pelenkakiutes-eseten\/#webpage\",\"url\":\"https:\/\/sudocrem.com\/hu\/sudocrem-multi-expert-borvedo-krem\/hasznalat-pelenkakiutes-eseten\/\",\"name\":\"Haszn\\u00e1lat pelenkaki\\u00fct\\u00e9s eset\\u00e9n - Sudocrem Hungary\",\"isPartOf\":{\"@id\":\"https:\/\/sudocrem.com\/hu\/#website\"},\"primaryImageOfPage\":{\"@id\":\"https:\/\/sudocrem.com\/hu\/sudocrem-multi-expert-borvedo-krem\/hasznalat-pelenkakiutes-eseten\/#primaryimage\"},\"datePublished\":\"2025-12-23T13:36:15+00:00\",\"dateModified\":\"2025-12-23T13:36:57+00:00\",\"inLanguage\":\"en-GB\",\"potentialAction\":[{\"@type\":\"ReadAction\",\"target\":[\"https:\/\/sudocrem.com\/hu\/sudocrem-multi-expert-borvedo-krem\/hasznalat-pelenkakiutes-eseten\/\"]}]}]}<\/script>\n<!-- \/ Yoast SEO plugin. -->","_links":{"self":[{"href":"https:\/\/sudocrem.com\/hu\/wp-json\/wp\/v2\/pages\/2360","targetHints":{"allow":["GET"]}}],"collection":[{"href":"https:\/\/sudocrem.com\/hu\/wp-json\/wp\/v2\/pages"}],"about":[{"href":"https:\/\/sudocrem.com\/hu\/wp-json\/wp\/v2\/types\/page"}],"author":[{"embeddable":true,"href":"https:\/\/sudocrem.com\/hu\/wp-json\/wp\/v2\/users\/1"}],"replies":[{"embeddable":true,"href":"https:\/\/sudocrem.com\/hu\/wp-json\/wp\/v2\/comments?post=2360"}],"version-history":[{"count":0,"href":"https:\/\/sudocrem.com\/hu\/wp-json\/wp\/v2\/pages\/2360\/revisions"}],"up":[{"embeddable":true,"href":"https:\/\/sudocrem.com\/hu\/wp-json\/wp\/v2\/pages\/2352"}],"wp:featuredmedia":[{"embeddable":true,"href":"https:\/\/sudocrem.com\/hu\/wp-json\/wp\/v2\/media\/2354"}],"wp:attachment":[{"href":"https:\/\/sudocrem.com\/hu\/wp-json\/wp\/v2\/media?parent=2360"}],"curies":[{"name":"wp","href":"https:\/\/api.w.org\/{rel}","templated":true}]}}