

{"id":318,"date":"2018-12-11T14:11:03","date_gmt":"2018-12-11T14:11:03","guid":{"rendered":"http:\/\/www.sudocrem.co.uk\/?page_id=318"},"modified":"2020-10-16T11:12:52","modified_gmt":"2020-10-16T10:12:52","slug":"mi-okozza-a-pelenkakiutest","status":"publish","type":"page","link":"https:\/\/sudocrem.com\/hu\/a-pelenkakiutes-kozpont\/mi-okozza-a-pelenkakiutest\/","title":{"rendered":"How to spot nappy rash?"},"content":{"rendered":"<h5>Mi okozza a pelenkaki\u00fct\u00e9st?<\/h5>\n<p>A pelenk\u00e1ban a vizelet reakci\u00f3ba l\u00e9phet a sz\u00e9klettel, amelynek k\u00f6vetkezt\u00e9ben gyullad\u00e1st okoz\u00f3 k\u00e9miai anyagok keletkezhetnek.<\/p>\n<p>S\u00falyos esetekben ez a b\u0151r felreped\u00e9s\u00e9hez, h\u00f3lyagosod\u00e1s\u00e1hoz vezethet, ezut\u00e1n a b\u0151r elfert\u0151z\u0151dhet. A s\u00falyos pelenkaki\u00fct\u00e9sben szenved\u0151 bab\u00e1kat minden esetben gyermekorvoshoz kell vinni.<\/p>\n<p>A pelenkaki\u00fct\u00e9s tov\u00e1bbi okai lehetnek: a pelenka d\u00f6rzs\u00f6l\u0151d\u00e9se a baba finom b\u0151r\u00e9hez, vagy a textilpelenk\u00e1k nem megfelel\u0151 \u00e1t\u00f6bl\u00edt\u00e9se a mos\u00f3szerekkel v\u00e9gzett mos\u00e1s ut\u00e1n.<\/p>\n<p><i>A Sudocrem haszn\u00e1lat\u00e1t javasoljuk minden pelenk\u00e1z\u00e1s alkalm\u00e1val, azonban pelenkaki\u00fct\u00e9s eset\u00e9n forduljon orvoshoz a megfelel\u0151 kezel\u00e9s \u00e9rdek\u00e9ben!<\/i><\/p>\n","protected":false},"excerpt":{"rendered":"<p>Mi okozza a pelenkaki\u00fct\u00e9st? A pelenk\u00e1ban a vizelet reakci\u00f3ba l\u00e9phet a sz\u00e9klettel, amelynek k\u00f6vetkezt\u00e9ben gyullad\u00e1st okoz\u00f3 k\u00e9miai anyagok keletkezhetnek. S\u00falyos esetekben ez a b\u0151r felreped\u00e9s\u00e9hez, h\u00f3lyagosod\u00e1s\u00e1hoz vezethet, ezut\u00e1n a b\u0151r elfert\u0151z\u0151dhet. A s\u00falyos pelenkaki\u00fct\u00e9sben szenved\u0151 bab\u00e1kat minden esetben gyermekorvoshoz kell vinni. A pelenkaki\u00fct\u00e9s tov\u00e1bbi okai lehetnek: a pelenka d\u00f6rzs\u00f6l\u0151d\u00e9se a baba finom b\u0151r\u00e9hez, vagy a [&#8230;]<\/p>\n<p><a aria-label=\"Sudocrem\"  class=\"btn btn-purple round btn-secondary understrap-read-more-link\" href=\"https:\/\/sudocrem.com\/hu\/a-pelenkakiutes-kozpont\/mi-okozza-a-pelenkakiutest\/\">CONTINUE READING<\/a><\/p>\n","protected":false},"author":1,"featured_media":1859,"parent":754,"menu_order":1,"comment_status":"closed","ping_status":"closed","template":"page-templates\/top-menu-page.php","meta":{"footnotes":""},"class_list":["post-318","page","type-page","status-publish","has-post-thumbnail","hentry"],"yoast_head":"<!-- This site is optimized with the Yoast SEO plugin v14.6.1 - https:\/\/yoast.com\/wordpress\/plugins\/seo\/ -->\n<title>How to spot nappy rash? - Sudocrem Hungary<\/title>\n<meta name=\"robots\" content=\"index, follow\" \/>\n<meta name=\"googlebot\" content=\"index, follow, max-snippet:-1, max-image-preview:large, max-video-preview:-1\" \/>\n<meta name=\"bingbot\" content=\"index, follow, max-snippet:-1, max-image-preview:large, max-video-preview:-1\" \/>\n<link rel=\"canonical\" href=\"https:\/\/sudocrem.com\/hu\/a-pelenkakiutes-kozpont\/mi-okozza-a-pelenkakiutest\/\" \/>\n<meta property=\"og:locale\" content=\"en_GB\" \/>\n<meta property=\"og:type\" content=\"article\" \/>\n<meta property=\"og:title\" content=\"How to spot nappy rash? - Sudocrem Hungary\" \/>\n<meta property=\"og:description\" content=\"Mi okozza a pelenkaki\u00fct\u00e9st? A pelenk\u00e1ban a vizelet reakci\u00f3ba l\u00e9phet a sz\u00e9klettel, amelynek k\u00f6vetkezt\u00e9ben gyullad\u00e1st okoz\u00f3 k\u00e9miai anyagok keletkezhetnek. S\u00falyos esetekben ez a b\u0151r felreped\u00e9s\u00e9hez, h\u00f3lyagosod\u00e1s\u00e1hoz vezethet, ezut\u00e1n a b\u0151r elfert\u0151z\u0151dhet. A s\u00falyos pelenkaki\u00fct\u00e9sben szenved\u0151 bab\u00e1kat minden esetben gyermekorvoshoz kell vinni. A pelenkaki\u00fct\u00e9s tov\u00e1bbi okai lehetnek: a pelenka d\u00f6rzs\u00f6l\u0151d\u00e9se a baba finom b\u0151r\u00e9hez, vagy a [...]CONTINUE READING\" \/>\n<meta property=\"og:url\" content=\"https:\/\/sudocrem.com\/hu\/a-pelenkakiutes-kozpont\/mi-okozza-a-pelenkakiutest\/\" \/>\n<meta property=\"og:site_name\" content=\"Sudocrem Hungary\" \/>\n<meta property=\"article:modified_time\" content=\"2020-10-16T10:12:52+00:00\" \/>\n<meta property=\"og:image\" content=\"https:\/\/sudocrem.com\/hu\/wp-content\/uploads\/sites\/30\/2020\/07\/Sud_Nappy-rash_Top-banner.jpg\" \/>\n\t<meta property=\"og:image:width\" content=\"1920\" \/>\n\t<meta property=\"og:image:height\" content=\"742\" \/>\n<meta name=\"twitter:card\" content=\"summary_large_image\" \/>\n<script type=\"application\/ld+json\" class=\"yoast-schema-graph\">{\"@context\":\"https:\/\/schema.org\",\"@graph\":[{\"@type\":\"WebSite\",\"@id\":\"https:\/\/sudocrem.com\/hu\/#website\",\"url\":\"https:\/\/sudocrem.com\/hu\/\",\"name\":\"Sudocrem Hungary\",\"description\":\"Just another Sudocrem International site\",\"potentialAction\":[{\"@type\":\"SearchAction\",\"target\":\"https:\/\/sudocrem.com\/hu\/?s={search_term_string}\",\"query-input\":\"required name=search_term_string\"}],\"inLanguage\":\"en-GB\"},{\"@type\":\"ImageObject\",\"@id\":\"https:\/\/sudocrem.com\/hu\/a-pelenkakiutes-kozpont\/mi-okozza-a-pelenkakiutest\/#primaryimage\",\"inLanguage\":\"en-GB\",\"url\":\"https:\/\/sudocrem.com\/hu\/wp-content\/uploads\/sites\/30\/2020\/07\/Sud_Nappy-rash_Top-banner.jpg\",\"width\":1920,\"height\":742,\"caption\":\"Sud_Nappy-rash_Top-banner\"},{\"@type\":\"WebPage\",\"@id\":\"https:\/\/sudocrem.com\/hu\/a-pelenkakiutes-kozpont\/mi-okozza-a-pelenkakiutest\/#webpage\",\"url\":\"https:\/\/sudocrem.com\/hu\/a-pelenkakiutes-kozpont\/mi-okozza-a-pelenkakiutest\/\",\"name\":\"How to spot nappy rash? - Sudocrem Hungary\",\"isPartOf\":{\"@id\":\"https:\/\/sudocrem.com\/hu\/#website\"},\"primaryImageOfPage\":{\"@id\":\"https:\/\/sudocrem.com\/hu\/a-pelenkakiutes-kozpont\/mi-okozza-a-pelenkakiutest\/#primaryimage\"},\"datePublished\":\"2018-12-11T14:11:03+00:00\",\"dateModified\":\"2020-10-16T10:12:52+00:00\",\"inLanguage\":\"en-GB\",\"potentialAction\":[{\"@type\":\"ReadAction\",\"target\":[\"https:\/\/sudocrem.com\/hu\/a-pelenkakiutes-kozpont\/mi-okozza-a-pelenkakiutest\/\"]}]}]}<\/script>\n<!-- \/ Yoast SEO plugin. -->","_links":{"self":[{"href":"https:\/\/sudocrem.com\/hu\/wp-json\/wp\/v2\/pages\/318","targetHints":{"allow":["GET"]}}],"collection":[{"href":"https:\/\/sudocrem.com\/hu\/wp-json\/wp\/v2\/pages"}],"about":[{"href":"https:\/\/sudocrem.com\/hu\/wp-json\/wp\/v2\/types\/page"}],"author":[{"embeddable":true,"href":"https:\/\/sudocrem.com\/hu\/wp-json\/wp\/v2\/users\/1"}],"replies":[{"embeddable":true,"href":"https:\/\/sudocrem.com\/hu\/wp-json\/wp\/v2\/comments?post=318"}],"version-history":[{"count":0,"href":"https:\/\/sudocrem.com\/hu\/wp-json\/wp\/v2\/pages\/318\/revisions"}],"up":[{"embeddable":true,"href":"https:\/\/sudocrem.com\/hu\/wp-json\/wp\/v2\/pages\/754"}],"wp:featuredmedia":[{"embeddable":true,"href":"https:\/\/sudocrem.com\/hu\/wp-json\/wp\/v2\/media\/1859"}],"wp:attachment":[{"href":"https:\/\/sudocrem.com\/hu\/wp-json\/wp\/v2\/media?parent=318"}],"curies":[{"name":"wp","href":"https:\/\/api.w.org\/{rel}","templated":true}]}}