

{"id":320,"date":"2018-12-11T14:11:38","date_gmt":"2018-12-11T14:11:38","guid":{"rendered":"http:\/\/www.sudocrem.co.uk\/?page_id=320"},"modified":"2020-10-16T11:13:03","modified_gmt":"2020-10-16T10:13:03","slug":"a-pelenkakiutes-felismerese","status":"publish","type":"page","link":"https:\/\/sudocrem.com\/hu\/a-pelenkakiutes-kozpont\/a-pelenkakiutes-felismerese\/","title":{"rendered":"What causes nappy rash?"},"content":{"rendered":"<h5>A pelenkaki\u00fct\u00e9s felismer\u00e9se:<\/h5>\n<p>A pelenkaki\u00fct\u00e9s \u00e1ltal\u00e1ban a pelenka \u00e1ltal fedett ter\u00fcleten jelentkez\u0151 enyhe b\u0151rp\u00edrral kezd\u0151dik.<\/p>\n<p>Rendszerint nem terjed ki a hajlatokra, de a fen\u00e9k \u00e9s a comb fels\u0151 r\u00e9sze v\u00f6r\u00f6s, nedvedz\u0151 lehet.<\/p>\n<p>A b\u0151r a m\u00e1sodlagos fert\u0151z\u00e9s miatt gyakran \u00e9g\u0151v\u00f6r\u00f6s sz\u00edn\u0171, p\u00f6tty\u00f6kkel, h\u00f3lyagokkal vagy b\u0151rh\u00e1ml\u00e1ssal.<\/p>\n<p><i>A Sudocrem haszn\u00e1lat\u00e1t javasoljuk minden pelenk\u00e1z\u00e1s alkalm\u00e1val, azonban pelenkaki\u00fct\u00e9s eset\u00e9n forduljon orvoshoz a megfelel\u0151 kezel\u00e9s \u00e9rdek\u00e9ben!<\/i><\/p>\n","protected":false},"excerpt":{"rendered":"<p>A pelenkaki\u00fct\u00e9s felismer\u00e9se: A pelenkaki\u00fct\u00e9s \u00e1ltal\u00e1ban a pelenka \u00e1ltal fedett ter\u00fcleten jelentkez\u0151 enyhe b\u0151rp\u00edrral kezd\u0151dik. Rendszerint nem terjed ki a hajlatokra, de a fen\u00e9k \u00e9s a comb fels\u0151 r\u00e9sze v\u00f6r\u00f6s, nedvedz\u0151 lehet. A b\u0151r a m\u00e1sodlagos fert\u0151z\u00e9s miatt gyakran \u00e9g\u0151v\u00f6r\u00f6s sz\u00edn\u0171, p\u00f6tty\u00f6kkel, h\u00f3lyagokkal vagy b\u0151rh\u00e1ml\u00e1ssal. A Sudocrem haszn\u00e1lat\u00e1t javasoljuk minden pelenk\u00e1z\u00e1s alkalm\u00e1val, azonban pelenkaki\u00fct\u00e9s eset\u00e9n [&#8230;]<\/p>\n<p><a aria-label=\"Sudocrem\"  class=\"btn btn-purple round btn-secondary understrap-read-more-link\" href=\"https:\/\/sudocrem.com\/hu\/a-pelenkakiutes-kozpont\/a-pelenkakiutes-felismerese\/\">CONTINUE READING<\/a><\/p>\n","protected":false},"author":1,"featured_media":1859,"parent":754,"menu_order":2,"comment_status":"closed","ping_status":"closed","template":"page-templates\/top-menu-page.php","meta":{"footnotes":""},"class_list":["post-320","page","type-page","status-publish","has-post-thumbnail","hentry"],"yoast_head":"<!-- This site is optimized with the Yoast SEO plugin v14.6.1 - https:\/\/yoast.com\/wordpress\/plugins\/seo\/ -->\n<title>What causes nappy rash? - Sudocrem Hungary<\/title>\n<meta name=\"robots\" content=\"index, follow\" \/>\n<meta name=\"googlebot\" content=\"index, follow, max-snippet:-1, max-image-preview:large, max-video-preview:-1\" \/>\n<meta name=\"bingbot\" content=\"index, follow, max-snippet:-1, max-image-preview:large, max-video-preview:-1\" \/>\n<link rel=\"canonical\" href=\"https:\/\/sudocrem.com\/hu\/a-pelenkakiutes-kozpont\/a-pelenkakiutes-felismerese\/\" \/>\n<meta property=\"og:locale\" content=\"en_GB\" \/>\n<meta property=\"og:type\" content=\"article\" \/>\n<meta property=\"og:title\" content=\"What causes nappy rash? - Sudocrem Hungary\" \/>\n<meta property=\"og:description\" content=\"A pelenkaki\u00fct\u00e9s felismer\u00e9se: A pelenkaki\u00fct\u00e9s \u00e1ltal\u00e1ban a pelenka \u00e1ltal fedett ter\u00fcleten jelentkez\u0151 enyhe b\u0151rp\u00edrral kezd\u0151dik. Rendszerint nem terjed ki a hajlatokra, de a fen\u00e9k \u00e9s a comb fels\u0151 r\u00e9sze v\u00f6r\u00f6s, nedvedz\u0151 lehet. A b\u0151r a m\u00e1sodlagos fert\u0151z\u00e9s miatt gyakran \u00e9g\u0151v\u00f6r\u00f6s sz\u00edn\u0171, p\u00f6tty\u00f6kkel, h\u00f3lyagokkal vagy b\u0151rh\u00e1ml\u00e1ssal. A Sudocrem haszn\u00e1lat\u00e1t javasoljuk minden pelenk\u00e1z\u00e1s alkalm\u00e1val, azonban pelenkaki\u00fct\u00e9s eset\u00e9n [...]CONTINUE READING\" \/>\n<meta property=\"og:url\" content=\"https:\/\/sudocrem.com\/hu\/a-pelenkakiutes-kozpont\/a-pelenkakiutes-felismerese\/\" \/>\n<meta property=\"og:site_name\" content=\"Sudocrem Hungary\" \/>\n<meta property=\"article:modified_time\" content=\"2020-10-16T10:13:03+00:00\" \/>\n<meta property=\"og:image\" content=\"https:\/\/sudocrem.com\/hu\/wp-content\/uploads\/sites\/30\/2020\/07\/Sud_Nappy-rash_Top-banner.jpg\" \/>\n\t<meta property=\"og:image:width\" content=\"1920\" \/>\n\t<meta property=\"og:image:height\" content=\"742\" \/>\n<meta name=\"twitter:card\" content=\"summary_large_image\" \/>\n<script type=\"application\/ld+json\" class=\"yoast-schema-graph\">{\"@context\":\"https:\/\/schema.org\",\"@graph\":[{\"@type\":\"WebSite\",\"@id\":\"https:\/\/sudocrem.com\/hu\/#website\",\"url\":\"https:\/\/sudocrem.com\/hu\/\",\"name\":\"Sudocrem Hungary\",\"description\":\"Just another Sudocrem International site\",\"potentialAction\":[{\"@type\":\"SearchAction\",\"target\":\"https:\/\/sudocrem.com\/hu\/?s={search_term_string}\",\"query-input\":\"required name=search_term_string\"}],\"inLanguage\":\"en-GB\"},{\"@type\":\"ImageObject\",\"@id\":\"https:\/\/sudocrem.com\/hu\/a-pelenkakiutes-kozpont\/a-pelenkakiutes-felismerese\/#primaryimage\",\"inLanguage\":\"en-GB\",\"url\":\"https:\/\/sudocrem.com\/hu\/wp-content\/uploads\/sites\/30\/2020\/07\/Sud_Nappy-rash_Top-banner.jpg\",\"width\":1920,\"height\":742,\"caption\":\"Sud_Nappy-rash_Top-banner\"},{\"@type\":\"WebPage\",\"@id\":\"https:\/\/sudocrem.com\/hu\/a-pelenkakiutes-kozpont\/a-pelenkakiutes-felismerese\/#webpage\",\"url\":\"https:\/\/sudocrem.com\/hu\/a-pelenkakiutes-kozpont\/a-pelenkakiutes-felismerese\/\",\"name\":\"What causes nappy rash? - Sudocrem Hungary\",\"isPartOf\":{\"@id\":\"https:\/\/sudocrem.com\/hu\/#website\"},\"primaryImageOfPage\":{\"@id\":\"https:\/\/sudocrem.com\/hu\/a-pelenkakiutes-kozpont\/a-pelenkakiutes-felismerese\/#primaryimage\"},\"datePublished\":\"2018-12-11T14:11:38+00:00\",\"dateModified\":\"2020-10-16T10:13:03+00:00\",\"inLanguage\":\"en-GB\",\"potentialAction\":[{\"@type\":\"ReadAction\",\"target\":[\"https:\/\/sudocrem.com\/hu\/a-pelenkakiutes-kozpont\/a-pelenkakiutes-felismerese\/\"]}]}]}<\/script>\n<!-- \/ Yoast SEO plugin. -->","_links":{"self":[{"href":"https:\/\/sudocrem.com\/hu\/wp-json\/wp\/v2\/pages\/320","targetHints":{"allow":["GET"]}}],"collection":[{"href":"https:\/\/sudocrem.com\/hu\/wp-json\/wp\/v2\/pages"}],"about":[{"href":"https:\/\/sudocrem.com\/hu\/wp-json\/wp\/v2\/types\/page"}],"author":[{"embeddable":true,"href":"https:\/\/sudocrem.com\/hu\/wp-json\/wp\/v2\/users\/1"}],"replies":[{"embeddable":true,"href":"https:\/\/sudocrem.com\/hu\/wp-json\/wp\/v2\/comments?post=320"}],"version-history":[{"count":0,"href":"https:\/\/sudocrem.com\/hu\/wp-json\/wp\/v2\/pages\/320\/revisions"}],"up":[{"embeddable":true,"href":"https:\/\/sudocrem.com\/hu\/wp-json\/wp\/v2\/pages\/754"}],"wp:featuredmedia":[{"embeddable":true,"href":"https:\/\/sudocrem.com\/hu\/wp-json\/wp\/v2\/media\/1859"}],"wp:attachment":[{"href":"https:\/\/sudocrem.com\/hu\/wp-json\/wp\/v2\/media?parent=320"}],"curies":[{"name":"wp","href":"https:\/\/api.w.org\/{rel}","templated":true}]}}