

{"id":430,"date":"2018-12-11T15:50:01","date_gmt":"2018-12-11T15:50:01","guid":{"rendered":"http:\/\/www.sudocrem.co.uk\/?page_id=430"},"modified":"2020-10-16T11:07:07","modified_gmt":"2020-10-16T10:07:07","slug":"feltetelek","status":"publish","type":"page","link":"https:\/\/sudocrem.com\/hu\/feltetelek\/","title":{"rendered":"Felt\u00e9telek"},"content":{"rendered":"<div class=\"entry-content hu terms\">\n<div class=\"legalContent\">\n<div class=\"entry-content hu terms\">\n<div class=\"legalContent\">\n<div class=\"mav-content-section\" data-content-name=\"Terms\">\n<h5>Jogi nyilatkozat<\/h5>\n<p>A Forest Laboratories Europe \u00e9s (\u201eForest\u201d) \u00fczlet\u00e1gai, a Forest Laboratories UK, a Forest Ireland \u00e9s a Forest Tosara bizonyos weboldalakat (a tov\u00e1bbiakban: \u201eForest weboldalak\u201d) \u00fczemeltetnek szem\u00e9lyes t\u00e1j\u00e9koztat\u00e1s \u00e9s oktat\u00e1s c\u00e9lj\u00e1b\u00f3l. Az eg\u00e9szs\u00e9g\u00fcgyi inform\u00e1ci\u00f3k kiz\u00e1r\u00f3lag oktat\u00e1si c\u00e9lb\u00f3l ker\u00fclnek fel a Forest weboldalaira, \u00e9s nem helyettes\u00edtik az orvos vagy m\u00e1s eg\u00e9szs\u00e9g\u00fcgyi szakember tan\u00e1csait. A Forest weboldal haszn\u00e1lat\u00e1val \u00d6n m\u00f3dos\u00edt\u00e1sok n\u00e9lk\u00fcl elfogadja az itt szerepl\u0151 haszn\u00e1lati felt\u00e9teleket \u00e9s figyelmeztet\u00e9seket, valamint a vonatkoz\u00f3 t\u00f6rv\u00e9nyeket.<\/p>\n<p>&nbsp;<\/p>\n<h5>A weboldal haszn\u00e1lata<\/h5>\n<p>A Forest Laboratories Europe ezennel felhatalmazza \u00d6nt arra, hogy kiz\u00e1r\u00f3lag nem kereskedelmi c\u00e9lb\u00f3l \u00e9s egy\u00e9ni haszn\u00e1latra lem\u00e1solja a Forest \u00e1ltal a vil\u00e1gh\u00e1l\u00f3ra feltett dokumentumokat. Ezt annak elfogad\u00e1s\u00e1val teheti meg, hogy az ilyen dokumentumok lem\u00e1sol\u00e1sa eset\u00e9n az itt felsorolt szerz\u0151i jogok \u00e9s egy\u00e9b tulajdonjoggal kapcsolatos kik\u00f6t\u00e9sek tov\u00e1bbra is \u00e9rv\u00e9nyesek lesznek ezen dokumentumokra. Ezut\u00e1n a m\u00e1solatokat m\u00e1r nem lehet \u00fajra lem\u00e1solni, reproduk\u00e1lni, m\u00f3dos\u00edtani vagy b\u00e1rmilyen m\u00e1s m\u00f3don \u00fajra k\u00f6zz\u00e9 tenni. B\u00e1r a Forest Laboratories Europe elv\u00e1rhat\u00f3 m\u00e9rt\u00e9kben gondoskodik arr\u00f3l, hogy a weboldalon k\u00f6zz\u00e9tett inform\u00e1ci\u00f3k pontosak \u00e9s naprak\u00e9szek legyenek, az inform\u00e1ci\u00f3k pontoss\u00e1ga tekintet\u00e9ben nem v\u00e1llal semmilyen, ak\u00e1r hallgat\u00f3lagos garanci\u00e1t sem. A www.sudocrem.com weboldal kiz\u00e1r\u00f3lag a Forest Laboratories UK Ltd. \u00e1ltali haszn\u00e1latra szolg\u00e1l, \u00e9s a harmadik f\u00e9l \u00e1ltal k\u00f6zz\u00e9tett b\u00e1rmilyen, prom\u00f3ci\u00f3s anyagnak tekinthet\u0151 sz\u00f6vegeket a Forest Laboratories UK Ltd. a saj\u00e1t bel\u00e1t\u00e1sa szerint elt\u00e1vol\u00edtja a weboldalr\u00f3l.<\/p>\n<p>Az itt k\u00f6zz\u00e9tett anyagok nem \u00e9rtelmezhet\u0151k \u00fagy, sem hallgat\u00f3lagosan, sem kiz\u00e1r\u00e1sos, sem b\u00e1rmilyen m\u00e1s alapon, hogy a Forest vagy valamely harmadik f\u00e9l szabadalma vagy v\u00e9djegye \u00e9rtelm\u00e9ben b\u00e1rmilyen licencet vagy jogot biztos\u00edtan\u00e1nak. A term\u00e9knevek, ak\u00e1r a m\u00e1rkajelz\u00e9ssel, ak\u00e1r an\u00e9lk\u00fcl jelennek meg a weboldalon, a Forest Laboratories Inc., a Forest Laboratories UK Ltd., a Tosara Products Ltd., vagy licenctulajdonosai vagy vegyesv\u00e1llalati partnerei bejegyzett v\u00e9djegyei. Ezen m\u00e1rkaneveknek vagy egy\u00e9b anyagoknak \u2013 a fent eml\u00edtett c\u00e9lokt\u00f3l elt\u00e9r\u0151 \u2013 felhaszn\u00e1l\u00e1sa kifejezetten tilos, \u00e9s a v\u00e9djegyhaszn\u00e1lat megs\u00e9rt\u00e9s\u00e9nek min\u0151s\u00fcl.<\/p>\n<p>&nbsp;<\/p>\n<h5>Harmadik felek hivatkoz\u00e1sai<\/h5>\n<p>Annak \u00e9rdek\u00e9ben, hogy a lehet\u0151 legjobb \u00e9rt\u00e9ket tudjuk ny\u00fajtani l\u00e1togat\u00f3inknak, a Forest weboldal esetenk\u00e9nt m\u00e1s weboldalakra mutat\u00f3 hivatkoz\u00e1sokat tartalmaz, amelyek tulajdonosa \u00e9s \u00fczemeltet\u0151je valamely k\u00fcls\u0151 sz\u00e1ll\u00edt\u00f3 vagy egy\u00e9b harmadik f\u00e9l. A Forest azonban semmilyen fel\u00fcgyeleti jogot nem gyakorol ezen weboldalakon, m\u00e9g akkor sem, ha a harmadik f\u00e9l a Forest t\u00e1rsult v\u00e1llalata, \u00e9s az ilyen weboldalak a Forestt\u0151l f\u00fcggetlen, k\u00fcl\u00f6n adatv\u00e9delmi \u00e9s adatgy\u0171jt\u00e9si gyakorlat alapj\u00e1n m\u0171k\u00f6dnek. A Forest nem t\u00e1maszt semmilyen ig\u00e9nyt \u00e9s nem tesz semmilyen nyilatkozatot, illetve nem v\u00e1llal semmilyen felel\u0151ss\u00e9get a Forest weboldalakr\u00f3l hiperhivatkoz\u00e1ssal el\u00e9rhet\u0151 weboldalak, illetve a Forest weboldalra mutat\u00f3 weboldalak min\u0151s\u00e9ge, tartalma, term\u00e9szete vagy megb\u00edzhat\u00f3s\u00e1ga tekintet\u00e9ben. A hivatkozott oldalak felett a Forest semmilyen ellen\u0151rz\u00e9si jogot nem gyakorol, \u00e9s a Forest nem felel\u0151s semmilyen hivatkozott weboldal tartalm\u00e1\u00e9rt vagy a hivatkozott weboldalon l\u00e9v\u0151 hivatkoz\u00e1s tartalm\u00e1\u00e9rt, vagy az ilyen weboldalak ellen\u0151rz\u00e9s\u00e9\u00e9rt, m\u00f3dos\u00edt\u00e1s\u00e1\u00e9rt vagy friss\u00edt\u00e9s\u00e9\u00e9rt. A Forest csup\u00e1n k\u00e9nyelmi szolg\u00e1ltat\u00e1sk\u00e9nt teszi el\u00e9rhet\u0151v\u00e9 ezeket a hivatkoz\u00e1sokat, \u00e9s a hivatkoz\u00e1sok felv\u00e9tele nem jelenti azt, hogy a Forest b\u00e1rmilyen \u00e9rtelemben kapcsolatban \u00e1ll az adott weboldallal, vagy hogy t\u00e1mogatja vagy elfogadja az adott weboldalt vagy az ott k\u00f6zz\u00e9tett inform\u00e1ci\u00f3kat. A weboldalakra mutat\u00f3 hivatkoz\u00e1sok az \u00d6n k\u00e9nyelm\u00e9t szolg\u00e1lj\u00e1k, \u00e9s \u00d6n a saj\u00e1t kock\u00e1zat\u00e1ra haszn\u00e1lja \u0151ket.<\/p>\n<p>&nbsp;<\/p>\n<h5>Felel\u0151ss\u00e9g korl\u00e1toz\u00e1sa \u00e9s kiz\u00e1r\u00e1sa<\/h5>\n<p>A Forest semmilyen garanci\u00e1t nem v\u00e1llal, \u00e9s semmilyen nyilatkozatot nem tesz a Forest weboldalon, vagy az ott hivatkozott weboldalakon k\u00f6z\u00f6lt tartalmak pontoss\u00e1ga vagy teljess\u00e9ge tekintet\u00e9ben. A jelen weboldal tartalm\u00e1t a Forest \u201eJELENLEGI \u00c1LLAPOT\u00c1BAN\u201d, B\u00c1RMILYEN KIFEJEZETT VAGY HALLGAT\u00d3LAGOS GARANCIA N\u00c9LK\u00dcL ADJA K\u00d6ZRE, BELE\u00c9RTVE T\u00d6BBEK K\u00d6Z\u00d6TT B\u00c1RMILYEN KERESKEDELMI MIN\u0150S\u00c9GI GARANCI\u00c1T, A WEBOLDAL VALAMILYEN KONKR\u00c9T C\u00c9LRA VAL\u00d3 ALKALMASS\u00c1G\u00c1T, ILLETVE A JOGS\u00c9RT\u00c9S ELKER\u00dcL\u00c9S\u00c9RE VAL\u00d3 ALKALMASS\u00c1G\u00c1T. A FOREST NEM JELENTI KI \u00c9S NEM SZAVATOLJA, HOGY A JELEN WEBOLDALON K\u00d6ZZ\u00c9TETT ANYAGOK PONTOSAK, HITELESEK, MEGB\u00cdZHAT\u00d3AK, ID\u0150SZER\u0170EK, \u00c9S NEM TARTALMAZNAK HIB\u00c1KAT. A FOREST NEM JELENTI KI \u00c9S NEM SZAVATOLJA, HOGY A JELEN WEBOLDAL VAGY A SZERVEREI MENTESEK A V\u00cdRUSOKT\u00d3L VAGY EGY\u00c9B M\u00c1S K\u00c1ROKOZ\u00d3KT\u00d3L. Bizonyos joggyakorlatok nem engedik meg a hallgat\u00f3lagos garancia kiz\u00e1r\u00e1s\u00e1t, ez\u00e9rt el\u0151fordulhat, hogy a fenti kit\u00e9tel az \u00d6n eset\u00e9ben nem \u00e9rv\u00e9nyes.<\/p>\n<p>A FOREST SEMMILYEN ESETBEN SEM V\u00c1LLAL FELEL\u0150SS\u00c9GET K\u00d6ZVETLEN, SPECI\u00c1LIS, K\u00d6ZVETETT VAGY K\u00d6VETKEZM\u00c9NYES K\u00c1ROK\u00c9RT VAGY B\u00c1RMELY M\u00c1S K\u00c1R\u00c9RT, BELE\u00c9RTVE T\u00d6BBEK K\u00d6Z\u00d6TT A HASZN\u00c1LATI JOGOSULTS\u00c1G ELVESZT\u00c9S\u00c9T, PROFIT ELVESZT\u00c9S\u00c9T VAGY ADATOK ELVESZT\u00c9S\u00c9T, LEGYEN AZ SZERZ\u0150D\u00c9S SZERINTI CSELEKM\u00c9NY VAGY SZERZ\u0150D\u00c9SEN K\u00cdV\u00dcLI JOGS\u00c9RT\u00c9S K\u00d6VETKEZM\u00c9NYE (BELE\u00c9RTVE T\u00d6BBEK K\u00d6Z\u00d6TT A GONDATLANS\u00c1GOT IS), AMELY A JELEN WEBOLDAL VAGY AZ OTT K\u00d6Z\u00d6LT ANYAGOK HASZN\u00c1LATA SOR\u00c1N VAGY AZZAL B\u00c1RMILYEN KAPCSOLATBAN MER\u00dcL FEL.<\/p>\n<p>&nbsp;<\/p>\n<h5>Alkalmazand\u00f3 jog<\/h5>\n<p>A jelen felt\u00e9telekre az Egyes\u00fclt Kir\u00e1lys\u00e1g t\u00f6rv\u00e9nyei az ir\u00e1nyad\u00f3ak, \u00e9s \u00e9rtelmez\u00e9s\u00fckh\u00f6z az Egyes\u00fclt Kir\u00e1lys\u00e1g t\u00f6rv\u00e9nyeit kell alkalmazni, tekintet n\u00e9lk\u00fcl a jogv\u00e1laszt\u00e1sra vonatkoz\u00f3 jogelvekre.<\/p>\n<\/div>\n<\/div>\n<\/div>\n<\/div>\n<\/div>\n","protected":false},"excerpt":{"rendered":"<p>Jogi nyilatkozat A Forest Laboratories Europe \u00e9s (\u201eForest\u201d) \u00fczlet\u00e1gai, a Forest Laboratories UK, a Forest Ireland \u00e9s a Forest Tosara bizonyos weboldalakat (a tov\u00e1bbiakban: \u201eForest weboldalak\u201d) \u00fczemeltetnek szem\u00e9lyes t\u00e1j\u00e9koztat\u00e1s \u00e9s oktat\u00e1s c\u00e9lj\u00e1b\u00f3l. Az eg\u00e9szs\u00e9g\u00fcgyi inform\u00e1ci\u00f3k kiz\u00e1r\u00f3lag oktat\u00e1si c\u00e9lb\u00f3l ker\u00fclnek fel a Forest weboldalaira, \u00e9s nem helyettes\u00edtik az orvos vagy m\u00e1s eg\u00e9szs\u00e9g\u00fcgyi szakember tan\u00e1csait. A Forest [&#8230;]<\/p>\n<p><a aria-label=\"Sudocrem\"  class=\"btn btn-purple round btn-secondary understrap-read-more-link\" href=\"https:\/\/sudocrem.com\/hu\/feltetelek\/\">CONTINUE READING<\/a><\/p>\n","protected":false},"author":1,"featured_media":0,"parent":0,"menu_order":14,"comment_status":"closed","ping_status":"closed","template":"page-templates\/legal-page.php","meta":{"footnotes":""},"class_list":["post-430","page","type-page","status-publish","hentry"],"yoast_head":"<!-- This site is optimized with the Yoast SEO plugin v14.6.1 - https:\/\/yoast.com\/wordpress\/plugins\/seo\/ -->\n<title>Felt\u00e9telek - Sudocrem Hungary<\/title>\n<meta name=\"robots\" content=\"index, follow\" \/>\n<meta name=\"googlebot\" content=\"index, follow, max-snippet:-1, max-image-preview:large, max-video-preview:-1\" \/>\n<meta name=\"bingbot\" content=\"index, follow, max-snippet:-1, max-image-preview:large, max-video-preview:-1\" \/>\n<link rel=\"canonical\" href=\"https:\/\/sudocrem.com\/hu\/feltetelek\/\" \/>\n<meta property=\"og:locale\" content=\"en_GB\" \/>\n<meta property=\"og:type\" content=\"article\" \/>\n<meta property=\"og:title\" content=\"Felt\u00e9telek - Sudocrem Hungary\" \/>\n<meta property=\"og:description\" content=\"Jogi nyilatkozat A Forest Laboratories Europe \u00e9s (\u201eForest\u201d) \u00fczlet\u00e1gai, a Forest Laboratories UK, a Forest Ireland \u00e9s a Forest Tosara bizonyos weboldalakat (a tov\u00e1bbiakban: \u201eForest weboldalak\u201d) \u00fczemeltetnek szem\u00e9lyes t\u00e1j\u00e9koztat\u00e1s \u00e9s oktat\u00e1s c\u00e9lj\u00e1b\u00f3l. Az eg\u00e9szs\u00e9g\u00fcgyi inform\u00e1ci\u00f3k kiz\u00e1r\u00f3lag oktat\u00e1si c\u00e9lb\u00f3l ker\u00fclnek fel a Forest weboldalaira, \u00e9s nem helyettes\u00edtik az orvos vagy m\u00e1s eg\u00e9szs\u00e9g\u00fcgyi szakember tan\u00e1csait. A Forest [...]CONTINUE READING\" \/>\n<meta property=\"og:url\" content=\"https:\/\/sudocrem.com\/hu\/feltetelek\/\" \/>\n<meta property=\"og:site_name\" content=\"Sudocrem Hungary\" \/>\n<meta property=\"article:modified_time\" content=\"2020-10-16T10:07:07+00:00\" \/>\n<meta name=\"twitter:card\" content=\"summary_large_image\" \/>\n<script type=\"application\/ld+json\" class=\"yoast-schema-graph\">{\"@context\":\"https:\/\/schema.org\",\"@graph\":[{\"@type\":\"WebSite\",\"@id\":\"https:\/\/sudocrem.com\/hu\/#website\",\"url\":\"https:\/\/sudocrem.com\/hu\/\",\"name\":\"Sudocrem Hungary\",\"description\":\"Just another Sudocrem International site\",\"potentialAction\":[{\"@type\":\"SearchAction\",\"target\":\"https:\/\/sudocrem.com\/hu\/?s={search_term_string}\",\"query-input\":\"required name=search_term_string\"}],\"inLanguage\":\"en-GB\"},{\"@type\":\"WebPage\",\"@id\":\"https:\/\/sudocrem.com\/hu\/feltetelek\/#webpage\",\"url\":\"https:\/\/sudocrem.com\/hu\/feltetelek\/\",\"name\":\"Felt\\u00e9telek - Sudocrem Hungary\",\"isPartOf\":{\"@id\":\"https:\/\/sudocrem.com\/hu\/#website\"},\"datePublished\":\"2018-12-11T15:50:01+00:00\",\"dateModified\":\"2020-10-16T10:07:07+00:00\",\"inLanguage\":\"en-GB\",\"potentialAction\":[{\"@type\":\"ReadAction\",\"target\":[\"https:\/\/sudocrem.com\/hu\/feltetelek\/\"]}]}]}<\/script>\n<!-- \/ Yoast SEO plugin. -->","_links":{"self":[{"href":"https:\/\/sudocrem.com\/hu\/wp-json\/wp\/v2\/pages\/430","targetHints":{"allow":["GET"]}}],"collection":[{"href":"https:\/\/sudocrem.com\/hu\/wp-json\/wp\/v2\/pages"}],"about":[{"href":"https:\/\/sudocrem.com\/hu\/wp-json\/wp\/v2\/types\/page"}],"author":[{"embeddable":true,"href":"https:\/\/sudocrem.com\/hu\/wp-json\/wp\/v2\/users\/1"}],"replies":[{"embeddable":true,"href":"https:\/\/sudocrem.com\/hu\/wp-json\/wp\/v2\/comments?post=430"}],"version-history":[{"count":0,"href":"https:\/\/sudocrem.com\/hu\/wp-json\/wp\/v2\/pages\/430\/revisions"}],"wp:attachment":[{"href":"https:\/\/sudocrem.com\/hu\/wp-json\/wp\/v2\/media?parent=430"}],"curies":[{"name":"wp","href":"https:\/\/api.w.org\/{rel}","templated":true}]}}