

{"id":52,"date":"2018-12-10T10:44:47","date_gmt":"2018-12-10T10:44:47","guid":{"rendered":"http:\/\/www.sudocrem.co.uk\/?page_id=48"},"modified":"2020-10-16T11:12:40","modified_gmt":"2020-10-16T10:12:40","slug":"mi-a-pelenkakiutes","status":"publish","type":"page","link":"https:\/\/sudocrem.com\/hu\/a-pelenkakiutes-kozpont\/mi-a-pelenkakiutes\/","title":{"rendered":"Nappy Rash Hub &#8211; What is nappy rash?"},"content":{"rendered":"<h5>Pelenkaki\u00fct\u00e9s \u2013 egy gyakori probl\u00e9ma<\/h5>\n<p>A pelenkaki\u00fct\u00e9s b\u00e1rmikor el\u0151fordulhat, f\u00fcggetlen\u00fcl att\u00f3l, hogy milyen gondosan cser\u00e9lik a pelenk\u00e1t.<\/p>\n<p>N\u00e9h\u00e1ny bab\u00e1n\u00e1l csak esetenk\u00e9nt fordul el\u0151, m\u00e1sok gyakran szenvednek t\u0151le. A pelenkaki\u00fct\u00e9s b\u00e1rmikor jelentkezhet, de nagyobb val\u00f3sz\u00edn\u0171s\u00e9ggel alakul ki, amikor a baba fogzik, elv\u00e1lasztj\u00e1k a szoptat\u00e1st\u00f3l vagy antibiotikumot kap.<\/p>\n","protected":false},"excerpt":{"rendered":"<p>Pelenkaki\u00fct\u00e9s \u2013 egy gyakori probl\u00e9ma A pelenkaki\u00fct\u00e9s b\u00e1rmikor el\u0151fordulhat, f\u00fcggetlen\u00fcl att\u00f3l, hogy milyen gondosan cser\u00e9lik a pelenk\u00e1t. N\u00e9h\u00e1ny bab\u00e1n\u00e1l csak esetenk\u00e9nt fordul el\u0151, m\u00e1sok gyakran szenvednek t\u0151le. A pelenkaki\u00fct\u00e9s b\u00e1rmikor jelentkezhet, de nagyobb val\u00f3sz\u00edn\u0171s\u00e9ggel alakul ki, amikor a baba fogzik, elv\u00e1lasztj\u00e1k a szoptat\u00e1st\u00f3l vagy antibiotikumot kap. [&#8230;]<\/p>\n<p><a aria-label=\"Sudocrem\"  class=\"btn btn-purple round btn-secondary understrap-read-more-link\" href=\"https:\/\/sudocrem.com\/hu\/a-pelenkakiutes-kozpont\/mi-a-pelenkakiutes\/\">CONTINUE READING<\/a><\/p>\n","protected":false},"author":1,"featured_media":1859,"parent":754,"menu_order":0,"comment_status":"closed","ping_status":"closed","template":"page-templates\/top-menu-page.php","meta":{"footnotes":""},"class_list":["post-52","page","type-page","status-publish","has-post-thumbnail","hentry"],"yoast_head":"<!-- This site is optimized with the Yoast SEO plugin v14.6.1 - https:\/\/yoast.com\/wordpress\/plugins\/seo\/ -->\n<title>Nappy Rash Hub - What is nappy rash? - Sudocrem Hungary<\/title>\n<meta name=\"robots\" content=\"index, follow\" \/>\n<meta name=\"googlebot\" content=\"index, follow, max-snippet:-1, max-image-preview:large, max-video-preview:-1\" \/>\n<meta name=\"bingbot\" content=\"index, follow, max-snippet:-1, max-image-preview:large, max-video-preview:-1\" \/>\n<link rel=\"canonical\" href=\"https:\/\/sudocrem.com\/hu\/a-pelenkakiutes-kozpont\/mi-a-pelenkakiutes\/\" \/>\n<meta property=\"og:locale\" content=\"en_GB\" \/>\n<meta property=\"og:type\" content=\"article\" \/>\n<meta property=\"og:title\" content=\"Nappy Rash Hub - What is nappy rash? - Sudocrem Hungary\" \/>\n<meta property=\"og:description\" content=\"Pelenkaki\u00fct\u00e9s \u2013 egy gyakori probl\u00e9ma A pelenkaki\u00fct\u00e9s b\u00e1rmikor el\u0151fordulhat, f\u00fcggetlen\u00fcl att\u00f3l, hogy milyen gondosan cser\u00e9lik a pelenk\u00e1t. N\u00e9h\u00e1ny bab\u00e1n\u00e1l csak esetenk\u00e9nt fordul el\u0151, m\u00e1sok gyakran szenvednek t\u0151le. A pelenkaki\u00fct\u00e9s b\u00e1rmikor jelentkezhet, de nagyobb val\u00f3sz\u00edn\u0171s\u00e9ggel alakul ki, amikor a baba fogzik, elv\u00e1lasztj\u00e1k a szoptat\u00e1st\u00f3l vagy antibiotikumot kap. [...]CONTINUE READING\" \/>\n<meta property=\"og:url\" content=\"https:\/\/sudocrem.com\/hu\/a-pelenkakiutes-kozpont\/mi-a-pelenkakiutes\/\" \/>\n<meta property=\"og:site_name\" content=\"Sudocrem Hungary\" \/>\n<meta property=\"article:modified_time\" content=\"2020-10-16T10:12:40+00:00\" \/>\n<meta property=\"og:image\" content=\"https:\/\/sudocrem.com\/hu\/wp-content\/uploads\/sites\/30\/2020\/07\/Sud_Nappy-rash_Top-banner.jpg\" \/>\n\t<meta property=\"og:image:width\" content=\"1920\" \/>\n\t<meta property=\"og:image:height\" content=\"742\" \/>\n<meta name=\"twitter:card\" content=\"summary_large_image\" \/>\n<script type=\"application\/ld+json\" class=\"yoast-schema-graph\">{\"@context\":\"https:\/\/schema.org\",\"@graph\":[{\"@type\":\"WebSite\",\"@id\":\"https:\/\/sudocrem.com\/hu\/#website\",\"url\":\"https:\/\/sudocrem.com\/hu\/\",\"name\":\"Sudocrem Hungary\",\"description\":\"Just another Sudocrem International site\",\"potentialAction\":[{\"@type\":\"SearchAction\",\"target\":\"https:\/\/sudocrem.com\/hu\/?s={search_term_string}\",\"query-input\":\"required name=search_term_string\"}],\"inLanguage\":\"en-GB\"},{\"@type\":\"ImageObject\",\"@id\":\"https:\/\/sudocrem.com\/hu\/a-pelenkakiutes-kozpont\/mi-a-pelenkakiutes\/#primaryimage\",\"inLanguage\":\"en-GB\",\"url\":\"https:\/\/sudocrem.com\/hu\/wp-content\/uploads\/sites\/30\/2020\/07\/Sud_Nappy-rash_Top-banner.jpg\",\"width\":1920,\"height\":742,\"caption\":\"Sud_Nappy-rash_Top-banner\"},{\"@type\":\"WebPage\",\"@id\":\"https:\/\/sudocrem.com\/hu\/a-pelenkakiutes-kozpont\/mi-a-pelenkakiutes\/#webpage\",\"url\":\"https:\/\/sudocrem.com\/hu\/a-pelenkakiutes-kozpont\/mi-a-pelenkakiutes\/\",\"name\":\"Nappy Rash Hub - What is nappy rash? - Sudocrem Hungary\",\"isPartOf\":{\"@id\":\"https:\/\/sudocrem.com\/hu\/#website\"},\"primaryImageOfPage\":{\"@id\":\"https:\/\/sudocrem.com\/hu\/a-pelenkakiutes-kozpont\/mi-a-pelenkakiutes\/#primaryimage\"},\"datePublished\":\"2018-12-10T10:44:47+00:00\",\"dateModified\":\"2020-10-16T10:12:40+00:00\",\"inLanguage\":\"en-GB\",\"potentialAction\":[{\"@type\":\"ReadAction\",\"target\":[\"https:\/\/sudocrem.com\/hu\/a-pelenkakiutes-kozpont\/mi-a-pelenkakiutes\/\"]}]}]}<\/script>\n<!-- \/ Yoast SEO plugin. -->","_links":{"self":[{"href":"https:\/\/sudocrem.com\/hu\/wp-json\/wp\/v2\/pages\/52","targetHints":{"allow":["GET"]}}],"collection":[{"href":"https:\/\/sudocrem.com\/hu\/wp-json\/wp\/v2\/pages"}],"about":[{"href":"https:\/\/sudocrem.com\/hu\/wp-json\/wp\/v2\/types\/page"}],"author":[{"embeddable":true,"href":"https:\/\/sudocrem.com\/hu\/wp-json\/wp\/v2\/users\/1"}],"replies":[{"embeddable":true,"href":"https:\/\/sudocrem.com\/hu\/wp-json\/wp\/v2\/comments?post=52"}],"version-history":[{"count":0,"href":"https:\/\/sudocrem.com\/hu\/wp-json\/wp\/v2\/pages\/52\/revisions"}],"up":[{"embeddable":true,"href":"https:\/\/sudocrem.com\/hu\/wp-json\/wp\/v2\/pages\/754"}],"wp:featuredmedia":[{"embeddable":true,"href":"https:\/\/sudocrem.com\/hu\/wp-json\/wp\/v2\/media\/1859"}],"wp:attachment":[{"href":"https:\/\/sudocrem.com\/hu\/wp-json\/wp\/v2\/media?parent=52"}],"curies":[{"name":"wp","href":"https:\/\/api.w.org\/{rel}","templated":true}]}}