

{"id":9,"date":"2020-07-03T12:05:30","date_gmt":"2020-07-03T12:05:30","guid":{"rendered":"http:\/\/sudocreminternational.local\/?page_id=3"},"modified":"2020-10-16T10:58:16","modified_gmt":"2020-10-16T09:58:16","slug":"adatvedelmi-szabalyzat","status":"publish","type":"page","link":"https:\/\/sudocrem.com\/hu\/adatvedelmi-szabalyzat\/","title":{"rendered":"Adatv\u00e9delmi szab\u00e1lyzat"},"content":{"rendered":"\r\n<p>A jelen weboldal \u00fczemeltet\u0151je a Forest Laboratories Europe. Adatv\u00e9delmi szab\u00e1lyaink azon ir\u00e1nyelveket fogalmazz\u00e1k meg, amelyek az \u00d6n \u00e1ltal a Weboldalon megadott inform\u00e1ci\u00f3k \u00f6sszegy\u0171jt\u00e9s\u00e9re, felhaszn\u00e1l\u00e1s\u00e1ra \u00e9s k\u00f6zz\u00e9t\u00e9tel\u00e9re vonatkoznak. Miel\u0151tt b\u00e1rmilyen adatok megadna ezen a weboldalon, k\u00e9rj\u00fck, olvassa v\u00e9gig a jelen adatv\u00e9delmi szab\u00e1lyzatot. A jelen weboldalra kiz\u00e1r\u00f3lag az Egyes\u00fclt Kir\u00e1lys\u00e1g vonatkoz\u00f3 t\u00f6rv\u00e9nyei \u00e9s korm\u00e1nyzati rendelkez\u00e9sei az ir\u00e1nyad\u00f3k. A jelen weboldal felhaszn\u00e1l\u00e1s\u00e1val \u00d6n elfogadja ezen t\u00f6rv\u00e9nyek \u00e9s rendelkez\u00e9sek alkalmaz\u00e1s\u00e1t, valamint a jelen adatv\u00e9delmi szab\u00e1lyzatot.<\/p>\r\n<p>&nbsp;<\/p>\r\n<h5 class=\"wp-block-heading\">Inform\u00e1ci\u00f3k felhaszn\u00e1l\u00e1sa \u00e9s k\u00f6zz\u00e9t\u00e9tele<\/h5>\r\n<p>A Forest Laboratories, illetve \u00fczleti partnerei \u00e9s tan\u00e1csad\u00f3i felhaszn\u00e1lhatj\u00e1k az \u00d6n nev\u00e9t, lakc\u00edm\u00e9t, e-mail-c\u00edm\u00e9t \u00e9s b\u00e1rmilyen m\u00e1s, itt megadott adat\u00e1t, hogy t\u00e1j\u00e9koztat\u00e1st ny\u00fajtson \u00d6nnek a Forest Laboratories term\u00e9keir\u0151l, k\u00fcl\u00f6nb\u00f6z\u0151 eg\u00e9szs\u00e9g\u00fcgyi k\u00e9rd\u00e9sekr\u0151l, vagy az eg\u00e9szs\u00e9g\u00fcgyi \u00e1llapottal kapcsolatban ny\u00fajtott szolg\u00e1ltat\u00e1sokr\u00f3l. A Forest Laboratories nem adja el \u00e9s nem adja b\u00e9rbe valamely harmadik f\u00e9lnek a jelen weboldalon \u00f6sszegy\u0171jt\u00f6tt, szem\u00e9lyes azonos\u00edt\u00e1sra alkalmas inform\u00e1ci\u00f3kat. Fenntartjuk magunknak a jogot arra, hogy kell\u0151en indokolt k\u00e9r\u00e9sre vagy t\u00f6rv\u00e9nyi k\u00f6telezetts\u00e9g alapj\u00e1n az ilyen inform\u00e1ci\u00f3kat \u00e1llami hat\u00f3s\u00e1gok tudom\u00e1s\u00e1ra hozzuk.<\/p>\r\n<p>\u00d6n b\u00e1rmikor bejelentheti, hogy a tov\u00e1bbiakban nem k\u00edv\u00e1n inform\u00e1ci\u00f3kat kapni a Forest Laboratories-t\u00f3l (l\u00e1sd: Kapcsolatfelv\u00e9tel).<\/p>\r\n<p>A jelen weboldal haszn\u00e1lat\u00e1val \u00d6n elfogadja a jelen adatv\u00e9delmi szab\u00e1lyzat felt\u00e9teleit. Amikor valamilyen inform\u00e1ci\u00f3t ad meg ezen a weboldalon, hozz\u00e1j\u00e1rul az ilyen inform\u00e1ci\u00f3knak a jelen adatv\u00e9delmi szab\u00e1lyzat szerinti felhaszn\u00e1l\u00e1s\u00e1hoz \u00e9s k\u00f6zz\u00e9t\u00e9tel\u00e9hez.<\/p>\r\n<p>&nbsp;<\/p>\r\n<h5>Biztons\u00e1g<\/h5>\r\n<p>K\u00e9rj\u00fck, vegye figyelembe, hogy egyik internetkapcsolat sem 100 sz\u00e1zal\u00e9kosan biztons\u00e1gos \u00e9s hibamentes. Konkr\u00e9tan fogalmazva el\u0151fordulhat, hogy a jelen weboldalr\u00f3l vagy weboldalra k\u00fcld\u00f6tt e-mail \u00fczenet nem biztons\u00e1gos. Ez\u00e9rt nagyon gondosan kell elj\u00e1rnia, amikor eld\u00f6nti, milyen inform\u00e1ci\u00f3kat k\u00fcld e-mailen kereszt\u00fcl. \u00d6n felel\u0151s a jelen weboldal el\u00e9r\u00e9s\u00e9hez haszn\u00e1lt jelsz\u00f3k\u00e9rt, azonos\u00edt\u00f3 sz\u00e1mok\u00e9rt \u00e9s b\u00e1rmely m\u00e1s hozz\u00e1f\u00e9r\u00e9si adat\u00e9rt; biztos\u00edtsa az ilyen adatok v\u00e9delm\u00e9t! A Forest Laboratories t\u0151le elv\u00e1rhat\u00f3 m\u00f3don megv\u00e9di az \u00d6n szem\u00e9lyes azonos\u00edt\u00e1sra alkalmas adatait az adatveszt\u00e9st\u0151l, a vissza\u00e9l\u00e9st\u0151l, a jogosulatlan hozz\u00e1f\u00e9r\u00e9st\u0151l, a felfed\u00e9st\u0151l, a m\u00f3dos\u00edt\u00e1st\u00f3l \u00e9s a megsemmis\u00edt\u00e9st\u0151l.<\/p>\r\n<p>&nbsp;<\/p>\r\n<h5>M\u00e1s weboldalakra mutat\u00f3 hivatkoz\u00e1sok<\/h5>\r\n<p>A jelen weboldal tartalmazhat m\u00e1s weboldalakra mutat\u00f3 hivatkoz\u00e1sokat \u00e9s utal\u00e1sokat. Az ilyen weboldalak felett nem rendelkez\u00fcnk ellen\u0151rz\u00e9si joggal. Vegye figyelembe, hogy a jelen adatv\u00e9delmi szab\u00e1lyzat kiz\u00e1r\u00f3lag a Forest Laboratories \u00e1ltal \u00fczemeltetett weboldalakra vonatkozik. Javasoljuk, hogy amennyiben m\u00e1s weboldalakat l\u00e1togat meg, el\u0151sz\u00f6r olvassa el az adatv\u00e9delmi ir\u00e1nyelveiket.<\/p>\r\n<p>&nbsp;<\/p>\r\n<h5>Gyermekekr\u0151l<\/h5>\r\n<p>13 \u00e9ves kor alatti gyermekek nem tartoznak a jelen weboldal c\u00e9lk\u00f6z\u00f6ns\u00e9g\u00e9hez. Az ehhez a korcsoporthoz tartoz\u00f3 l\u00e1togat\u00f3kt\u00f3l tudatosan nem gy\u0171jt\u00fcnk adatokat. Javasoljuk, hogy a sz\u00fcl\u0151k ismerj\u00e9k meg gyermekeik internet-haszn\u00e1lati szok\u00e1sait, \u00e9s besz\u00e9lj\u00e9k meg vel\u00fck, hogy milyen inform\u00e1ci\u00f3kat oszthatnak meg a l\u00e1togatott weboldalakon.<\/p>\r\n<p>&nbsp;<\/p>\r\n<h5>A jelen adatv\u00e9delmi szab\u00e1lyzat m\u00f3dos\u00edt\u00e1sa<\/h5>\r\n<p>A Forest Laboratories Europe fenntartja mag\u00e1nak a jogot arra, hogy saj\u00e1t bel\u00e1t\u00e1sa szerint m\u00f3dos\u00edtsa \u00e9s kieg\u00e9sz\u00edtse a jelen adatv\u00e9delmi szab\u00e1lyzatot, illetve t\u00f6r\u00f6lje annak bizonyos r\u00e9szeit. A jelen adatv\u00e9delmi szab\u00e1lyzat m\u00f3dos\u00edt\u00e1s\u00e1r\u00f3l a jelen weboldalon adunk t\u00e1j\u00e9koztat\u00e1st. K\u00e9rj\u00fck, id\u0151nk\u00e9nt ellen\u0151rizze, hogy nem t\u00f6rt\u00e9nt-e valamilyen v\u00e1ltoz\u00e1s az adatv\u00e9delmi szab\u00e1lyzatban, k\u00fcl\u00f6n\u00f6sen akkor, ha szem\u00e9lyes azonos\u00edt\u00e1sra alkalmas adatokat ad meg. A jelen adatv\u00e9delmi szab\u00e1lyzat friss\u00edt\u00e9s\u00e9re utolj\u00e1ra 2005. j\u00fanius 30-\u00e1n ker\u00fclt sor.<\/p>\r\n","protected":false},"excerpt":{"rendered":"<p>A jelen weboldal \u00fczemeltet\u0151je a Forest Laboratories Europe. Adatv\u00e9delmi szab\u00e1lyaink azon ir\u00e1nyelveket fogalmazz\u00e1k meg, amelyek az \u00d6n \u00e1ltal a Weboldalon megadott inform\u00e1ci\u00f3k \u00f6sszegy\u0171jt\u00e9s\u00e9re, felhaszn\u00e1l\u00e1s\u00e1ra \u00e9s k\u00f6zz\u00e9t\u00e9tel\u00e9re vonatkoznak. Miel\u0151tt b\u00e1rmilyen adatok megadna ezen a weboldalon, k\u00e9rj\u00fck, olvassa v\u00e9gig a jelen adatv\u00e9delmi szab\u00e1lyzatot. A jelen weboldalra kiz\u00e1r\u00f3lag az Egyes\u00fclt Kir\u00e1lys\u00e1g vonatkoz\u00f3 t\u00f6rv\u00e9nyei \u00e9s korm\u00e1nyzati rendelkez\u00e9sei az ir\u00e1nyad\u00f3k. [&#8230;]<\/p>\n<p><a aria-label=\"Sudocrem\"  class=\"btn btn-purple round btn-secondary understrap-read-more-link\" href=\"https:\/\/sudocrem.com\/hu\/adatvedelmi-szabalyzat\/\">CONTINUE READING<\/a><\/p>\n","protected":false},"author":1,"featured_media":0,"parent":0,"menu_order":0,"comment_status":"closed","ping_status":"open","template":"page-templates\/legal-page.php","meta":{"footnotes":""},"class_list":["post-9","page","type-page","status-publish","hentry"],"yoast_head":"<!-- This site is optimized with the Yoast SEO plugin v14.6.1 - https:\/\/yoast.com\/wordpress\/plugins\/seo\/ -->\n<title>Adatv\u00e9delmi szab\u00e1lyzat - Sudocrem Hungary<\/title>\n<meta name=\"robots\" content=\"index, follow\" \/>\n<meta name=\"googlebot\" content=\"index, follow, max-snippet:-1, max-image-preview:large, max-video-preview:-1\" \/>\n<meta name=\"bingbot\" content=\"index, follow, max-snippet:-1, max-image-preview:large, max-video-preview:-1\" \/>\n<link rel=\"canonical\" href=\"https:\/\/sudocrem.com\/hu\/adatvedelmi-szabalyzat\/\" \/>\n<meta property=\"og:locale\" content=\"en_GB\" \/>\n<meta property=\"og:type\" content=\"article\" \/>\n<meta property=\"og:title\" content=\"Adatv\u00e9delmi szab\u00e1lyzat - Sudocrem Hungary\" \/>\n<meta property=\"og:description\" content=\"A jelen weboldal \u00fczemeltet\u0151je a Forest Laboratories Europe. Adatv\u00e9delmi szab\u00e1lyaink azon ir\u00e1nyelveket fogalmazz\u00e1k meg, amelyek az \u00d6n \u00e1ltal a Weboldalon megadott inform\u00e1ci\u00f3k \u00f6sszegy\u0171jt\u00e9s\u00e9re, felhaszn\u00e1l\u00e1s\u00e1ra \u00e9s k\u00f6zz\u00e9t\u00e9tel\u00e9re vonatkoznak. Miel\u0151tt b\u00e1rmilyen adatok megadna ezen a weboldalon, k\u00e9rj\u00fck, olvassa v\u00e9gig a jelen adatv\u00e9delmi szab\u00e1lyzatot. A jelen weboldalra kiz\u00e1r\u00f3lag az Egyes\u00fclt Kir\u00e1lys\u00e1g vonatkoz\u00f3 t\u00f6rv\u00e9nyei \u00e9s korm\u00e1nyzati rendelkez\u00e9sei az ir\u00e1nyad\u00f3k. [...]CONTINUE READING\" \/>\n<meta property=\"og:url\" content=\"https:\/\/sudocrem.com\/hu\/adatvedelmi-szabalyzat\/\" \/>\n<meta property=\"og:site_name\" content=\"Sudocrem Hungary\" \/>\n<meta property=\"article:modified_time\" content=\"2020-10-16T09:58:16+00:00\" \/>\n<meta name=\"twitter:card\" content=\"summary_large_image\" \/>\n<script type=\"application\/ld+json\" class=\"yoast-schema-graph\">{\"@context\":\"https:\/\/schema.org\",\"@graph\":[{\"@type\":\"WebSite\",\"@id\":\"https:\/\/sudocrem.com\/hu\/#website\",\"url\":\"https:\/\/sudocrem.com\/hu\/\",\"name\":\"Sudocrem Hungary\",\"description\":\"Just another Sudocrem International site\",\"potentialAction\":[{\"@type\":\"SearchAction\",\"target\":\"https:\/\/sudocrem.com\/hu\/?s={search_term_string}\",\"query-input\":\"required name=search_term_string\"}],\"inLanguage\":\"en-GB\"},{\"@type\":\"WebPage\",\"@id\":\"https:\/\/sudocrem.com\/hu\/adatvedelmi-szabalyzat\/#webpage\",\"url\":\"https:\/\/sudocrem.com\/hu\/adatvedelmi-szabalyzat\/\",\"name\":\"Adatv\\u00e9delmi szab\\u00e1lyzat - Sudocrem Hungary\",\"isPartOf\":{\"@id\":\"https:\/\/sudocrem.com\/hu\/#website\"},\"datePublished\":\"2020-07-03T12:05:30+00:00\",\"dateModified\":\"2020-10-16T09:58:16+00:00\",\"inLanguage\":\"en-GB\",\"potentialAction\":[{\"@type\":\"ReadAction\",\"target\":[\"https:\/\/sudocrem.com\/hu\/adatvedelmi-szabalyzat\/\"]}]}]}<\/script>\n<!-- \/ Yoast SEO plugin. -->","_links":{"self":[{"href":"https:\/\/sudocrem.com\/hu\/wp-json\/wp\/v2\/pages\/9","targetHints":{"allow":["GET"]}}],"collection":[{"href":"https:\/\/sudocrem.com\/hu\/wp-json\/wp\/v2\/pages"}],"about":[{"href":"https:\/\/sudocrem.com\/hu\/wp-json\/wp\/v2\/types\/page"}],"author":[{"embeddable":true,"href":"https:\/\/sudocrem.com\/hu\/wp-json\/wp\/v2\/users\/1"}],"replies":[{"embeddable":true,"href":"https:\/\/sudocrem.com\/hu\/wp-json\/wp\/v2\/comments?post=9"}],"version-history":[{"count":0,"href":"https:\/\/sudocrem.com\/hu\/wp-json\/wp\/v2\/pages\/9\/revisions"}],"wp:attachment":[{"href":"https:\/\/sudocrem.com\/hu\/wp-json\/wp\/v2\/media?parent=9"}],"curies":[{"name":"wp","href":"https:\/\/api.w.org\/{rel}","templated":true}]}}