

{"id":163,"date":"2018-12-10T16:31:59","date_gmt":"2018-12-10T16:31:59","guid":{"rendered":"http:\/\/www.sudocrem.co.uk\/?page_id=163"},"modified":"2022-08-30T09:54:10","modified_gmt":"2022-08-30T08:54:10","slug":"details","status":"publish","type":"page","link":"https:\/\/sudocrem.com\/pt\/creme-protector\/details\/","title":{"rendered":"Antiseptic Healing Cream &#8211; Details"},"content":{"rendered":"<p><img loading=\"lazy\" decoding=\"async\" class=\"size-full wp-image-1952 aligncenter\" src=\"https:\/\/sudocrem.com\/pt\/wp-content\/uploads\/sites\/28\/2022\/08\/Sudocrem-60g-e-125g1.png\" alt=\"Sudocrem 60g e 125g\" width=\"600\" height=\"429\" \/><\/p>\n<div class=\"row text-center font-weight-bold mb-4\">\n<div class=\"col-6\">SUDOCREM MULTI EXPERT &#8211; 125G<\/div>\n<div class=\"col-6\">SUDOCREM MULTI EXPERT &#8211; 60G<\/div>\n<div class=\"col-6\">6622126<\/div>\n<div class=\"col-6\">6622118<\/div>\n<\/div>\n<p>Sudocrem MULTI-EXPERT Creme Protector merece a confian\u00e7a dos pais h\u00e1 90 anos. Temos muita experi\u00eancia a ajudar a aliviar a pele irritada e as assaduras.<\/p>\n<p>&nbsp;<\/p>\n<h5>Assaduras<\/h5>\n<p>Sudocrem MULTI-EXPERT tem uma dupla a\u00e7\u00e3o: alivia e protege a pele delicada do seu beb\u00e9. Cont\u00e9m um emoliente que alivia a pele e uma base repelente de \u00e1gua que forma uma barreira protectora, ajudando a impedir a irrita\u00e7\u00e3o da pele.<\/p>\n<p>&nbsp;<\/p>\n<h5>Feridas<\/h5>\n<p>Sudocrem MULTI-EXPERT protege a pele ao redor das feridas formando uma barreira protectora junto a \u00e1rea afetada, reduzindo o risco de infec\u00e7\u00e3o.<\/p>\n","protected":false},"excerpt":{"rendered":"<p>SUDOCREM MULTI EXPERT &#8211; 125G SUDOCREM MULTI EXPERT &#8211; 60G 6622126 6622118 Sudocrem MULTI-EXPERT Creme Protector merece a confian\u00e7a dos pais h\u00e1 90 anos. Temos muita experi\u00eancia a ajudar a aliviar a pele irritada e as assaduras. &nbsp; Assaduras Sudocrem MULTI-EXPERT tem uma dupla a\u00e7\u00e3o: alivia e protege a pele delicada do seu beb\u00e9. Cont\u00e9m [&#8230;]<\/p>\n<p><a aria-label=\"Sudocrem\"  class=\"btn btn-purple round btn-secondary understrap-read-more-link\" href=\"https:\/\/sudocrem.com\/pt\/creme-protector\/details\/\">CONTINUE READING<\/a><\/p>\n","protected":false},"author":1,"featured_media":1933,"parent":741,"menu_order":0,"comment_status":"closed","ping_status":"closed","template":"page-templates\/top-menu-page.php","meta":{"footnotes":""},"class_list":["post-163","page","type-page","status-publish","has-post-thumbnail","hentry"],"yoast_head":"<!-- This site is optimized with the Yoast SEO plugin v14.6.1 - https:\/\/yoast.com\/wordpress\/plugins\/seo\/ -->\n<title>Creme Protector - Detalhes - Sudocrem Portugal<\/title>\n<meta name=\"description\" content=\"Sudocrem Antiseptic Healing Cream has been mum\u2019s ally for over 85 years and is great for soothing sore skin and effectively treating nappy rash.\" \/>\n<meta name=\"robots\" content=\"index, follow\" \/>\n<meta name=\"googlebot\" content=\"index, follow, max-snippet:-1, max-image-preview:large, max-video-preview:-1\" \/>\n<meta name=\"bingbot\" content=\"index, follow, max-snippet:-1, max-image-preview:large, max-video-preview:-1\" \/>\n<link rel=\"canonical\" href=\"https:\/\/sudocrem.com\/pt\/creme-protector\/details\/\" \/>\n<meta property=\"og:locale\" content=\"en_GB\" \/>\n<meta property=\"og:type\" content=\"article\" \/>\n<meta property=\"og:title\" content=\"Creme Protector - Detalhes - Sudocrem Portugal\" \/>\n<meta property=\"og:description\" content=\"Sudocrem Antiseptic Healing Cream has been mum\u2019s ally for over 85 years and is great for soothing sore skin and effectively treating nappy rash.\" \/>\n<meta property=\"og:url\" content=\"https:\/\/sudocrem.com\/pt\/creme-protector\/details\/\" \/>\n<meta property=\"og:site_name\" content=\"Sudocrem Portugal\" \/>\n<meta property=\"article:modified_time\" content=\"2022-08-30T08:54:10+00:00\" \/>\n<meta property=\"og:image\" content=\"https:\/\/sudocrem.com\/pt\/wp-content\/uploads\/sites\/28\/2021\/02\/Top-banner_Multi-expert_PT.jpg\" \/>\n\t<meta property=\"og:image:width\" content=\"1920\" \/>\n\t<meta property=\"og:image:height\" content=\"791\" \/>\n<meta name=\"twitter:card\" content=\"summary_large_image\" \/>\n<script type=\"application\/ld+json\" class=\"yoast-schema-graph\">{\"@context\":\"https:\/\/schema.org\",\"@graph\":[{\"@type\":\"WebSite\",\"@id\":\"https:\/\/sudocrem.com\/pt\/#website\",\"url\":\"https:\/\/sudocrem.com\/pt\/\",\"name\":\"Sudocrem Portugal\",\"description\":\"Just another Sudocrem International site\",\"potentialAction\":[{\"@type\":\"SearchAction\",\"target\":\"https:\/\/sudocrem.com\/pt\/?s={search_term_string}\",\"query-input\":\"required name=search_term_string\"}],\"inLanguage\":\"en-GB\"},{\"@type\":\"ImageObject\",\"@id\":\"https:\/\/sudocrem.com\/pt\/creme-protector\/details\/#primaryimage\",\"inLanguage\":\"en-GB\",\"url\":\"https:\/\/sudocrem.com\/pt\/wp-content\/uploads\/sites\/28\/2021\/02\/Top-banner_Multi-expert_PT.jpg\",\"width\":1920,\"height\":791,\"caption\":\"Top-banner_Multi-expert_PT\"},{\"@type\":\"WebPage\",\"@id\":\"https:\/\/sudocrem.com\/pt\/creme-protector\/details\/#webpage\",\"url\":\"https:\/\/sudocrem.com\/pt\/creme-protector\/details\/\",\"name\":\"Creme Protector - Detalhes - Sudocrem Portugal\",\"isPartOf\":{\"@id\":\"https:\/\/sudocrem.com\/pt\/#website\"},\"primaryImageOfPage\":{\"@id\":\"https:\/\/sudocrem.com\/pt\/creme-protector\/details\/#primaryimage\"},\"datePublished\":\"2018-12-10T16:31:59+00:00\",\"dateModified\":\"2022-08-30T08:54:10+00:00\",\"description\":\"Sudocrem Antiseptic Healing Cream has been mum\\u2019s ally for over 85 years and is great for soothing sore skin and effectively treating nappy rash.\",\"inLanguage\":\"en-GB\",\"potentialAction\":[{\"@type\":\"ReadAction\",\"target\":[\"https:\/\/sudocrem.com\/pt\/creme-protector\/details\/\"]}]}]}<\/script>\n<!-- \/ Yoast SEO plugin. -->","_links":{"self":[{"href":"https:\/\/sudocrem.com\/pt\/wp-json\/wp\/v2\/pages\/163","targetHints":{"allow":["GET"]}}],"collection":[{"href":"https:\/\/sudocrem.com\/pt\/wp-json\/wp\/v2\/pages"}],"about":[{"href":"https:\/\/sudocrem.com\/pt\/wp-json\/wp\/v2\/types\/page"}],"author":[{"embeddable":true,"href":"https:\/\/sudocrem.com\/pt\/wp-json\/wp\/v2\/users\/1"}],"replies":[{"embeddable":true,"href":"https:\/\/sudocrem.com\/pt\/wp-json\/wp\/v2\/comments?post=163"}],"version-history":[{"count":0,"href":"https:\/\/sudocrem.com\/pt\/wp-json\/wp\/v2\/pages\/163\/revisions"}],"up":[{"embeddable":true,"href":"https:\/\/sudocrem.com\/pt\/wp-json\/wp\/v2\/pages\/741"}],"wp:featuredmedia":[{"embeddable":true,"href":"https:\/\/sudocrem.com\/pt\/wp-json\/wp\/v2\/media\/1933"}],"wp:attachment":[{"href":"https:\/\/sudocrem.com\/pt\/wp-json\/wp\/v2\/media?parent=163"}],"curies":[{"name":"wp","href":"https:\/\/api.w.org\/{rel}","templated":true}]}}