

{"id":168,"date":"2018-12-10T16:33:05","date_gmt":"2018-12-10T16:33:05","guid":{"rendered":"http:\/\/www.sudocrem.co.uk\/?page_id=168"},"modified":"2021-02-03T16:33:36","modified_gmt":"2021-02-03T16:33:36","slug":"when-to-use","status":"publish","type":"page","link":"https:\/\/sudocrem.com\/pt\/creme-protector\/when-to-use\/","title":{"rendered":"Antiseptic Healing Cream &#8211; When to use?"},"content":{"rendered":"<h5>Quando usar?<\/h5>\n<p>Sudocrem MULTI-EXPERT \u00e9 o seu aliado quando a sua fam\u00edlia tiver um pequeno problema cut\u00e2neo que precise de cuidados delicados. Sudocrem MULTI-EXPERT Creme Protector pode ser usado para:<\/p>\n<ul>\n<li>Tratamento e preven\u00e7\u00e3o da dermatite das Fraldas (Assaduras)<\/li>\n<li>Tratamento e preven\u00e7\u00e3o da dermatite em adultos, por incontin\u00eancia<\/li>\n<li>Prote\u00e7\u00e3o da pele em redor das feridas<\/li>\n<\/ul>\n<h5>Assaduras<\/h5>\n<p>Para entender como surgem as assaduras, saber se o seu beb\u00e9 tem assaduras e aprender a melhor maneira de atuar e proteger a pele delicada do rabinho do seu beb\u00e9 contra as assaduras, visite a sec\u00e7\u00e3o Assaduras.<\/p>\n<p><a href=\"\/pt\/nappy-rash-hub\/what-is-nappy-rash\/\"><img loading=\"lazy\" decoding=\"async\" class=\"alignnone wp-image-1775 size-full\" src=\"https:\/\/sudocrem.com\/pt\/wp-content\/uploads\/sites\/28\/2020\/09\/Button_Nappy-rash_Portugal.png\" alt=\"\" width=\"170\" height=\"46\" \/><\/a><\/p>\n<p>&nbsp;<\/p>\n<h5>Outras utiliza\u00e7\u00f5es<\/h5>\n<p>Para saber mais sobre os pequenos problemas de pele onde o Sudocrem MULTI-EXPERT pode ajudar, visite a sec\u00e7\u00e3o Para toda a Fam\u00edlia.<\/p>\n<p><a href=\"\/pt\/your-family-hub\/trust-in-a-grey-tub\/\"><img loading=\"lazy\" decoding=\"async\" class=\"alignnone size-full wp-image-1892\" src=\"https:\/\/sudocrem.com\/pt\/wp-content\/uploads\/sites\/28\/2021\/01\/para-toda-a-familia.png\" alt=\"\" width=\"232\" height=\"46\" \/><\/a><\/p>\n<p>&nbsp;<\/p>\n<p>Utilize apenas como indicado. Em caso de d\u00favida ou persist\u00eancia dos sintomas, por favor consulte o seu m\u00e9dico ou farmac\u00eautico. Ocasionalmente pode ocorrer irrita\u00e7\u00e3o local. Se isso acontecer, consulte o seu m\u00e9dico.<\/p>\n","protected":false},"excerpt":{"rendered":"<p>Quando usar? Sudocrem MULTI-EXPERT \u00e9 o seu aliado quando a sua fam\u00edlia tiver um pequeno problema cut\u00e2neo que precise de cuidados delicados. Sudocrem MULTI-EXPERT Creme Protector pode ser usado para: Tratamento e preven\u00e7\u00e3o da dermatite das Fraldas (Assaduras) Tratamento e preven\u00e7\u00e3o da dermatite em adultos, por incontin\u00eancia Prote\u00e7\u00e3o da pele em redor das feridas Assaduras [&#8230;]<\/p>\n<p><a aria-label=\"Sudocrem\"  class=\"btn btn-purple round btn-secondary understrap-read-more-link\" href=\"https:\/\/sudocrem.com\/pt\/creme-protector\/when-to-use\/\">CONTINUE READING<\/a><\/p>\n","protected":false},"author":1,"featured_media":1933,"parent":741,"menu_order":1,"comment_status":"closed","ping_status":"closed","template":"page-templates\/top-menu-page.php","meta":{"footnotes":""},"class_list":["post-168","page","type-page","status-publish","has-post-thumbnail","hentry"],"yoast_head":"<!-- This site is optimized with the Yoast SEO plugin v14.6.1 - https:\/\/yoast.com\/wordpress\/plugins\/seo\/ -->\n<title>Creme Protector - Quando usar? - Sudocrem Portugal<\/title>\n<meta name=\"robots\" content=\"index, follow\" \/>\n<meta name=\"googlebot\" content=\"index, follow, max-snippet:-1, max-image-preview:large, max-video-preview:-1\" \/>\n<meta name=\"bingbot\" content=\"index, follow, max-snippet:-1, max-image-preview:large, max-video-preview:-1\" \/>\n<link rel=\"canonical\" href=\"https:\/\/sudocrem.com\/pt\/creme-protector\/when-to-use\/\" \/>\n<meta property=\"og:locale\" content=\"en_GB\" \/>\n<meta property=\"og:type\" content=\"article\" \/>\n<meta property=\"og:title\" content=\"Creme Protector - Quando usar? - Sudocrem Portugal\" \/>\n<meta property=\"og:description\" content=\"Quando usar? Sudocrem MULTI-EXPERT \u00e9 o seu aliado quando a sua fam\u00edlia tiver um pequeno problema cut\u00e2neo que precise de cuidados delicados. Sudocrem MULTI-EXPERT Creme Protector pode ser usado para: Tratamento e preven\u00e7\u00e3o da dermatite das Fraldas (Assaduras) Tratamento e preven\u00e7\u00e3o da dermatite em adultos, por incontin\u00eancia Prote\u00e7\u00e3o da pele em redor das feridas Assaduras [...]CONTINUE READING\" \/>\n<meta property=\"og:url\" content=\"https:\/\/sudocrem.com\/pt\/creme-protector\/when-to-use\/\" \/>\n<meta property=\"og:site_name\" content=\"Sudocrem Portugal\" \/>\n<meta property=\"article:modified_time\" content=\"2021-02-03T16:33:36+00:00\" \/>\n<meta property=\"og:image\" content=\"https:\/\/sudocrem.com\/pt\/wp-content\/uploads\/sites\/28\/2021\/02\/Top-banner_Multi-expert_PT.jpg\" \/>\n\t<meta property=\"og:image:width\" content=\"1920\" \/>\n\t<meta property=\"og:image:height\" content=\"791\" \/>\n<meta name=\"twitter:card\" content=\"summary_large_image\" \/>\n<script type=\"application\/ld+json\" class=\"yoast-schema-graph\">{\"@context\":\"https:\/\/schema.org\",\"@graph\":[{\"@type\":\"WebSite\",\"@id\":\"https:\/\/sudocrem.com\/pt\/#website\",\"url\":\"https:\/\/sudocrem.com\/pt\/\",\"name\":\"Sudocrem Portugal\",\"description\":\"Just another Sudocrem International site\",\"potentialAction\":[{\"@type\":\"SearchAction\",\"target\":\"https:\/\/sudocrem.com\/pt\/?s={search_term_string}\",\"query-input\":\"required name=search_term_string\"}],\"inLanguage\":\"en-GB\"},{\"@type\":\"ImageObject\",\"@id\":\"https:\/\/sudocrem.com\/pt\/creme-protector\/when-to-use\/#primaryimage\",\"inLanguage\":\"en-GB\",\"url\":\"https:\/\/sudocrem.com\/pt\/wp-content\/uploads\/sites\/28\/2021\/02\/Top-banner_Multi-expert_PT.jpg\",\"width\":1920,\"height\":791,\"caption\":\"Top-banner_Multi-expert_PT\"},{\"@type\":\"WebPage\",\"@id\":\"https:\/\/sudocrem.com\/pt\/creme-protector\/when-to-use\/#webpage\",\"url\":\"https:\/\/sudocrem.com\/pt\/creme-protector\/when-to-use\/\",\"name\":\"Creme Protector - Quando usar? - Sudocrem Portugal\",\"isPartOf\":{\"@id\":\"https:\/\/sudocrem.com\/pt\/#website\"},\"primaryImageOfPage\":{\"@id\":\"https:\/\/sudocrem.com\/pt\/creme-protector\/when-to-use\/#primaryimage\"},\"datePublished\":\"2018-12-10T16:33:05+00:00\",\"dateModified\":\"2021-02-03T16:33:36+00:00\",\"inLanguage\":\"en-GB\",\"potentialAction\":[{\"@type\":\"ReadAction\",\"target\":[\"https:\/\/sudocrem.com\/pt\/creme-protector\/when-to-use\/\"]}]}]}<\/script>\n<!-- \/ Yoast SEO plugin. -->","_links":{"self":[{"href":"https:\/\/sudocrem.com\/pt\/wp-json\/wp\/v2\/pages\/168","targetHints":{"allow":["GET"]}}],"collection":[{"href":"https:\/\/sudocrem.com\/pt\/wp-json\/wp\/v2\/pages"}],"about":[{"href":"https:\/\/sudocrem.com\/pt\/wp-json\/wp\/v2\/types\/page"}],"author":[{"embeddable":true,"href":"https:\/\/sudocrem.com\/pt\/wp-json\/wp\/v2\/users\/1"}],"replies":[{"embeddable":true,"href":"https:\/\/sudocrem.com\/pt\/wp-json\/wp\/v2\/comments?post=168"}],"version-history":[{"count":0,"href":"https:\/\/sudocrem.com\/pt\/wp-json\/wp\/v2\/pages\/168\/revisions"}],"up":[{"embeddable":true,"href":"https:\/\/sudocrem.com\/pt\/wp-json\/wp\/v2\/pages\/741"}],"wp:featuredmedia":[{"embeddable":true,"href":"https:\/\/sudocrem.com\/pt\/wp-json\/wp\/v2\/media\/1933"}],"wp:attachment":[{"href":"https:\/\/sudocrem.com\/pt\/wp-json\/wp\/v2\/media?parent=168"}],"curies":[{"name":"wp","href":"https:\/\/api.w.org\/{rel}","templated":true}]}}