

{"id":170,"date":"2018-12-10T16:34:08","date_gmt":"2018-12-10T16:34:08","guid":{"rendered":"http:\/\/www.sudocrem.co.uk\/?page_id=170"},"modified":"2021-02-03T12:52:22","modified_gmt":"2021-02-03T12:52:22","slug":"how-to-use","status":"publish","type":"page","link":"https:\/\/sudocrem.com\/pt\/creme-protector\/how-to-use\/","title":{"rendered":"Antiseptic Healing Cream &#8211; How to use?"},"content":{"rendered":"<h5>Dermatite das fraldas (assaduras)<\/h5>\n<p>Sudocrem MULTI-EXPERT Creme Protector pode ser aplicado, a cada mudan\u00e7a da fralda, para ajudar a prevenir assaduras e acalmar a pele do rabinho do seu beb\u00e9.<\/p>\n<p><strong>Passo 1<\/strong>: Certifique-se de que o rabinho do seu beb\u00e9 est\u00e1 limpo e seco.<\/p>\n<p><strong>Passo 2<\/strong>: Com as m\u00e3os limpas e secas, coloque uma pequena quantidade de Sudocrem MULTI-EXPERT na ponta do dedo. Lembre-se, um pouco rende muito.<\/p>\n<p><strong>Passo 3<\/strong>: Massaje suavemente a pele com Sudocrem MULTI-EXPERT em movimentos circulares e leves (evite esfregar, principalmente se a pele estiver dorida).<\/p>\n<p><strong>Passo 4<\/strong>: Tente criar uma pel\u00edcula fina e transl\u00facida na pele. Se o creme branco ainda estiver vis\u00edvel, isso pode querer dizer que usou mais do que o necess\u00e1rio (se isto acontecer n\u00e3o h\u00e1 problema, o seu beb\u00e9 ficar\u00e1 bem, lembre-se apenas de usar um pouco menos na pr\u00f3xima vez).<\/p>\n<p><strong>Passo 5<\/strong>: Repita a aplica\u00e7\u00e3o de Sudocrem MULTI-EXPERT Creme Protector no rabinho do seu beb\u00e9 tantas vezes quanto necess\u00e1rias.<\/p>\n<h5>Outras utiliza\u00e7\u00f5es<\/h5>\n<p><strong>Passo 1<\/strong>: Certifique-se de que suas m\u00e3os est\u00e3o limpas e secas, em seguida, coloque uma pequena quantidade de Sudocrem MULTI-EXPERT na ponta do dedo.<\/p>\n<p><strong>Passo 2<\/strong>: Massaje gentilmente o Sudocrem MULTI-EXPERT na zona a tratar, com leves movimentos circulares.<\/p>\n<p><strong>Passo 3<\/strong>: Deve criar uma pel\u00edcula fina e transl\u00facida na pele. Se o creme branco ainda estiver vis\u00edvel, isso pode querer dizer que usou mais do que o necess\u00e1rio (n\u00e3o h\u00e1 problema, lembre-se de usar um pouco menos na pr\u00f3xima vez).<\/p>\n<p>&nbsp;<\/p>\n","protected":false},"excerpt":{"rendered":"<p>Dermatite das fraldas (assaduras) Sudocrem MULTI-EXPERT Creme Protector pode ser aplicado, a cada mudan\u00e7a da fralda, para ajudar a prevenir assaduras e acalmar a pele do rabinho do seu beb\u00e9. Passo 1: Certifique-se de que o rabinho do seu beb\u00e9 est\u00e1 limpo e seco. Passo 2: Com as m\u00e3os limpas e secas, coloque uma pequena [&#8230;]<\/p>\n<p><a aria-label=\"Sudocrem\"  class=\"btn btn-purple round btn-secondary understrap-read-more-link\" href=\"https:\/\/sudocrem.com\/pt\/creme-protector\/how-to-use\/\">CONTINUE READING<\/a><\/p>\n","protected":false},"author":1,"featured_media":1933,"parent":741,"menu_order":2,"comment_status":"closed","ping_status":"closed","template":"page-templates\/top-menu-page.php","meta":{"footnotes":""},"class_list":["post-170","page","type-page","status-publish","has-post-thumbnail","hentry"],"yoast_head":"<!-- This site is optimized with the Yoast SEO plugin v14.6.1 - https:\/\/yoast.com\/wordpress\/plugins\/seo\/ -->\n<title>Creme Protector - Como usar? - Sudocrem Portugal<\/title>\n<meta name=\"robots\" content=\"index, follow\" \/>\n<meta name=\"googlebot\" content=\"index, follow, max-snippet:-1, max-image-preview:large, max-video-preview:-1\" \/>\n<meta name=\"bingbot\" content=\"index, follow, max-snippet:-1, max-image-preview:large, max-video-preview:-1\" \/>\n<link rel=\"canonical\" href=\"https:\/\/sudocrem.com\/pt\/creme-protector\/how-to-use\/\" \/>\n<meta property=\"og:locale\" content=\"en_GB\" \/>\n<meta property=\"og:type\" content=\"article\" \/>\n<meta property=\"og:title\" content=\"Creme Protector - Como usar? - Sudocrem Portugal\" \/>\n<meta property=\"og:description\" content=\"Dermatite das fraldas (assaduras) Sudocrem MULTI-EXPERT Creme Protector pode ser aplicado, a cada mudan\u00e7a da fralda, para ajudar a prevenir assaduras e acalmar a pele do rabinho do seu beb\u00e9. Passo 1: Certifique-se de que o rabinho do seu beb\u00e9 est\u00e1 limpo e seco. Passo 2: Com as m\u00e3os limpas e secas, coloque uma pequena [...]CONTINUE READING\" \/>\n<meta property=\"og:url\" content=\"https:\/\/sudocrem.com\/pt\/creme-protector\/how-to-use\/\" \/>\n<meta property=\"og:site_name\" content=\"Sudocrem Portugal\" \/>\n<meta property=\"article:modified_time\" content=\"2021-02-03T12:52:22+00:00\" \/>\n<meta property=\"og:image\" content=\"https:\/\/sudocrem.com\/pt\/wp-content\/uploads\/sites\/28\/2021\/02\/Top-banner_Multi-expert_PT.jpg\" \/>\n\t<meta property=\"og:image:width\" content=\"1920\" \/>\n\t<meta property=\"og:image:height\" content=\"791\" \/>\n<meta name=\"twitter:card\" content=\"summary_large_image\" \/>\n<script type=\"application\/ld+json\" class=\"yoast-schema-graph\">{\"@context\":\"https:\/\/schema.org\",\"@graph\":[{\"@type\":\"WebSite\",\"@id\":\"https:\/\/sudocrem.com\/pt\/#website\",\"url\":\"https:\/\/sudocrem.com\/pt\/\",\"name\":\"Sudocrem Portugal\",\"description\":\"Just another Sudocrem International site\",\"potentialAction\":[{\"@type\":\"SearchAction\",\"target\":\"https:\/\/sudocrem.com\/pt\/?s={search_term_string}\",\"query-input\":\"required name=search_term_string\"}],\"inLanguage\":\"en-GB\"},{\"@type\":\"ImageObject\",\"@id\":\"https:\/\/sudocrem.com\/pt\/creme-protector\/how-to-use\/#primaryimage\",\"inLanguage\":\"en-GB\",\"url\":\"https:\/\/sudocrem.com\/pt\/wp-content\/uploads\/sites\/28\/2021\/02\/Top-banner_Multi-expert_PT.jpg\",\"width\":1920,\"height\":791,\"caption\":\"Top-banner_Multi-expert_PT\"},{\"@type\":\"WebPage\",\"@id\":\"https:\/\/sudocrem.com\/pt\/creme-protector\/how-to-use\/#webpage\",\"url\":\"https:\/\/sudocrem.com\/pt\/creme-protector\/how-to-use\/\",\"name\":\"Creme Protector - Como usar? - Sudocrem Portugal\",\"isPartOf\":{\"@id\":\"https:\/\/sudocrem.com\/pt\/#website\"},\"primaryImageOfPage\":{\"@id\":\"https:\/\/sudocrem.com\/pt\/creme-protector\/how-to-use\/#primaryimage\"},\"datePublished\":\"2018-12-10T16:34:08+00:00\",\"dateModified\":\"2021-02-03T12:52:22+00:00\",\"inLanguage\":\"en-GB\",\"potentialAction\":[{\"@type\":\"ReadAction\",\"target\":[\"https:\/\/sudocrem.com\/pt\/creme-protector\/how-to-use\/\"]}]}]}<\/script>\n<!-- \/ Yoast SEO plugin. -->","_links":{"self":[{"href":"https:\/\/sudocrem.com\/pt\/wp-json\/wp\/v2\/pages\/170","targetHints":{"allow":["GET"]}}],"collection":[{"href":"https:\/\/sudocrem.com\/pt\/wp-json\/wp\/v2\/pages"}],"about":[{"href":"https:\/\/sudocrem.com\/pt\/wp-json\/wp\/v2\/types\/page"}],"author":[{"embeddable":true,"href":"https:\/\/sudocrem.com\/pt\/wp-json\/wp\/v2\/users\/1"}],"replies":[{"embeddable":true,"href":"https:\/\/sudocrem.com\/pt\/wp-json\/wp\/v2\/comments?post=170"}],"version-history":[{"count":0,"href":"https:\/\/sudocrem.com\/pt\/wp-json\/wp\/v2\/pages\/170\/revisions"}],"up":[{"embeddable":true,"href":"https:\/\/sudocrem.com\/pt\/wp-json\/wp\/v2\/pages\/741"}],"wp:featuredmedia":[{"embeddable":true,"href":"https:\/\/sudocrem.com\/pt\/wp-json\/wp\/v2\/media\/1933"}],"wp:attachment":[{"href":"https:\/\/sudocrem.com\/pt\/wp-json\/wp\/v2\/media?parent=170"}],"curies":[{"name":"wp","href":"https:\/\/api.w.org\/{rel}","templated":true}]}}