

{"id":1870,"date":"2021-01-25T11:18:24","date_gmt":"2021-01-25T11:18:24","guid":{"rendered":"https:\/\/sudocrem.wpenginepowered.com\/pt\/?page_id=1870"},"modified":"2021-01-25T11:18:36","modified_gmt":"2021-01-25T11:18:36","slug":"farmacovigilancia","status":"publish","type":"page","link":"https:\/\/sudocrem.com\/pt\/farmacovigilancia\/","title":{"rendered":"Farmacovigil\u00e2ncia"},"content":{"rendered":"<p>Quando ouvir falar de um evento adverso relacionado com qualquer um dos produtos do Grupo Teva \u2013 Contacte, por favor, a Unidade Local de Farmacovigil\u00e2ncia, o mais brevemente poss\u00edvel!<\/p>\n<p>A Unidade Local monitoriza activamente as informa\u00e7\u00f5es de seguran\u00e7a sobre os produtos do Grupo Teva, tornando-os mais seguros para todos. N\u00e3o nos \u00e9 poss\u00edvel fazer isso sem o seu contributo.<\/p>\n<p>Em caso de d\u00favida, contacte a Unidade Local de Farmacovigil\u00e2ncia do Grupo Teva, atrav\u00e9s do contacto abaixo indicado.<\/p>\n<p><a href=\"https:\/\/www.teva.pt\/pt\/portugal\/general-pages\/Politica_Privacidade_Farmacovigilancia\/\"><strong>Caso pretenda obter mais informa\u00e7\u00e3o sobre a pol\u00edtica de Privacidade de Farmacovigil\u00e2ncia da Teva.<\/strong><em>\u00a0(Clique aqu\u00ed)<\/em><\/a><\/p>\n<p>&nbsp;<\/p>\n<p><strong>Contactos da Famacovigil\u00e2ncia<\/strong><\/p>\n<p><img decoding=\"async\" src=\"https:\/\/www.teva.pt\/images\/contents\/farmacovigilancia\/farmacovigilancia_phone.jpg\" alt=\"\" \/><a href=\"tel:+351 214248025\">+351 214248025<\/a><\/p>\n","protected":false},"excerpt":{"rendered":"<p>Quando ouvir falar de um evento adverso relacionado com qualquer um dos produtos do Grupo Teva \u2013 Contacte, por favor, a Unidade Local de Farmacovigil\u00e2ncia, o mais brevemente poss\u00edvel! A Unidade Local monitoriza activamente as informa\u00e7\u00f5es de seguran\u00e7a sobre os produtos do Grupo Teva, tornando-os mais seguros para todos. N\u00e3o nos \u00e9 poss\u00edvel fazer isso [&#8230;]<\/p>\n<p><a aria-label=\"Sudocrem\"  class=\"btn btn-purple round btn-secondary understrap-read-more-link\" href=\"https:\/\/sudocrem.com\/pt\/farmacovigilancia\/\">CONTINUE READING<\/a><\/p>\n","protected":false},"author":1,"featured_media":0,"parent":0,"menu_order":0,"comment_status":"closed","ping_status":"closed","template":"page-templates\/legal-page.php","meta":{"footnotes":""},"class_list":["post-1870","page","type-page","status-publish","hentry"],"yoast_head":"<!-- This site is optimized with the Yoast SEO plugin v14.6.1 - https:\/\/yoast.com\/wordpress\/plugins\/seo\/ -->\n<title>Farmacovigil\u00e2ncia - Sudocrem Portugal<\/title>\n<meta name=\"robots\" content=\"index, follow\" \/>\n<meta name=\"googlebot\" content=\"index, follow, max-snippet:-1, max-image-preview:large, max-video-preview:-1\" \/>\n<meta name=\"bingbot\" content=\"index, follow, max-snippet:-1, max-image-preview:large, max-video-preview:-1\" \/>\n<link rel=\"canonical\" href=\"https:\/\/sudocrem.com\/pt\/farmacovigilancia\/\" \/>\n<meta property=\"og:locale\" content=\"en_GB\" \/>\n<meta property=\"og:type\" content=\"article\" \/>\n<meta property=\"og:title\" content=\"Farmacovigil\u00e2ncia - Sudocrem Portugal\" \/>\n<meta property=\"og:description\" content=\"Quando ouvir falar de um evento adverso relacionado com qualquer um dos produtos do Grupo Teva \u2013 Contacte, por favor, a Unidade Local de Farmacovigil\u00e2ncia, o mais brevemente poss\u00edvel! A Unidade Local monitoriza activamente as informa\u00e7\u00f5es de seguran\u00e7a sobre os produtos do Grupo Teva, tornando-os mais seguros para todos. N\u00e3o nos \u00e9 poss\u00edvel fazer isso [...]CONTINUE READING\" \/>\n<meta property=\"og:url\" content=\"https:\/\/sudocrem.com\/pt\/farmacovigilancia\/\" \/>\n<meta property=\"og:site_name\" content=\"Sudocrem Portugal\" \/>\n<meta property=\"article:modified_time\" content=\"2021-01-25T11:18:36+00:00\" \/>\n<meta property=\"og:image\" content=\"https:\/\/www.teva.pt\/images\/contents\/farmacovigilancia\/farmacovigilancia_phone.jpg\" \/>\n<meta name=\"twitter:card\" content=\"summary_large_image\" \/>\n<script type=\"application\/ld+json\" class=\"yoast-schema-graph\">{\"@context\":\"https:\/\/schema.org\",\"@graph\":[{\"@type\":\"WebSite\",\"@id\":\"https:\/\/sudocrem.com\/pt\/#website\",\"url\":\"https:\/\/sudocrem.com\/pt\/\",\"name\":\"Sudocrem Portugal\",\"description\":\"Just another Sudocrem International site\",\"potentialAction\":[{\"@type\":\"SearchAction\",\"target\":\"https:\/\/sudocrem.com\/pt\/?s={search_term_string}\",\"query-input\":\"required name=search_term_string\"}],\"inLanguage\":\"en-GB\"},{\"@type\":\"ImageObject\",\"@id\":\"https:\/\/sudocrem.com\/pt\/farmacovigilancia\/#primaryimage\",\"inLanguage\":\"en-GB\",\"url\":\"https:\/\/www.teva.pt\/images\/contents\/farmacovigilancia\/farmacovigilancia_phone.jpg\"},{\"@type\":\"WebPage\",\"@id\":\"https:\/\/sudocrem.com\/pt\/farmacovigilancia\/#webpage\",\"url\":\"https:\/\/sudocrem.com\/pt\/farmacovigilancia\/\",\"name\":\"Farmacovigil\\u00e2ncia - Sudocrem Portugal\",\"isPartOf\":{\"@id\":\"https:\/\/sudocrem.com\/pt\/#website\"},\"primaryImageOfPage\":{\"@id\":\"https:\/\/sudocrem.com\/pt\/farmacovigilancia\/#primaryimage\"},\"datePublished\":\"2021-01-25T11:18:24+00:00\",\"dateModified\":\"2021-01-25T11:18:36+00:00\",\"inLanguage\":\"en-GB\",\"potentialAction\":[{\"@type\":\"ReadAction\",\"target\":[\"https:\/\/sudocrem.com\/pt\/farmacovigilancia\/\"]}]}]}<\/script>\n<!-- \/ Yoast SEO plugin. -->","_links":{"self":[{"href":"https:\/\/sudocrem.com\/pt\/wp-json\/wp\/v2\/pages\/1870","targetHints":{"allow":["GET"]}}],"collection":[{"href":"https:\/\/sudocrem.com\/pt\/wp-json\/wp\/v2\/pages"}],"about":[{"href":"https:\/\/sudocrem.com\/pt\/wp-json\/wp\/v2\/types\/page"}],"author":[{"embeddable":true,"href":"https:\/\/sudocrem.com\/pt\/wp-json\/wp\/v2\/users\/1"}],"replies":[{"embeddable":true,"href":"https:\/\/sudocrem.com\/pt\/wp-json\/wp\/v2\/comments?post=1870"}],"version-history":[{"count":0,"href":"https:\/\/sudocrem.com\/pt\/wp-json\/wp\/v2\/pages\/1870\/revisions"}],"wp:attachment":[{"href":"https:\/\/sudocrem.com\/pt\/wp-json\/wp\/v2\/media?parent=1870"}],"curies":[{"name":"wp","href":"https:\/\/api.w.org\/{rel}","templated":true}]}}