

{"id":1878,"date":"2021-01-26T13:49:48","date_gmt":"2021-01-26T13:49:48","guid":{"rendered":"https:\/\/sudocrem.wpenginepowered.com\/pt\/?page_id=1878"},"modified":"2021-01-28T17:10:52","modified_gmt":"2021-01-28T17:10:52","slug":"termos-de-utilizacao","status":"publish","type":"page","link":"https:\/\/sudocrem.com\/pt\/termos-de-utilizacao\/","title":{"rendered":"Termos de Utiliza\u00e7\u00e3o"},"content":{"rendered":"<p><strong>Aviso legal<\/strong><\/p>\n<p>A Teva Europe e as sua afiliadas (\u201cTeva\u201d), Teva UK e Teva Ireland, operam determinados websites (\u201cWebsites Teva\u201d) para efeitos de informa\u00e7\u00e3o pessoal e educa\u00e7\u00e3o. A informa\u00e7\u00e3o de sa\u00fade contida nos Websites Teva \u00e9 fornecida apenas para fins educativos e n\u00e3o se destina a substituir a consulta de um m\u00e9dico ou outro prestador de cuidados de sa\u00fade. A consulta e navega\u00e7\u00e3o nos Websites Teva rege-se pelos presentes termos e condi\u00e7\u00f5es que, enquanto visitante, se obriga a respeitar na \u00edntegra. A sua utiliza\u00e7\u00e3o de um dos Websites Teva constitui a sua aceita\u00e7\u00e3o sem modifica\u00e7\u00e3o dos termos, condi\u00e7\u00f5es e avisos aqui contidos e todas as leis aplic\u00e1veis. Caso n\u00e3o concorde, dever\u00e1 cessar de imediato a sua navega\u00e7\u00e3o dos Websites Teva.<\/p>\n<p><strong>Utiliza\u00e7\u00e3o do Website<\/strong><\/p>\n<p>A Teva Europe autoriza-o a copiar documentos publicados pela Teva na web apenas para utiliza\u00e7\u00e3o n\u00e3o comercial e individual como refer\u00eancia. A autoriza\u00e7\u00e3o \u00e9 dada com base no entendimento de que qualquer c\u00f3pia que efetuar de tais documentos deve conservar os direitos de autor e outros avisos de propriedade contidos neste documento. As c\u00f3pias posteriores n\u00e3o devem ser recopiadas, reproduzidas, alteradas ou redistribu\u00eddas de outra forma. A Teva Europe utilizar\u00e1 esfor\u00e7os razo\u00e1veis para garantir que qualquer informa\u00e7\u00e3o exibida neste website seja precisa e forne\u00e7a informa\u00e7\u00f5es atualizadas. No entanto n\u00e3o faz nem implica quaisquer garantias quanto \u00e0 sua exatid\u00e3o. <a href=\"https:\/\/sudocrem.com\/pt\/\">https:\/\/sudocrem.com\/pt\/<\/a> \u00e9 para o uso exclusivo da Teva UK Ltd, qualquer material de terceiros que seja considerado promocional ser\u00e1 removido ao crit\u00e9rio da Teva UK Ltd.<\/p>\n<p>Nada aqui contido deve ser interpretado como conferido por implica\u00e7\u00e3o, exclus\u00e3o ou de outra forma qualquer licen\u00e7a ou direito sob qualquer patente ou marca registada da Teva ou de qualquer terceiro. Quaisquer nomes de produtos, quer apare\u00e7am com ou sem o s\u00edmbolo da marca s\u00e3o marcas comerciais da Teva Inc., Teva UK Ltd., Tosara Products Ltd., ou os seus licenciadores ou parceiros de joint venture. A utiliza\u00e7\u00e3o destas marcas comerciais ou de quaisquer outros materiais, com exce\u00e7\u00e3o das utiliza\u00e7\u00f5es acima permitidas, \u00e9 expressamente proibida e pode estar em viola\u00e7\u00e3o da marca comercial.<\/p>\n<p><strong>Liga\u00e7\u00f5es de Terceiros<\/strong><\/p>\n<p>Numa tentativa de fornecer valor acrescido aos nossos visitantes, os Websites Teva podem conter links para outros websites na Internet, que s\u00e3o propriedade e operados por fornecedores terceiros e outros terceiros. No entanto, mesmo que o terceiro esteja associado \u00e0 Teva, a Teva n\u00e3o tem controlo sobre esses websites, todos os quais t\u00eam pr\u00e1ticas de privacidade e recolha de dados separadas e independentes da Teva. A Teva n\u00e3o faz qualquer reivindica\u00e7\u00e3o ou representa\u00e7\u00e3o em rela\u00e7\u00e3o a, e n\u00e3o assume qualquer responsabilidade pela qualidade, conte\u00fado, natureza ou fiabilidade dos websites acess\u00edveis por hiperliga\u00e7\u00e3o a partir dos Websites Teva ou websites que ligam aos Websites Teva. Os websites ligados n\u00e3o est\u00e3o sob o controlo da Teva, e a Teva n\u00e3o \u00e9 respons\u00e1vel pelo conte\u00fado de qualquer website ou qualquer liga\u00e7\u00e3o contida num website vinculado, ou qualquer revis\u00e3o, altera\u00e7\u00f5es ou atualiza\u00e7\u00f5es de tais websites. A Teva fornece-lhe estas liga\u00e7\u00f5es apenas como uma conveni\u00eancia, e a inclus\u00e3o de qualquer liga\u00e7\u00e3o n\u00e3o implica afilia\u00e7\u00e3o, averbamento ou ado\u00e7\u00e3o pela Teva do website ou qualquer informa\u00e7\u00e3o contida nos mesmos. Estes websites ligados s\u00e3o apenas para sua conveni\u00eancia e, portanto, acede aos mesmos por sua conta e risco.<\/p>\n<p>&nbsp;<\/p>\n<p><strong>Isen\u00e7\u00e3o de responsabilidade e limita\u00e7\u00e3o de responsabilidade<\/strong><\/p>\n<p>A Teva n\u00e3o faz garantias ou representa\u00e7\u00f5es sobre a precis\u00e3o ou completude dos conte\u00fados dos Websites Teva ou o conte\u00fado de quaisquer websites ligados aos mesmos. Esta publica\u00e7\u00e3o \u00e9 fornecida \u201cCOMO \u00c9\u201d SEM GARANTIA DE QUALQUER TIPO, EXPRESSO OU IMPL\u00cdCITO, INCLUINDO, MAS N\u00c3O LIMITADO A, AS GARANTIAS IMPL\u00cdCITAS DE COMERCIALIZA\u00c7\u00c3O, APTID\u00c3O PARA UM PROP\u00d3SITO PARTICULAR, OU N\u00c3O-INFRAC\u00c7\u00c3O. A TEVA N\u00c3O REPRESENTA NEM GARANTE QUE OS MATERIAIS NESTE WEBSITE S\u00c3O PRECISOS, COMPLETOS, FI\u00c1VEIS, ATUAIS OU ISENTOS DE ERROS. A TEVA N\u00c3O SE RESPONSABILIZA NEM GARANTE QUE ESTE WEBSITE OU O(S) SEU(S) SERVIDOR(ES) ESTEJAM LIVRES DE V\u00cdRUS OU OUTROS COMPONENTES NOCIVOS. Algumas jurisdi\u00e7\u00f5es n\u00e3o permitem a exclus\u00e3o de garantias impl\u00edcitas, pelo que a exclus\u00e3o acima referida pode n\u00e3o se aplicar a si.<\/p>\n<p>EM CASO ALGUM A TEVA SER\u00c1 RESPONS\u00c1VEL POR QUAISQUER DANOS DIRETOS, ESPECIAIS, INDIRETOS OU CONSEQUENTES, OU QUAISQUER OUTROS DANOS DE QUALQUER TIPO, INCLUINDO, MAS N\u00c3O LIMITADO A, PERDA DE USO, PERDA DE LUCROS, OU PERDA DE DADOS, SEJA NUMA A\u00c7\u00c3O CONTRATUAL, DANO (INCLUINDO, MAS N\u00c3O SE LIMITANDO A, NEGLIG\u00caNCIA), OU DE OUTRA FORMA, DECORRENTES DE OU DE QUALQUER FORMA RELACIONADA COM A UTILIZA\u00c7\u00c3O DESTE SITE OU OS MATERIAIS NELE CONTIDOS, OU ACEDIDO ATRAV\u00c9S DESTE WEBSITE.<\/p>\n<p><strong>Lei aplic\u00e1vel<\/strong><\/p>\n<p>Estes termos e condi\u00e7\u00f5es ser\u00e3o regidos e interpretados de acordo com as leis do Reino Unido, sem considerar a sua escolha de princ\u00edpios legais.<\/p>\n","protected":false},"excerpt":{"rendered":"<p>Aviso legal A Teva Europe e as sua afiliadas (\u201cTeva\u201d), Teva UK e Teva Ireland, operam determinados websites (\u201cWebsites Teva\u201d) para efeitos de informa\u00e7\u00e3o pessoal e educa\u00e7\u00e3o. A informa\u00e7\u00e3o de sa\u00fade contida nos Websites Teva \u00e9 fornecida apenas para fins educativos e n\u00e3o se destina a substituir a consulta de um m\u00e9dico ou outro prestador [&#8230;]<\/p>\n<p><a aria-label=\"Sudocrem\"  class=\"btn btn-purple round btn-secondary understrap-read-more-link\" href=\"https:\/\/sudocrem.com\/pt\/termos-de-utilizacao\/\">CONTINUE READING<\/a><\/p>\n","protected":false},"author":1,"featured_media":0,"parent":0,"menu_order":0,"comment_status":"closed","ping_status":"closed","template":"page-templates\/legal-page.php","meta":{"footnotes":""},"class_list":["post-1878","page","type-page","status-publish","hentry"],"yoast_head":"<!-- This site is optimized with the Yoast SEO plugin v14.6.1 - https:\/\/yoast.com\/wordpress\/plugins\/seo\/ -->\n<title>Termos de Utiliza\u00e7\u00e3o - Sudocrem Portugal<\/title>\n<meta name=\"robots\" content=\"index, follow\" \/>\n<meta name=\"googlebot\" content=\"index, follow, max-snippet:-1, max-image-preview:large, max-video-preview:-1\" \/>\n<meta name=\"bingbot\" content=\"index, follow, max-snippet:-1, max-image-preview:large, max-video-preview:-1\" \/>\n<link rel=\"canonical\" href=\"https:\/\/sudocrem.com\/pt\/termos-de-utilizacao\/\" \/>\n<meta property=\"og:locale\" content=\"en_GB\" \/>\n<meta property=\"og:type\" content=\"article\" \/>\n<meta property=\"og:title\" content=\"Termos de Utiliza\u00e7\u00e3o - Sudocrem Portugal\" \/>\n<meta property=\"og:description\" content=\"Aviso legal A Teva Europe e as sua afiliadas (\u201cTeva\u201d), Teva UK e Teva Ireland, operam determinados websites (\u201cWebsites Teva\u201d) para efeitos de informa\u00e7\u00e3o pessoal e educa\u00e7\u00e3o. A informa\u00e7\u00e3o de sa\u00fade contida nos Websites Teva \u00e9 fornecida apenas para fins educativos e n\u00e3o se destina a substituir a consulta de um m\u00e9dico ou outro prestador [...]CONTINUE READING\" \/>\n<meta property=\"og:url\" content=\"https:\/\/sudocrem.com\/pt\/termos-de-utilizacao\/\" \/>\n<meta property=\"og:site_name\" content=\"Sudocrem Portugal\" \/>\n<meta property=\"article:modified_time\" content=\"2021-01-28T17:10:52+00:00\" \/>\n<meta name=\"twitter:card\" content=\"summary_large_image\" \/>\n<script type=\"application\/ld+json\" class=\"yoast-schema-graph\">{\"@context\":\"https:\/\/schema.org\",\"@graph\":[{\"@type\":\"WebSite\",\"@id\":\"https:\/\/sudocrem.com\/pt\/#website\",\"url\":\"https:\/\/sudocrem.com\/pt\/\",\"name\":\"Sudocrem Portugal\",\"description\":\"Just another Sudocrem International site\",\"potentialAction\":[{\"@type\":\"SearchAction\",\"target\":\"https:\/\/sudocrem.com\/pt\/?s={search_term_string}\",\"query-input\":\"required name=search_term_string\"}],\"inLanguage\":\"en-GB\"},{\"@type\":\"WebPage\",\"@id\":\"https:\/\/sudocrem.com\/pt\/termos-de-utilizacao\/#webpage\",\"url\":\"https:\/\/sudocrem.com\/pt\/termos-de-utilizacao\/\",\"name\":\"Termos de Utiliza\\u00e7\\u00e3o - Sudocrem Portugal\",\"isPartOf\":{\"@id\":\"https:\/\/sudocrem.com\/pt\/#website\"},\"datePublished\":\"2021-01-26T13:49:48+00:00\",\"dateModified\":\"2021-01-28T17:10:52+00:00\",\"inLanguage\":\"en-GB\",\"potentialAction\":[{\"@type\":\"ReadAction\",\"target\":[\"https:\/\/sudocrem.com\/pt\/termos-de-utilizacao\/\"]}]}]}<\/script>\n<!-- \/ Yoast SEO plugin. -->","_links":{"self":[{"href":"https:\/\/sudocrem.com\/pt\/wp-json\/wp\/v2\/pages\/1878","targetHints":{"allow":["GET"]}}],"collection":[{"href":"https:\/\/sudocrem.com\/pt\/wp-json\/wp\/v2\/pages"}],"about":[{"href":"https:\/\/sudocrem.com\/pt\/wp-json\/wp\/v2\/types\/page"}],"author":[{"embeddable":true,"href":"https:\/\/sudocrem.com\/pt\/wp-json\/wp\/v2\/users\/1"}],"replies":[{"embeddable":true,"href":"https:\/\/sudocrem.com\/pt\/wp-json\/wp\/v2\/comments?post=1878"}],"version-history":[{"count":0,"href":"https:\/\/sudocrem.com\/pt\/wp-json\/wp\/v2\/pages\/1878\/revisions"}],"wp:attachment":[{"href":"https:\/\/sudocrem.com\/pt\/wp-json\/wp\/v2\/media?parent=1878"}],"curies":[{"name":"wp","href":"https:\/\/api.w.org\/{rel}","templated":true}]}}