

{"id":318,"date":"2018-12-11T14:11:03","date_gmt":"2018-12-11T14:11:03","guid":{"rendered":"http:\/\/www.sudocrem.co.uk\/?page_id=318"},"modified":"2021-02-03T16:35:48","modified_gmt":"2021-02-03T16:35:48","slug":"how-to-spot-nappy-rash","status":"publish","type":"page","link":"https:\/\/sudocrem.com\/pt\/nappy-rash-hub\/how-to-spot-nappy-rash\/","title":{"rendered":"How to spot nappy rash?"},"content":{"rendered":"<p><strong>Como saber se s\u00e3o assaduras<\/strong><\/p>\n<p>Pode rapidamente saber se o seu beb\u00e9 tem assaduras, se encontrar estes sinais:<\/p>\n<ul>\n<li>Uma ligeira vermelhid\u00e3o na \u00e1rea da fralda (tende a n\u00e3o afetar as pregas da pele).<\/li>\n<li>As n\u00e1degas e a parte superior das coxas do seu beb\u00e9 podem ficar vermelhas e h\u00famidas.<\/li>\n<li>A pele tamb\u00e9m pode ficar dorida, com manchas e quente ao toque.<\/li>\n<li>Podem-se tamb\u00e9m desenvolver manchas de pele seca e escamosa.<\/li>\n<\/ul>\n<p>Pode aliviar as assaduras usando Sudocrem MULTI-EXPERT a cada mudan\u00e7a de fralda.<\/p>\n<p>&nbsp;<\/p>\n<p><strong>Assaduras mais comuns<\/strong><\/p>\n<p>A ocorr\u00eancia mais comum de assaduras \u00e9 quando a pele fica vermelha e dorida, e quase parece brilhante. Esta situa\u00e7\u00e3o \u00e9 geralmente causada pelo contacto do rabinho do seu beb\u00e9 com uma fralda suja por um per\u00edodo prolongado ou se o beb\u00e9 tiver com diarreia. Muitas vezes, \u00e9 a combina\u00e7\u00e3o de urina e fezes que causa mais irrita\u00e7\u00e3o. As assaduras leves devem desaparecer ap\u00f3s alguns dias ou, por vezes, pode acontecer da noite para o dia.<\/p>\n<p>&nbsp;<\/p>\n","protected":false},"excerpt":{"rendered":"<p>Como saber se s\u00e3o assaduras Pode rapidamente saber se o seu beb\u00e9 tem assaduras, se encontrar estes sinais: Uma ligeira vermelhid\u00e3o na \u00e1rea da fralda (tende a n\u00e3o afetar as pregas da pele). As n\u00e1degas e a parte superior das coxas do seu beb\u00e9 podem ficar vermelhas e h\u00famidas. A pele tamb\u00e9m pode ficar dorida, [&#8230;]<\/p>\n<p><a aria-label=\"Sudocrem\"  class=\"btn btn-purple round btn-secondary understrap-read-more-link\" href=\"https:\/\/sudocrem.com\/pt\/nappy-rash-hub\/how-to-spot-nappy-rash\/\">CONTINUE READING<\/a><\/p>\n","protected":false},"author":1,"featured_media":1760,"parent":754,"menu_order":1,"comment_status":"closed","ping_status":"closed","template":"page-templates\/top-menu-page.php","meta":{"footnotes":""},"class_list":["post-318","page","type-page","status-publish","has-post-thumbnail","hentry"],"yoast_head":"<!-- This site is optimized with the Yoast SEO plugin v14.6.1 - https:\/\/yoast.com\/wordpress\/plugins\/seo\/ -->\n<title>How to spot nappy rash? - Sudocrem Portugal<\/title>\n<meta name=\"robots\" content=\"index, follow\" \/>\n<meta name=\"googlebot\" content=\"index, follow, max-snippet:-1, max-image-preview:large, max-video-preview:-1\" \/>\n<meta name=\"bingbot\" content=\"index, follow, max-snippet:-1, max-image-preview:large, max-video-preview:-1\" \/>\n<link rel=\"canonical\" href=\"https:\/\/sudocrem.com\/pt\/nappy-rash-hub\/how-to-spot-nappy-rash\/\" \/>\n<meta property=\"og:locale\" content=\"en_GB\" \/>\n<meta property=\"og:type\" content=\"article\" \/>\n<meta property=\"og:title\" content=\"How to spot nappy rash? - Sudocrem Portugal\" \/>\n<meta property=\"og:description\" content=\"Como saber se s\u00e3o assaduras Pode rapidamente saber se o seu beb\u00e9 tem assaduras, se encontrar estes sinais: Uma ligeira vermelhid\u00e3o na \u00e1rea da fralda (tende a n\u00e3o afetar as pregas da pele). As n\u00e1degas e a parte superior das coxas do seu beb\u00e9 podem ficar vermelhas e h\u00famidas. A pele tamb\u00e9m pode ficar dorida, [...]CONTINUE READING\" \/>\n<meta property=\"og:url\" content=\"https:\/\/sudocrem.com\/pt\/nappy-rash-hub\/how-to-spot-nappy-rash\/\" \/>\n<meta property=\"og:site_name\" content=\"Sudocrem Portugal\" \/>\n<meta property=\"article:modified_time\" content=\"2021-02-03T16:35:48+00:00\" \/>\n<meta property=\"og:image\" content=\"https:\/\/sudocrem.com\/pt\/wp-content\/uploads\/sites\/28\/2020\/09\/Sud_Nappy-rash_Top-banner.jpg\" \/>\n\t<meta property=\"og:image:width\" content=\"1920\" \/>\n\t<meta property=\"og:image:height\" content=\"742\" \/>\n<meta name=\"twitter:card\" content=\"summary_large_image\" \/>\n<script type=\"application\/ld+json\" class=\"yoast-schema-graph\">{\"@context\":\"https:\/\/schema.org\",\"@graph\":[{\"@type\":\"WebSite\",\"@id\":\"https:\/\/sudocrem.com\/pt\/#website\",\"url\":\"https:\/\/sudocrem.com\/pt\/\",\"name\":\"Sudocrem Portugal\",\"description\":\"Just another Sudocrem International site\",\"potentialAction\":[{\"@type\":\"SearchAction\",\"target\":\"https:\/\/sudocrem.com\/pt\/?s={search_term_string}\",\"query-input\":\"required name=search_term_string\"}],\"inLanguage\":\"en-GB\"},{\"@type\":\"ImageObject\",\"@id\":\"https:\/\/sudocrem.com\/pt\/nappy-rash-hub\/how-to-spot-nappy-rash\/#primaryimage\",\"inLanguage\":\"en-GB\",\"url\":\"https:\/\/sudocrem.com\/pt\/wp-content\/uploads\/sites\/28\/2020\/09\/Sud_Nappy-rash_Top-banner.jpg\",\"width\":1920,\"height\":742,\"caption\":\"Sud_Nappy-rash_Top-banner\"},{\"@type\":\"WebPage\",\"@id\":\"https:\/\/sudocrem.com\/pt\/nappy-rash-hub\/how-to-spot-nappy-rash\/#webpage\",\"url\":\"https:\/\/sudocrem.com\/pt\/nappy-rash-hub\/how-to-spot-nappy-rash\/\",\"name\":\"How to spot nappy rash? - Sudocrem Portugal\",\"isPartOf\":{\"@id\":\"https:\/\/sudocrem.com\/pt\/#website\"},\"primaryImageOfPage\":{\"@id\":\"https:\/\/sudocrem.com\/pt\/nappy-rash-hub\/how-to-spot-nappy-rash\/#primaryimage\"},\"datePublished\":\"2018-12-11T14:11:03+00:00\",\"dateModified\":\"2021-02-03T16:35:48+00:00\",\"inLanguage\":\"en-GB\",\"potentialAction\":[{\"@type\":\"ReadAction\",\"target\":[\"https:\/\/sudocrem.com\/pt\/nappy-rash-hub\/how-to-spot-nappy-rash\/\"]}]}]}<\/script>\n<!-- \/ Yoast SEO plugin. -->","_links":{"self":[{"href":"https:\/\/sudocrem.com\/pt\/wp-json\/wp\/v2\/pages\/318","targetHints":{"allow":["GET"]}}],"collection":[{"href":"https:\/\/sudocrem.com\/pt\/wp-json\/wp\/v2\/pages"}],"about":[{"href":"https:\/\/sudocrem.com\/pt\/wp-json\/wp\/v2\/types\/page"}],"author":[{"embeddable":true,"href":"https:\/\/sudocrem.com\/pt\/wp-json\/wp\/v2\/users\/1"}],"replies":[{"embeddable":true,"href":"https:\/\/sudocrem.com\/pt\/wp-json\/wp\/v2\/comments?post=318"}],"version-history":[{"count":0,"href":"https:\/\/sudocrem.com\/pt\/wp-json\/wp\/v2\/pages\/318\/revisions"}],"up":[{"embeddable":true,"href":"https:\/\/sudocrem.com\/pt\/wp-json\/wp\/v2\/pages\/754"}],"wp:featuredmedia":[{"embeddable":true,"href":"https:\/\/sudocrem.com\/pt\/wp-json\/wp\/v2\/media\/1760"}],"wp:attachment":[{"href":"https:\/\/sudocrem.com\/pt\/wp-json\/wp\/v2\/media?parent=318"}],"curies":[{"name":"wp","href":"https:\/\/api.w.org\/{rel}","templated":true}]}}