

{"id":324,"date":"2018-12-11T14:12:26","date_gmt":"2018-12-11T14:12:26","guid":{"rendered":"http:\/\/www.sudocrem.co.uk\/?page_id=324"},"modified":"2021-02-03T16:37:51","modified_gmt":"2021-02-03T16:37:51","slug":"preventing-nappy-rash","status":"publish","type":"page","link":"https:\/\/sudocrem.com\/pt\/nappy-rash-hub\/preventing-nappy-rash\/","title":{"rendered":"Preventing nappy rash"},"content":{"rendered":"<h5>Preven\u00e7\u00e3o de assaduras<\/h5>\n<p>Para prevenir que o seu beb\u00e9 tenha assaduras, siga estas dicas:<\/p>\n<ol>\n<li>Mude a fralda do seu beb\u00e9 o mais r\u00e1pido poss\u00edvel assim que ela ficar molhada ou suja.<\/li>\n<li>Lave cuidadosamente a \u00e1rea da fralda com \u00e1gua morna e algod\u00e3o e limpe suavemente at\u00e9 secar.<\/li>\n<li>Deixe o rabinho do seu beb\u00e9 apanhar ar sempre que poss\u00edvel. Deixe-o sem fralda durante o maior tempo poss\u00edvel.<\/li>\n<li>Troque sempre a fralda do seu beb\u00e9 antes de o deitar.<\/li>\n<li>Use um creme protetor como o Sudocrem MULTI-EXPERT para ajudar a proteger a pele do rabinho do seu beb\u00e9.<\/li>\n<\/ol>\n<p>Apesar dos seus esfor\u00e7os, as assaduras podem surgir e s\u00e3o muito comuns em beb\u00e9s pequenos, pode ler sobre o tratamento de assaduras <a href=\"\/pt\/nappy-rash-hub\/soothing-nappy-rash\/\"><strong>aqui<\/strong><\/a>.<\/p>\n<p>&nbsp;<\/p>\n<p><small>Utilize apenas como indicado. Em caso de d\u00favida ou persist\u00eancia dos sintomas, por favor consulte o seu m\u00e9dico ou farmac\u00eautico. . Ocasionalmente pode ocorrer irrita\u00e7\u00e3o local. Se isso acontecer, consulte o seu m\u00e9dico. <\/small><\/p>\n","protected":false},"excerpt":{"rendered":"<p>Preven\u00e7\u00e3o de assaduras Para prevenir que o seu beb\u00e9 tenha assaduras, siga estas dicas: Mude a fralda do seu beb\u00e9 o mais r\u00e1pido poss\u00edvel assim que ela ficar molhada ou suja. Lave cuidadosamente a \u00e1rea da fralda com \u00e1gua morna e algod\u00e3o e limpe suavemente at\u00e9 secar. Deixe o rabinho do seu beb\u00e9 apanhar ar [&#8230;]<\/p>\n<p><a aria-label=\"Sudocrem\"  class=\"btn btn-purple round btn-secondary understrap-read-more-link\" href=\"https:\/\/sudocrem.com\/pt\/nappy-rash-hub\/preventing-nappy-rash\/\">CONTINUE READING<\/a><\/p>\n","protected":false},"author":1,"featured_media":1760,"parent":754,"menu_order":4,"comment_status":"closed","ping_status":"closed","template":"page-templates\/top-menu-page.php","meta":{"footnotes":""},"class_list":["post-324","page","type-page","status-publish","has-post-thumbnail","hentry"],"yoast_head":"<!-- This site is optimized with the Yoast SEO plugin v14.6.1 - https:\/\/yoast.com\/wordpress\/plugins\/seo\/ -->\n<title>Preventing nappy rash - Sudocrem Portugal<\/title>\n<meta name=\"robots\" content=\"index, follow\" \/>\n<meta name=\"googlebot\" content=\"index, follow, max-snippet:-1, max-image-preview:large, max-video-preview:-1\" \/>\n<meta name=\"bingbot\" content=\"index, follow, max-snippet:-1, max-image-preview:large, max-video-preview:-1\" \/>\n<link rel=\"canonical\" href=\"https:\/\/sudocrem.com\/pt\/nappy-rash-hub\/preventing-nappy-rash\/\" \/>\n<meta property=\"og:locale\" content=\"en_GB\" \/>\n<meta property=\"og:type\" content=\"article\" \/>\n<meta property=\"og:title\" content=\"Preventing nappy rash - Sudocrem Portugal\" \/>\n<meta property=\"og:description\" content=\"Preven\u00e7\u00e3o de assaduras Para prevenir que o seu beb\u00e9 tenha assaduras, siga estas dicas: Mude a fralda do seu beb\u00e9 o mais r\u00e1pido poss\u00edvel assim que ela ficar molhada ou suja. Lave cuidadosamente a \u00e1rea da fralda com \u00e1gua morna e algod\u00e3o e limpe suavemente at\u00e9 secar. Deixe o rabinho do seu beb\u00e9 apanhar ar [...]CONTINUE READING\" \/>\n<meta property=\"og:url\" content=\"https:\/\/sudocrem.com\/pt\/nappy-rash-hub\/preventing-nappy-rash\/\" \/>\n<meta property=\"og:site_name\" content=\"Sudocrem Portugal\" \/>\n<meta property=\"article:modified_time\" content=\"2021-02-03T16:37:51+00:00\" \/>\n<meta property=\"og:image\" content=\"https:\/\/sudocrem.com\/pt\/wp-content\/uploads\/sites\/28\/2020\/09\/Sud_Nappy-rash_Top-banner.jpg\" \/>\n\t<meta property=\"og:image:width\" content=\"1920\" \/>\n\t<meta property=\"og:image:height\" content=\"742\" \/>\n<meta name=\"twitter:card\" content=\"summary_large_image\" \/>\n<script type=\"application\/ld+json\" class=\"yoast-schema-graph\">{\"@context\":\"https:\/\/schema.org\",\"@graph\":[{\"@type\":\"WebSite\",\"@id\":\"https:\/\/sudocrem.com\/pt\/#website\",\"url\":\"https:\/\/sudocrem.com\/pt\/\",\"name\":\"Sudocrem Portugal\",\"description\":\"Just another Sudocrem International site\",\"potentialAction\":[{\"@type\":\"SearchAction\",\"target\":\"https:\/\/sudocrem.com\/pt\/?s={search_term_string}\",\"query-input\":\"required name=search_term_string\"}],\"inLanguage\":\"en-GB\"},{\"@type\":\"ImageObject\",\"@id\":\"https:\/\/sudocrem.com\/pt\/nappy-rash-hub\/preventing-nappy-rash\/#primaryimage\",\"inLanguage\":\"en-GB\",\"url\":\"https:\/\/sudocrem.com\/pt\/wp-content\/uploads\/sites\/28\/2020\/09\/Sud_Nappy-rash_Top-banner.jpg\",\"width\":1920,\"height\":742,\"caption\":\"Sud_Nappy-rash_Top-banner\"},{\"@type\":\"WebPage\",\"@id\":\"https:\/\/sudocrem.com\/pt\/nappy-rash-hub\/preventing-nappy-rash\/#webpage\",\"url\":\"https:\/\/sudocrem.com\/pt\/nappy-rash-hub\/preventing-nappy-rash\/\",\"name\":\"Preventing nappy rash - Sudocrem Portugal\",\"isPartOf\":{\"@id\":\"https:\/\/sudocrem.com\/pt\/#website\"},\"primaryImageOfPage\":{\"@id\":\"https:\/\/sudocrem.com\/pt\/nappy-rash-hub\/preventing-nappy-rash\/#primaryimage\"},\"datePublished\":\"2018-12-11T14:12:26+00:00\",\"dateModified\":\"2021-02-03T16:37:51+00:00\",\"inLanguage\":\"en-GB\",\"potentialAction\":[{\"@type\":\"ReadAction\",\"target\":[\"https:\/\/sudocrem.com\/pt\/nappy-rash-hub\/preventing-nappy-rash\/\"]}]}]}<\/script>\n<!-- \/ Yoast SEO plugin. -->","_links":{"self":[{"href":"https:\/\/sudocrem.com\/pt\/wp-json\/wp\/v2\/pages\/324","targetHints":{"allow":["GET"]}}],"collection":[{"href":"https:\/\/sudocrem.com\/pt\/wp-json\/wp\/v2\/pages"}],"about":[{"href":"https:\/\/sudocrem.com\/pt\/wp-json\/wp\/v2\/types\/page"}],"author":[{"embeddable":true,"href":"https:\/\/sudocrem.com\/pt\/wp-json\/wp\/v2\/users\/1"}],"replies":[{"embeddable":true,"href":"https:\/\/sudocrem.com\/pt\/wp-json\/wp\/v2\/comments?post=324"}],"version-history":[{"count":0,"href":"https:\/\/sudocrem.com\/pt\/wp-json\/wp\/v2\/pages\/324\/revisions"}],"up":[{"embeddable":true,"href":"https:\/\/sudocrem.com\/pt\/wp-json\/wp\/v2\/pages\/754"}],"wp:featuredmedia":[{"embeddable":true,"href":"https:\/\/sudocrem.com\/pt\/wp-json\/wp\/v2\/media\/1760"}],"wp:attachment":[{"href":"https:\/\/sudocrem.com\/pt\/wp-json\/wp\/v2\/media?parent=324"}],"curies":[{"name":"wp","href":"https:\/\/api.w.org\/{rel}","templated":true}]}}